{"id":1543,"date":"2021-12-01T23:04:01","date_gmt":"2021-12-01T21:04:01","guid":{"rendered":"https:\/\/leidyklahelios.lt\/pirkimo-informacija\/"},"modified":"2026-01-02T21:19:19","modified_gmt":"2026-01-02T19:19:19","slug":"pirkimo-informacija","status":"publish","type":"page","link":"https:\/\/leidyklahelios.lt\/en\/pirkimo-informacija\/","title":{"rendered":"Pirkimo informacija"},"content":{"rendered":"<div data-elementor-type=\"wp-page\" data-elementor-id=\"1543\" class=\"elementor elementor-1543\" data-elementor-post-type=\"page\">\n\t\t\t\t\t\t<section class=\"elementor-section elementor-top-section elementor-element elementor-element-4eb9a7ab elementor-section-boxed elementor-section-height-default elementor-section-height-default\" data-id=\"4eb9a7ab\" data-element_type=\"section\" data-e-type=\"section\" data-settings=\"{&quot;background_background&quot;:&quot;classic&quot;}\">\n\t\t\t\t\t\t\t<div class=\"elementor-background-overlay\"><\/div>\n\t\t\t\t\t\t\t<div class=\"elementor-container elementor-column-gap-no\">\n\t\t\t\t\t<div class=\"elementor-column elementor-col-100 elementor-top-column elementor-element elementor-element-79db12ba\" data-id=\"79db12ba\" data-element_type=\"column\" data-e-type=\"column\">\n\t\t\t<div class=\"elementor-widget-wrap elementor-element-populated\">\n\t\t\t\t\t\t<div class=\"elementor-element elementor-element-4ec45d54 elementor-widget elementor-widget-heading\" data-id=\"4ec45d54\" data-element_type=\"widget\" data-e-type=\"widget\" data-widget_type=\"heading.default\">\n\t\t\t\t<div class=\"elementor-widget-container\">\n\t\t\t\t\t<h1 class=\"elementor-heading-title elementor-size-default\">Pirkimo informacija<\/h1>\t\t\t\t<\/div>\n\t\t\t\t<\/div>\n\t\t\t\t\t<\/div>\n\t\t<\/div>\n\t\t\t\t\t<\/div>\n\t\t<\/section>\n\t\t\t\t<section class=\"elementor-section elementor-top-section elementor-element elementor-element-1b89c063 elementor-section-content-middle elementor-section-boxed elementor-section-height-default elementor-section-height-default\" data-id=\"1b89c063\" data-element_type=\"section\" data-e-type=\"section\" data-settings=\"{&quot;background_background&quot;:&quot;classic&quot;}\">\n\t\t\t\t\t\t\t<div class=\"elementor-background-overlay\"><\/div>\n\t\t\t\t\t\t\t<div class=\"elementor-container elementor-column-gap-no\">\n\t\t\t\t\t<div class=\"elementor-column elementor-col-33 elementor-top-column elementor-element elementor-element-2ac49715\" data-id=\"2ac49715\" data-element_type=\"column\" data-e-type=\"column\" data-settings=\"{&quot;background_background&quot;:&quot;classic&quot;}\">\n\t\t\t<div class=\"elementor-widget-wrap elementor-element-populated\">\n\t\t\t\t\t\t<div class=\"elementor-element elementor-element-15528fb9 elementor-widget elementor-widget-heading\" data-id=\"15528fb9\" data-element_type=\"widget\" data-e-type=\"widget\" data-widget_type=\"heading.default\">\n\t\t\t\t<div class=\"elementor-widget-container\">\n\t\t\t\t\t<h3 class=\"elementor-heading-title elementor-size-default\">K\u0105 galima \u012fsigyti m\u016bs\u0173 elektronin\u0117je parduotuv\u0117je?<\/h3>\t\t\t\t<\/div>\n\t\t\t\t<\/div>\n\t\t\t\t<div class=\"elementor-element elementor-element-291ed60d elementor-widget elementor-widget-text-editor\" data-id=\"291ed60d\" data-element_type=\"widget\" data-e-type=\"widget\" data-widget_type=\"text-editor.default\">\n\t\t\t\t<div class=\"elementor-widget-container\">\n\t\t\t\t\t\t\t\t\t<p class=\"p1\">Elektronin\u0117je parduotuv\u0117je <a href=\"https:\/\/leedu.alumaart.ee\/\" target=\"_blank\" rel=\"noopener\">www.leidyklahelios.lt<\/a>\u00a0 galima \u012fsigyti leidyklos \u201eHelios\u201c knyg\u0173.<span class=\"s1\"><br \/><\/span><\/p>\t\t\t\t\t\t\t\t<\/div>\n\t\t\t\t<\/div>\n\t\t\t\t\t<\/div>\n\t\t<\/div>\n\t\t\t\t<div class=\"elementor-column elementor-col-33 elementor-top-column elementor-element elementor-element-7cea5c2f\" data-id=\"7cea5c2f\" data-element_type=\"column\" data-e-type=\"column\" data-settings=\"{&quot;background_background&quot;:&quot;classic&quot;}\">\n\t\t\t<div class=\"elementor-widget-wrap elementor-element-populated\">\n\t\t\t\t\t\t<div class=\"elementor-element elementor-element-23e73b6c elementor-widget elementor-widget-heading\" data-id=\"23e73b6c\" data-element_type=\"widget\" data-e-type=\"widget\" data-widget_type=\"heading.default\">\n\t\t\t\t<div class=\"elementor-widget-container\">\n\t\t\t\t\t<h3 class=\"elementor-heading-title elementor-size-default\">Kaip u\u017esisakyti m\u016bs\u0173 elektronin\u0117je parduotuv\u0117je?\u2028<\/h3>\t\t\t\t<\/div>\n\t\t\t\t<\/div>\n\t\t\t\t<div class=\"elementor-element elementor-element-6bc2c95b elementor-widget elementor-widget-text-editor\" data-id=\"6bc2c95b\" data-element_type=\"widget\" data-e-type=\"widget\" data-widget_type=\"text-editor.default\">\n\t\t\t\t<div class=\"elementor-widget-container\">\n\t\t\t\t\t\t\t\t\t<p class=\"p1\">I\u0161sirinkite jums patinkan\u010dias knygas ir \u012fd\u0117kite jas \u012f krep\u0161el\u012f. Jei turite akcijos kod\u0105 ar kupono numer\u012f, \u012fveskite j\u012f nuolaidos kodo laukelyje ir paspauskite mygtuk\u0105 \u201eNaudoti kupon\u0105. Tada pasirinkite jums tinkant\u012f siuntos pristatymo b\u016bd\u0105 ir pereikite prie apmok\u0117jimo.<span class=\"s1\"><br \/><\/span><\/p>\t\t\t\t\t\t\t\t<\/div>\n\t\t\t\t<\/div>\n\t\t\t\t\t<\/div>\n\t\t<\/div>\n\t\t\t\t<div class=\"elementor-column elementor-col-33 elementor-top-column elementor-element elementor-element-4efb49ef\" data-id=\"4efb49ef\" data-element_type=\"column\" data-e-type=\"column\" data-settings=\"{&quot;background_background&quot;:&quot;classic&quot;}\">\n\t\t\t<div class=\"elementor-widget-wrap elementor-element-populated\">\n\t\t\t\t\t\t<div class=\"elementor-element elementor-element-5105dc34 elementor-widget elementor-widget-heading\" data-id=\"5105dc34\" data-element_type=\"widget\" data-e-type=\"widget\" data-widget_type=\"heading.default\">\n\t\t\t\t<div class=\"elementor-widget-container\">\n\t\t\t\t\t<h3 class=\"elementor-heading-title elementor-size-default\">Kaip sumok\u0117ti u\u017e pirkin\u012f?\u2028<\/h3>\t\t\t\t<\/div>\n\t\t\t\t<\/div>\n\t\t\t\t<div class=\"elementor-element elementor-element-62c9ca4e elementor-widget elementor-widget-text-editor\" data-id=\"62c9ca4e\" data-element_type=\"widget\" data-e-type=\"widget\" data-widget_type=\"text-editor.default\">\n\t\t\t\t<div class=\"elementor-widget-container\">\n\t\t\t\t\t\t\t\t\t<p class=\"p1\"><span class=\"s1\">Mok\u0117ti galima naudojantis elektronin\u0117s bankininkyst\u0117s paslaugomis.<\/span><\/p><p class=\"p1\">Sumok\u0117j\u0119 u\u017e pirkin\u012f interneto banke paspauskite mygtuk\u0105 \u201eAtgal \u012f parduotuv\u0119\u201c \u2013 taip i\u0161 karto \u017einosime, kad atlikote apmok\u0117jim\u0105 ir gal\u0117sime prad\u0117ti vykdyti j\u016bs\u0173 u\u017esakym\u0105.<span class=\"s1\"><br \/><\/span><\/p>\t\t\t\t\t\t\t\t<\/div>\n\t\t\t\t<\/div>\n\t\t\t\t\t<\/div>\n\t\t<\/div>\n\t\t\t\t\t<\/div>\n\t\t<\/section>\n\t\t\t\t<section class=\"elementor-section elementor-top-section elementor-element elementor-element-3c197a1f elementor-section-content-middle elementor-section-boxed elementor-section-height-default elementor-section-height-default\" data-id=\"3c197a1f\" data-element_type=\"section\" data-e-type=\"section\" data-settings=\"{&quot;background_background&quot;:&quot;classic&quot;}\">\n\t\t\t\t\t\t\t<div class=\"elementor-background-overlay\"><\/div>\n\t\t\t\t\t\t\t<div class=\"elementor-container elementor-column-gap-no\">\n\t\t\t\t\t<div class=\"elementor-column elementor-col-33 elementor-top-column elementor-element elementor-element-6d6cec41\" data-id=\"6d6cec41\" data-element_type=\"column\" data-e-type=\"column\" data-settings=\"{&quot;background_background&quot;:&quot;classic&quot;}\">\n\t\t\t<div class=\"elementor-widget-wrap elementor-element-populated\">\n\t\t\t\t\t\t<div class=\"elementor-element elementor-element-110fc3a1 elementor-widget elementor-widget-heading\" data-id=\"110fc3a1\" data-element_type=\"widget\" data-e-type=\"widget\" data-widget_type=\"heading.default\">\n\t\t\t\t<div class=\"elementor-widget-container\">\n\t\t\t\t\t<h3 class=\"elementor-heading-title elementor-size-default\">Kokia yra pirkinio siuntimo kaina?\u2028<\/h3>\t\t\t\t<\/div>\n\t\t\t\t<\/div>\n\t\t\t\t<div class=\"elementor-element elementor-element-36405ad0 elementor-widget elementor-widget-text-editor\" data-id=\"36405ad0\" data-element_type=\"widget\" data-e-type=\"widget\" data-widget_type=\"text-editor.default\">\n\t\t\t\t<div class=\"elementor-widget-container\">\n\t\t\t\t\t\t\t\t\t<p>Siuntimas:<\/p>\n<ul>\n<li><label for=\"shipping_method_0_montonio_unisend_parcel_machines11\">LP Express siunt\u0173 automatas: <label for=\"shipping_method_0_montonio_dpd_parcel_machines9\"><span><bdi><label for=\"shipping_method_0_montonio_omniva_parcel_machines6\"><bdi><span>\u20ac <\/span><\/bdi><\/label><\/bdi><\/span><\/label><span><bdi>2.18<\/bdi><\/span><\/label><\/li>\n<li><label for=\"shipping_method_0_montonio_venipak_post_offices8\">Venipak siunt\u0173 automatas: <label for=\"shipping_method_0_montonio_dpd_parcel_machines9\"><span><bdi><label for=\"shipping_method_0_montonio_omniva_parcel_machines6\"><bdi><span>\u20ac <\/span><\/bdi><\/label><\/bdi><\/span><\/label><span><bdi>4.17<\/bdi><\/span><\/label><\/li>\n<li><label for=\"shipping_method_0_montonio_omniva_parcel_machines6\">Omniva siunt\u0173 automatas: <label for=\"shipping_method_0_montonio_dpd_parcel_machines9\"><span><bdi><label for=\"shipping_method_0_montonio_omniva_parcel_machines6\"><bdi><span>\u20ac <\/span><\/bdi><\/label><\/bdi><\/span><\/label><span><bdi>4.17<\/bdi><\/span><\/label><\/li>\n<li><label for=\"shipping_method_0_montonio_dpd_parcel_machines9\">DPD siunt\u0173 automatas: <label for=\"shipping_method_0_montonio_dpd_parcel_machines9\"><span><bdi><label for=\"shipping_method_0_montonio_omniva_parcel_machines6\"><bdi><span>\u20ac<\/span><\/bdi><\/label><\/bdi><\/span><\/label> <span><bdi>4.60<\/bdi><\/span><\/label><\/li>\n<\/ul>\t\t\t\t\t\t\t\t<\/div>\n\t\t\t\t<\/div>\n\t\t\t\t\t<\/div>\n\t\t<\/div>\n\t\t\t\t<div class=\"elementor-column elementor-col-33 elementor-top-column elementor-element elementor-element-6ae7b2c7\" data-id=\"6ae7b2c7\" data-element_type=\"column\" data-e-type=\"column\" data-settings=\"{&quot;background_background&quot;:&quot;classic&quot;}\">\n\t\t\t<div class=\"elementor-widget-wrap elementor-element-populated\">\n\t\t\t\t\t\t<div class=\"elementor-element elementor-element-3c4f74ef elementor-widget elementor-widget-heading\" data-id=\"3c4f74ef\" data-element_type=\"widget\" data-e-type=\"widget\" data-widget_type=\"heading.default\">\n\t\t\t\t<div class=\"elementor-widget-container\">\n\t\t\t\t\t<h3 class=\"elementor-heading-title elementor-size-default\">Kada gausiu siunt\u0105?\u2028<\/h3>\t\t\t\t<\/div>\n\t\t\t\t<\/div>\n\t\t\t\t<div class=\"elementor-element elementor-element-ef3c9 elementor-widget elementor-widget-text-editor\" data-id=\"ef3c9\" data-element_type=\"widget\" data-e-type=\"widget\" data-widget_type=\"text-editor.default\">\n\t\t\t\t<div class=\"elementor-widget-container\">\n\t\t\t\t\t\t\t\t\t<p class=\"p1\">Knygas i\u0161si\u0173sime ne v\u0117liau kaip per tris darbo dienas po apmok\u0117jimo u\u017e siunt\u0105. Siuntos pristatymo laikas priklauso nuo pasirinkto ve\u017e\u0117jo pristatymo termino, kuris Lietuvoje da\u017eniausiai yra 1-5 darbo dienos.<span class=\"s1\"><br \/><\/span><\/p>\t\t\t\t\t\t\t\t<\/div>\n\t\t\t\t<\/div>\n\t\t\t\t\t<\/div>\n\t\t<\/div>\n\t\t\t\t<div class=\"elementor-column elementor-col-33 elementor-top-column elementor-element elementor-element-2b164126\" data-id=\"2b164126\" data-element_type=\"column\" data-e-type=\"column\" data-settings=\"{&quot;background_background&quot;:&quot;classic&quot;}\">\n\t\t\t<div class=\"elementor-widget-wrap elementor-element-populated\">\n\t\t\t\t\t\t<div class=\"elementor-element elementor-element-3b31b0c3 elementor-widget elementor-widget-heading\" data-id=\"3b31b0c3\" data-element_type=\"widget\" data-e-type=\"widget\" data-widget_type=\"heading.default\">\n\t\t\t\t<div class=\"elementor-widget-container\">\n\t\t\t\t\t<h3 class=\"elementor-heading-title elementor-size-default\">Jei ka\u017ekas vyksta ne taip?\u2028<\/h3>\t\t\t\t<\/div>\n\t\t\t\t<\/div>\n\t\t\t\t<div class=\"elementor-element elementor-element-5de41072 elementor-widget elementor-widget-text-editor\" data-id=\"5de41072\" data-element_type=\"widget\" data-e-type=\"widget\" data-widget_type=\"text-editor.default\">\n\t\t\t\t<div class=\"elementor-widget-container\">\n\t\t\t\t\t\t\t\t\t<p class=\"p1\">Susisiekite su mumis \u0161iuo adresu: <a href=\"mailto:info@leidyklahelios.lt\">info@leidyklahelios.lt<\/a><\/p>\t\t\t\t\t\t\t\t<\/div>\n\t\t\t\t<\/div>\n\t\t\t\t<div class=\"elementor-element elementor-element-1eb6fa49 elementor-widget elementor-widget-text-editor\" data-id=\"1eb6fa49\" data-element_type=\"widget\" data-e-type=\"widget\" data-widget_type=\"text-editor.default\">\n\t\t\t\t<div class=\"elementor-widget-container\">\n\t\t\t\t\t\t\t\t\t<p class=\"p1\">Kad gal\u0117tume susisiekti su jumis i\u0161kilus problemoms, apsipirkdami \u012fsitikinkite, kad \u012fved\u0117te vis\u0105 reikiam\u0105 kontaktin\u0119 informacij\u0105. Helios patikina, kad pirk\u0117j\u0173 pateikta informacija yra konfidenciali ir nebus atskleista tretiesiems asmenims.<\/p>\t\t\t\t\t\t\t\t<\/div>\n\t\t\t\t<\/div>\n\t\t\t\t\t<\/div>\n\t\t<\/div>\n\t\t\t\t\t<\/div>\n\t\t<\/section>\n\t\t\t\t<section class=\"elementor-section elementor-top-section elementor-element elementor-element-5162c169 elementor-section-content-middle elementor-section-boxed elementor-section-height-default elementor-section-height-default\" data-id=\"5162c169\" data-element_type=\"section\" data-e-type=\"section\" data-settings=\"{&quot;background_background&quot;:&quot;classic&quot;}\">\n\t\t\t\t\t\t\t<div class=\"elementor-background-overlay\"><\/div>\n\t\t\t\t\t\t\t<div class=\"elementor-container elementor-column-gap-no\">\n\t\t\t\t\t<div class=\"elementor-column elementor-col-100 elementor-top-column elementor-element elementor-element-5a443584\" data-id=\"5a443584\" data-element_type=\"column\" data-e-type=\"column\" data-settings=\"{&quot;background_background&quot;:&quot;classic&quot;}\">\n\t\t\t<div class=\"elementor-widget-wrap elementor-element-populated\">\n\t\t\t\t\t\t<div class=\"elementor-element elementor-element-28ca27b1 elementor-widget elementor-widget-heading\" data-id=\"28ca27b1\" data-element_type=\"widget\" data-e-type=\"widget\" data-widget_type=\"heading.default\">\n\t\t\t\t<div class=\"elementor-widget-container\">\n\t\t\t\t\t<h3 class=\"elementor-heading-title elementor-size-default\">Jei noriu u\u017esisakyti knyg\u0173 kaip \u012fmon\u0117 ir apmok\u0117ti s\u0105skait\u0105 v\u0117liau\u2026\u2028<\/h3>\t\t\t\t<\/div>\n\t\t\t\t<\/div>\n\t\t\t\t<div class=\"elementor-element elementor-element-2e7201e9 elementor-widget elementor-widget-text-editor\" data-id=\"2e7201e9\" data-element_type=\"widget\" data-e-type=\"widget\" data-widget_type=\"text-editor.default\">\n\t\t\t\t<div class=\"elementor-widget-container\">\n\t\t\t\t\t\t\t\t\t<div style=\"text-align: center;\"><p class=\"p1\">\u2026 Pra\u0161ome susisiekti su mumis \u0161iuo adresu: <a href=\"mailto:info@leidyklahelios.lt\">info@leidyklahelios.lt<\/a><\/p><\/div>\t\t\t\t\t\t\t\t<\/div>\n\t\t\t\t<\/div>\n\t\t\t\t\t<\/div>\n\t\t<\/div>\n\t\t\t\t\t<\/div>\n\t\t<\/section>\n\t\t\t\t<\/div>","protected":false},"excerpt":{"rendered":"<p>Pirkimo informacija K\u0105 galima \u012fsigyti m\u016bs\u0173 elektronin\u0117je parduotuv\u0117je? Elektronin\u0117je parduotuv\u0117je www.leidyklahelios.lt\u00a0 galima \u012fsigyti leidyklos \u201eHelios\u201c knyg\u0173. Kaip u\u017esisakyti m\u016bs\u0173 elektronin\u0117je parduotuv\u0117je?\u2028 I\u0161sirinkite jums patinkan\u010dias knygas ir \u012fd\u0117kite jas \u012f krep\u0161el\u012f. Jei turite akcijos kod\u0105 ar kupono numer\u012f, \u012fveskite j\u012f nuolaidos kodo laukelyje ir paspauskite mygtuk\u0105 \u201eNaudoti kupon\u0105. Tada pasirinkite jums tinkant\u012f siuntos pristatymo b\u016bd\u0105 ir [&hellip;]<\/p>\n","protected":false},"author":1,"featured_media":0,"parent":0,"menu_order":0,"comment_status":"closed","ping_status":"closed","template":"","meta":{"site-sidebar-layout":"no-sidebar","site-content-layout":"page-builder","ast-site-content-layout":"full-width-container","site-content-style":"unboxed","site-sidebar-style":"unboxed","ast-global-header-display":"","ast-banner-title-visibility":"","ast-main-header-display":"","ast-hfb-above-header-display":"","ast-hfb-below-header-display":"","ast-hfb-mobile-header-display":"","site-post-title":"disabled","ast-breadcrumbs-content":"","ast-featured-img":"disabled","footer-sml-layout":"","ast-disable-related-posts":"","theme-transparent-header-meta":"default","adv-header-id-meta":"","stick-header-meta":"default","header-above-stick-meta":"","header-main-stick-meta":"","header-below-stick-meta":"","astra-migrate-meta-layouts":"set","ast-page-background-enabled":"default","ast-page-background-meta":{"desktop":{"background-color":"","background-image":"","background-repeat":"repeat","background-position":"center center","background-size":"auto","background-attachment":"scroll","background-type":"","background-media":"","overlay-type":"","overlay-color":"","overlay-opacity":"","overlay-gradient":""},"tablet":{"background-color":"","background-image":"","background-repeat":"repeat","background-position":"center center","background-size":"auto","background-attachment":"scroll","background-type":"","background-media":"","overlay-type":"","overlay-color":"","overlay-opacity":"","overlay-gradient":""},"mobile":{"background-color":"","background-image":"","background-repeat":"repeat","background-position":"center center","background-size":"auto","background-attachment":"scroll","background-type":"","background-media":"","overlay-type":"","overlay-color":"","overlay-opacity":"","overlay-gradient":""}},"ast-content-background-meta":{"desktop":{"background-color":"var(--ast-global-color-5)","background-image":"","background-repeat":"repeat","background-position":"center center","background-size":"auto","background-attachment":"scroll","background-type":"","background-media":"","overlay-type":"","overlay-color":"","overlay-opacity":"","overlay-gradient":""},"tablet":{"background-color":"var(--ast-global-color-5)","background-image":"","background-repeat":"repeat","background-position":"center center","background-size":"auto","background-attachment":"scroll","background-type":"","background-media":"","overlay-type":"","overlay-color":"","overlay-opacity":"","overlay-gradient":""},"mobile":{"background-color":"var(--ast-global-color-5)","background-image":"","background-repeat":"repeat","background-position":"center center","background-size":"auto","background-attachment":"scroll","background-type":"","background-media":"","overlay-type":"","overlay-color":"","overlay-opacity":"","overlay-gradient":""}},"footnotes":""},"class_list":["post-1543","page","type-page","status-publish","hentry"],"_links":{"self":[{"href":"https:\/\/leidyklahelios.lt\/en\/wp-json\/wp\/v2\/pages\/1543","targetHints":{"allow":["GET"]}}],"collection":[{"href":"https:\/\/leidyklahelios.lt\/en\/wp-json\/wp\/v2\/pages"}],"about":[{"href":"https:\/\/leidyklahelios.lt\/en\/wp-json\/wp\/v2\/types\/page"}],"author":[{"embeddable":true,"href":"https:\/\/leidyklahelios.lt\/en\/wp-json\/wp\/v2\/users\/1"}],"replies":[{"embeddable":true,"href":"https:\/\/leidyklahelios.lt\/en\/wp-json\/wp\/v2\/comments?post=1543"}],"version-history":[{"count":35,"href":"https:\/\/leidyklahelios.lt\/en\/wp-json\/wp\/v2\/pages\/1543\/revisions"}],"predecessor-version":[{"id":6588,"href":"https:\/\/leidyklahelios.lt\/en\/wp-json\/wp\/v2\/pages\/1543\/revisions\/6588"}],"wp:attachment":[{"href":"https:\/\/leidyklahelios.lt\/en\/wp-json\/wp\/v2\/media?parent=1543"}],"curies":[{"name":"wp","href":"https:\/\/api.w.org\/{rel}","templated":true}]}}