{"id":2970,"date":"2022-11-24T15:16:06","date_gmt":"2022-11-24T13:16:06","guid":{"rendered":"https:\/\/leidyklahelios.lt\/?post_type=product&#038;p=2970"},"modified":"2026-03-05T15:03:32","modified_gmt":"2026-03-05T13:03:32","slug":"dave-grohl-pasakotojas","status":"publish","type":"product","link":"https:\/\/leidyklahelios.lt\/en\/product\/dave-grohl-pasakotojas\/","title":{"rendered":"Dave Grohl <br>PASAKOTOJAS"},"content":{"rendered":"<h6><em>Dave Grohl \u201ePasakotojas\u201c. Istorijos apie gyvenim\u0105 ir muzik\u0105.<\/em><\/h6>\n<p><em>\u201eStebuklas, kad laikas mano atminties beveik nepaliet\u0117. Nuo vaikyst\u0117s matavau savo gyvenim\u0105 ne m\u0117nesiais ar metais, o muzikiniu augimu. Jei reikia prisiminti konkret\u0173 laik\u0105 ir viet\u0105, mano atmintis i\u0161tikimai kliaujasi dainomis, albumais ir grup\u0117mis. Galiu pasakyti, kas, kaip, kur ir kada buvo, pradedant a\u0161tuntojo de\u0161imtme\u010dio AM radiju ir baigiant kiekvienu mikrofonu, prie\u0161ais kur\u012f teko stov\u0117ti, vos tik i\u0161gird\u0119s pirmuosius bet kokios dainos, persik\u0117lusios i\u0161 garsiakalbio \u012f mano siel\u0105, melodijos garsus. Arba dainos, persik\u0117lusios i\u0161 mano sielos \u012f j\u016bs\u0173 garsiakalbius. Vieniems prisiminimus su\u017eadina skonis, kitiems \u2013 vaizdas ar kvapas. Man atmint\u012f pa\u017eadina garsas, tarsi grot\u0173 m\u0117g\u0117ji\u0161kai \u012fra\u0161yta juosta, kuri tik ir laukia, kada j\u0105 kam nors i\u0161si\u0173si. <\/em><\/p>\n<p><em>Nors nesu i\u0161 t\u0173, kurie kaupia daiktus, kaupiu akimirkas. Taigi tuo at\u017evilgiu kiekvien\u0105 dien\u0105 gyvenimas prab\u0117ga pro mano akis ir ausis. \u0160ioje knygoje u\u017efiksavau kelias akimirkas taip, kaip mok\u0117jau. Prisiminimai yra i\u0161 viso mano gyvenimo, ir, \u017einoma, jie pilni muzikos. Kartais ji suskamba garsiai.<\/em><\/p>\n<p><em><strong>Pagarsinkite grotuv\u0105. Klausykit\u0117s su manimi<\/strong>.\u201c<\/em><\/p>","protected":false},"excerpt":{"rendered":"<h6>Dave Grohl<\/h6>\n<hr \/>\n<p>\u201ePasakotojas\u201c \u2013 tai \u012fsimintiniausi\u0173 Dave\u2019o Grohlo akimirk\u0173 v\u0117rinys, i\u0161 kurio autorius sukuria original\u0173, i\u0161skirtin\u012f, ties\u0173 ir nuo\u0161ird\u0173 savo ne\u012fprasto gyvenimo paveiksl\u0105. Daugyb\u0119 istorij\u0173 \u2013 apie stipri\u0105 meil\u0119 muzikai ir kolegoms muzikantams, nenutr\u016bkstam\u0105 ry\u0161\u012f su gimt\u0105ja Vird\u017einija, atsidavim\u0105 dukterims ir kit\u0173 \u2013 jis pasakoja taip, kaip ra\u0161o dainas \u2013 tiesiai i\u0161 \u0161irdies. Su humoru ir optimizmu dalydamasis prisiminimais apie \u201eScream\u201c tur\u0173 d\u017eiaugsmus ir nes\u0117kmes, \u201eNirvanos\u201c \u0161lov\u0117s metus prie\u0161 fatali\u0161k\u0105 grup\u0117s gri\u016bt\u012f, did\u017eiausi\u0105 savo gyvenimo kry\u017ekel\u0119 ir \u201eFoo Fighters\u201c \u012fk\u016brim\u0105, Dave\u2019as Grohlas atskleid\u017eia i\u0161skirtin\u012f ir savit\u0105 po\u017ei\u016br\u012f \u012f populiarum\u0105.<\/p>\n<p>\u017dinome Dave\u2019\u0105 Grohl\u0105 kaip gars\u0173 muzikant\u0105, o \u201ePasakotojas\u201c j\u012f mums atskleid\u017eia ir kaip nuostab\u0173 ra\u0161ytoj\u0105. Spalvingos scenos, \u0161ilti prisiminimai apie susitikimus ir i\u0161siskyrimus, draugus ir \u0161eim\u0105, nuo\u0161irdus d\u0117kingumas u\u017e nueit\u0105 keli\u0105 ir \u012fgytas patirtis, u\u017e muzik\u0105, tapusi\u0105 gyvenimu,\u2013 d\u0117l viso to knyg\u0105 nepaprastai malonu skaityti. Prisiminimai iliustruoti nuostabiomis nuotraukomis, tarp kuri\u0173 \u2013 ir autenti\u0161ki vaizdai i\u0161 paties autoriaus archyvo.<\/p>","protected":false},"featured_media":2971,"template":"","meta":{"site-sidebar-layout":"default","site-content-layout":"default","ast-site-content-layout":"default","site-content-style":"default","site-sidebar-style":"default","ast-global-header-display":"","ast-banner-title-visibility":"","ast-main-header-display":"","ast-hfb-above-header-display":"","ast-hfb-below-header-display":"","ast-hfb-mobile-header-display":"","site-post-title":"","ast-breadcrumbs-content":"","ast-featured-img":"","footer-sml-layout":"","ast-disable-related-posts":"","theme-transparent-header-meta":"default","adv-header-id-meta":"","stick-header-meta":"default","header-above-stick-meta":"","header-main-stick-meta":"","header-below-stick-meta":"","astra-migrate-meta-layouts":"set","ast-page-background-enabled":"default","ast-page-background-meta":{"desktop":{"background-color":"","background-image":"","background-repeat":"repeat","background-position":"center center","background-size":"auto","background-attachment":"scroll","background-type":"","background-media":"","overlay-type":"","overlay-color":"","overlay-opacity":"","overlay-gradient":""},"tablet":{"background-color":"","background-image":"","background-repeat":"repeat","background-position":"center center","background-size":"auto","background-attachment":"scroll","background-type":"","background-media":"","overlay-type":"","overlay-color":"","overlay-opacity":"","overlay-gradient":""},"mobile":{"background-color":"","background-image":"","background-repeat":"repeat","background-position":"center center","background-size":"auto","background-attachment":"scroll","background-type":"","background-media":"","overlay-type":"","overlay-color":"","overlay-opacity":"","overlay-gradient":""}},"ast-content-background-meta":{"desktop":{"background-color":"var(--ast-global-color-5)","background-image":"","background-repeat":"repeat","background-position":"center center","background-size":"auto","background-attachment":"scroll","background-type":"","background-media":"","overlay-type":"","overlay-color":"","overlay-opacity":"","overlay-gradient":""},"tablet":{"background-color":"var(--ast-global-color-5)","background-image":"","background-repeat":"repeat","background-position":"center center","background-size":"auto","background-attachment":"scroll","background-type":"","background-media":"","overlay-type":"","overlay-color":"","overlay-opacity":"","overlay-gradient":""},"mobile":{"background-color":"var(--ast-global-color-5)","background-image":"","background-repeat":"repeat","background-position":"center center","background-size":"auto","background-attachment":"scroll","background-type":"","background-media":"","overlay-type":"","overlay-color":"","overlay-opacity":"","overlay-gradient":""}}},"product_brand":[],"product_cat":[76],"product_tag":[],"class_list":{"0":"post-2970","1":"product","2":"type-product","3":"status-publish","4":"has-post-thumbnail","6":"product_cat-negrozine-literatura","7":"pa_dizaineris-jaak-ruutel","8":"pa_formatas-155x230-kieti-virseliai","9":"pa_isbn-68","10":"pa_leidimo-data-24-11-22","11":"pa_puslapiu-skaicius-67","12":"pa_redaktorius-ausra-tamosiuniene","13":"pa_vertejas-jurgita-jerinaite","14":"desktop-align-left","15":"tablet-align-left","16":"mobile-align-left","17":"ast-product-gallery-layout-horizontal","18":"ast-product-gallery-with-no-image","19":"ast-product-tabs-layout-horizontal","21":"first","22":"instock","23":"sale","24":"taxable","25":"shipping-taxable","26":"purchasable","27":"product-type-simple"},"_links":{"self":[{"href":"https:\/\/leidyklahelios.lt\/en\/wp-json\/wp\/v2\/product\/2970","targetHints":{"allow":["GET"]}}],"collection":[{"href":"https:\/\/leidyklahelios.lt\/en\/wp-json\/wp\/v2\/product"}],"about":[{"href":"https:\/\/leidyklahelios.lt\/en\/wp-json\/wp\/v2\/types\/product"}],"version-history":[{"count":13,"href":"https:\/\/leidyklahelios.lt\/en\/wp-json\/wp\/v2\/product\/2970\/revisions"}],"predecessor-version":[{"id":6235,"href":"https:\/\/leidyklahelios.lt\/en\/wp-json\/wp\/v2\/product\/2970\/revisions\/6235"}],"wp:featuredmedia":[{"embeddable":true,"href":"https:\/\/leidyklahelios.lt\/en\/wp-json\/wp\/v2\/media\/2971"}],"wp:attachment":[{"href":"https:\/\/leidyklahelios.lt\/en\/wp-json\/wp\/v2\/media?parent=2970"}],"wp:term":[{"taxonomy":"product_brand","embeddable":true,"href":"https:\/\/leidyklahelios.lt\/en\/wp-json\/wp\/v2\/product_brand?post=2970"},{"taxonomy":"product_cat","embeddable":true,"href":"https:\/\/leidyklahelios.lt\/en\/wp-json\/wp\/v2\/product_cat?post=2970"},{"taxonomy":"product_tag","embeddable":true,"href":"https:\/\/leidyklahelios.lt\/en\/wp-json\/wp\/v2\/product_tag?post=2970"}],"curies":[{"name":"wp","href":"https:\/\/api.w.org\/{rel}","templated":true}]}}