{"id":3357,"date":"2023-10-25T09:05:54","date_gmt":"2023-10-25T07:05:54","guid":{"rendered":"https:\/\/leidyklahelios.lt\/?post_type=product&#038;p=3357"},"modified":"2026-03-05T15:03:08","modified_gmt":"2026-03-05T13:03:08","slug":"jay-shetty-8-meiles-taisykles","status":"publish","type":"product","link":"https:\/\/leidyklahelios.lt\/en\/product\/jay-shetty-8-meiles-taisykles\/","title":{"rendered":"Jay Shetty <br>8 MEIL\u0116S TAISYKL\u0116S"},"content":{"rendered":"<p><em>\u201e8 meil\u0117s taisykl\u0117s\u201c padeda \u017eingsnis po \u017eingsnio ie\u0161koti meil\u0117s, kai pradedi statyti pamat\u0105 nuo sav\u0119s, paskui su kitais ir galiausiai su pasauliu.\u201c JENNIFER LOPEZ<\/em><\/p>\n<p><em>\u201eJay Shetty veda skaitytojus per sud\u0117ting\u0105 meil\u0117s kelion\u0119, gra\u017eiai pagaudamas m\u016bs\u0173 pasirinkim\u0173 ir i\u0161\u0161\u016bki\u0173 netobulumus.\u201c ESTHER PEREL<\/em><\/p>\n<p><em>\u201ePuikus vadovas, pad\u0117siantis meil\u0117je pakilti iki d\u017eiaugsmo ir pasitenkinimo.\u201c DEEPAK CHOPRA<\/em><\/p>\n<p><em>\u201e\u0160ioje puikioje, mitus griaunan\u010dioje knygoje Jay\u2019us Shetty\u2019is sujungia senov\u0117s i\u0161mint\u012f ir \u0161iuolaikin\u012f moksl\u0105, kad parodyt\u0173, kaip savyje ir kituose rasti meil\u0119, kurios visi nusipeln\u0117me.\u201c LORI GOTTLIEB<\/em><\/p>\n<p><em>\u201eJay\u2019us Shetty\u2019is ra\u0161o apie meil\u0119 ir gyvenim\u0105 meistri\u0161kai teisingai ir i\u0161mintingai.\u201c SHAWN MENDES<\/em><\/p>","protected":false},"excerpt":{"rendered":"<p><em>The New York Times<\/em> bestselerio \u201eM\u0105styk kaip vienuolis\u201c autorius si\u016blo netik\u0117t\u0105 gid\u0105 kiekvienai meil\u0117s stadijai, remdamasis senov\u0117s i\u0161mintimi ir naujuoju mokslu.<\/p>\n<p>Niekas nepasodina ir nei\u0161moko m\u016bs\u0173 myl\u0117ti. Da\u017enai \u012fsisukame \u012f santykius, pasis\u0117m\u0119 praktikos tik i\u0161 romanti\u0161k\u0173 film\u0173 ir popkult\u016bros. Nuo \u0161iol bus kitaip.<\/p>\n<p>U\u017euot pateik\u0119s meil\u0119 kaip ne\u017eemi\u0161k\u0105 s\u0105vok\u0105 ar kli\u0161i\u0173 rinkin\u012f, Jay\u2019us Shetty\u2019is si\u016blo konkre\u010dius, \u012fgyvendinamus \u017eingsnius, kurie pad\u0117s i\u0161vystyti \u012fg\u016bd\u017eius, reikalingus praktikuoti ir puosel\u0117ti meil\u0119 geriau nei kada nors anks\u010diau. Jis dalijasi \u012f\u017evalgomis, kaip kartu laim\u0117ti ar pralaim\u0117ti, kaip apibr\u0117\u017eti meil\u0119 ir kod\u0117l i\u0161siskyr\u0119 nepal\u016b\u017etame. \u012ekv\u0117ptas ved\u0173 i\u0161minties ir \u0161iuolaikinio mokslo jis nagrin\u0117ja vis\u0105 santyki\u0173 cikl\u0105 nuo pirm\u0173j\u0173 pasimatym\u0173 iki gyvenimo kartu ar i\u0161siskyrimo ir naujo gyvenimo prad\u017eios. Jis parodo, kaip i\u0161vengti melaging\u0173 pa\u017ead\u0173 ir laim\u0117s nene\u0161an\u010dios partneryst\u0117s.<\/p>\n<p>Laikydamiesi a\u0161tuoni\u0173 Jay\u2019aus Shetty taisykli\u0173 visi galime myl\u0117ti save, savo partner\u012f ir pasaul\u012f geriau, nei \u012fsivaizdavome, jog tai \u012fmanoma.<\/p>\n<p>&nbsp;<\/p>\n<p>JAY\u2019US SHETTY\u2019IS yra \u201eThe New York Times\u201c bestselerio autorius, apdovanojim\u0173 peln\u0119s ra\u0161ytojas, tinklalaid\u0117s autorius ir buv\u0119s vienuolis, siekiantis pad\u0117ti \u017emon\u0117ms kasdien lavinti prot\u0105 siekiant ramyb\u0117s ir tikslo. 2017 m. \u201eForbes\u201c \u012ftrauk\u0117 j\u012f \u012f 30 geriausi\u0173 ra\u0161ytoj\u0173 iki 30 met\u0173 s\u0105ra\u0161\u0105 d\u0117l poveikio \u017einiasklaidai. Jo vaizdo \u012fra\u0161ai buvo per\u017ei\u016br\u0117ti daugiau kaip 10 milijard\u0173 kart\u0173, socialin\u0117se platformose j\u012f seka per 50 milijon\u0173 \u017emoni\u0173 visame pasaulyje. 2019 m. Jay\u2019us suk\u016br\u0117 \u201eOn Purpose\u201c, ypa\u010d populiari\u0105 sveikatos ir gerov\u0117s tinklalaid\u0119. Jis yra visame pasaulyje \u017einomas prane\u0161\u0117jas, be kita ko, kvie\u010diamas \u201eGoogle\u201c, \u201eMicrosoft\u201c, \u201eNetflix\u201c ir \u201eAmerican Express\u201c ir kt. Daugiau nei du milijonai \u017emoni\u0173 lank\u0117 jo internetin\u0119 mokykl\u0105, o jo \u012fkurta bendruomen\u0117 \u201eGenius Coatching\u201c kas savait\u0119 rengia sveikatos ir gerov\u0117s programas t\u016bkstan\u010diams nari\u0173 daugiau nei \u0161imte \u0161ali\u0173.<\/p>\n<p>Jay\u2019us yra \u201eCalm\u201c vyriausiasis tikslo pareig\u016bnas (CPO) ir kartu su \u017emona Radhi \u012fsteig\u0117 \u012fmon\u0119 \u201eJoyo Tea\u201c.<\/p>","protected":false},"featured_media":3358,"template":"","meta":{"site-sidebar-layout":"default","site-content-layout":"","ast-site-content-layout":"default","site-content-style":"default","site-sidebar-style":"default","ast-global-header-display":"","ast-banner-title-visibility":"","ast-main-header-display":"","ast-hfb-above-header-display":"","ast-hfb-below-header-display":"","ast-hfb-mobile-header-display":"","site-post-title":"","ast-breadcrumbs-content":"","ast-featured-img":"","footer-sml-layout":"","ast-disable-related-posts":"","theme-transparent-header-meta":"default","adv-header-id-meta":"","stick-header-meta":"default","header-above-stick-meta":"","header-main-stick-meta":"","header-below-stick-meta":"","astra-migrate-meta-layouts":"set","ast-page-background-enabled":"default","ast-page-background-meta":{"desktop":{"background-color":"","background-image":"","background-repeat":"repeat","background-position":"center center","background-size":"auto","background-attachment":"scroll","background-type":"","background-media":"","overlay-type":"","overlay-color":"","overlay-opacity":"","overlay-gradient":""},"tablet":{"background-color":"","background-image":"","background-repeat":"repeat","background-position":"center center","background-size":"auto","background-attachment":"scroll","background-type":"","background-media":"","overlay-type":"","overlay-color":"","overlay-opacity":"","overlay-gradient":""},"mobile":{"background-color":"","background-image":"","background-repeat":"repeat","background-position":"center center","background-size":"auto","background-attachment":"scroll","background-type":"","background-media":"","overlay-type":"","overlay-color":"","overlay-opacity":"","overlay-gradient":""}},"ast-content-background-meta":{"desktop":{"background-color":"var(--ast-global-color-5)","background-image":"","background-repeat":"repeat","background-position":"center center","background-size":"auto","background-attachment":"scroll","background-type":"","background-media":"","overlay-type":"","overlay-color":"","overlay-opacity":"","overlay-gradient":""},"tablet":{"background-color":"var(--ast-global-color-5)","background-image":"","background-repeat":"repeat","background-position":"center center","background-size":"auto","background-attachment":"scroll","background-type":"","background-media":"","overlay-type":"","overlay-color":"","overlay-opacity":"","overlay-gradient":""},"mobile":{"background-color":"var(--ast-global-color-5)","background-image":"","background-repeat":"repeat","background-position":"center center","background-size":"auto","background-attachment":"scroll","background-type":"","background-media":"","overlay-type":"","overlay-color":"","overlay-opacity":"","overlay-gradient":""}}},"product_brand":[],"product_cat":[76],"product_tag":[72],"class_list":{"0":"post-3357","1":"product","2":"type-product","3":"status-publish","4":"has-post-thumbnail","6":"product_cat-negrozine-literatura","7":"product_tag-autobiografija","8":"desktop-align-left","9":"tablet-align-left","10":"mobile-align-left","11":"ast-product-gallery-layout-horizontal","12":"ast-product-gallery-with-no-image","13":"ast-product-tabs-layout-horizontal","15":"first","16":"instock","17":"sale","18":"taxable","19":"shipping-taxable","20":"purchasable","21":"product-type-simple"},"_links":{"self":[{"href":"https:\/\/leidyklahelios.lt\/en\/wp-json\/wp\/v2\/product\/3357","targetHints":{"allow":["GET"]}}],"collection":[{"href":"https:\/\/leidyklahelios.lt\/en\/wp-json\/wp\/v2\/product"}],"about":[{"href":"https:\/\/leidyklahelios.lt\/en\/wp-json\/wp\/v2\/types\/product"}],"version-history":[{"count":2,"href":"https:\/\/leidyklahelios.lt\/en\/wp-json\/wp\/v2\/product\/3357\/revisions"}],"predecessor-version":[{"id":3360,"href":"https:\/\/leidyklahelios.lt\/en\/wp-json\/wp\/v2\/product\/3357\/revisions\/3360"}],"wp:featuredmedia":[{"embeddable":true,"href":"https:\/\/leidyklahelios.lt\/en\/wp-json\/wp\/v2\/media\/3358"}],"wp:attachment":[{"href":"https:\/\/leidyklahelios.lt\/en\/wp-json\/wp\/v2\/media?parent=3357"}],"wp:term":[{"taxonomy":"product_brand","embeddable":true,"href":"https:\/\/leidyklahelios.lt\/en\/wp-json\/wp\/v2\/product_brand?post=3357"},{"taxonomy":"product_cat","embeddable":true,"href":"https:\/\/leidyklahelios.lt\/en\/wp-json\/wp\/v2\/product_cat?post=3357"},{"taxonomy":"product_tag","embeddable":true,"href":"https:\/\/leidyklahelios.lt\/en\/wp-json\/wp\/v2\/product_tag?post=3357"}],"curies":[{"name":"wp","href":"https:\/\/api.w.org\/{rel}","templated":true}]}}