{"id":3375,"date":"2023-11-08T15:16:32","date_gmt":"2023-11-08T13:16:32","guid":{"rendered":"https:\/\/leidyklahelios.lt\/?post_type=product&#038;p=3375"},"modified":"2026-03-05T15:03:20","modified_gmt":"2026-03-05T13:03:20","slug":"ala-pugaciova-dainininke%cc%87s-gyvenimas","status":"publish","type":"product","link":"https:\/\/leidyklahelios.lt\/en\/product\/ala-pugaciova-dainininke%cc%87s-gyvenimas\/","title":{"rendered":"Ala Pugac\u030ciova. <br>Didz\u030ciosios dainininke\u0307s gyvenimas ir nepaprasti nuotykiai"},"content":{"rendered":"<h6>Ala Puga\u010diova<\/h6>\n<p>Rusijos karas Ukrainoje ir n\u016bdienos politin\u0117 situacija \u2013 ne itin palankus metas pristatyti knyg\u0105 apie moter\u012f, ilgus metus buvusi\u0105 Soviet\u0173 S\u0105jungos, v\u0117liau \u2013 Rusijos estradin\u0117s muzikos ikona. Ji buvo m\u0117gstama ir dabartin\u0117s Rusijos vald\u017eios, ta\u010diau \u0161iandien nebeturi vietos t\u0117vyn\u0117je. O jos pozicija prie\u0161 kar\u0105 \u2013 reik\u0161mingas ir dr\u0105sus poelgis, vilties \u017eenklas daugybei rus\u0173. Susipa\u017einkite su \u2013 Ala Puga\u010diova.<\/p>\n<p>Gyvoji legenda. Estrados primadona, kurios karjera t\u0119s\u0117si daugiau nei penkis de\u0161imtme\u010dius \u2013 pus\u0119 Soviet\u0173 S\u0105jungos gyvavimo ir visus \u0161iuolaikin\u0117s Rusijos metus. Rausvaplauk\u0117 gundytoja, i\u0161siskyrusi stipriu balsu, ry\u0161kia scenine i\u0161vaizda ir dr\u0105sa per\u017eengti ribas. Nei gyvenime, nei knygoje ji nesistengia atrodyti geresn\u0117, protingesn\u0117 ar doresn\u0117: buvo (ir yra) prietaringa, vaidinga ir valdinga, myl\u0117jo ne tuos vyrus ir m\u0117go ger\u0105 gyvenim\u0105. U\u017edirbo honorarus ne vienam bulvarin\u0117s spaudos reporteriui ir fotografui. Niekada \u2013 net g\u016bd\u017eiais Bre\u017enevo laikais \u2013 nedainavo apie revoliucij\u0105 ir \u201e\u0161vies\u0173 komunizm\u0105\u201c. Ir niekada nesisteng\u0117 b\u016bti miela. Liko i\u0161tikima sau. Raudona ro\u017e\u0117 su spygliais, pra\u017eydusi pilkame Soviet\u0173 S\u0105jungos sniege.<\/p>\n<p>\u0160i nauja biografija apr\u0117pia Alos Puga\u010diovos gyvenim\u0105 ir karjer\u0105 nuo vaikyst\u0117s iki \u0161lov\u0117s vir\u0161\u016bni\u0173 \u2013 ir baigiasi sprendimu palikti did\u017ei\u0105j\u0105 scen\u0105. J\u0105 b\u016btina perskaityti ne tik tiems, kurie atsimena putlut\u0119 moter\u012f Vilniaus sporto r\u016bm\u0173 scenoje ar Utenos arenoje, kur 2010 metais ji pasirod\u0117 bene paskutin\u012f kart\u0105. \u0160i knyga pravers visiems, kas nori bent i\u0161 dalies perprasti Rusij\u0105: pasigilinti \u012f keistai artimus \u0161ios \u0161alies meninink\u0173 ir saugumo organ\u0173 santykius, pripa\u017einimo \u017eaidim\u0105, laisv\u0117s bei k\u016brybos vert\u0119. Suteiks vilties, kad net ir nuo\u017emi\u0173 re\u017eim\u0173 gairinamose \u017eem\u0117se vienas balsas \u2013 svarbu. Ypa\u010d toks i\u0161skirtinis.<\/p>","protected":false},"excerpt":{"rendered":"<p>Ala Puga\u010diova \u2013 gyvoji legenda. Estrados primadona, kurios karjera t\u0119s\u0117si daugiau nei penkis de\u0161imtme\u010dius \u2013 pus\u0119 Soviet\u0173 S\u0105jungos gyvavimo ir visus \u0161iuolaikin\u0117s Rusijos metus. Rausvaplauk\u0117 gundytoja, i\u0161siskyrusi stipriu balsu, ry\u0161kia scenine i\u0161vaizda ir dr\u0105sa per\u017eengti ribas. Nei gyvenime, nei knygoje ji nesistengia atrodyti geresn\u0117, protingesn\u0117 ar doresn\u0117: buvo (ir yra) prietaringa, vaidinga ir valdinga, myl\u0117jo ne tuos vyrus ir m\u0117go ger\u0105 gyvenim\u0105. U\u017edirbo honorarus ne vienam bulvarin\u0117s spaudos reporteriui ir fotografui. Niekada \u2013 net g\u016bd\u017eiais Bre\u017enevo laikais \u2013 nedainavo apie revoliucij\u0105 ir \u201e\u0161vies\u0173 komunizm\u0105\u201c. Ir niekada nesisteng\u0117 b\u016bti miela. Liko i\u0161tikima sau. Raudona ro\u017e\u0117 su spygliais, pra\u017eydusi pilkame Soviet\u0173 S\u0105jungos sniege.<\/p>\n<p>\u0160i nauja biografija apr\u0117pia Alos Puga\u010diovos gyvenim\u0105 ir karjer\u0105 nuo vaikyst\u0117s iki \u0161lov\u0117s vir\u0161\u016bni\u0173 \u2013 ir baigiasi sprendimu palikti did\u017ei\u0105j\u0105 scen\u0105. J\u0105 b\u016btina perskaityti ne tik tiems, kurie atsimena putlut\u0119 moter\u012f Vilniaus sporto r\u016bm\u0173 scenoje ar Utenos arenoje, kur 2010 metais ji pasirod\u0117 bene paskutin\u012f kart\u0105. \u0160i knyga pravers visiems, kas nori bent i\u0161 dalies perprasti Rusij\u0105: pasigilinti \u012f keistai artimus \u0161ios \u0161alies meninink\u0173 ir saugumo organ\u0173 santykius, pripa\u017einimo \u017eaidim\u0105, laisv\u0117s bei k\u016brybos vert\u0119. Suteiks vilties, kad net ir nuo\u017emi\u0173 re\u017eim\u0173 gairinamose \u017eem\u0117se vienas balsas \u2013 svarbu. Ypa\u010d toks i\u0161skirtinis.<\/p>","protected":false},"featured_media":3376,"template":"","meta":{"site-sidebar-layout":"default","site-content-layout":"","ast-site-content-layout":"default","site-content-style":"default","site-sidebar-style":"default","ast-global-header-display":"","ast-banner-title-visibility":"","ast-main-header-display":"","ast-hfb-above-header-display":"","ast-hfb-below-header-display":"","ast-hfb-mobile-header-display":"","site-post-title":"","ast-breadcrumbs-content":"","ast-featured-img":"","footer-sml-layout":"","ast-disable-related-posts":"","theme-transparent-header-meta":"default","adv-header-id-meta":"","stick-header-meta":"default","header-above-stick-meta":"","header-main-stick-meta":"","header-below-stick-meta":"","astra-migrate-meta-layouts":"set","ast-page-background-enabled":"default","ast-page-background-meta":{"desktop":{"background-color":"","background-image":"","background-repeat":"repeat","background-position":"center center","background-size":"auto","background-attachment":"scroll","background-type":"","background-media":"","overlay-type":"","overlay-color":"","overlay-opacity":"","overlay-gradient":""},"tablet":{"background-color":"","background-image":"","background-repeat":"repeat","background-position":"center center","background-size":"auto","background-attachment":"scroll","background-type":"","background-media":"","overlay-type":"","overlay-color":"","overlay-opacity":"","overlay-gradient":""},"mobile":{"background-color":"","background-image":"","background-repeat":"repeat","background-position":"center center","background-size":"auto","background-attachment":"scroll","background-type":"","background-media":"","overlay-type":"","overlay-color":"","overlay-opacity":"","overlay-gradient":""}},"ast-content-background-meta":{"desktop":{"background-color":"var(--ast-global-color-5)","background-image":"","background-repeat":"repeat","background-position":"center center","background-size":"auto","background-attachment":"scroll","background-type":"","background-media":"","overlay-type":"","overlay-color":"","overlay-opacity":"","overlay-gradient":""},"tablet":{"background-color":"var(--ast-global-color-5)","background-image":"","background-repeat":"repeat","background-position":"center center","background-size":"auto","background-attachment":"scroll","background-type":"","background-media":"","overlay-type":"","overlay-color":"","overlay-opacity":"","overlay-gradient":""},"mobile":{"background-color":"var(--ast-global-color-5)","background-image":"","background-repeat":"repeat","background-position":"center center","background-size":"auto","background-attachment":"scroll","background-type":"","background-media":"","overlay-type":"","overlay-color":"","overlay-opacity":"","overlay-gradient":""}}},"product_brand":[],"product_cat":[76],"product_tag":[81],"class_list":{"0":"post-3375","1":"product","2":"type-product","3":"status-publish","4":"has-post-thumbnail","6":"product_cat-negrozine-literatura","7":"product_tag-bestseleriai","8":"desktop-align-left","9":"tablet-align-left","10":"mobile-align-left","11":"ast-product-gallery-layout-horizontal","12":"ast-product-gallery-with-no-image","13":"ast-product-tabs-layout-horizontal","15":"first","16":"instock","17":"sale","18":"taxable","19":"shipping-taxable","20":"purchasable","21":"product-type-simple"},"_links":{"self":[{"href":"https:\/\/leidyklahelios.lt\/en\/wp-json\/wp\/v2\/product\/3375","targetHints":{"allow":["GET"]}}],"collection":[{"href":"https:\/\/leidyklahelios.lt\/en\/wp-json\/wp\/v2\/product"}],"about":[{"href":"https:\/\/leidyklahelios.lt\/en\/wp-json\/wp\/v2\/types\/product"}],"version-history":[{"count":3,"href":"https:\/\/leidyklahelios.lt\/en\/wp-json\/wp\/v2\/product\/3375\/revisions"}],"predecessor-version":[{"id":6225,"href":"https:\/\/leidyklahelios.lt\/en\/wp-json\/wp\/v2\/product\/3375\/revisions\/6225"}],"wp:featuredmedia":[{"embeddable":true,"href":"https:\/\/leidyklahelios.lt\/en\/wp-json\/wp\/v2\/media\/3376"}],"wp:attachment":[{"href":"https:\/\/leidyklahelios.lt\/en\/wp-json\/wp\/v2\/media?parent=3375"}],"wp:term":[{"taxonomy":"product_brand","embeddable":true,"href":"https:\/\/leidyklahelios.lt\/en\/wp-json\/wp\/v2\/product_brand?post=3375"},{"taxonomy":"product_cat","embeddable":true,"href":"https:\/\/leidyklahelios.lt\/en\/wp-json\/wp\/v2\/product_cat?post=3375"},{"taxonomy":"product_tag","embeddable":true,"href":"https:\/\/leidyklahelios.lt\/en\/wp-json\/wp\/v2\/product_tag?post=3375"}],"curies":[{"name":"wp","href":"https:\/\/api.w.org\/{rel}","templated":true}]}}