{"id":3379,"date":"2023-11-08T15:42:17","date_gmt":"2023-11-08T13:42:17","guid":{"rendered":"https:\/\/leidyklahelios.lt\/?post_type=product&#038;p=3379"},"modified":"2026-03-05T15:02:52","modified_gmt":"2026-03-05T13:02:52","slug":"mike-tyson-absoliuti-tiesa","status":"publish","type":"product","link":"https:\/\/leidyklahelios.lt\/en\/product\/mike-tyson-absoliuti-tiesa\/","title":{"rendered":"MIKE TYSON <br>ABSOLIUTI TIESA"},"content":{"rendered":"<h6><strong>Mike Tyson \u201eAbsoliuti tiesa\u201c <\/strong><\/h6>\n<p><strong>Mike\u2019as Tysonas<\/strong><\/p>\n<p>yra buv\u0119s sunkiasvoris pasaulio bokso \u010dempionas, 2011 metais i\u0161rinktas \u012f \u0160lov\u0117s al\u0117j\u0105. Jo persona\u017eas su\u017eib\u0117jo did\u017eiul\u0117s s\u0117km\u0117s sulaukusiuose filmuose \u201ePagirios Las Vegase\u201c, o vieno \u017emogaus \u0161ou \u201eMike\u2019as Tysonas: Absoliuti tiesa\u201c, kur\u012f re\u017eisavo Spike\u2019as Lee, u\u017ekariavo Brodv\u0117j\u0173. Tysonas yra \u012fk\u016br\u0119s drabu\u017ei\u0173 kompanij\u0105 \u201eMike Tyson Collection\u201c ir prodiusavimo kompanij\u0105 \u201eTyrannic Productions\u201c. Buvusi bokso legenda su \u017emona ir vaikais gyvena Las Vegase.<\/p>\n<p><strong>Larry\u2019is Slomanas<\/strong><\/p>\n<p>i\u0161gars\u0117jo kaip Howardo Sterno knyg\u0173 \u201ePriva\u010dios vietos\u201c ir \u201eMiss America\u201c bendraautoris. Neseniai Slomanas su magijos teoretiku Williamu Kalushu para\u0161\u0117 knyg\u0105 \u201eSlaptas Houdinio gyvenimas\u201c, o su iliuzionistu Davidu Blane\u2019u \u2013 \u201ePaslaptingas nepa\u017e\u012fstamasis\u201c. Slomanas taip pat para\u0161\u0117 memuar\u0173 knyg\u0105 \u201eRandas\u201c apie \u201eRed Hot Chili Peppers\u201c daininink\u0105 Antony\u2019\u012f Kiedis\u0105. Visos trys knygos tapo \u201eNew York Times\u201c bestseleriais.<\/p>","protected":false},"excerpt":{"rendered":"<p>Knyga \u201eAbsoliuti tiesa\u201c \u2013 \u0161i\u0173 atvir\u0173 ir tiesmuki\u0161k\u0173 memuar\u0173 autorius yra Mike\u2019as Tysonas, buv\u0119s sunkiasvoris pasaulio bokso \u010dempionas, \u017emogus, tap\u0119s legenda tiek ringe, tiek u\u017e jo rib\u0173.<\/p>\n<p>Filosofas, Brodv\u0117jaus \u017evaig\u017ed\u0117, boksininkas, nusikalt\u0117lis \u2013 per savo trisde\u0161imties met\u0173 vie\u0161umo karjer\u0105 Mike\u2019as Tysonas sugriov\u0117 daugyb\u0119 stereotip\u0173, l\u016bkes\u010di\u0173 ir tradicin\u0117s i\u0161minties kanon\u0173. Tysonas u\u017eaugo \u0161iurk\u0161\u010diame ir vargingame Bruklino rajone, vaikyst\u0117je patyr\u0117 priekabiavim\u0105, o u\u017eaug\u0119s tapo nuostabiausiu ir ar\u0161iausiu vis\u0173 laik\u0173 boksininku bei jauniausiu sunkiasvoriu pasaulio bokso \u010dempionu.<\/p>\n<p>Pasaki\u0161kus rezultatus ringe u\u017ego\u017e\u0117 nutr\u016bktgalvi\u0161ki veiksmai i\u0161 jo i\u0161\u0117jus. Nesiliaujantys vakar\u0117liai, kruvinos mu\u0161tyn\u0117s ir boksininkui pateikti ie\u0161kiniai padar\u0117 savo. 2003 metais Tysonas, nuteistas u\u017e nusikaltim\u0105, tapo \u012fvairi\u0173 vakarini\u0173 \u0161ou pa\u0161aip\u0173 objektu. Ta\u010diau jis nepasidav\u0117. \u017dmogus, kuris kadaise prisipa\u017eino turintis priklausomyb\u0119 \u201enuo visko\u201c, savo \u0161eimoje v\u0117l atk\u016br\u0117 s\u0117km\u0119, savigarb\u0105 ir meil\u0119. Apdovanojim\u0173 peln\u0119s vieno \u017emogaus \u0161ou, puiki vaidyba filme \u201ePagirios Las Vegase\u201c ir jo t\u0119siniuose leido jam i\u0161 naujo atrasti laim\u0119 ir stabilum\u0105, t\u0117vyst\u0117s ir \u0161eimos gyvenimo d\u017eiaugsm\u0105. Tysono istorija yra \u012fkvepianti amerikieti\u0161kos s\u0117km\u0117s istorija.<\/p>\n<p>Apie savo gyvenimo auk\u0161tumas ir \u017eemumas Tysonas ra\u0161o priblo\u0161kiamai tiesiu, nepagra\u017eintu humoristiniu stiliumi, taip s\u0105\u017einingai ir atvirai, kaip ir tikim\u0117s i\u0161 \u0161io legendinio sportininko. Tai \u012fstabi kelion\u0117 nuo Bruklino geto iki pasaulin\u0117s \u0161lov\u0117s ir ne\u0161lov\u0117s, o galiausiai \u2013 iki gyvenimo i\u0161grynintos i\u0161minties. \u201eAbsoliuti tiesa\u201c \u2013 ne tik nuostabi sporto istorija, bet ir autobiografija, i\u0161tverianti laiko i\u0161bandymus.<\/p>\n<p>&nbsp;<\/p>\n<h6>I\u0161skirtinis pokalbis su kovotoju ir treneriu Ignu Barysu ir jo \u012f\u017evalgos apie legendin\u012f Mike Tyson <em><strong><a href=\"https:\/\/leidyklahelios.lt\/en\/apzvalgos\/knygoje-gyvenimas-nepaliekantis-abejingu\/\">\u010dia<\/a>.<\/strong><\/em><\/h6>","protected":false},"featured_media":3380,"template":"","meta":{"site-sidebar-layout":"default","site-content-layout":"","ast-site-content-layout":"default","site-content-style":"default","site-sidebar-style":"default","ast-global-header-display":"","ast-banner-title-visibility":"","ast-main-header-display":"","ast-hfb-above-header-display":"","ast-hfb-below-header-display":"","ast-hfb-mobile-header-display":"","site-post-title":"","ast-breadcrumbs-content":"","ast-featured-img":"","footer-sml-layout":"","ast-disable-related-posts":"","theme-transparent-header-meta":"default","adv-header-id-meta":"","stick-header-meta":"default","header-above-stick-meta":"","header-main-stick-meta":"","header-below-stick-meta":"","astra-migrate-meta-layouts":"set","ast-page-background-enabled":"default","ast-page-background-meta":{"desktop":{"background-color":"","background-image":"","background-repeat":"repeat","background-position":"center center","background-size":"auto","background-attachment":"scroll","background-type":"","background-media":"","overlay-type":"","overlay-color":"","overlay-opacity":"","overlay-gradient":""},"tablet":{"background-color":"","background-image":"","background-repeat":"repeat","background-position":"center center","background-size":"auto","background-attachment":"scroll","background-type":"","background-media":"","overlay-type":"","overlay-color":"","overlay-opacity":"","overlay-gradient":""},"mobile":{"background-color":"","background-image":"","background-repeat":"repeat","background-position":"center center","background-size":"auto","background-attachment":"scroll","background-type":"","background-media":"","overlay-type":"","overlay-color":"","overlay-opacity":"","overlay-gradient":""}},"ast-content-background-meta":{"desktop":{"background-color":"var(--ast-global-color-5)","background-image":"","background-repeat":"repeat","background-position":"center center","background-size":"auto","background-attachment":"scroll","background-type":"","background-media":"","overlay-type":"","overlay-color":"","overlay-opacity":"","overlay-gradient":""},"tablet":{"background-color":"var(--ast-global-color-5)","background-image":"","background-repeat":"repeat","background-position":"center center","background-size":"auto","background-attachment":"scroll","background-type":"","background-media":"","overlay-type":"","overlay-color":"","overlay-opacity":"","overlay-gradient":""},"mobile":{"background-color":"var(--ast-global-color-5)","background-image":"","background-repeat":"repeat","background-position":"center center","background-size":"auto","background-attachment":"scroll","background-type":"","background-media":"","overlay-type":"","overlay-color":"","overlay-opacity":"","overlay-gradient":""}}},"product_brand":[],"product_cat":[76],"product_tag":[81],"class_list":{"0":"post-3379","1":"product","2":"type-product","3":"status-publish","4":"has-post-thumbnail","6":"product_cat-negrozine-literatura","7":"product_tag-bestseleriai","8":"desktop-align-left","9":"tablet-align-left","10":"mobile-align-left","11":"ast-product-gallery-layout-horizontal","12":"ast-product-gallery-with-no-image","13":"ast-product-tabs-layout-horizontal","15":"first","16":"instock","17":"sale","18":"taxable","19":"shipping-taxable","20":"purchasable","21":"product-type-simple"},"_links":{"self":[{"href":"https:\/\/leidyklahelios.lt\/en\/wp-json\/wp\/v2\/product\/3379","targetHints":{"allow":["GET"]}}],"collection":[{"href":"https:\/\/leidyklahelios.lt\/en\/wp-json\/wp\/v2\/product"}],"about":[{"href":"https:\/\/leidyklahelios.lt\/en\/wp-json\/wp\/v2\/types\/product"}],"version-history":[{"count":3,"href":"https:\/\/leidyklahelios.lt\/en\/wp-json\/wp\/v2\/product\/3379\/revisions"}],"predecessor-version":[{"id":6256,"href":"https:\/\/leidyklahelios.lt\/en\/wp-json\/wp\/v2\/product\/3379\/revisions\/6256"}],"wp:featuredmedia":[{"embeddable":true,"href":"https:\/\/leidyklahelios.lt\/en\/wp-json\/wp\/v2\/media\/3380"}],"wp:attachment":[{"href":"https:\/\/leidyklahelios.lt\/en\/wp-json\/wp\/v2\/media?parent=3379"}],"wp:term":[{"taxonomy":"product_brand","embeddable":true,"href":"https:\/\/leidyklahelios.lt\/en\/wp-json\/wp\/v2\/product_brand?post=3379"},{"taxonomy":"product_cat","embeddable":true,"href":"https:\/\/leidyklahelios.lt\/en\/wp-json\/wp\/v2\/product_cat?post=3379"},{"taxonomy":"product_tag","embeddable":true,"href":"https:\/\/leidyklahelios.lt\/en\/wp-json\/wp\/v2\/product_tag?post=3379"}],"curies":[{"name":"wp","href":"https:\/\/api.w.org\/{rel}","templated":true}]}}