{"id":3526,"date":"2024-02-02T11:06:32","date_gmt":"2024-02-02T09:06:32","guid":{"rendered":"https:\/\/leidyklahelios.lt\/?post_type=product&#038;p=3526"},"modified":"2026-03-05T15:02:28","modified_gmt":"2026-03-05T13:02:28","slug":"britney-spears-moteris-manyje","status":"publish","type":"product","link":"https:\/\/leidyklahelios.lt\/en\/product\/britney-spears-moteris-manyje\/","title":{"rendered":"Britney Spears <br> MOTERIS MANYJE"},"content":{"rendered":"<h6>Britney Spears \u201eMoteris manyje\u201c<\/h6>\n<p>I\u0161leidusi ne vien\u0105 platinin\u012f album\u0105, pelniusi \u201eGrammy\u201c apdovanojim\u0105 popmuzikos ikona Britney Spears yra viena s\u0117kmingiausi\u0173 ir garsiausi\u0173 atlik\u0117j\u0173 muzikos istorijoje \u2013 visame pasaulyje parduota daugiau nei 100 milijon\u0173 jos \u012fra\u0161\u0173.<\/p>\n<p>2021 m. ji buvo \u012ftraukta \u012f \u017eurnalo \u201eTime\u201c 100 \u012ftakingiausi\u0173 \u017emoni\u0173 s\u0105ra\u0161\u0105. 2012 m. Spears albumas \u201eBlackout\u201c pateko \u012f Rokenrolo \u0161lov\u0117s muziejaus bibliotek\u0105 ir archyvus. Daininink\u0117 gyvena Los And\u017eele, Kalifornijoje.<\/p>","protected":false},"excerpt":{"rendered":"<p><em>Kai buvau ma\u017ea mergait\u0117, valand\u0173 valandas viena vaik\u0161tin\u0117davau tyliame mi\u0161ke u\u017e m\u016bs\u0173 namo Luizianoje ir dainuodavau. [&#8230;] Namo kulniuodavau taku, vedan\u010diu pro tvarkingai ap\u017eeldint\u0105 kaimyn\u0173 kiem\u0105. Kaimynai tur\u0117jo basein\u0105 ir alpinarium\u0105, piln\u0105 ma\u017e\u0173 glotni\u0173 akmenuk\u0173, \u2013 juos, sug\u0117rusius dienos \u0161ilum\u0105, b\u016bdavo taip gera priglausti prie odos. Atsiguldavau ant t\u0173 akmenuk\u0173, \u017ei\u016br\u0117davau \u012f dang\u0173 ir, jausdama \u0161ilum\u0105 i\u0161 apa\u010dios ir i\u0161 vir\u0161aus, mintydavau: \u201eGaliu pasirinkti savo gyvenimo keli\u0105. Galiu \u012fgyvendinti savo svajones.\u201c<\/em><\/p>\n<p>\u201eMoteris manyje\u201c \u2013 dr\u0105sus ir stulbinamai jaudinantis pasakojimas apie laisv\u0119, \u0161lov\u0119, motinyst\u0119, i\u0161gyvenim\u0105, tik\u0117jim\u0105 ir vilt\u012f.<\/p>\n<p>2021 m. bir\u017eel\u012f visas pasaulis klaus\u0117si Britney Spears kalbos atvirame teismo pos\u0117dyje. Poveikis, kur\u012f padar\u0117 jos balsas \u2013 jos tiesa, buvo neabejotinas, pakeit\u0119s pa\u010dios daininink\u0117s gyvenimo krypt\u012f ir daugyb\u0117s kit\u0173 \u017emoni\u0173 likimus. Knygoje \u201eMoteris manyje\u201c pirm\u0105 kart\u0105 atskleid\u017eiama ne\u012ftik\u0117tina vienos garsiausi\u0173 pasaulio popmuzikos atlik\u0117j\u0173 kelion\u0117 ir kiek stipryb\u0117s prireik\u0117 \u0161iam keliui \u012fveikti.<\/p>\n<p>Nepaprastai atviruose ir \u0161maik\u0161\u010diuose memuaruose \u201eMoteris manyje\u201c, Britney Spears liudija nebl\u0117stan\u010di\u0105 muzikos ir meil\u0117s gali\u0105. Ir tai, kaip svarbu moteriai pagaliau savo s\u0105lygomis papasakoti savo istorij\u0105.<\/p>\n","protected":false},"featured_media":3527,"template":"","meta":{"site-sidebar-layout":"default","site-content-layout":"","ast-site-content-layout":"default","site-content-style":"default","site-sidebar-style":"default","ast-global-header-display":"","ast-banner-title-visibility":"","ast-main-header-display":"","ast-hfb-above-header-display":"","ast-hfb-below-header-display":"","ast-hfb-mobile-header-display":"","site-post-title":"","ast-breadcrumbs-content":"","ast-featured-img":"","footer-sml-layout":"","ast-disable-related-posts":"","theme-transparent-header-meta":"default","adv-header-id-meta":"","stick-header-meta":"default","header-above-stick-meta":"","header-main-stick-meta":"","header-below-stick-meta":"","astra-migrate-meta-layouts":"set","ast-page-background-enabled":"default","ast-page-background-meta":{"desktop":{"background-color":"","background-image":"","background-repeat":"repeat","background-position":"center center","background-size":"auto","background-attachment":"scroll","background-type":"","background-media":"","overlay-type":"","overlay-color":"","overlay-opacity":"","overlay-gradient":""},"tablet":{"background-color":"","background-image":"","background-repeat":"repeat","background-position":"center center","background-size":"auto","background-attachment":"scroll","background-type":"","background-media":"","overlay-type":"","overlay-color":"","overlay-opacity":"","overlay-gradient":""},"mobile":{"background-color":"","background-image":"","background-repeat":"repeat","background-position":"center center","background-size":"auto","background-attachment":"scroll","background-type":"","background-media":"","overlay-type":"","overlay-color":"","overlay-opacity":"","overlay-gradient":""}},"ast-content-background-meta":{"desktop":{"background-color":"var(--ast-global-color-5)","background-image":"","background-repeat":"repeat","background-position":"center center","background-size":"auto","background-attachment":"scroll","background-type":"","background-media":"","overlay-type":"","overlay-color":"","overlay-opacity":"","overlay-gradient":""},"tablet":{"background-color":"var(--ast-global-color-5)","background-image":"","background-repeat":"repeat","background-position":"center center","background-size":"auto","background-attachment":"scroll","background-type":"","background-media":"","overlay-type":"","overlay-color":"","overlay-opacity":"","overlay-gradient":""},"mobile":{"background-color":"var(--ast-global-color-5)","background-image":"","background-repeat":"repeat","background-position":"center center","background-size":"auto","background-attachment":"scroll","background-type":"","background-media":"","overlay-type":"","overlay-color":"","overlay-opacity":"","overlay-gradient":""}}},"product_brand":[],"product_cat":[76],"product_tag":[81],"class_list":{"0":"post-3526","1":"product","2":"type-product","3":"status-publish","4":"has-post-thumbnail","6":"product_cat-negrozine-literatura","7":"product_tag-bestseleriai","8":"desktop-align-left","9":"tablet-align-left","10":"mobile-align-left","11":"ast-product-gallery-layout-horizontal","12":"ast-product-gallery-with-no-image","13":"ast-product-tabs-layout-horizontal","15":"first","16":"instock","17":"sale","18":"taxable","19":"shipping-taxable","20":"purchasable","21":"product-type-simple"},"_links":{"self":[{"href":"https:\/\/leidyklahelios.lt\/en\/wp-json\/wp\/v2\/product\/3526","targetHints":{"allow":["GET"]}}],"collection":[{"href":"https:\/\/leidyklahelios.lt\/en\/wp-json\/wp\/v2\/product"}],"about":[{"href":"https:\/\/leidyklahelios.lt\/en\/wp-json\/wp\/v2\/types\/product"}],"version-history":[{"count":3,"href":"https:\/\/leidyklahelios.lt\/en\/wp-json\/wp\/v2\/product\/3526\/revisions"}],"predecessor-version":[{"id":6250,"href":"https:\/\/leidyklahelios.lt\/en\/wp-json\/wp\/v2\/product\/3526\/revisions\/6250"}],"wp:featuredmedia":[{"embeddable":true,"href":"https:\/\/leidyklahelios.lt\/en\/wp-json\/wp\/v2\/media\/3527"}],"wp:attachment":[{"href":"https:\/\/leidyklahelios.lt\/en\/wp-json\/wp\/v2\/media?parent=3526"}],"wp:term":[{"taxonomy":"product_brand","embeddable":true,"href":"https:\/\/leidyklahelios.lt\/en\/wp-json\/wp\/v2\/product_brand?post=3526"},{"taxonomy":"product_cat","embeddable":true,"href":"https:\/\/leidyklahelios.lt\/en\/wp-json\/wp\/v2\/product_cat?post=3526"},{"taxonomy":"product_tag","embeddable":true,"href":"https:\/\/leidyklahelios.lt\/en\/wp-json\/wp\/v2\/product_tag?post=3526"}],"curies":[{"name":"wp","href":"https:\/\/api.w.org\/{rel}","templated":true}]}}