{"id":3581,"date":"2024-02-15T12:34:09","date_gmt":"2024-02-15T10:34:09","guid":{"rendered":"https:\/\/leidyklahelios.lt\/?post_type=product&#038;p=3581"},"modified":"2026-03-12T18:17:26","modified_gmt":"2026-03-12T16:17:26","slug":"knyga-kuria-turetu-perskaityti-visi","status":"publish","type":"product","link":"https:\/\/leidyklahelios.lt\/en\/product\/knyga-kuria-turetu-perskaityti-visi\/","title":{"rendered":"Philippa Perry <br>KNYGA,  KURI\u0104 TUR\u0116T\u0172 PERSKAITYTI VISI J\u016aS\u0172 MYLIMI  \u017dMON\u0116S"},"content":{"rendered":"<h6>\u201eKnyga, kuri\u0105 tur\u0117t\u0173 perskaityti visi j\u016bs\u0173 mylimi \u017emon\u0117s.\u201c<\/h6>\n<h6>Apie autor\u0119<\/h6>\n<p>PHILIPPA PERRY pastaruosius du de\u0161imtme\u010dius dirba psichoterapeute. Ji taip pat yra \u017eurnal\u0173 \u201eRed\u201c ir \u201eThe Observer\u201c patarim\u0173 skil\u010di\u0173 autor\u0117, ra\u0161ytoja ir televizijos bei radijo laid\u0173 ved\u0117ja, prisid\u0117jusi kuriant kelis dokumentinius filmus.<\/p>","protected":false},"excerpt":{"rendered":"<p>Gyvenimo esm\u0117 yra santykiai ir ry\u0161io k\u016brimas \u2013 su \u0161eimos nariais, partneriais, draugais, kolegomis ir, svarbiausia, savimi. Jeigu pavyksta i\u0161laikyti funkcionalius ir stabilius santykius, tampa lengviau suvaldyti sud\u0117tingus dalykus, kuri\u0173 mums pam\u0117t\u0117ja gyvenimas.<\/p>\n<p>\u201eSunday Times\u201c bestseleri\u0173 autor\u0117, psichoterapeut\u0117 Philippa Perry \u0161ioje knygoje \u012ftraukia skaitytoj\u0105 \u012f \u0161ilt\u0105 ir kasdieni\u0161k\u0105 dialog\u0105, o kartu parodo, kaip prakti\u0161kai spr\u0119sti dideles gyvenimo problemas.<\/p>\n<ul>\n<li>Kaip rasti ir i\u0161saugoti meil\u0119?<\/li>\n<li>Kaip i\u0161mokti valdyti konflikt\u0105?<\/li>\n<li>K\u0105 daryti, kai sunku \u017eengti pirmyn, kaip susitaikyti su netektimi ir permainomis?<\/li>\n<li>K\u0105 rei\u0161kia jausti pasitenkinim\u0105?<\/li>\n<li>Kaip elgtis, jei kiti \u017emon\u0117s tiesiog erzina, \u2013 o gal tai j\u016bs\u0173 pa\u010di\u0173 problema?<\/li>\n<\/ul>\n<p>Philippos Perry patarimai \u2013 tai gera doz\u0117 sveiko proto, pad\u0117sianti jums tapti laimingesniu ir i\u0161mintingesniu \u017emogumi.<\/p>\n<p>\u201eKnyga, kuri\u0105 tur\u0117t\u0173 perskaityti visi j\u016bs\u0173 mylimi \u017emon\u0117s\u201c jau antroji autor\u0117s knyga lietuvi\u0173 kalba. Pirmoji \u201eKNYGA, KURI\u0104 TUR\u0116JO PERSKAITYTI J\u016aS\u0172 T\u0116VAI (o j\u016bs\u0173 vaikai d\u017eiaugsis, jei perskaitysite j\u016bs) \u201c sulauk\u0117 didel\u0117s s\u0117km\u0117s \u2013 buvo i\u0161pirktas knygos tira\u017eas ir jo kartojimas.<\/p>","protected":false},"featured_media":3582,"template":"","meta":{"site-sidebar-layout":"default","site-content-layout":"","ast-site-content-layout":"default","site-content-style":"default","site-sidebar-style":"default","ast-global-header-display":"","ast-banner-title-visibility":"","ast-main-header-display":"","ast-hfb-above-header-display":"","ast-hfb-below-header-display":"","ast-hfb-mobile-header-display":"","site-post-title":"","ast-breadcrumbs-content":"","ast-featured-img":"","footer-sml-layout":"","ast-disable-related-posts":"","theme-transparent-header-meta":"default","adv-header-id-meta":"","stick-header-meta":"default","header-above-stick-meta":"","header-main-stick-meta":"","header-below-stick-meta":"","astra-migrate-meta-layouts":"set","ast-page-background-enabled":"default","ast-page-background-meta":{"desktop":{"background-color":"","background-image":"","background-repeat":"repeat","background-position":"center center","background-size":"auto","background-attachment":"scroll","background-type":"","background-media":"","overlay-type":"","overlay-color":"","overlay-opacity":"","overlay-gradient":""},"tablet":{"background-color":"","background-image":"","background-repeat":"repeat","background-position":"center center","background-size":"auto","background-attachment":"scroll","background-type":"","background-media":"","overlay-type":"","overlay-color":"","overlay-opacity":"","overlay-gradient":""},"mobile":{"background-color":"","background-image":"","background-repeat":"repeat","background-position":"center center","background-size":"auto","background-attachment":"scroll","background-type":"","background-media":"","overlay-type":"","overlay-color":"","overlay-opacity":"","overlay-gradient":""}},"ast-content-background-meta":{"desktop":{"background-color":"var(--ast-global-color-5)","background-image":"","background-repeat":"repeat","background-position":"center center","background-size":"auto","background-attachment":"scroll","background-type":"","background-media":"","overlay-type":"","overlay-color":"","overlay-opacity":"","overlay-gradient":""},"tablet":{"background-color":"var(--ast-global-color-5)","background-image":"","background-repeat":"repeat","background-position":"center center","background-size":"auto","background-attachment":"scroll","background-type":"","background-media":"","overlay-type":"","overlay-color":"","overlay-opacity":"","overlay-gradient":""},"mobile":{"background-color":"var(--ast-global-color-5)","background-image":"","background-repeat":"repeat","background-position":"center center","background-size":"auto","background-attachment":"scroll","background-type":"","background-media":"","overlay-type":"","overlay-color":"","overlay-opacity":"","overlay-gradient":""}}},"product_brand":[],"product_cat":[76],"product_tag":[],"class_list":{"0":"post-3581","1":"product","2":"type-product","3":"status-publish","4":"has-post-thumbnail","6":"product_cat-negrozine-literatura","7":"desktop-align-left","8":"tablet-align-left","9":"mobile-align-left","10":"ast-product-gallery-layout-horizontal","11":"ast-product-gallery-with-no-image","12":"ast-product-tabs-layout-horizontal","14":"first","15":"instock","16":"sale","17":"taxable","18":"shipping-taxable","19":"purchasable","20":"product-type-simple"},"_links":{"self":[{"href":"https:\/\/leidyklahelios.lt\/en\/wp-json\/wp\/v2\/product\/3581","targetHints":{"allow":["GET"]}}],"collection":[{"href":"https:\/\/leidyklahelios.lt\/en\/wp-json\/wp\/v2\/product"}],"about":[{"href":"https:\/\/leidyklahelios.lt\/en\/wp-json\/wp\/v2\/types\/product"}],"version-history":[{"count":3,"href":"https:\/\/leidyklahelios.lt\/en\/wp-json\/wp\/v2\/product\/3581\/revisions"}],"predecessor-version":[{"id":6253,"href":"https:\/\/leidyklahelios.lt\/en\/wp-json\/wp\/v2\/product\/3581\/revisions\/6253"}],"wp:featuredmedia":[{"embeddable":true,"href":"https:\/\/leidyklahelios.lt\/en\/wp-json\/wp\/v2\/media\/3582"}],"wp:attachment":[{"href":"https:\/\/leidyklahelios.lt\/en\/wp-json\/wp\/v2\/media?parent=3581"}],"wp:term":[{"taxonomy":"product_brand","embeddable":true,"href":"https:\/\/leidyklahelios.lt\/en\/wp-json\/wp\/v2\/product_brand?post=3581"},{"taxonomy":"product_cat","embeddable":true,"href":"https:\/\/leidyklahelios.lt\/en\/wp-json\/wp\/v2\/product_cat?post=3581"},{"taxonomy":"product_tag","embeddable":true,"href":"https:\/\/leidyklahelios.lt\/en\/wp-json\/wp\/v2\/product_tag?post=3581"}],"curies":[{"name":"wp","href":"https:\/\/api.w.org\/{rel}","templated":true}]}}