{"id":3610,"date":"2024-03-25T14:49:22","date_gmt":"2024-03-25T12:49:22","guid":{"rendered":"https:\/\/leidyklahelios.lt\/?post_type=product&#038;p=3610"},"modified":"2026-03-05T15:02:05","modified_gmt":"2026-03-05T13:02:05","slug":"gyvenk-kovok-nepasiduok","status":"publish","type":"product","link":"https:\/\/leidyklahelios.lt\/en\/product\/gyvenk-kovok-nepasiduok\/","title":{"rendered":"Gyvenk. Kovok. Nepasiduok."},"content":{"rendered":"<p>Knygos \u201eGyvenk. Kovok. Nepasiduok.\u201c puslapiuose \u2013 ne\u012ftik\u0117tinas buvusio brit\u0173 kareivio Shauno Pinnerio pasakojimas apie kar\u0105 Ukrainoje. Per devynerius brit\u0173 kariuomen\u0117je praleistus metus Shaunas Pinneris dalyvavo misijose visame pasaulyje, treniravosi i\u0161gyventi, i\u0161vengti, pasiprie\u0161inti ir pab\u0117gti. Jis niekada ne\u012fsivaizdavo, kad \u012fgytus \u012fg\u016bd\u017eius ir patirt\u012f teks prisiminti \u012fkalintam rus\u0173.<\/p>\n<p>Shaunui pamilus ir vedus ukrainiet\u0119, pora \u012fsikuria Mariupolyje. Ilg\u0117damasis Karali\u0161kajame Anglijos pulke jaustos prasm\u0117s ir bendryst\u0117s, vyras prisijungia prie savo naujosios t\u0117vyn\u0117s kariuomen\u0117s ir tampa snaiperi\u0173 instruktoriumi, v\u0117liau \u2013 Ukrainos j\u016br\u0173 p\u0117stininku.<\/p>\n<p>Pra\u0117jus ketveriems metams ir Vladimirui Putinui prad\u0117jus invazij\u0105, Shauno vadovaujama grup\u0117 atsiduria pa\u010diose prie\u0161akin\u0117se linijose. U\u017everda ar\u0161iausia kova, koki\u0105 Europa mat\u0117 tik Antrojo pasaulinio karo laikais.<\/p>\n<p>Nuo \u017eymiai daugiau kari\u0173 ir ginkl\u0173 turin\u010dio prie\u0161o Pinnerio kariai traukiasi iki Mariupolio, kur prisijungia prie atkaklaus pasiprie\u0161inimo, \u012faudrinusio viso pasaulio vaizduot\u0119. M\u016b\u0161io \u012fkar\u0161tyje Pinner\u012f palaiko \u017emonos \u017eod\u017eiai: <strong>\u201eGyvenk. Kovok. Nepasiduok.\u201c<\/strong><\/p>\n<p>Jis kovoja, kol, \u012fsakius prezidentui Zelenskiui, tenka atsitraukti. Prie\u0161as laukia pasiruo\u0161\u0119s, ir Pinneris su\u010diumpamas. Per tolesnius m\u0117nesius kareiviui prireikia visos turimos stipryb\u0117s, ry\u017eto, sumanumo ir juodo humoro, kad i\u0161gyvent\u0173 pats ir kitiems karo belaisviams pad\u0117t\u0173 i\u0161tverti \u017eiaurius fizinius ir psichologinius prie\u0161o kankinimus. Jis atsisako pal\u016b\u017eti.<\/p>\n<p>\u201eGyvenk. Kovok. Nepasiduok\u201c \u2013 tai kvap\u0105 gniau\u017eianti savo namus ginan\u010dio kario istorija, pasakojimas apie dr\u0105s\u0105, pasiprie\u0161inim\u0105 ir ry\u017et\u0105 nepaisant nieko. Tai jaudinantis \u017emogaus sielos stipryb\u0117s \u012frodymas.<\/p>\n<p>I\u0161skirtin\u012f pokalb\u012f su pa\u010diu knygos autoriumi Shaunu Pinneriu skaitykite \u010dia: <a href=\"https:\/\/leidyklahelios.lt\/en\/apzvalgos\/rusu-nelaisveje-buves-karys-britas-karas-ukrainoje-imperialistinis-zemiu-grobstymas\/\"><span style=\"text-decoration: underline;\"><em>Rus\u0173 nelaisv\u0117je buv\u0119s karys britas: karas Ukrainoje \u2013 imperialistinis \u017eemi\u0173 grobstymas<\/em><\/span><\/a><\/p>","protected":false},"excerpt":{"rendered":"<p><strong><em>Grup\u0119 vienijo plieninis ry\u017etas. Buvome apmokyti, pasiruo\u0161\u0119 tam, kas laukia, be to, atitikome ne\u017eem\u0105 standart\u0105.<\/em><\/strong><em> Nors Vakar\u0173 valstyb\u0117s man\u0117, kad d\u0117l nuolatinio spaudimo pal\u016b\u0161ime \u2013 galb\u016bt net per keturiasde\u0161imt a\u0161tuonias valandas nuo pirmo rimto puolimo prad\u017eios, a\u0161 \u017einojau, jog esame stipresni. Ukraina buvo m\u016bs\u0173 namai, ir mes gyn\u0117me jos \u017eem\u0119. Mums tiesiog reik\u0117jo atsilaikyti kiek \u012fmanoma ilgiau. Mano darbas \u010dia buvo i\u0161mokyti Ukrainos karius vakarieti\u0161k\u0173 kovini\u0173 manevr\u0173, ta\u010diau paai\u0161k\u0117jo, kad vyrai jau ir be to turi <strong>vis\u0173 svarbiausi\u0105 kovai reikaling\u0105 komponent\u0105.<\/strong><\/em><\/p>\n<p><strong><em>Dr\u0105sias \u0161irdis.<\/em><\/strong><\/p>\n<p>&nbsp;<\/p>\n<h6>Knygos \u201eGyvenk. Kovok. Nepasiduok.\u201c autorius Shaunas Pinneris<\/h6>\n<p>Votforde gim\u0119s Shaunas Pinneris devynerius metus tarnavo brit\u0173 armijos Karali\u0161kajame Anglijos pulke, v\u0117liau su 24-\u0105ja oro desanto brigada dalyvavo Jungtini\u0173 Taut\u0173 misijose Bosnijoje. Ukrainos kariuomen\u0117je jis prad\u0117jo tarnauti 2018 metais, \u0161aliai stengiantis sustiprinti ginkluot\u0105sias paj\u0117gas po Krymo aneksijos. 2022 met\u0173 vasar\u012f prasid\u0117jus rus\u0173 invazijai, kartu su Ukrainos j\u016br\u0173 p\u0117stinink\u0173 36-osios brigados 1-ojo bataliono kariais Pinneris buvo priekin\u0117se linijose. Su\u010diuptas po Mariupolio apgulties, jis \u0161e\u0161is m\u0117nesius praleido nelaisv\u0117je. Po Shauno i\u0161laisvinimo 2022 met\u0173 rugs\u0117j\u012f prezidentas Volodymyras Zelenskis j\u012f apdovanojo Ukrainos dr\u0105sos ordinu. Nuo tada vyras daug keliavo ir dalijosi patirtimi su NATO paj\u0117gomis. \u0160iuo metu su \u017emona Larisa jis gyvena Ukrainoje.<\/p>","protected":false},"featured_media":3611,"template":"","meta":{"site-sidebar-layout":"default","site-content-layout":"","ast-site-content-layout":"default","site-content-style":"default","site-sidebar-style":"default","ast-global-header-display":"","ast-banner-title-visibility":"","ast-main-header-display":"","ast-hfb-above-header-display":"","ast-hfb-below-header-display":"","ast-hfb-mobile-header-display":"","site-post-title":"","ast-breadcrumbs-content":"","ast-featured-img":"","footer-sml-layout":"","ast-disable-related-posts":"","theme-transparent-header-meta":"default","adv-header-id-meta":"","stick-header-meta":"default","header-above-stick-meta":"","header-main-stick-meta":"","header-below-stick-meta":"","astra-migrate-meta-layouts":"set","ast-page-background-enabled":"default","ast-page-background-meta":{"desktop":{"background-color":"","background-image":"","background-repeat":"repeat","background-position":"center center","background-size":"auto","background-attachment":"scroll","background-type":"","background-media":"","overlay-type":"","overlay-color":"","overlay-opacity":"","overlay-gradient":""},"tablet":{"background-color":"","background-image":"","background-repeat":"repeat","background-position":"center center","background-size":"auto","background-attachment":"scroll","background-type":"","background-media":"","overlay-type":"","overlay-color":"","overlay-opacity":"","overlay-gradient":""},"mobile":{"background-color":"","background-image":"","background-repeat":"repeat","background-position":"center center","background-size":"auto","background-attachment":"scroll","background-type":"","background-media":"","overlay-type":"","overlay-color":"","overlay-opacity":"","overlay-gradient":""}},"ast-content-background-meta":{"desktop":{"background-color":"var(--ast-global-color-5)","background-image":"","background-repeat":"repeat","background-position":"center center","background-size":"auto","background-attachment":"scroll","background-type":"","background-media":"","overlay-type":"","overlay-color":"","overlay-opacity":"","overlay-gradient":""},"tablet":{"background-color":"var(--ast-global-color-5)","background-image":"","background-repeat":"repeat","background-position":"center center","background-size":"auto","background-attachment":"scroll","background-type":"","background-media":"","overlay-type":"","overlay-color":"","overlay-opacity":"","overlay-gradient":""},"mobile":{"background-color":"var(--ast-global-color-5)","background-image":"","background-repeat":"repeat","background-position":"center center","background-size":"auto","background-attachment":"scroll","background-type":"","background-media":"","overlay-type":"","overlay-color":"","overlay-opacity":"","overlay-gradient":""}}},"product_brand":[],"product_cat":[76],"product_tag":[],"class_list":{"0":"post-3610","1":"product","2":"type-product","3":"status-publish","4":"has-post-thumbnail","6":"product_cat-negrozine-literatura","7":"desktop-align-left","8":"tablet-align-left","9":"mobile-align-left","10":"ast-product-gallery-layout-horizontal","11":"ast-product-gallery-with-no-image","12":"ast-product-tabs-layout-horizontal","14":"first","15":"instock","16":"sale","17":"taxable","18":"shipping-taxable","19":"purchasable","20":"product-type-simple"},"_links":{"self":[{"href":"https:\/\/leidyklahelios.lt\/en\/wp-json\/wp\/v2\/product\/3610","targetHints":{"allow":["GET"]}}],"collection":[{"href":"https:\/\/leidyklahelios.lt\/en\/wp-json\/wp\/v2\/product"}],"about":[{"href":"https:\/\/leidyklahelios.lt\/en\/wp-json\/wp\/v2\/types\/product"}],"version-history":[{"count":3,"href":"https:\/\/leidyklahelios.lt\/en\/wp-json\/wp\/v2\/product\/3610\/revisions"}],"predecessor-version":[{"id":6234,"href":"https:\/\/leidyklahelios.lt\/en\/wp-json\/wp\/v2\/product\/3610\/revisions\/6234"}],"wp:featuredmedia":[{"embeddable":true,"href":"https:\/\/leidyklahelios.lt\/en\/wp-json\/wp\/v2\/media\/3611"}],"wp:attachment":[{"href":"https:\/\/leidyklahelios.lt\/en\/wp-json\/wp\/v2\/media?parent=3610"}],"wp:term":[{"taxonomy":"product_brand","embeddable":true,"href":"https:\/\/leidyklahelios.lt\/en\/wp-json\/wp\/v2\/product_brand?post=3610"},{"taxonomy":"product_cat","embeddable":true,"href":"https:\/\/leidyklahelios.lt\/en\/wp-json\/wp\/v2\/product_cat?post=3610"},{"taxonomy":"product_tag","embeddable":true,"href":"https:\/\/leidyklahelios.lt\/en\/wp-json\/wp\/v2\/product_tag?post=3610"}],"curies":[{"name":"wp","href":"https:\/\/api.w.org\/{rel}","templated":true}]}}