{"id":3627,"date":"2024-04-22T16:08:58","date_gmt":"2024-04-22T14:08:58","guid":{"rendered":"https:\/\/leidyklahelios.lt\/?post_type=product&#038;p=3627"},"modified":"2026-03-31T13:31:43","modified_gmt":"2026-03-31T10:31:43","slug":"katri-kirkkopelto-molis","status":"publish","type":"product","link":"https:\/\/leidyklahelios.lt\/en\/product\/katri-kirkkopelto-molis\/","title":{"rendered":"Katri Kirkkopelto <br> MOLIS"},"content":{"rendered":"<h6>Katri Kirkkopelto knyga vaikams \u201eMolis\u201c<\/h6>\n<p>Molis \u2013 ma\u017eas padar\u0117lis, turintis didel\u0119 svajon\u0119. Jis svajoja apie draug\u0105. Su draugu galima paku\u017edomis dalytis paslaptimis, susirietus kvatoti, purpti i\u0161 pasitenkinimo, klausytis tylos ir net apversti visk\u0105 auk\u0161tyn kojomis.<\/p>\n<p>Vien\u0105 dien\u0105 \u012f Molio duris pasibeld\u017eia Ma\u017easis Narsius&#8230;<\/p>\n<h6><strong>Apie autor\u0119<\/strong><\/h6>\n<p><strong>Katri Kirkkopelto (1966) \u2013<\/strong>\u00a0literat\u016brinius apdovanojimus pelniusi suomi\u0173 meninink\u0117, iliustrator\u0117, knyg\u0173 vaikams autor\u0117 ir men\u0173 mokytoja. Suomijoje, Estijoje ir Latvijoje yra geriausiai \u017einoma d\u0117l savo sukurto knyg\u0173 persona\u017eo vaikams \u2013 Molis.<\/p>","protected":false},"excerpt":{"rendered":"<p>Nuostabiai iliustruota, \u012ftrauki knyga vaikams apie tikr\u0105 draugyst\u0119, juok\u0105, nuotykius ir gerum\u0105 vienas kitam. Molis \u2013 ma\u017eas padar\u0117lis, turintis didel\u0119 svajon\u0119. Jis svajoja apie draug\u0105. Su draugu galima paku\u017edomis dalytis paslaptimis, susirietus kvatoti, purpti i\u0161 pasitenkinimo, klausytis tylos ir net apversti visk\u0105 auk\u0161tyn kojomis.<\/p>\n<p>Vien\u0105 dien\u0105 \u012f Molio duris pasibeld\u017eia Ma\u017easis Narsius&#8230;<\/p>\n<p>&nbsp;<\/p>\n<h6>O ar jau matei m\u016bs\u0173 Kal\u0117din\u0119 naujien\u0105 vaikams \u201eMolio Kal\u0117dos\u201c? <span style=\"font-size: 16px;\">Pama\u017eu Kal\u0117d\u0173 paslaptys ai\u0161k\u0117ja, o nuostabi \u0161vent\u0117 atkeliauja ir \u012f Molio namus! Knyg\u0105 galite rasti <a href=\"https:\/\/leidyklahelios.lt\/en\/product\/molio-kaledos-katri-kirkkopelto\/\"><em><strong>\u010dia.<\/strong><\/em><\/a><\/span><\/h6>","protected":false},"featured_media":3630,"template":"","meta":{"site-sidebar-layout":"default","site-content-layout":"","ast-site-content-layout":"default","site-content-style":"default","site-sidebar-style":"default","ast-global-header-display":"","ast-banner-title-visibility":"","ast-main-header-display":"","ast-hfb-above-header-display":"","ast-hfb-below-header-display":"","ast-hfb-mobile-header-display":"","site-post-title":"","ast-breadcrumbs-content":"","ast-featured-img":"","footer-sml-layout":"","ast-disable-related-posts":"","theme-transparent-header-meta":"default","adv-header-id-meta":"","stick-header-meta":"default","header-above-stick-meta":"","header-main-stick-meta":"","header-below-stick-meta":"","astra-migrate-meta-layouts":"set","ast-page-background-enabled":"default","ast-page-background-meta":{"desktop":{"background-color":"","background-image":"","background-repeat":"repeat","background-position":"center center","background-size":"auto","background-attachment":"scroll","background-type":"","background-media":"","overlay-type":"","overlay-color":"","overlay-opacity":"","overlay-gradient":""},"tablet":{"background-color":"","background-image":"","background-repeat":"repeat","background-position":"center center","background-size":"auto","background-attachment":"scroll","background-type":"","background-media":"","overlay-type":"","overlay-color":"","overlay-opacity":"","overlay-gradient":""},"mobile":{"background-color":"","background-image":"","background-repeat":"repeat","background-position":"center center","background-size":"auto","background-attachment":"scroll","background-type":"","background-media":"","overlay-type":"","overlay-color":"","overlay-opacity":"","overlay-gradient":""}},"ast-content-background-meta":{"desktop":{"background-color":"var(--ast-global-color-5)","background-image":"","background-repeat":"repeat","background-position":"center center","background-size":"auto","background-attachment":"scroll","background-type":"","background-media":"","overlay-type":"","overlay-color":"","overlay-opacity":"","overlay-gradient":""},"tablet":{"background-color":"var(--ast-global-color-5)","background-image":"","background-repeat":"repeat","background-position":"center center","background-size":"auto","background-attachment":"scroll","background-type":"","background-media":"","overlay-type":"","overlay-color":"","overlay-opacity":"","overlay-gradient":""},"mobile":{"background-color":"var(--ast-global-color-5)","background-image":"","background-repeat":"repeat","background-position":"center center","background-size":"auto","background-attachment":"scroll","background-type":"","background-media":"","overlay-type":"","overlay-color":"","overlay-opacity":"","overlay-gradient":""}}},"product_brand":[],"product_cat":[78],"product_tag":[91],"class_list":{"0":"post-3627","1":"product","2":"type-product","3":"status-publish","4":"has-post-thumbnail","6":"product_cat-vaiku-literatura","7":"product_tag-knygos-vaikams","8":"desktop-align-left","9":"tablet-align-left","10":"mobile-align-left","11":"ast-product-gallery-layout-horizontal","12":"ast-product-gallery-with-no-image","13":"ast-product-tabs-layout-horizontal","15":"first","16":"instock","17":"sale","18":"taxable","19":"shipping-taxable","20":"purchasable","21":"product-type-simple"},"_links":{"self":[{"href":"https:\/\/leidyklahelios.lt\/en\/wp-json\/wp\/v2\/product\/3627","targetHints":{"allow":["GET"]}}],"collection":[{"href":"https:\/\/leidyklahelios.lt\/en\/wp-json\/wp\/v2\/product"}],"about":[{"href":"https:\/\/leidyklahelios.lt\/en\/wp-json\/wp\/v2\/types\/product"}],"version-history":[{"count":5,"href":"https:\/\/leidyklahelios.lt\/en\/wp-json\/wp\/v2\/product\/3627\/revisions"}],"predecessor-version":[{"id":6255,"href":"https:\/\/leidyklahelios.lt\/en\/wp-json\/wp\/v2\/product\/3627\/revisions\/6255"}],"wp:featuredmedia":[{"embeddable":true,"href":"https:\/\/leidyklahelios.lt\/en\/wp-json\/wp\/v2\/media\/3630"}],"wp:attachment":[{"href":"https:\/\/leidyklahelios.lt\/en\/wp-json\/wp\/v2\/media?parent=3627"}],"wp:term":[{"taxonomy":"product_brand","embeddable":true,"href":"https:\/\/leidyklahelios.lt\/en\/wp-json\/wp\/v2\/product_brand?post=3627"},{"taxonomy":"product_cat","embeddable":true,"href":"https:\/\/leidyklahelios.lt\/en\/wp-json\/wp\/v2\/product_cat?post=3627"},{"taxonomy":"product_tag","embeddable":true,"href":"https:\/\/leidyklahelios.lt\/en\/wp-json\/wp\/v2\/product_tag?post=3627"}],"curies":[{"name":"wp","href":"https:\/\/api.w.org\/{rel}","templated":true}]}}