{"id":3659,"date":"2024-05-22T15:23:31","date_gmt":"2024-05-22T13:23:31","guid":{"rendered":"https:\/\/leidyklahelios.lt\/?post_type=product&#038;p=3659"},"modified":"2026-03-18T19:22:28","modified_gmt":"2026-03-18T17:22:28","slug":"dvi-philippos-perry-knygos-pigiau","status":"publish","type":"product","link":"https:\/\/leidyklahelios.lt\/en\/product\/dvi-philippos-perry-knygos-pigiau\/","title":{"rendered":"DVI PHILIPPOS PERRY KNYGOS U\u017d 18 EUR!"},"content":{"rendered":"<h6>Apie autor\u0119<\/h6>\n<p>PHILIPPA PERRY pastaruosius du de\u0161imtme\u010dius dirba psichoterapeute. Ji taip pat yra \u017eurnal\u0173 \u201eRed\u201c ir \u201eThe Observer\u201c patarim\u0173 skil\u010di\u0173 autor\u0117, ra\u0161ytoja ir televizijos bei radijo laid\u0173 ved\u0117ja, prisid\u0117jusi kuriant kelis dokumentinius filmus.<\/p>","protected":false},"excerpt":{"rendered":"<p>KNYGA, KURI\u0104 TUR\u0116T\u0172 PERSKAITYTI VISI J\u016aS\u0172 MYLIMI \u017dMON\u0116S<\/p>\n<p>Gyvenimo esm\u0117 yra santykiai ir ry\u0161io k\u016brimas \u2013 su \u0161eimos nariais, partneriais, draugais, kolegomis ir, svarbiausia, savimi. Jeigu pavyksta i\u0161laikyti funkcionalius ir stabilius santykius, tampa lengviau suvaldyti sud\u0117tingus dalykus, kuri\u0173 mums pam\u0117t\u0117ja gyvenimas.<\/p>\n<p>\u201eSunday Times\u201c bestseleri\u0173 autor\u0117, psichoterapeut\u0117 Philippa Perry \u0161ioje knygoje \u012ftraukia skaitytoj\u0105 \u012f \u0161ilt\u0105 ir kasdieni\u0161k\u0105 dialog\u0105, o kartu parodo, kaip prakti\u0161kai spr\u0119sti dideles gyvenimo problemas.<\/p>\n<ul>\n<li>Kaip rasti ir i\u0161saugoti meil\u0119?<\/li>\n<li>Kaip i\u0161mokti valdyti konflikt\u0105?<\/li>\n<li>K\u0105 daryti, kai sunku \u017eengti pirmyn, kaip susitaikyti su netektimi ir permainomis?<\/li>\n<li>K\u0105 rei\u0161kia jausti pasitenkinim\u0105?<\/li>\n<li>Kaip elgtis, jei kiti \u017emon\u0117s tiesiog erzina, \u2013 o gal tai j\u016bs\u0173 pa\u010di\u0173 problema?<\/li>\n<\/ul>\n<p>Philippos Perry patarimai \u2013 tai gera doz\u0117 sveiko proto, pad\u0117sianti jums tapti laimingesniu ir i\u0161mintingesniu \u017emogumi.<\/p>\n<p>Tai jau antroji autor\u0117s knyga lietuvi\u0173 kalba. Pirmoji \u201eKNYGA, KURI\u0104 TUR\u0116JO PERSKAITYTI J\u016aS\u0172 T\u0116VAI (o j\u016bs\u0173 vaikai d\u017eiaugsis, jei perskaitysite j\u016bs) \u201c sulauk\u0117 didel\u0117s s\u0117km\u0117s \u2013 buvo i\u0161pirktas knygos tira\u017eas ir jo kartojimas.<\/p>\n<p>KNYGA, KURI\u0104 TUR\u0116JO PERSKAITYTI J\u016aS\u0172 T\u0116VAI<\/p>\n<p>Visi t\u0117vai nori, kad j\u0173 vaikai b\u016bt\u0173 laimingi. O kas, jei tai priklauso nuo aukl\u0117jimo? Ar \u012fmanoma u\u017eauginti laiming\u0105 vaik\u0105?<\/p>\n<p>Garsi brit\u0173 psichoterapeut\u0117 Philippa Perry \u012fsitikinusi: taip! \u0160ioje smagioje, \u012ftraukian\u010dioje knygoje, iliustruodama pasakojim\u0105 gyvomis istorijomis ir pavyzd\u017eiais, ji atskleid\u017eia, kaip tai padaryti.<\/p>\n<p>U\u017euot d\u0117liojus\u00a0<em>tobul\u0105<\/em>\u00a0plan\u0105 Perry si\u016blo pasidom\u0117ti, kokios dalys sudarogerus t\u0117v\u0173 ir vaik\u0173 santykius, ir pa\u017evelgti \u012f visk\u0105 i\u0161 perspektyvos. Perskai\u010dius \u0161i\u0105 knyg\u0105 bus lengviau:<\/p>\n<ul>\n<li>suprasti, kaip j\u016bs\u0173 pa\u010di\u0173 vaikyst\u0117 lemia, kokie t\u0117vai esate;<\/li>\n<li>susitaikyti su tuo, kad klysite, ir su\u017einoti, kaip tas klaidas i\u0161taisyti;<\/li>\n<li>sulau\u017eyti negatyvius elgesio \u0161ablonus;<\/li>\n<li>susitvarkyti su savo pa\u010di\u0173 ir vaik\u0173 jausmais;<\/li>\n<li>atsp\u0117ti, k\u0105 vaikas pasako vienokiu ar kitokiu elgesiu.<\/li>\n<li>\u0160i\u0105 i\u0161minting\u0173 patarim\u0173 knyg\u0105reik\u0117t\u0173 perskaityti kiekvienam i\u0161 t\u0117v\u0173, o kiekvienas vaikas d\u017eiaugt\u0173si, kad t\u0117vai j\u0105 perskait\u0117.<\/li>\n<\/ul>\n<p>&nbsp;<\/p>\n<p>&nbsp;<\/p>","protected":false},"featured_media":3660,"template":"","meta":{"site-sidebar-layout":"default","site-content-layout":"","ast-site-content-layout":"default","site-content-style":"default","site-sidebar-style":"default","ast-global-header-display":"","ast-banner-title-visibility":"","ast-main-header-display":"","ast-hfb-above-header-display":"","ast-hfb-below-header-display":"","ast-hfb-mobile-header-display":"","site-post-title":"","ast-breadcrumbs-content":"","ast-featured-img":"","footer-sml-layout":"","ast-disable-related-posts":"","theme-transparent-header-meta":"default","adv-header-id-meta":"","stick-header-meta":"default","header-above-stick-meta":"","header-main-stick-meta":"","header-below-stick-meta":"","astra-migrate-meta-layouts":"set","ast-page-background-enabled":"default","ast-page-background-meta":{"desktop":{"background-color":"","background-image":"","background-repeat":"repeat","background-position":"center center","background-size":"auto","background-attachment":"scroll","background-type":"","background-media":"","overlay-type":"","overlay-color":"","overlay-opacity":"","overlay-gradient":""},"tablet":{"background-color":"","background-image":"","background-repeat":"repeat","background-position":"center center","background-size":"auto","background-attachment":"scroll","background-type":"","background-media":"","overlay-type":"","overlay-color":"","overlay-opacity":"","overlay-gradient":""},"mobile":{"background-color":"","background-image":"","background-repeat":"repeat","background-position":"center center","background-size":"auto","background-attachment":"scroll","background-type":"","background-media":"","overlay-type":"","overlay-color":"","overlay-opacity":"","overlay-gradient":""}},"ast-content-background-meta":{"desktop":{"background-color":"var(--ast-global-color-5)","background-image":"","background-repeat":"repeat","background-position":"center center","background-size":"auto","background-attachment":"scroll","background-type":"","background-media":"","overlay-type":"","overlay-color":"","overlay-opacity":"","overlay-gradient":""},"tablet":{"background-color":"var(--ast-global-color-5)","background-image":"","background-repeat":"repeat","background-position":"center center","background-size":"auto","background-attachment":"scroll","background-type":"","background-media":"","overlay-type":"","overlay-color":"","overlay-opacity":"","overlay-gradient":""},"mobile":{"background-color":"var(--ast-global-color-5)","background-image":"","background-repeat":"repeat","background-position":"center center","background-size":"auto","background-attachment":"scroll","background-type":"","background-media":"","overlay-type":"","overlay-color":"","overlay-opacity":"","overlay-gradient":""}}},"product_brand":[],"product_cat":[76],"product_tag":[],"class_list":{"0":"post-3659","1":"product","2":"type-product","3":"status-publish","4":"has-post-thumbnail","6":"product_cat-negrozine-literatura","7":"desktop-align-left","8":"tablet-align-left","9":"mobile-align-left","10":"ast-product-gallery-layout-horizontal","11":"ast-product-gallery-with-no-image","12":"ast-product-tabs-layout-horizontal","14":"first","15":"instock","16":"sale","17":"taxable","18":"shipping-taxable","19":"purchasable","20":"product-type-simple"},"_links":{"self":[{"href":"https:\/\/leidyklahelios.lt\/en\/wp-json\/wp\/v2\/product\/3659","targetHints":{"allow":["GET"]}}],"collection":[{"href":"https:\/\/leidyklahelios.lt\/en\/wp-json\/wp\/v2\/product"}],"about":[{"href":"https:\/\/leidyklahelios.lt\/en\/wp-json\/wp\/v2\/types\/product"}],"version-history":[{"count":6,"href":"https:\/\/leidyklahelios.lt\/en\/wp-json\/wp\/v2\/product\/3659\/revisions"}],"predecessor-version":[{"id":7415,"href":"https:\/\/leidyklahelios.lt\/en\/wp-json\/wp\/v2\/product\/3659\/revisions\/7415"}],"wp:featuredmedia":[{"embeddable":true,"href":"https:\/\/leidyklahelios.lt\/en\/wp-json\/wp\/v2\/media\/3660"}],"wp:attachment":[{"href":"https:\/\/leidyklahelios.lt\/en\/wp-json\/wp\/v2\/media?parent=3659"}],"wp:term":[{"taxonomy":"product_brand","embeddable":true,"href":"https:\/\/leidyklahelios.lt\/en\/wp-json\/wp\/v2\/product_brand?post=3659"},{"taxonomy":"product_cat","embeddable":true,"href":"https:\/\/leidyklahelios.lt\/en\/wp-json\/wp\/v2\/product_cat?post=3659"},{"taxonomy":"product_tag","embeddable":true,"href":"https:\/\/leidyklahelios.lt\/en\/wp-json\/wp\/v2\/product_tag?post=3659"}],"curies":[{"name":"wp","href":"https:\/\/api.w.org\/{rel}","templated":true}]}}