{"id":3706,"date":"2024-06-14T12:01:10","date_gmt":"2024-06-14T10:01:10","guid":{"rendered":"https:\/\/leidyklahelios.lt\/?post_type=product&#038;p=3706"},"modified":"2026-03-05T15:01:25","modified_gmt":"2026-03-05T13:01:25","slug":"anekdotai-apie-chucka-norrisa","status":"publish","type":"product","link":"https:\/\/leidyklahelios.lt\/en\/product\/anekdotai-apie-chucka-norrisa\/","title":{"rendered":"Anekdotai apie Chuck\u0105 Norris\u0105"},"content":{"rendered":"<h6>Knyga \u201eAnekdotai apie Chuck\u0105 Norris\u0105\u201c<\/h6>\n<p>Vienintelis garantuotas vaistas nuo nerimo ir streso yra juokas. \u0160i knyga skirta Chuckui Norrisui \u2013 legendai, i\u0161radusiai \u0161ypsen\u0105 ir sugalvojusiai visus planetos s\u0105mojus.<\/p>\n<p><em>Jei Chuckas pasakot\u0173 anekdotus balsu \u2013 visi aplinkui neabejotinai mirt\u0173 i\u0161 juoko, tod\u0117l saugodami vieni kitus, juos u\u017era\u0161\u0117me.<\/em><\/p>","protected":false},"excerpt":{"rendered":"<p><em>Chuckas Norrisas neskaito knyg\u0173 \u2013 jis \u017ei\u016bri \u012f jas, kol i\u0161gauna vis\u0105 informacij\u0105.<\/em><\/p>\n<p>***<\/p>\n<p>Vienintelis garantuotas vaistas nuo nerimo ir streso yra juokas. \u0160i knyga skirta Chuckui Norrisui \u2013 legendai, i\u0161radusiai \u0161ypsen\u0105 ir sugalvojusiai visus planetos s\u0105mojus.<br \/>\nJei Chuckas pasakot\u0173 anekdotus balsu \u2013 visi aplinkui neabejotinai mirt\u0173 i\u0161 juoko, tod\u0117l saugodami vieni kitus, juos u\u017era\u0161\u0117me.<\/p>\n<p>***<\/p>\n<p><em>Kai mokykloje mokytojai nor\u0117davo pakalb\u0117ti su Chucku Norrisu, jie pakeldavo rank\u0105.<\/em><\/p>\n<p>***<\/p>\n<p><em>Chuckas Norrisas gali nesulenkdamas keli\u0173 lipti laiptais.<\/em><\/p>\n<p>***<\/p>\n<p><em>Baubas prie\u0161 eidamas miegoti pasi\u017ei\u016bri po lova, ar ten n\u0117r Chucko Norriso.<\/em><\/p>","protected":false},"featured_media":3707,"template":"","meta":{"site-sidebar-layout":"default","site-content-layout":"","ast-site-content-layout":"default","site-content-style":"default","site-sidebar-style":"default","ast-global-header-display":"","ast-banner-title-visibility":"","ast-main-header-display":"","ast-hfb-above-header-display":"","ast-hfb-below-header-display":"","ast-hfb-mobile-header-display":"","site-post-title":"","ast-breadcrumbs-content":"","ast-featured-img":"","footer-sml-layout":"","ast-disable-related-posts":"","theme-transparent-header-meta":"default","adv-header-id-meta":"","stick-header-meta":"default","header-above-stick-meta":"","header-main-stick-meta":"","header-below-stick-meta":"","astra-migrate-meta-layouts":"set","ast-page-background-enabled":"default","ast-page-background-meta":{"desktop":{"background-color":"","background-image":"","background-repeat":"repeat","background-position":"center center","background-size":"auto","background-attachment":"scroll","background-type":"","background-media":"","overlay-type":"","overlay-color":"","overlay-opacity":"","overlay-gradient":""},"tablet":{"background-color":"","background-image":"","background-repeat":"repeat","background-position":"center center","background-size":"auto","background-attachment":"scroll","background-type":"","background-media":"","overlay-type":"","overlay-color":"","overlay-opacity":"","overlay-gradient":""},"mobile":{"background-color":"","background-image":"","background-repeat":"repeat","background-position":"center center","background-size":"auto","background-attachment":"scroll","background-type":"","background-media":"","overlay-type":"","overlay-color":"","overlay-opacity":"","overlay-gradient":""}},"ast-content-background-meta":{"desktop":{"background-color":"var(--ast-global-color-5)","background-image":"","background-repeat":"repeat","background-position":"center center","background-size":"auto","background-attachment":"scroll","background-type":"","background-media":"","overlay-type":"","overlay-color":"","overlay-opacity":"","overlay-gradient":""},"tablet":{"background-color":"var(--ast-global-color-5)","background-image":"","background-repeat":"repeat","background-position":"center center","background-size":"auto","background-attachment":"scroll","background-type":"","background-media":"","overlay-type":"","overlay-color":"","overlay-opacity":"","overlay-gradient":""},"mobile":{"background-color":"var(--ast-global-color-5)","background-image":"","background-repeat":"repeat","background-position":"center center","background-size":"auto","background-attachment":"scroll","background-type":"","background-media":"","overlay-type":"","overlay-color":"","overlay-opacity":"","overlay-gradient":""}}},"product_brand":[],"product_cat":[77],"product_tag":[],"class_list":{"0":"post-3706","1":"product","2":"type-product","3":"status-publish","4":"has-post-thumbnail","6":"product_cat-grozine-literatura","7":"desktop-align-left","8":"tablet-align-left","9":"mobile-align-left","10":"ast-product-gallery-layout-horizontal","11":"ast-product-gallery-with-no-image","12":"ast-product-tabs-layout-horizontal","14":"first","15":"instock","16":"sale","17":"taxable","18":"shipping-taxable","19":"purchasable","20":"product-type-simple"},"_links":{"self":[{"href":"https:\/\/leidyklahelios.lt\/en\/wp-json\/wp\/v2\/product\/3706","targetHints":{"allow":["GET"]}}],"collection":[{"href":"https:\/\/leidyklahelios.lt\/en\/wp-json\/wp\/v2\/product"}],"about":[{"href":"https:\/\/leidyklahelios.lt\/en\/wp-json\/wp\/v2\/types\/product"}],"version-history":[{"count":4,"href":"https:\/\/leidyklahelios.lt\/en\/wp-json\/wp\/v2\/product\/3706\/revisions"}],"predecessor-version":[{"id":6249,"href":"https:\/\/leidyklahelios.lt\/en\/wp-json\/wp\/v2\/product\/3706\/revisions\/6249"}],"wp:featuredmedia":[{"embeddable":true,"href":"https:\/\/leidyklahelios.lt\/en\/wp-json\/wp\/v2\/media\/3707"}],"wp:attachment":[{"href":"https:\/\/leidyklahelios.lt\/en\/wp-json\/wp\/v2\/media?parent=3706"}],"wp:term":[{"taxonomy":"product_brand","embeddable":true,"href":"https:\/\/leidyklahelios.lt\/en\/wp-json\/wp\/v2\/product_brand?post=3706"},{"taxonomy":"product_cat","embeddable":true,"href":"https:\/\/leidyklahelios.lt\/en\/wp-json\/wp\/v2\/product_cat?post=3706"},{"taxonomy":"product_tag","embeddable":true,"href":"https:\/\/leidyklahelios.lt\/en\/wp-json\/wp\/v2\/product_tag?post=3706"}],"curies":[{"name":"wp","href":"https:\/\/api.w.org\/{rel}","templated":true}]}}