{"id":3824,"date":"2024-09-03T10:07:12","date_gmt":"2024-09-03T08:07:12","guid":{"rendered":"https:\/\/leidyklahelios.lt\/?post_type=product&#038;p=3824"},"modified":"2026-03-05T15:01:12","modified_gmt":"2026-03-05T13:01:12","slug":"allan-ir-barbara-pease-atsakymas","status":"publish","type":"product","link":"https:\/\/leidyklahelios.lt\/en\/product\/allan-ir-barbara-pease-atsakymas\/","title":{"rendered":"Allan ir Barbara Pease <br>ATSAKYMAS"},"content":{"rendered":"<h6><em>Knyga \u201eAtsakymas\u201c\u00a0<\/em><\/h6>\n<p><em>Ar nekantraujate pabusti ryte ir prad\u0117ti darbo dien\u0105? Ar kiekvien\u0105 ryt\u0105 \u0161okate i\u0161 lovos apimti d\u017eiugaus jaudulio d\u0117l galimybi\u0173, galin\u010di\u0173 atsiverti t\u0105 dien\u0105? Jei ne (ir tik\u0117tina, kad taip nesid\u017eiaugia ma\u017eiausiai 80 proc. \u017emoni\u0173), tai k\u0105 gi reikt\u0173 daryti su savo profesiniu gyvenimu?<\/em><\/p>\n<p><em>\u00a0***<\/em><\/p>\n<p><em>Daugelis \u017emoni\u0173 negauna to, ko nori gyvenime, nes sutelkia d\u0117mes\u012f \u012f tai, kaip gal\u0117t\u0173 ka\u017eko pasiekti. Jie \u017ei\u016bri \u012f tai, ko pasiek\u0117 kiti, ir galvoja: \u201eNe\u017eino\u010diau, kaip tai padaryti.\u201c Tod\u0117l jie nieko ir nedaro. O i\u0161 tikr\u0173j\u0173 jiems reik\u0117t\u0173 apsispr\u0119sti, ko nor\u0117t\u0173 siekti.<\/em><\/p>\n<p><em>***<\/em><\/p>\n<p><em>J\u016bs\u0173 gyvenimas \u2013 tai j\u016bs\u0173 padaryt\u0173 pasirinkim\u0173 rezultatas. Nepatinka savas gyvenimas? Prad\u0117kite daryti geresnius pasirinkimus.<\/em><\/p>\n<p><em>***<\/em><\/p>\n<p><em>Nesileiskite spiriami savo problem\u0173. Leiskit\u0117s vedami savo svajoni\u0173.<\/em><\/p>","protected":false},"excerpt":{"rendered":"<p>Perskait\u0119 knyg\u0105 \u201eAtsakymas\u201c su\u017einosite, kaip i\u0161 ten, kur dabar esate, nukeliauti ten, kur nor\u0117tum\u0117te b\u016bti. Atskleisime jums patikrintus s\u0117km\u0117s principus, kuri\u0173 per vis\u0105 istorij\u0105 laikosi vyrai ir moterys, siekdami did\u017ei\u0173 tiksl\u0173 ir atsigaudami po nes\u0117kmi\u0173 ar jas \u012fveikdami.<\/p>\n<p>Bestseleri\u0173 autoriai Allanas ir Barbara Pease\u2018ai dalinasi asmeniniais pasakojimais apie tai, kaip jie \u012fveik\u0117 sunkumus. Kai j\u0173 gyvenim\u0105 u\u017egriuvo nes\u0117km\u0117s, jie susidom\u0117jo naujausiais moksliniais tyrimais, rodan\u010diais, kaip galima perprogramuoti savo m\u0105stysen\u0105 ir prad\u0117ti matyti savo galimybes, o ne vien sunkumus. Knygoje \u201eAtsakymas\u201c Pease\u2019ai atvirai ir su humoru pasakoja savo patirtis ir rodo, kaip gyvenim\u0105 padaryti tok\u012f, kok\u012f nori nugyventi.<\/p>\n<p>J\u016bs\u0173 gyvenimo keitimasis prasideda nuo teising\u0173 klausim\u0173.<br \/>\n\u2022 Kaip nuspr\u0119sti, ko i\u0161 ties\u0173 norite, ir kaip \u017eengti pirm\u0105j\u012f \u017eingsn\u012f permain\u0173 link?<br \/>\n\u2022 Susipa\u017einkite su naujausiais mokslo tyrimais, atskleid\u017eian\u010diais smegen\u0173 geb\u0117jim\u0105 skatinti s\u0117km\u0119.<br \/>\n\u2022 Ar \u017einote, kas suteikia pasitik\u0117jimo keisti darb\u0105, santykius ar gyvenimo b\u016bd\u0105?<br \/>\n\u2022 Su\u017einokite, kaip nes\u0117km\u0119 paversti did\u017eiausia s\u0117kme.<br \/>\n\u2022 Nuspr\u0119skite, ko norite, ir keliaukite tikruoju savo\u00a0 gyvenimo keliu.<\/p>\n<p>\u201eK\u0105 tik protas \u012fsivaizduoja ir kuo tiki, t\u0105 k\u016bnas gali pasiekti.\u201c<br \/>\nNapoleonas Hillas<\/p>","protected":false},"featured_media":3826,"template":"","meta":{"site-sidebar-layout":"default","site-content-layout":"","ast-site-content-layout":"default","site-content-style":"default","site-sidebar-style":"default","ast-global-header-display":"","ast-banner-title-visibility":"","ast-main-header-display":"","ast-hfb-above-header-display":"","ast-hfb-below-header-display":"","ast-hfb-mobile-header-display":"","site-post-title":"","ast-breadcrumbs-content":"","ast-featured-img":"","footer-sml-layout":"","ast-disable-related-posts":"","theme-transparent-header-meta":"default","adv-header-id-meta":"","stick-header-meta":"default","header-above-stick-meta":"","header-main-stick-meta":"","header-below-stick-meta":"","astra-migrate-meta-layouts":"set","ast-page-background-enabled":"default","ast-page-background-meta":{"desktop":{"background-color":"","background-image":"","background-repeat":"repeat","background-position":"center center","background-size":"auto","background-attachment":"scroll","background-type":"","background-media":"","overlay-type":"","overlay-color":"","overlay-opacity":"","overlay-gradient":""},"tablet":{"background-color":"","background-image":"","background-repeat":"repeat","background-position":"center center","background-size":"auto","background-attachment":"scroll","background-type":"","background-media":"","overlay-type":"","overlay-color":"","overlay-opacity":"","overlay-gradient":""},"mobile":{"background-color":"","background-image":"","background-repeat":"repeat","background-position":"center center","background-size":"auto","background-attachment":"scroll","background-type":"","background-media":"","overlay-type":"","overlay-color":"","overlay-opacity":"","overlay-gradient":""}},"ast-content-background-meta":{"desktop":{"background-color":"var(--ast-global-color-5)","background-image":"","background-repeat":"repeat","background-position":"center center","background-size":"auto","background-attachment":"scroll","background-type":"","background-media":"","overlay-type":"","overlay-color":"","overlay-opacity":"","overlay-gradient":""},"tablet":{"background-color":"var(--ast-global-color-5)","background-image":"","background-repeat":"repeat","background-position":"center center","background-size":"auto","background-attachment":"scroll","background-type":"","background-media":"","overlay-type":"","overlay-color":"","overlay-opacity":"","overlay-gradient":""},"mobile":{"background-color":"var(--ast-global-color-5)","background-image":"","background-repeat":"repeat","background-position":"center center","background-size":"auto","background-attachment":"scroll","background-type":"","background-media":"","overlay-type":"","overlay-color":"","overlay-opacity":"","overlay-gradient":""}}},"product_brand":[],"product_cat":[76],"product_tag":[],"class_list":{"0":"post-3824","1":"product","2":"type-product","3":"status-publish","4":"has-post-thumbnail","6":"product_cat-negrozine-literatura","7":"desktop-align-left","8":"tablet-align-left","9":"mobile-align-left","10":"ast-product-gallery-layout-horizontal","11":"ast-product-gallery-with-no-image","12":"ast-product-tabs-layout-horizontal","14":"first","15":"instock","16":"sale","17":"taxable","18":"shipping-taxable","19":"purchasable","20":"product-type-simple"},"_links":{"self":[{"href":"https:\/\/leidyklahelios.lt\/en\/wp-json\/wp\/v2\/product\/3824","targetHints":{"allow":["GET"]}}],"collection":[{"href":"https:\/\/leidyklahelios.lt\/en\/wp-json\/wp\/v2\/product"}],"about":[{"href":"https:\/\/leidyklahelios.lt\/en\/wp-json\/wp\/v2\/types\/product"}],"version-history":[{"count":2,"href":"https:\/\/leidyklahelios.lt\/en\/wp-json\/wp\/v2\/product\/3824\/revisions"}],"predecessor-version":[{"id":6247,"href":"https:\/\/leidyklahelios.lt\/en\/wp-json\/wp\/v2\/product\/3824\/revisions\/6247"}],"wp:featuredmedia":[{"embeddable":true,"href":"https:\/\/leidyklahelios.lt\/en\/wp-json\/wp\/v2\/media\/3826"}],"wp:attachment":[{"href":"https:\/\/leidyklahelios.lt\/en\/wp-json\/wp\/v2\/media?parent=3824"}],"wp:term":[{"taxonomy":"product_brand","embeddable":true,"href":"https:\/\/leidyklahelios.lt\/en\/wp-json\/wp\/v2\/product_brand?post=3824"},{"taxonomy":"product_cat","embeddable":true,"href":"https:\/\/leidyklahelios.lt\/en\/wp-json\/wp\/v2\/product_cat?post=3824"},{"taxonomy":"product_tag","embeddable":true,"href":"https:\/\/leidyklahelios.lt\/en\/wp-json\/wp\/v2\/product_tag?post=3824"}],"curies":[{"name":"wp","href":"https:\/\/api.w.org\/{rel}","templated":true}]}}