{"id":3952,"date":"2024-10-11T12:43:25","date_gmt":"2024-10-11T10:43:25","guid":{"rendered":"https:\/\/leidyklahelios.lt\/?post_type=product&#038;p=3952"},"modified":"2026-03-24T01:56:21","modified_gmt":"2026-03-23T23:56:21","slug":"david-grann-veidzeris","status":"publish","type":"product","link":"https:\/\/leidyklahelios.lt\/en\/product\/david-grann-veidzeris\/","title":{"rendered":"David Grann <br>VEID\u017dERIS"},"content":{"rendered":"<h6><em>\u00a0\u201eVeid\u017eeris\u201c<\/em><\/h6>\n<p><em>\u201eTokios \u012ftraukian\u010dios tikrais faktais paremtos j\u016breivi\u0161kos istorijos neteko skaityti jau labai ilgai&#8230; Tikras tokio \u017eanro pasakojim\u0173 triumfas. Ponas Grannas parodo, kaip istorijos, nesvarbu, kam perduotos \u2013 teis\u0117jams ar skaitytojams, formuoja tiek vieno \u017emogaus, tiek visos tautos likim\u0105 ir bendrus m\u016bs\u0173 vis\u0173 prisiminimus.\u201c \u2013 \u201eThe Wall Street Journal\u201c<\/em><\/p>\n<p><em>\u201eTai kartu ir jaudinantis nuotykis, ir m\u016bs\u0173 realyb\u0117s suvokim\u0105 formuojan\u010di\u0173 istorij\u0173 galios analiz\u0117.\u201c \u2013 \u201eThe New York Times\u201c<\/em><\/p>\n<p><strong>Apie autori\u0173<\/strong><\/p>\n<p>Davidas Grannas yra \u201eNew York Times\u201c bestseleri\u0173 \u201eG\u0117li\u0173 m\u0117nulio \u017eudikai\u201c ir \u201ePrarastasis miestas Z\u201c autorius. Knyga \u201eG\u0117li\u0173 m\u0117nulio \u017eudikai\u201c buvo \u201eNacionalin\u0117s knygos apdovanojim\u0173\u201c finalinink\u0117 ir laim\u0117jo Edgaro Allano Poe vardo apdovanojim\u0105.<\/p>\n<p>Autorius taip pat para\u0161\u0117 knyg\u0105 \u201eBaltoji tamsa\u201c bei serij\u0105 \u201eVelnias ir \u0160erlokas Holmsas\u201c. Granno talentingai perteiktos istorijos sulauk\u0117 ne vieno puikaus \u012fvertinimo. Ra\u0161ytojas su \u017emona ir vaikais gyvena Niujorke.<\/p>","protected":false},"excerpt":{"rendered":"<p>\u201eVeid\u017eeris\u201c \u2013 \u201eNew York Times\u201c bestseleri\u0173 autoriaus Davido Granno atsitraukti neleid\u017eianti istorija apie laivo sudu\u017eim\u0105, i\u0161gyvenim\u0105, \u017emogaus sulauk\u0117jim\u0105 ir \u0161okiruojan\u010di\u0105 ties\u0105 atskleidus\u012f karo lauko teism\u0105. \u012etaigus pasakojimas atveria gilesn\u0119 \u0161ios istorijos \u012fvyki\u0173 prasm\u0119 ir parodo, kad gal\u0173 gale teisiami buvo ne tik kapitonas su \u012fgula, bet ir pati Britanijos imperijos ideologija.<\/p>\n<p>1742 met\u0173 sausio 28 dien\u0105 prie Brazilijos krant\u0173 bangos atne\u0161\u0117 savadarb\u012f, i\u0161 med\u017eio nuolau\u017e\u0173 ir med\u017eiagos skiau\u010di\u0173 padirbt\u0105 laivel\u012f. Jame s\u0117d\u0117jo trisde\u0161imt nuo bado perkarusi\u0173 leisgyvi\u0173 vyr\u0173 \u2013 ir jie papasakojo ne\u012ftik\u0117tin\u0105 istorij\u0105. J\u016breiviai buvo i\u0161gyvenusieji i\u0161 1740-aisiais, imperinio karo su Ispanija metu, \u012f slapt\u0105 misij\u0105 i\u0161plaukusio jo didenyb\u0117s laivo \u201eVeid\u017eeris\u201c. Persekiodamas turt\u0173 piln\u0105 ispan\u0173 galeon\u0105, vadinam\u0105 \u201eVandenyn\u0173 lobiu\u201c, \u201eVeid\u017eeris\u201c sudu\u017eo prie negyvenamos salos, netoli Patagonijos krant\u0173. Saloje laivo \u012fgula \u012fstrigo ne vienam m\u0117nesiui, kol, badui \u017evelgiant \u012f akis, vyrai pasistat\u0117 \u0161iok\u012f tok\u012f laivel\u012f ir per audringas j\u016bras juo plauk\u0117 daugiau nei \u0161imt\u0105 dien\u0173 \u2013 3 000 myli\u0173. Juos pasitiko kaip didvyrius.<\/p>\n<p>Pra\u0117jo dar \u0161e\u0161i m\u0117nesiai. \u012e \u010cil\u0117s krant\u0105 buvo i\u0161mesta dar menkesn\u0117 valtel\u0117. Joje s\u0117d\u0117jo tik trys i\u0161gyvenusieji, bet j\u0173 papasakota istorija buvo visai kitokia. Tie trisde\u0161imt \u012f Brazilij\u0105 atplaukusi\u0173 j\u016breivi\u0173 buvo ne didvyriai, o mai\u0161tininkai. Pirmoji i\u0161gyvenusi\u0173j\u0173 grup\u0117 taip pat pateik\u0117 kaltinimus, pasakojo apie tiron\u0105 ir \u017emog\u017eud\u012f kapiton\u0105 bei jo pakalikus. Tapo ai\u0161ku, kad \u012fgulai \u012fstrigus toje laukin\u0117je dykyn\u0117je \u012fsivyravo anarchija, prie\u0161i\u0161kai nusiteikusios grupuot\u0117s kovojo d\u0117l prana\u0161umo. Buvo \u0161vaistomasi kaltinimais i\u0161davyste ir \u017emog\u017eudyste, ir Admiralitetas su\u0161auk\u0117 karo lauko teism\u0105, kad i\u0161siai\u0161kint\u0173 ties\u0105. Tai buvo gyvyb\u0117s ir mirties klausimas: tiems, k\u0105 teismas paskelbs kaltais, gr\u0117s\u0117 kartuv\u0117s.<\/p>\n<p>\u201eVeid\u017eeris\u201c \u2013 tai didinga vieno geriausi\u0173 tikrais \u012fvykiais paremt\u0173 knyg\u0173 autoriaus istorija apie \u017emoni\u0173 elges\u012f ekstremaliomis s\u0105lygomis. Atkurdamas u\u017edar\u0105 brit\u0173 karo laivo pasaul\u012f, Davidas Grannas prilygsta Patrickui O\u2019Brianui; apra\u0161ydamas bevilti\u0161k\u0105 i\u0161sigelb\u0117jusi\u0173j\u0173 pad\u0117t\u012f, nenusileid\u017eia tokioms klasika tapusioms i\u0161gyvenimo istorijoms kaip \u201eThe Endurance\u201c; o karo lauko teism\u0105 apib\u016bdina taip pat meistri\u0161kai, kaip Scottas Turow savo trileriuose. Ne\u012ftik\u0117tini istorijos pos\u016bkiai tiesiog prikausto skaitytojus.<\/p>\n<h6>Baland\u017eio 2 dien\u0105 pasirodys dar vienas sukre\u010diantis Davido Granno pasakojimas <span style=\"text-decoration: underline;\"><strong><a href=\"https:\/\/leidyklahelios.lt\/en\/product\/david-grann-geliu-menulio-zudikai\/\">\u201eG\u0117li\u0173 m\u0117nulio \u017eudikai<\/a><\/strong><\/span><strong><a href=\"https:\/\/leidyklahelios.lt\/en\/product\/david-grann-geliu-menulio-zudikai\/\">\u201c<\/a><\/strong><strong><a href=\"https:\/\/leidyklahelios.lt\/en\/product\/david-grann-geliu-menulio-zudikai\/\">. <\/a><\/strong>Viena \u017eiauriausi\u0173 ir g\u0117dingiausi\u0173 JAV nusikaltim\u0173 istorij\u0173, prisid\u0117jusi prie FTB atsiradimo.<\/h6>","protected":false},"featured_media":3953,"template":"","meta":{"site-sidebar-layout":"default","site-content-layout":"","ast-site-content-layout":"default","site-content-style":"default","site-sidebar-style":"default","ast-global-header-display":"","ast-banner-title-visibility":"","ast-main-header-display":"","ast-hfb-above-header-display":"","ast-hfb-below-header-display":"","ast-hfb-mobile-header-display":"","site-post-title":"","ast-breadcrumbs-content":"","ast-featured-img":"","footer-sml-layout":"","ast-disable-related-posts":"","theme-transparent-header-meta":"default","adv-header-id-meta":"","stick-header-meta":"default","header-above-stick-meta":"","header-main-stick-meta":"","header-below-stick-meta":"","astra-migrate-meta-layouts":"set","ast-page-background-enabled":"default","ast-page-background-meta":{"desktop":{"background-color":"","background-image":"","background-repeat":"repeat","background-position":"center center","background-size":"auto","background-attachment":"scroll","background-type":"","background-media":"","overlay-type":"","overlay-color":"","overlay-opacity":"","overlay-gradient":""},"tablet":{"background-color":"","background-image":"","background-repeat":"repeat","background-position":"center center","background-size":"auto","background-attachment":"scroll","background-type":"","background-media":"","overlay-type":"","overlay-color":"","overlay-opacity":"","overlay-gradient":""},"mobile":{"background-color":"","background-image":"","background-repeat":"repeat","background-position":"center center","background-size":"auto","background-attachment":"scroll","background-type":"","background-media":"","overlay-type":"","overlay-color":"","overlay-opacity":"","overlay-gradient":""}},"ast-content-background-meta":{"desktop":{"background-color":"var(--ast-global-color-5)","background-image":"","background-repeat":"repeat","background-position":"center center","background-size":"auto","background-attachment":"scroll","background-type":"","background-media":"","overlay-type":"","overlay-color":"","overlay-opacity":"","overlay-gradient":""},"tablet":{"background-color":"var(--ast-global-color-5)","background-image":"","background-repeat":"repeat","background-position":"center center","background-size":"auto","background-attachment":"scroll","background-type":"","background-media":"","overlay-type":"","overlay-color":"","overlay-opacity":"","overlay-gradient":""},"mobile":{"background-color":"var(--ast-global-color-5)","background-image":"","background-repeat":"repeat","background-position":"center center","background-size":"auto","background-attachment":"scroll","background-type":"","background-media":"","overlay-type":"","overlay-color":"","overlay-opacity":"","overlay-gradient":""}}},"product_brand":[],"product_cat":[77,76],"product_tag":[],"class_list":{"0":"post-3952","1":"product","2":"type-product","3":"status-publish","4":"has-post-thumbnail","6":"product_cat-grozine-literatura","7":"product_cat-negrozine-literatura","8":"desktop-align-left","9":"tablet-align-left","10":"mobile-align-left","11":"ast-product-gallery-layout-horizontal","12":"ast-product-gallery-with-no-image","13":"ast-product-tabs-layout-horizontal","15":"first","16":"instock","17":"sale","18":"taxable","19":"shipping-taxable","20":"purchasable","21":"product-type-simple"},"_links":{"self":[{"href":"https:\/\/leidyklahelios.lt\/en\/wp-json\/wp\/v2\/product\/3952","targetHints":{"allow":["GET"]}}],"collection":[{"href":"https:\/\/leidyklahelios.lt\/en\/wp-json\/wp\/v2\/product"}],"about":[{"href":"https:\/\/leidyklahelios.lt\/en\/wp-json\/wp\/v2\/types\/product"}],"version-history":[{"count":7,"href":"https:\/\/leidyklahelios.lt\/en\/wp-json\/wp\/v2\/product\/3952\/revisions"}],"predecessor-version":[{"id":7370,"href":"https:\/\/leidyklahelios.lt\/en\/wp-json\/wp\/v2\/product\/3952\/revisions\/7370"}],"wp:featuredmedia":[{"embeddable":true,"href":"https:\/\/leidyklahelios.lt\/en\/wp-json\/wp\/v2\/media\/3953"}],"wp:attachment":[{"href":"https:\/\/leidyklahelios.lt\/en\/wp-json\/wp\/v2\/media?parent=3952"}],"wp:term":[{"taxonomy":"product_brand","embeddable":true,"href":"https:\/\/leidyklahelios.lt\/en\/wp-json\/wp\/v2\/product_brand?post=3952"},{"taxonomy":"product_cat","embeddable":true,"href":"https:\/\/leidyklahelios.lt\/en\/wp-json\/wp\/v2\/product_cat?post=3952"},{"taxonomy":"product_tag","embeddable":true,"href":"https:\/\/leidyklahelios.lt\/en\/wp-json\/wp\/v2\/product_tag?post=3952"}],"curies":[{"name":"wp","href":"https:\/\/api.w.org\/{rel}","templated":true}]}}