{"id":3955,"date":"2024-10-11T13:18:42","date_gmt":"2024-10-11T11:18:42","guid":{"rendered":"https:\/\/leidyklahelios.lt\/?post_type=product&#038;p=3955"},"modified":"2026-03-05T15:00:37","modified_gmt":"2026-03-05T13:00:37","slug":"mike-jay-psichonautai","status":"publish","type":"product","link":"https:\/\/leidyklahelios.lt\/en\/product\/mike-jay-psichonautai\/","title":{"rendered":"Mike Jay <br>PSICHONAUTAI"},"content":{"rendered":"<h6>Knyga \u201ePsichonautai\u201c<\/h6>\n<p><em>\u201eJay\u2019us \u2013 garsus Vakar\u0173 narkotik\u0173 istorijos \u017einovas, o \u201ePsichonautai\u201c \u2013 naujausias darbas i\u0161 puiki\u0173 studij\u0173 serijos \u0161ia tema. Jame autorius bando atskleisti psichoaktyvi\u0173 med\u017eiag\u0173 tyrim\u0173, kuriuos esame link\u0119 sieti su XX am\u017eiaus 6-uoju ir 7-uoju de\u0161imtme\u010diais, i\u0161takas.\u201c<\/em> \u2013 Clare Bucknell, \u201eNew Yorker\u201c<\/p>\n<p><em>\u201e\u012etraukianti knyga&#8230; Seniai lauktas kitoks \u017evilgsnis \u012f narkotik\u0173 vaidmen\u012f gyvenime, medicinoje ir moksle.\u201c<\/em> \u2013 \u201ePublishers Weekly\u201c<\/p>\n<p><em>\u201eSusim\u0105styti ver\u010dianti novatori\u0161k\u0173 tyrin\u0117toj\u0173, eksperimentuotoj\u0173 su narkotikais, siekusi\u0173 mokslo ir k\u016brybi\u0161kumo, istorija. Mike\u2019o Jay\u2019aus pasakojimas apie kokain\u0105 vartojan\u010dius gydytojus, ha\u0161i\u0161\u0105 valgan\u010dius poetus, grybus \u017eiaumojan\u010dius mistikus ir rup\u016b\u017ees lai\u017ean\u010dius mokslininkus \u2013 jaudinamas skaitinys.\u201c<\/em> \u2013 Anna Katharina Schaffner, \u201eSav\u0119s tobulinimo meno\u201c autor\u0117<\/p>\n<p><em>\u201eSubtiliai ir su erudicija Mike\u2019as Jay\u2019us pasakoja stulbinam\u0105, da\u017enai donkichoti\u0161k\u0105 istorij\u0105 apie mokslininkus, filosofus ir kitus bebaimius \u201epsichonautus\u201c, kurie eksperimentavo su \u012fvairi\u0173 med\u017eiag\u0173 farmakop\u0117ja, tyrin\u0117jo s\u0105mon\u0117s paslaptis chemi\u0161kai pakeisdami smegenis. Jay\u2019us meistri\u0161kai supa\u017eindina skaitytoj\u0105 su labiausiai gluminan\u010diomis m\u012fsl\u0117mis: kaip m\u016bs\u0173 protas kuria tikrov\u0117s paveiksl\u0105, suteikia reik\u0161m\u0119, atskiria ties\u0105 ir iliuzij\u0105. Puikiai para\u0161yta, vienas malonumas skaityti.\u201c<\/em> \u2013 Brian D. Earp, \u201eMeil\u0117 \u2013 tai narkotikas\u201c autorius<\/p>","protected":false},"excerpt":{"rendered":"<p>\u201ePsichonautai\u201c \u2013 provokuojantis ir originalus pasakojimas apie mokslininkus ir ra\u0161ytojus, dailininkus ir filosofus, vartojusius narkotikus, kad patyrin\u0117t\u0173 slaptus \u017emogaus proto kampelius.<\/p>\n<p>Iki dvide\u0161imto am\u017eiaus mokslininkai, tiriantys narkotik\u0173 poveik\u012f psichikai, dar\u0117 tai eksperimentuodami su savimi. Vaizdingi j\u0173 potyri\u0173 apra\u0161ymai paskatino daugyb\u0119 nauj\u0173 prot\u0105 tirian\u010di\u0173 moksl\u0173, farmakologijos, medicinos ir filosofijos \u012f\u017evalg\u0173. Pasakojimai \u017eurnaluose ir gro\u017ein\u0117je literat\u016broje \u012fkv\u0117p\u0117 visuomen\u0119 saviems eksperimentams: per mokslines demonstracijas ar okultinius ritualus, kelion\u0117se \u012f egzoti\u0161kas \u0161alis, literat\u016briniuose salonuose.<\/p>\n<p>Po 1900 met\u0173 narkotikai vis da\u017eniau imti laikyti socialine problema, ir sena eksperiment\u0173 su savimi tradicija \u0117m\u0117 nykti.<\/p>\n<p>Nuo Sigmundo Freudo \u201ekokaino epizodo\u201c iki Williamo Jameso nu\u0161vitimo pavartojus azoto suboksido \u2013 Mike\u2019as Jay\u2019us meistri\u0161kai nu\u0161vie\u010dia pamir\u0161t\u0105 narkotik\u0173 vartojimo tradicij\u0105, kuri kadaise plito tarp intelektual\u0173 ir prisid\u0117jo prie psichologijos atsiradimo, bandym\u0173 suprasti pas\u0105mon\u0119 ir modernizmo gimimo. \u0160iandien, mums atrandant naujus nootropus ir psichodelikus, pirm\u0173j\u0173 psichonaut\u0173 eksperimentai atskleid\u017eia reik\u0161ming\u0105 psichoaktyvi\u0173j\u0173 med\u017eiag\u0173 \u012ftak\u0105 Vakar\u0173 mokslui, filosofijai ir kult\u016brai.<\/p>\n<h6>Knygos \u201ePsichonautai\u201c ap\u017evalg\u0105 skaitykite <a href=\"https:\/\/leidyklahelios.lt\/en\/apzvalgos\/mike-jay-psichonautai-knygos-apzvalga\/\"><span style=\"text-decoration: underline;\"><em>\u010dia.<\/em><\/span><\/a><\/h6>\n<p>&nbsp;<\/p>","protected":false},"featured_media":3956,"template":"","meta":{"site-sidebar-layout":"default","site-content-layout":"","ast-site-content-layout":"default","site-content-style":"default","site-sidebar-style":"default","ast-global-header-display":"","ast-banner-title-visibility":"","ast-main-header-display":"","ast-hfb-above-header-display":"","ast-hfb-below-header-display":"","ast-hfb-mobile-header-display":"","site-post-title":"","ast-breadcrumbs-content":"","ast-featured-img":"","footer-sml-layout":"","ast-disable-related-posts":"","theme-transparent-header-meta":"default","adv-header-id-meta":"","stick-header-meta":"default","header-above-stick-meta":"","header-main-stick-meta":"","header-below-stick-meta":"","astra-migrate-meta-layouts":"set","ast-page-background-enabled":"default","ast-page-background-meta":{"desktop":{"background-color":"","background-image":"","background-repeat":"repeat","background-position":"center center","background-size":"auto","background-attachment":"scroll","background-type":"","background-media":"","overlay-type":"","overlay-color":"","overlay-opacity":"","overlay-gradient":""},"tablet":{"background-color":"","background-image":"","background-repeat":"repeat","background-position":"center center","background-size":"auto","background-attachment":"scroll","background-type":"","background-media":"","overlay-type":"","overlay-color":"","overlay-opacity":"","overlay-gradient":""},"mobile":{"background-color":"","background-image":"","background-repeat":"repeat","background-position":"center center","background-size":"auto","background-attachment":"scroll","background-type":"","background-media":"","overlay-type":"","overlay-color":"","overlay-opacity":"","overlay-gradient":""}},"ast-content-background-meta":{"desktop":{"background-color":"var(--ast-global-color-5)","background-image":"","background-repeat":"repeat","background-position":"center center","background-size":"auto","background-attachment":"scroll","background-type":"","background-media":"","overlay-type":"","overlay-color":"","overlay-opacity":"","overlay-gradient":""},"tablet":{"background-color":"var(--ast-global-color-5)","background-image":"","background-repeat":"repeat","background-position":"center center","background-size":"auto","background-attachment":"scroll","background-type":"","background-media":"","overlay-type":"","overlay-color":"","overlay-opacity":"","overlay-gradient":""},"mobile":{"background-color":"var(--ast-global-color-5)","background-image":"","background-repeat":"repeat","background-position":"center center","background-size":"auto","background-attachment":"scroll","background-type":"","background-media":"","overlay-type":"","overlay-color":"","overlay-opacity":"","overlay-gradient":""}}},"product_brand":[],"product_cat":[76],"product_tag":[81],"class_list":{"0":"post-3955","1":"product","2":"type-product","3":"status-publish","4":"has-post-thumbnail","6":"product_cat-negrozine-literatura","7":"product_tag-bestseleriai","8":"desktop-align-left","9":"tablet-align-left","10":"mobile-align-left","11":"ast-product-gallery-layout-horizontal","12":"ast-product-gallery-with-no-image","13":"ast-product-tabs-layout-horizontal","15":"first","16":"instock","17":"sale","18":"taxable","19":"shipping-taxable","20":"purchasable","21":"product-type-simple"},"_links":{"self":[{"href":"https:\/\/leidyklahelios.lt\/en\/wp-json\/wp\/v2\/product\/3955","targetHints":{"allow":["GET"]}}],"collection":[{"href":"https:\/\/leidyklahelios.lt\/en\/wp-json\/wp\/v2\/product"}],"about":[{"href":"https:\/\/leidyklahelios.lt\/en\/wp-json\/wp\/v2\/types\/product"}],"version-history":[{"count":4,"href":"https:\/\/leidyklahelios.lt\/en\/wp-json\/wp\/v2\/product\/3955\/revisions"}],"predecessor-version":[{"id":6227,"href":"https:\/\/leidyklahelios.lt\/en\/wp-json\/wp\/v2\/product\/3955\/revisions\/6227"}],"wp:featuredmedia":[{"embeddable":true,"href":"https:\/\/leidyklahelios.lt\/en\/wp-json\/wp\/v2\/media\/3956"}],"wp:attachment":[{"href":"https:\/\/leidyklahelios.lt\/en\/wp-json\/wp\/v2\/media?parent=3955"}],"wp:term":[{"taxonomy":"product_brand","embeddable":true,"href":"https:\/\/leidyklahelios.lt\/en\/wp-json\/wp\/v2\/product_brand?post=3955"},{"taxonomy":"product_cat","embeddable":true,"href":"https:\/\/leidyklahelios.lt\/en\/wp-json\/wp\/v2\/product_cat?post=3955"},{"taxonomy":"product_tag","embeddable":true,"href":"https:\/\/leidyklahelios.lt\/en\/wp-json\/wp\/v2\/product_tag?post=3955"}],"curies":[{"name":"wp","href":"https:\/\/api.w.org\/{rel}","templated":true}]}}