{"id":3959,"date":"2024-10-11T14:17:26","date_gmt":"2024-10-11T12:17:26","guid":{"rendered":"https:\/\/leidyklahelios.lt\/?post_type=product&#038;p=3959"},"modified":"2026-03-05T15:00:24","modified_gmt":"2026-03-05T13:00:24","slug":"susan-eischeid-gyvenimo-ir-mirties-valdove","status":"publish","type":"product","link":"https:\/\/leidyklahelios.lt\/en\/product\/susan-eischeid-gyvenimo-ir-mirties-valdove\/","title":{"rendered":"Susan J. Eischeid <br>GYVENIMO IR MIRTIES VALDOV\u0116"},"content":{"rendered":"<h6>Knyga \u201eGyvenimo ir mirties valdov\u0117\u201c<\/h6>\n<p><em>I\u0161samus tyrimas, nauji faktai ir iki \u0161iol ne\u017einomi liudytojai atveria duris \u012f tams\u0173 praeities labirint\u0105. \u0160i\u0105 \u012f\u017evalgi\u0105 ir \u012ftraukian\u010di\u0105 knyg\u0105 privalu perskaityti kiekvienam, besidomin\u010diam istorija<\/em>. \u2013 Anne Sebba, knygos \u201ePary\u017eiet\u0117s: Kaip Pary\u017eiaus moterys gyveno, myl\u0117jo ir mir\u0117 per naci\u0173 okupacij\u0105\u201c autor\u0117.<\/p>\n<p><em>Eischeid sudaryta biografija \u2013 ypatingas ind\u0117lis \u012f Holokausto studijas. Autor\u0117 ne tik stulbinamai ai\u0161kiai suvokia \u0161i\u0105 tragedij\u0105, bet ir u\u017eduoda svarbiausius klausimus apie m\u016bs\u0173 prigimt\u012f<\/em>. \u2013 Johnas K. Rothas, veikalo \u201eHolokausto \u012f\u017evalgos: Mokymasis ir mokymas apie genocid\u0105\u201c autorius.<\/p>\n<p><em>Meistri\u0161kai i\u0161d\u0117styta, kruop\u0161\u010diai i\u0161tirta ir detaliai apra\u0161yta Marios Mandl gyvenimo istorija \u2013 nuo kelio \u012f auk\u0161\u010diausias pareigas Au\u0161vico koncentracijos stovykloje iki karo nusikalt\u0117l\u0117s teismo. Eischeid kuria siaubing\u0105 ir pain\u0173 paveiksl\u0105, kuris v\u0117l aktualus \u0161iandien<\/em>. \u2013 Gina Roitman, trilerio \u201eNeklausk!\u201c autor\u0117, dokumentinio filmo \u201eMano motina, naci\u0173 pribuv\u0117ja ir a\u0161\u201c veik\u0117ja.<\/p>\n<p><em>\u0160ie \u012fsp\u016bdingi puslapiai, daugiau nei dvide\u0161imties met\u0173 darbo rezultatas, pranoksta \u012fprasto tyrimo l\u016bkes\u010dius. \u0160i knyga \u2013 ne tik Holokausto tyr\u0117jams, besistengiantiems suprasti jo pamokas, bet ir kiekvienam, abejojan\u010diam ar neigian\u010diam<\/em>. \u2013 Alison Owings, knygos \u201eMoterys: vokie\u010di\u0173 atsiminimai apie Tre\u010di\u0105j\u012f reich\u0105\u201c autor\u0117.<\/p>","protected":false},"excerpt":{"rendered":"<p>Maria Mandl \u2013 moteris, u\u017e\u0117musi vienas auk\u0161\u010diausi\u0173 pareig\u0173 Tre\u010diajame reiche ir vadovavusi Au\u0161vico-Birkenau mirties stovyklai. Pra\u0117jus daugiau kaip pusei am\u017eiaus po jos teismo ir pelnytos mirties, Susan J. Eischeid imasi kruop\u0161taus tyrimo. Ji ne tik ra\u0161o Marios biografij\u0105, bet ir bando atsp\u0117ti vien\u0105 tamsiausi\u0173 \u017emonijos m\u012fsli\u0173: kas skiria pabais\u0105 nuo \u017emogaus? Kaip mergait\u0117s (ir berniukai) i\u0161 padori\u0173 \u0161eim\u0173 virsta \u017eudikais, besim\u0117gaujan\u010diais krauju ir kan\u010diomis?<\/p>\n<p>Knygos \u201eGyvenimo ir mirties valdov\u0117\u201c\u00a0autor\u0117 daugiau nei du de\u0161imtme\u010dius rinko liudijimus, tyrin\u0117jo archyvus, kalbino \u017emones, gerai pa\u017einojusius Mandl \u0161eim\u0105 ir pa\u010di\u0105 Mari\u0105. Kuo nuodugnesnis pasakojimas apie Marios Mandl gyvenim\u0105, tuo baisiau skamba numanomas klausimas: jei karo nusikaltimus vykdo paprasti \u017emon\u0117s, ar tai rei\u0161kia, kad taip pasielgti gali bet kuris i\u0161 m\u016bs\u0173?<\/p>\n<p>Daugiau apie \u0161i\u0105 istorij\u0105 skaitykite DELFI publikuotame straipsnyje:<\/p>\n<h6 class=\"entry-title\"><strong><a href=\"https:\/\/leidyklahelios.lt\/en\/apzvalgos\/sios-ausvico-priziuretojos-ziaurumas-neturejo-ribu-grizusi-is-zudyniu-galedavo-sesti-prie-pianino-ir-visiskai-atsiduoti-muzikos-garsams\/\"><em>\u201e\u0160ios Au\u0161vico pri\u017ei\u016br\u0117tojos \u017eiaurumas netur\u0117jo rib\u0173: gr\u012f\u017eusi i\u0161 \u017eudyni\u0173 gal\u0117davo s\u0117sti prie pianino ir visi\u0161kai atsiduoti muzikos garsams\u201c<\/em><\/a><\/strong><\/h6>\n<p>&nbsp;<\/p>","protected":false},"featured_media":3960,"template":"","meta":{"site-sidebar-layout":"default","site-content-layout":"","ast-site-content-layout":"default","site-content-style":"default","site-sidebar-style":"default","ast-global-header-display":"","ast-banner-title-visibility":"","ast-main-header-display":"","ast-hfb-above-header-display":"","ast-hfb-below-header-display":"","ast-hfb-mobile-header-display":"","site-post-title":"","ast-breadcrumbs-content":"","ast-featured-img":"","footer-sml-layout":"","ast-disable-related-posts":"","theme-transparent-header-meta":"default","adv-header-id-meta":"","stick-header-meta":"default","header-above-stick-meta":"","header-main-stick-meta":"","header-below-stick-meta":"","astra-migrate-meta-layouts":"set","ast-page-background-enabled":"default","ast-page-background-meta":{"desktop":{"background-color":"","background-image":"","background-repeat":"repeat","background-position":"center center","background-size":"auto","background-attachment":"scroll","background-type":"","background-media":"","overlay-type":"","overlay-color":"","overlay-opacity":"","overlay-gradient":""},"tablet":{"background-color":"","background-image":"","background-repeat":"repeat","background-position":"center center","background-size":"auto","background-attachment":"scroll","background-type":"","background-media":"","overlay-type":"","overlay-color":"","overlay-opacity":"","overlay-gradient":""},"mobile":{"background-color":"","background-image":"","background-repeat":"repeat","background-position":"center center","background-size":"auto","background-attachment":"scroll","background-type":"","background-media":"","overlay-type":"","overlay-color":"","overlay-opacity":"","overlay-gradient":""}},"ast-content-background-meta":{"desktop":{"background-color":"var(--ast-global-color-5)","background-image":"","background-repeat":"repeat","background-position":"center center","background-size":"auto","background-attachment":"scroll","background-type":"","background-media":"","overlay-type":"","overlay-color":"","overlay-opacity":"","overlay-gradient":""},"tablet":{"background-color":"var(--ast-global-color-5)","background-image":"","background-repeat":"repeat","background-position":"center center","background-size":"auto","background-attachment":"scroll","background-type":"","background-media":"","overlay-type":"","overlay-color":"","overlay-opacity":"","overlay-gradient":""},"mobile":{"background-color":"var(--ast-global-color-5)","background-image":"","background-repeat":"repeat","background-position":"center center","background-size":"auto","background-attachment":"scroll","background-type":"","background-media":"","overlay-type":"","overlay-color":"","overlay-opacity":"","overlay-gradient":""}}},"product_brand":[],"product_cat":[76],"product_tag":[],"class_list":{"0":"post-3959","1":"product","2":"type-product","3":"status-publish","4":"has-post-thumbnail","6":"product_cat-negrozine-literatura","7":"desktop-align-left","8":"tablet-align-left","9":"mobile-align-left","10":"ast-product-gallery-layout-horizontal","11":"ast-product-gallery-with-no-image","12":"ast-product-tabs-layout-horizontal","14":"first","15":"instock","16":"sale","17":"taxable","18":"shipping-taxable","19":"purchasable","20":"product-type-simple"},"_links":{"self":[{"href":"https:\/\/leidyklahelios.lt\/en\/wp-json\/wp\/v2\/product\/3959","targetHints":{"allow":["GET"]}}],"collection":[{"href":"https:\/\/leidyklahelios.lt\/en\/wp-json\/wp\/v2\/product"}],"about":[{"href":"https:\/\/leidyklahelios.lt\/en\/wp-json\/wp\/v2\/types\/product"}],"version-history":[{"count":11,"href":"https:\/\/leidyklahelios.lt\/en\/wp-json\/wp\/v2\/product\/3959\/revisions"}],"predecessor-version":[{"id":6242,"href":"https:\/\/leidyklahelios.lt\/en\/wp-json\/wp\/v2\/product\/3959\/revisions\/6242"}],"wp:featuredmedia":[{"embeddable":true,"href":"https:\/\/leidyklahelios.lt\/en\/wp-json\/wp\/v2\/media\/3960"}],"wp:attachment":[{"href":"https:\/\/leidyklahelios.lt\/en\/wp-json\/wp\/v2\/media?parent=3959"}],"wp:term":[{"taxonomy":"product_brand","embeddable":true,"href":"https:\/\/leidyklahelios.lt\/en\/wp-json\/wp\/v2\/product_brand?post=3959"},{"taxonomy":"product_cat","embeddable":true,"href":"https:\/\/leidyklahelios.lt\/en\/wp-json\/wp\/v2\/product_cat?post=3959"},{"taxonomy":"product_tag","embeddable":true,"href":"https:\/\/leidyklahelios.lt\/en\/wp-json\/wp\/v2\/product_tag?post=3959"}],"curies":[{"name":"wp","href":"https:\/\/api.w.org\/{rel}","templated":true}]}}