{"id":3962,"date":"2024-10-11T14:46:28","date_gmt":"2024-10-11T12:46:28","guid":{"rendered":"https:\/\/leidyklahelios.lt\/?post_type=product&#038;p=3962"},"modified":"2026-03-05T15:00:15","modified_gmt":"2026-03-05T13:00:15","slug":"autoriu-kolektyvas-viskas-ore","status":"publish","type":"product","link":"https:\/\/leidyklahelios.lt\/en\/product\/autoriu-kolektyvas-viskas-ore\/","title":{"rendered":"Autori\u0173 kolektyvas<br> VISKAS ORE"},"content":{"rendered":"<p>\u201eVISKAS ORE\u201c<\/p>\n<p><em>\u201eEsu gim\u0119s Italijoje, kur maistas yra neatsiejama kult\u016bros dalis. Su kar\u0161to oro gruzdintuve kokybi\u0161k\u0105 ir skan\u0173 maist\u0105 paruo\u0161ti grei\u010diau ir papras\u010diau. Tad m\u0117gaukit\u0117s!\u201c \u2013 kulinarijos meistras <strong>Gian Luca Demarco<\/strong>.<\/em><\/p>\n<p class=\"entry-title\">M\u0117gstantiems gaminti kar\u0161to oro gruzdintuv\u0117je \u2013 maloni naujiena: pirm\u0105 kart\u0105 lietuvi\u0173 kalba i\u0161leista recept\u0173 knyga \u201eViskas ore\u201c, kuri skirta patiekalams, gaminamiems gruzdintuv\u0117je. Prie jos leidybos prisid\u0117jo visas b\u016brys \u017einom\u0173 Lietuvos kulinarijos meistr\u0173.<\/p>\n<h6 class=\"entry-title\"><a href=\"https:\/\/leidyklahelios.lt\/en\/apzvalgos\/pirma-karta-isleista-receptu-karsto-oro-gruzdintuvei-knyga-juos-kure-lietuvoje-zinomi-kulinarijos-meistrai\/\">Skaityti toliau.<\/a><\/h6>","protected":false},"excerpt":{"rendered":"<p><strong>Atraskite naujus skonius ir kulinarines galimybes su pirm\u0105ja lietuvi\u0161ka kar\u0161to oro gruzdintuv\u0117s recept\u0173 knyga <em>\u2013 <\/em>\u201eVISKAS ORE\u201c!<\/strong><\/p>\n<p>\u201eVISKAS ORE\u201c\u00a0knygoje rasite \u0161imto greit\u0173 ir skani\u0173 patiekal\u0173 recept\u0173 kolekcij\u0105, sukurt\u0105 maisto entuziast\u0173 ir tinklara\u0161tinink\u0173 Lietuvoje, tad niekada nepritr\u016bksite id\u0117j\u0173. Tai raktas, pad\u0117siantis atskleisti vis\u0105 kar\u0161to oro gruzdintuv\u0117s potencial\u0105 ir i\u0161pl\u0117sti patiekal\u0173 asortiment\u0105. Ar \u017einojote, kad su kar\u0161to oro gruzdintuve galite pagaminti \u201ePavlov\u0105\u201c, krembriul\u0117, lazanij\u0105, ko\u0161\u0119, s\u016brio pyrag\u0105, \u0161onkauliukus, i\u0161kepti vi\u0161t\u0105, kiau\u0161inius ir net i\u0161virti sriub\u0105? \u0160ie ir daugyb\u0117 kit\u0173 \u012fkvepian\u010di\u0173 recept\u0173 laukia j\u016bs\u0173, pasiruo\u0161\u0119 paversti kasdien\u012f gaminim\u0105 jaudinan\u010diu kulinariniu nuotykiu. Kiekvien\u0105 dien\u0105 atraskite k\u0105 nors naujo!<\/p>\n<p>J\u016bs\u0173 kulinarinis nuotykis prasideda \u010dia!<\/p>","protected":false},"featured_media":3963,"template":"","meta":{"site-sidebar-layout":"default","site-content-layout":"","ast-site-content-layout":"default","site-content-style":"default","site-sidebar-style":"default","ast-global-header-display":"","ast-banner-title-visibility":"","ast-main-header-display":"","ast-hfb-above-header-display":"","ast-hfb-below-header-display":"","ast-hfb-mobile-header-display":"","site-post-title":"","ast-breadcrumbs-content":"","ast-featured-img":"","footer-sml-layout":"","ast-disable-related-posts":"","theme-transparent-header-meta":"default","adv-header-id-meta":"","stick-header-meta":"default","header-above-stick-meta":"","header-main-stick-meta":"","header-below-stick-meta":"","astra-migrate-meta-layouts":"set","ast-page-background-enabled":"default","ast-page-background-meta":{"desktop":{"background-color":"","background-image":"","background-repeat":"repeat","background-position":"center center","background-size":"auto","background-attachment":"scroll","background-type":"","background-media":"","overlay-type":"","overlay-color":"","overlay-opacity":"","overlay-gradient":""},"tablet":{"background-color":"","background-image":"","background-repeat":"repeat","background-position":"center center","background-size":"auto","background-attachment":"scroll","background-type":"","background-media":"","overlay-type":"","overlay-color":"","overlay-opacity":"","overlay-gradient":""},"mobile":{"background-color":"","background-image":"","background-repeat":"repeat","background-position":"center center","background-size":"auto","background-attachment":"scroll","background-type":"","background-media":"","overlay-type":"","overlay-color":"","overlay-opacity":"","overlay-gradient":""}},"ast-content-background-meta":{"desktop":{"background-color":"var(--ast-global-color-5)","background-image":"","background-repeat":"repeat","background-position":"center center","background-size":"auto","background-attachment":"scroll","background-type":"","background-media":"","overlay-type":"","overlay-color":"","overlay-opacity":"","overlay-gradient":""},"tablet":{"background-color":"var(--ast-global-color-5)","background-image":"","background-repeat":"repeat","background-position":"center center","background-size":"auto","background-attachment":"scroll","background-type":"","background-media":"","overlay-type":"","overlay-color":"","overlay-opacity":"","overlay-gradient":""},"mobile":{"background-color":"var(--ast-global-color-5)","background-image":"","background-repeat":"repeat","background-position":"center center","background-size":"auto","background-attachment":"scroll","background-type":"","background-media":"","overlay-type":"","overlay-color":"","overlay-opacity":"","overlay-gradient":""}}},"product_brand":[],"product_cat":[76],"product_tag":[81],"class_list":{"0":"post-3962","1":"product","2":"type-product","3":"status-publish","4":"has-post-thumbnail","6":"product_cat-negrozine-literatura","7":"product_tag-bestseleriai","8":"desktop-align-left","9":"tablet-align-left","10":"mobile-align-left","11":"ast-product-gallery-layout-horizontal","12":"ast-product-gallery-with-no-image","13":"ast-product-tabs-layout-horizontal","15":"first","16":"instock","17":"sale","18":"taxable","19":"shipping-taxable","20":"purchasable","21":"product-type-simple"},"_links":{"self":[{"href":"https:\/\/leidyklahelios.lt\/en\/wp-json\/wp\/v2\/product\/3962","targetHints":{"allow":["GET"]}}],"collection":[{"href":"https:\/\/leidyklahelios.lt\/en\/wp-json\/wp\/v2\/product"}],"about":[{"href":"https:\/\/leidyklahelios.lt\/en\/wp-json\/wp\/v2\/types\/product"}],"version-history":[{"count":5,"href":"https:\/\/leidyklahelios.lt\/en\/wp-json\/wp\/v2\/product\/3962\/revisions"}],"predecessor-version":[{"id":6230,"href":"https:\/\/leidyklahelios.lt\/en\/wp-json\/wp\/v2\/product\/3962\/revisions\/6230"}],"wp:featuredmedia":[{"embeddable":true,"href":"https:\/\/leidyklahelios.lt\/en\/wp-json\/wp\/v2\/media\/3963"}],"wp:attachment":[{"href":"https:\/\/leidyklahelios.lt\/en\/wp-json\/wp\/v2\/media?parent=3962"}],"wp:term":[{"taxonomy":"product_brand","embeddable":true,"href":"https:\/\/leidyklahelios.lt\/en\/wp-json\/wp\/v2\/product_brand?post=3962"},{"taxonomy":"product_cat","embeddable":true,"href":"https:\/\/leidyklahelios.lt\/en\/wp-json\/wp\/v2\/product_cat?post=3962"},{"taxonomy":"product_tag","embeddable":true,"href":"https:\/\/leidyklahelios.lt\/en\/wp-json\/wp\/v2\/product_tag?post=3962"}],"curies":[{"name":"wp","href":"https:\/\/api.w.org\/{rel}","templated":true}]}}