{"id":4756,"date":"2025-01-27T13:19:30","date_gmt":"2025-01-27T11:19:30","guid":{"rendered":"https:\/\/leidyklahelios.lt\/?post_type=product&#038;p=4756"},"modified":"2026-03-05T14:59:27","modified_gmt":"2026-03-05T12:59:27","slug":"abigail-shrier-bloga-terapija","status":"publish","type":"product","link":"https:\/\/leidyklahelios.lt\/en\/product\/abigail-shrier-bloga-terapija\/","title":{"rendered":"Abigail Shrier <br>BLOGA TERAPIJA"},"content":{"rendered":"<h6><em>Knygos \u201eBloga terapija\u201c atsiliepimai<\/em><\/h6>\n<p><em>\u201eJ\u0105 perskaityti tur\u0117t\u0173 visi t\u0117vai.\u201c \u2013 Elon Musk<\/em><\/p>\n<p><em>\u201eB\u016btinas skaitinys t\u0117vams, mokytojams ir psichikos sveikatos specialistams.\u201c \u2013 Richard J. McNally, moksl\u0173 daktaras, Harvardo universiteto psichologijos profesorius<\/em><\/p>\n<p><em>\u201eShrier \u012ftikinamai ir tvirtai parodo, kaip psichikos sveikatos specialistai (ir kai kurie t\u0117vai) pakenkia vaikams ir paaugliams, kuriems siekia pad\u0117ti.\u201c \u2013 Elizabeth Loftus, Kalifornijos universiteto Ervaine psichologijos profesor\u0117<\/em><\/p>\n<p><em>\u201eStipri kritika kult\u016brai, kurioje \u201etrauma\u201c gali reik\u0161ti \u0161iurp\u0173 smurt\u0105 arba naujo ne\u0161iojamojo kompiuterio gedim\u0105.\u201c \u2013 Elizabeth Gaufberg, gydytoja, Harvardo medicinos mokyklos medicinos ir psichiatrijos docent\u0117<\/em><\/p>\n<p><em>\u201eSukre\u010dianti, demaskuojanti ir be galo svarbi&#8230; Privaloma perskaityti!\u201c \u2013 Amy Chua, Jeilio universiteto teis\u0117s profesor\u0117 ir \u201eMotinos tigr\u0117s kovos himno\u201c bei \u201eAukso vart\u0173\u201c autor\u0117<\/em><\/p>\n<p><em>\u201ePenkios \u017evaig\u017edut\u0117s.\u201c \u2013 Caitlin Flanagan, etatin\u0117 \u201eThe Atlantic\u201c \u017eurnalist\u0117<\/em><\/p>\n<p><em>\u201eNuostabus tiriamojo reporta\u017eo ir pasakojimo derinys.\u201c \u2013 Gerald Posner, apdovanotas tiriamosios krypties \u017eurnalistas ir knygos \u201eFarmacijos pramon\u0117\u201c autorius<\/em><\/p>\n<p><em>\u201e\u012e\u017evalgi ir emocinga paauglius kamuojan\u010dios psichikos sveikatos kriz\u0117s analiz\u0117.\u201c \u2013 Kay Hymowitz, \u201eCity Journal\u201c<\/em><\/p>\n<p><em>\u201e\u012etraukianti, neatid\u0117liotina.\u201c \u2013 Bari Weiss, \u201eFree Press\u201c<\/em><\/p>\n<p><em>\u201eBloga terapija\u201c sumala \u012f miltus visus straipsnius apie terapin\u0119 t\u0117vyst\u0119 ir tik\u0117jim\u0105 pedagogais.\u201c \u2013 Mary Harrington, \u201eUnherd\u201c<\/em><\/p>\n<p><em>\u201eGreito tempo, nepaisantis rib\u0173&#8230; ver\u010diantis susim\u0105styti, nors ir nemalonus skaitinys.\u201c \u2013 \u201eFinancial Times\u201c<\/em><\/p>\n<p><strong>Apie autor\u0119<\/strong><\/p>\n<p><em>JAV ra\u0161ytoja ir \u017eurnalist\u0117 Abigail Shrier yra \u201eNew York Times\u201c bestselerio ir tarptautinio bestselerio \u201eBloga terapija. Kod\u0117l vaikai nesuauga?\u201c (2024) autor\u0117. 2021 metais ji gavo Barbaros Olson apdovanojim\u0105 u\u017e i\u0161skirtin\u0119 nepriklausom\u0105 \u017eurnalistik\u0105.<\/em><\/p>\n<p><em>Jos ankstesn\u012f \u0161alies bestseler\u012f \u201eNepataisoma \u017eala. Transgenderizmo manija, suved\u017eiojanti m\u016bs\u0173 dukras\u201c (2020) \u201eThe Economist\u201c ir \u201eThe Times\u201c (Londonas) pripa\u017eino \u201eGeriausia knyga\u201c. Shrier knygos i\u0161verstos \u012f septyniolika kalb\u0173.<\/em><\/p>\n<p><em>Ra\u0161ytoja baig\u0117 humanitarini\u0173 moksl\u0173 bakalauro studijas Kolumbijos koled\u017ee ir gavo Eurettos J. Kellet stipendij\u0105; v\u0117liau baig\u0117 filosofijos bakalauro studijas Oksfordo universitete ir teis\u0117s studijas Jeilio teis\u0117s mokykloje.<\/em><\/p>","protected":false},"excerpt":{"rendered":"<p>\u201eBloga terapija\u201c \u2013 bestselerio \u201eNepataisoma \u017eala\u201c autor\u0117s tyrimas apie psichikos sveikatos pramon\u0119, kuri kenkia Amerikos vaikams, o ne juos gydo.<\/p>\n<p>Z kartos psichikos sveikata anaiptol ned\u017eiugina. Kone pagal visus rodiklius ji prastesn\u0117 u\u017e mums \u012fprast\u0105 standart\u0105 \u2013 ir tai keista. Juk b\u016btent \u0161i\u0173 jaunuoli\u0173 psichologiniais ir emociniais poreikiais buvo r\u016bpinamasi kur kas labiau nei daugelio ankstesni\u0173 kart\u0173.<\/p>\n<p>Populiari tiriamosios krypties \u017eurnalist\u0117 Abigail Shrier tvirtina, kad problema \u2013 ne vaikai, o psichikos sveikatos ekspertai. \u0160imtai pokalbi\u0173 su vaik\u0173 psichologais, t\u0117vais, mokytojais, jaunuoliais \u2013 ne tik i\u0161 Amerikos, bet ir i\u0161 viso pasaulio \u2013 pad\u0117jo Shrier i\u0161siai\u0161kinti, kad psichikos sveikatos pramon\u0117 kei\u010dia tai, kaip mes mokome, gydome, drausminame savo at\u017ealas \u2013 ir netgi kaip su jais kalbam\u0117s.<\/p>\n<p>Psichoterapija, tinkamai taikoma vaikams, turintiems rimt\u0173 problem\u0173, gali i\u0161gelb\u0117ti j\u0173 gyvyb\u0119, bet atsitiktiniam vaikui gydymas veikiau bus \u017ealingas. Kod\u0117l? K\u0105 bloga gali padaryti psichikos sveikatos prevencija, specialist\u0173 taikomi konflikt\u0173 sprendimo, emocin\u0117s savijautos steb\u0117senos metodai? Autor\u0117 ai\u0161kiai atsako \u012f \u0161iuos klausimus, tad \u201eBloga terapija\u201c \u2013 b\u016btinas skaitinys visiems, kuriems kyla klausim\u0173, kod\u0117l pastangos palaikyti vaikus da\u017enai neduoda laukt\u0173 rezultat\u0173.<\/p>\n<p>Apie autor\u0119 Abigail Shrier, knyg\u0105 \u201eBloga terapija\u201c ir kitus \u017eurnalist\u0117s tyriminius darbus skaityti <em><strong><a href=\"https:\/\/leidyklahelios.lt\/en\/apzvalgos\/psichoterapija-knygas-siule-uzdrausti\/\">\u010dia<\/a><\/strong><\/em><\/p>\n<p>&nbsp;<\/p>","protected":false},"featured_media":4757,"template":"","meta":{"site-sidebar-layout":"default","site-content-layout":"","ast-site-content-layout":"default","site-content-style":"default","site-sidebar-style":"default","ast-global-header-display":"","ast-banner-title-visibility":"","ast-main-header-display":"","ast-hfb-above-header-display":"","ast-hfb-below-header-display":"","ast-hfb-mobile-header-display":"","site-post-title":"","ast-breadcrumbs-content":"","ast-featured-img":"","footer-sml-layout":"","ast-disable-related-posts":"","theme-transparent-header-meta":"default","adv-header-id-meta":"","stick-header-meta":"default","header-above-stick-meta":"","header-main-stick-meta":"","header-below-stick-meta":"","astra-migrate-meta-layouts":"set","ast-page-background-enabled":"default","ast-page-background-meta":{"desktop":{"background-color":"","background-image":"","background-repeat":"repeat","background-position":"center center","background-size":"auto","background-attachment":"scroll","background-type":"","background-media":"","overlay-type":"","overlay-color":"","overlay-opacity":"","overlay-gradient":""},"tablet":{"background-color":"","background-image":"","background-repeat":"repeat","background-position":"center center","background-size":"auto","background-attachment":"scroll","background-type":"","background-media":"","overlay-type":"","overlay-color":"","overlay-opacity":"","overlay-gradient":""},"mobile":{"background-color":"","background-image":"","background-repeat":"repeat","background-position":"center center","background-size":"auto","background-attachment":"scroll","background-type":"","background-media":"","overlay-type":"","overlay-color":"","overlay-opacity":"","overlay-gradient":""}},"ast-content-background-meta":{"desktop":{"background-color":"var(--ast-global-color-5)","background-image":"","background-repeat":"repeat","background-position":"center center","background-size":"auto","background-attachment":"scroll","background-type":"","background-media":"","overlay-type":"","overlay-color":"","overlay-opacity":"","overlay-gradient":""},"tablet":{"background-color":"var(--ast-global-color-5)","background-image":"","background-repeat":"repeat","background-position":"center center","background-size":"auto","background-attachment":"scroll","background-type":"","background-media":"","overlay-type":"","overlay-color":"","overlay-opacity":"","overlay-gradient":""},"mobile":{"background-color":"var(--ast-global-color-5)","background-image":"","background-repeat":"repeat","background-position":"center center","background-size":"auto","background-attachment":"scroll","background-type":"","background-media":"","overlay-type":"","overlay-color":"","overlay-opacity":"","overlay-gradient":""}}},"product_brand":[],"product_cat":[76],"product_tag":[],"class_list":{"0":"post-4756","1":"product","2":"type-product","3":"status-publish","4":"has-post-thumbnail","6":"product_cat-negrozine-literatura","7":"desktop-align-left","8":"tablet-align-left","9":"mobile-align-left","10":"ast-product-gallery-layout-horizontal","11":"ast-product-gallery-with-no-image","12":"ast-product-tabs-layout-horizontal","14":"first","15":"instock","16":"sale","17":"taxable","18":"shipping-taxable","19":"purchasable","20":"product-type-simple"},"_links":{"self":[{"href":"https:\/\/leidyklahelios.lt\/en\/wp-json\/wp\/v2\/product\/4756","targetHints":{"allow":["GET"]}}],"collection":[{"href":"https:\/\/leidyklahelios.lt\/en\/wp-json\/wp\/v2\/product"}],"about":[{"href":"https:\/\/leidyklahelios.lt\/en\/wp-json\/wp\/v2\/types\/product"}],"version-history":[{"count":5,"href":"https:\/\/leidyklahelios.lt\/en\/wp-json\/wp\/v2\/product\/4756\/revisions"}],"predecessor-version":[{"id":6248,"href":"https:\/\/leidyklahelios.lt\/en\/wp-json\/wp\/v2\/product\/4756\/revisions\/6248"}],"wp:featuredmedia":[{"embeddable":true,"href":"https:\/\/leidyklahelios.lt\/en\/wp-json\/wp\/v2\/media\/4757"}],"wp:attachment":[{"href":"https:\/\/leidyklahelios.lt\/en\/wp-json\/wp\/v2\/media?parent=4756"}],"wp:term":[{"taxonomy":"product_brand","embeddable":true,"href":"https:\/\/leidyklahelios.lt\/en\/wp-json\/wp\/v2\/product_brand?post=4756"},{"taxonomy":"product_cat","embeddable":true,"href":"https:\/\/leidyklahelios.lt\/en\/wp-json\/wp\/v2\/product_cat?post=4756"},{"taxonomy":"product_tag","embeddable":true,"href":"https:\/\/leidyklahelios.lt\/en\/wp-json\/wp\/v2\/product_tag?post=4756"}],"curies":[{"name":"wp","href":"https:\/\/api.w.org\/{rel}","templated":true}]}}