{"id":5038,"date":"2025-03-21T15:14:36","date_gmt":"2025-03-21T13:14:36","guid":{"rendered":"https:\/\/leidyklahelios.lt\/?post_type=product&#038;p=5038"},"modified":"2026-03-23T19:10:31","modified_gmt":"2026-03-23T17:10:31","slug":"kakas-ant-tako-ir-ka-jis-tau-pasako","status":"publish","type":"product","link":"https:\/\/leidyklahelios.lt\/en\/product\/kakas-ant-tako-ir-ka-jis-tau-pasako\/","title":{"rendered":"KAKAS ANT TAKO <br>ir k\u0105 jis tau pasako"},"content":{"rendered":"<h4>\u201eKakas ant tako ir k\u0105 jis tau pasako\u201c<\/h4>\n<p>\u201eKakas ant tako ir k\u0105 jis tau pasako\u201c tai knyga visai \u0161eimai. Kiekvienas i\u0161\u0117jimas \u012f lauk\u0105 gali tapti tikru nuotykiu! Knygos pagalba, gal\u0117site kartu tyrin\u0117ti gamt\u0105, ie\u0161koti gyv\u016bn\u0173 palikt\u0173 p\u0117dsak\u0173 ir sp\u0117lioti kieno jie.<\/p>\n<p>Buv\u0119s pradini\u0173 klasi\u0173 mokytojas Andy SEEDAS (64) \u017eino, kaip i\u0161vesti vaikus \u012f lauk\u0105. Pavyzd\u017eiui, paki\u0161us jiems tikr\u0105 kak\u0105. Nerodykite \u0161ios knygos vaikams ar an\u016bkams, jei nenorite, kad jie nusigr\u0119\u017et\u0173 nuo ekran\u0173 ir pareikalaut\u0173 i\u0161vykos \u012f mi\u0161k\u0105&#8230; <strong><em><a href=\"https:\/\/leidyklahelios.lt\/en\/apzvalgos\/ar-smaiksti-knyga-apie-kaka-atitrauks-vaikus-nuo-ekranu-ir-isves-juos-i-lauka\/\">SKAITYTI TOLIAU<\/a><\/em><\/strong><\/p>\n<p>&nbsp;<\/p>","protected":false},"excerpt":{"rendered":"<p>Jei kada nors, rad\u0119s paslaptingus gyv\u016bn\u0173 p\u0117dsakus apsnigtame mi\u0161ke ar dumble pasteb\u0117j\u0119s p\u0117dos \u012fspaud\u0105, susidom\u0117jai, kas \u010dia buvo ir k\u0105 veik\u0117, \u0161i knyga kaip tik tau. Kad ir kur keliaut\u0173 laukiniai gyv\u016bnai \u2013 visur jie palieka \u017eymi\u0173. Tai gali b\u016bti maisto liku\u010diai, urvelis \u017eem\u0117je, gaur\u0173 kuok\u0161tas, o kartais ir kr\u016bvel\u0117 i\u0161mat\u0173. Knyga \u201eKakas ant tako ir k\u0105 jis tau pasako\u201c tave i\u0161mokys perprasti tuos \u017eenklus, pasteb\u0117ti kitus gyv\u016bn\u0173 veiklos po\u017eymius ir tapti \u012fgudusiu gamtos detektyvu, geban\u010diu sekti bet kokiais laukin\u0117je gamtoje aptiktais p\u0117dsakais.<\/p>\n<p>O jais sekdamas daug su\u017einosi apie pa\u010dius gyv\u016bnus \u2013 nuo ma\u017eu\u010di\u0173 vik\u0161r\u0173 iki mil\u017eini\u0161k\u0173, \u017eem\u0119 \u017eingsniais drebinan\u010di\u0173 Afrikos \u017einduoli\u0173. I\u0161moksi atpa\u017einti ir daugyb\u0119 pauk\u0161\u010di\u0173, vabzd\u017ei\u0173, ropli\u0173 bei kit\u0173 gyvi\u0173, o turb\u016bt geriausia tai, kad patirsi smag\u0173 nuotyk\u012f!<\/p>","protected":false},"featured_media":5039,"template":"","meta":{"site-sidebar-layout":"default","site-content-layout":"","ast-site-content-layout":"default","site-content-style":"default","site-sidebar-style":"default","ast-global-header-display":"","ast-banner-title-visibility":"","ast-main-header-display":"","ast-hfb-above-header-display":"","ast-hfb-below-header-display":"","ast-hfb-mobile-header-display":"","site-post-title":"","ast-breadcrumbs-content":"","ast-featured-img":"","footer-sml-layout":"","ast-disable-related-posts":"","theme-transparent-header-meta":"default","adv-header-id-meta":"","stick-header-meta":"default","header-above-stick-meta":"","header-main-stick-meta":"","header-below-stick-meta":"","astra-migrate-meta-layouts":"set","ast-page-background-enabled":"default","ast-page-background-meta":{"desktop":{"background-color":"","background-image":"","background-repeat":"repeat","background-position":"center center","background-size":"auto","background-attachment":"scroll","background-type":"","background-media":"","overlay-type":"","overlay-color":"","overlay-opacity":"","overlay-gradient":""},"tablet":{"background-color":"","background-image":"","background-repeat":"repeat","background-position":"center center","background-size":"auto","background-attachment":"scroll","background-type":"","background-media":"","overlay-type":"","overlay-color":"","overlay-opacity":"","overlay-gradient":""},"mobile":{"background-color":"","background-image":"","background-repeat":"repeat","background-position":"center center","background-size":"auto","background-attachment":"scroll","background-type":"","background-media":"","overlay-type":"","overlay-color":"","overlay-opacity":"","overlay-gradient":""}},"ast-content-background-meta":{"desktop":{"background-color":"var(--ast-global-color-5)","background-image":"","background-repeat":"repeat","background-position":"center center","background-size":"auto","background-attachment":"scroll","background-type":"","background-media":"","overlay-type":"","overlay-color":"","overlay-opacity":"","overlay-gradient":""},"tablet":{"background-color":"var(--ast-global-color-5)","background-image":"","background-repeat":"repeat","background-position":"center center","background-size":"auto","background-attachment":"scroll","background-type":"","background-media":"","overlay-type":"","overlay-color":"","overlay-opacity":"","overlay-gradient":""},"mobile":{"background-color":"var(--ast-global-color-5)","background-image":"","background-repeat":"repeat","background-position":"center center","background-size":"auto","background-attachment":"scroll","background-type":"","background-media":"","overlay-type":"","overlay-color":"","overlay-opacity":"","overlay-gradient":""}}},"product_brand":[],"product_cat":[78],"product_tag":[81],"class_list":{"0":"post-5038","1":"product","2":"type-product","3":"status-publish","4":"has-post-thumbnail","6":"product_cat-vaiku-literatura","7":"product_tag-bestseleriai","8":"desktop-align-left","9":"tablet-align-left","10":"mobile-align-left","11":"ast-product-gallery-layout-horizontal","12":"ast-product-gallery-with-no-image","13":"ast-product-tabs-layout-horizontal","15":"first","16":"outofstock","17":"taxable","18":"shipping-taxable","19":"purchasable","20":"product-type-simple"},"_links":{"self":[{"href":"https:\/\/leidyklahelios.lt\/en\/wp-json\/wp\/v2\/product\/5038","targetHints":{"allow":["GET"]}}],"collection":[{"href":"https:\/\/leidyklahelios.lt\/en\/wp-json\/wp\/v2\/product"}],"about":[{"href":"https:\/\/leidyklahelios.lt\/en\/wp-json\/wp\/v2\/types\/product"}],"version-history":[{"count":5,"href":"https:\/\/leidyklahelios.lt\/en\/wp-json\/wp\/v2\/product\/5038\/revisions"}],"predecessor-version":[{"id":6211,"href":"https:\/\/leidyklahelios.lt\/en\/wp-json\/wp\/v2\/product\/5038\/revisions\/6211"}],"wp:featuredmedia":[{"embeddable":true,"href":"https:\/\/leidyklahelios.lt\/en\/wp-json\/wp\/v2\/media\/5039"}],"wp:attachment":[{"href":"https:\/\/leidyklahelios.lt\/en\/wp-json\/wp\/v2\/media?parent=5038"}],"wp:term":[{"taxonomy":"product_brand","embeddable":true,"href":"https:\/\/leidyklahelios.lt\/en\/wp-json\/wp\/v2\/product_brand?post=5038"},{"taxonomy":"product_cat","embeddable":true,"href":"https:\/\/leidyklahelios.lt\/en\/wp-json\/wp\/v2\/product_cat?post=5038"},{"taxonomy":"product_tag","embeddable":true,"href":"https:\/\/leidyklahelios.lt\/en\/wp-json\/wp\/v2\/product_tag?post=5038"}],"curies":[{"name":"wp","href":"https:\/\/api.w.org\/{rel}","templated":true}]}}