{"id":5052,"date":"2025-03-28T14:56:05","date_gmt":"2025-03-28T12:56:05","guid":{"rendered":"https:\/\/leidyklahelios.lt\/?post_type=product&#038;p=5052"},"modified":"2026-03-05T14:57:13","modified_gmt":"2026-03-05T12:57:13","slug":"jeff-benedict-lebronas","status":"publish","type":"product","link":"https:\/\/leidyklahelios.lt\/en\/product\/jeff-benedict-lebronas\/","title":{"rendered":"Jeff Benedict <br>LEBRONAS"},"content":{"rendered":"<h6><strong>Biografija \u201eLEBRONAS\u201c <\/strong><\/h6>\n<p><em>\u201eMeistri\u0161ka&#8230; \u012fsp\u016bdinga&#8230; Tai \u012ftraukianti knyga, kurioje daugyb\u0117 pasakojim\u0173 apie Jameso i\u0161gyventas patirtis. Joje meistri\u0161kai atskleid\u017eiamas portretas \u017emogaus, savo noru likusiu m\u012fsle, \u012fmenama tik tiems, kuriais jis nusprend\u0117 pasitik\u0117ti. J. Benedictas para\u0161\u0117 savoti\u0161k\u0105 sporto oper\u0105, kurstom\u0105 jos subjekt\u0105 supan\u010dios dramos ir emocij\u0173, bet nesivaikan\u010di\u0105 sensacij\u0173 ir melo&#8230;<\/em><\/p>\n<p><em>Did\u017eiausias autoriaus nuopelnas, ko gero, yra geb\u0117jimas prasiskverbti pro James\u0105 supan\u010di\u0105 visuomen\u0117s istorij\u0105 ir pa\u010dios super\u017evaig\u017ed\u0117s apsaugin\u012f lauk\u0105, kad nupie\u0161t\u0173 visavert\u012f \u017emogaus portret\u0105&#8230; \u201eLeBronas\u201c \u2013 tai ne tik puikus sporto ra\u0161inys, bet ir gyva pasakojamoji \u017eurnalistika.\u201c<br \/>\n<\/em><em><strong>\u2013\u00a0Chrisas Vognaras,\u00a0Los Angeles Times<\/strong><\/em><\/p>\n<p><em>\u201eI\u0161sami LeBrono Jameso biografija&#8230; [Skaitytojai] \u012fvertins J. Benedicto nuomon\u0119 apie tai, kaip smarkiai Jamesas pakeit\u0117 suvokim\u0105, k\u0105 rei\u0161kia b\u016bti \u0161iuolaikiniu sportininku.\u201c<br \/>\n<\/em><em><strong>\u2013\u00a0Associated Press<\/strong><\/em><\/p>\n<p><em>\u201e\u012ekvepianti\u2026 \u012etraukianti talento, charakterio, dr\u0105sos ir s\u0117km\u0117s kronika.\u201c<br \/>\n<\/em><em><strong>\u2013\u00a0Wall Street Journal<\/strong><\/em><\/p>\n<p><em>\u201eAutoritetinga biografija\u2026 Fantasti\u0161ka\u2026 Tokia gausi smulki\u0173 detali\u0173.\u201c<br \/>\n<\/em><em><strong>\u2013 Chrisas Mannixas,\u00a0Sports Illustrated<\/strong><\/em><\/p>\n<p><em>\u201eLeBronas\u00a0yra fantasti\u0161ka knyga. \u012etraukite \u012f savo s\u0105ra\u0161\u0105.\u201c<br \/>\n<\/em><em><strong>\u2013\u00a0Jon Bon Jovi<\/strong><\/em><\/p>\n<p><em>\u201eToks i\u0161samus pasakojimas ir kontekstas, kokio tiesiog neb\u016bna&#8230; Maniau, kad apie LeBron\u0105 \u017einau beveik visk\u0105, bet \u010dia radau smagi\u0173 detali\u0173 ir analiz\u0117s.\u201c<br \/>\n<\/em><em><strong>\u2013\u00a0Colinas Cowherdas<\/strong><\/em><\/p>\n<p><em>\u201e\u012etraukianti&#8230; \u0160iame autoritetingame pasakojime sportininko gyvenimas perteikiamas \u017eaviai ir i\u0161samiai&#8230; Net i\u0161tikimi gerb\u0117jai perskait\u0119 knyg\u0105 geriau supras super\u017evaig\u017ed\u0119.\u201c<br \/>\n<\/em><em><strong>\u2013\u00a0Publishers Weekly<\/strong><\/em><\/p>\n<p><em>\u201eLeBronas\u00a0yra pakankamai epinis portretas&#8230; Kruop\u0161\u010diai i\u0161ry\u0161kintas glaustu J. Benedicto stiliumi ir meistri\u0161kai sukurtomis scenomis&#8230; Autorius pateikia iki \u0161iol i\u0161samiausi\u0105 biografij\u0105, i\u0161ties tinkan\u010di\u0105 Karaliui.\u201c<br \/>\n<\/em><em><strong>\u2013\u00a0Booklist<\/strong><\/em><strong><em>\u00a0<\/em><\/strong><\/p>\n<p><strong>Apie autori\u0173<\/strong><\/p>\n<p>Jeffas Benedictas yra septyniolikos negro\u017ein\u0117s literat\u016bros knyg\u0173, tapusi\u0173 bestseleriais, autorius. Jis yra ir filmo bei televizijos laid\u0173 prodiuseris. #1\u00a0<em>New York Times<\/em>\u00a0bestselerio\u00a0<em>Tiger Woods <\/em>bendraautoris<em>.\u00a0<\/em>Pagal \u0161i\u0105 knyg\u0105 sukurtas<em> Emmy<\/em> nominacij\u0105 peln\u0119s HBO documentinis serialas\u00a0<em>Tiger<\/em>, kurio vykdomasis prodiuseris buvo J. Benedictas.<\/p>\n<p><em>The Dynasty,\u00a0New York Times <\/em>bestseleriu tapo <em>New England Patriots<\/em> komandos, kurioje \u017eaid\u0117 Robertas Kraftas, Billas Belichickas ir Tomas Brady, istorija. Pagal \u0161i\u0105 knyg\u0105 <em>Apple TV+ <\/em>kuriamas de\u0161imties dali\u0173 dokumentinis serialas, kur\u012f prodiusuoja J. Benedictas.<\/p>\n<p>Kritik\u0173 pripa\u017einta jo knyga <em>Poisoned<\/em> yra <em>Netflix<\/em> dokumentinio filmo, kur\u012f prodiusavo J. Benedictas, pagrindas. Pagal jo para\u0161yt\u0105 teisin\u012f triler\u012f <em>Little Pink House<\/em> pastatytas filmas, kuriame pagrindinius vaidmenis atliko Catherine Keener ir Jeanne Tripplehorn.<\/p>\n<p>J. Benedictas para\u0161\u0117 Steve\u02bco Youngo <em>New York Times <\/em>bestseleriu tapusi\u0105 autobiografij\u0105 QB, pagal kuri\u0105 <em>NFL Films<\/em> suk\u016br\u0117 dokumentin\u012f film\u0105. 2023 m. J. Benedictas para\u0161\u0117 LeBrono Jameso biografij\u0105.<\/p>\n","protected":false},"excerpt":{"rendered":"<p><strong>\u00a0\u201eLEBRONAS\u201c <em>NEW YORK TIMES<\/em><\/strong><strong> BESTSELERIS<\/strong><\/p>\n<p><strong>Bestseleri\u0173 <em>Dynasty<\/em> ir <em>Tiger Woods<\/em> autoriaus \u201eautoritetinga&#8230; fantasti\u0161ka\u201c (<em>Sports Illustrated<\/em>) krep\u0161inio super\u017evaig\u017ed\u0117s LeBrono Jameso biografija, paremta trejus metus trukusiais i\u0161samiais tyrimais ir daugiau kaip 250 interviu.<\/strong><\/p>\n<p>Lebronas vienas geriausi\u0173 XXI a. krep\u0161inink\u0173. Krep\u0161inio karalius, konkuruojantis su Michaelu Jordanu d\u0117l geriausio vis\u0173 laik\u0173 krep\u0161ininko titulo. \u0160i\u0105 kar\u016bn\u0105 jis ne\u0161ioja taip, tarsi b\u016bt\u0173 su ja gim\u0119s. Ta\u010diau kuo buvo gr\u012fstas kelias \u012f svaiginan\u010di\u0105 s\u0117km\u0119?<\/p>\n<p>LeBrono Jameso gyvenimas \u2013 Ch. Dickenso romanus primenanti drama. B\u016bsimasis krep\u0161ininkas gim\u0117 Akrone, Ohajo valstijoje. Mama jo susilauk\u0117 b\u016bdama \u0161e\u0161iolikos, tad sau ir s\u016bnui sukurti stabilaus gyvenimo jai nepavyko. Berniukas netur\u0117jo t\u0117vo, augo vieni\u0161as ir anaiptol nebuvo link\u0119s \u012f mokslus. Netur\u0117dama u\u017e ko u\u017esikabinti, motina sutiko leisti s\u016bnui metus pagyventi kitoje \u0161eimoje, kuri suteik\u0117 stabilumo ir \u012fdav\u0117 \u012f rankas krep\u0161inio kamuol\u012f.<\/p>\n<p>\u017dymiausias \u0161i\u0173 laik\u0173 sporto biografas Jeffas Benedictas pie\u0161ia ry\u0161k\u0173 LeBrono tapsmo paveiksl\u0105, atskleisdamas, kaip \u017evaig\u017ed\u0117, apsupta paaugli\u0173 draug\u0173 ir suaugusi\u0173 glob\u0117j\u0173, vidurin\u0117je mokykloje palaipsniui virsta skriejan\u010dia kometa.<\/p>\n<p>\u0160iandien LeBronas prodiusuoja Holivudo filmus ir televizijos laidas, socialin\u0117se medijose turi per \u0161imt\u0105 milijon\u0173 sek\u0117j\u0173, u\u017esiima politine veikla, atvirai smerkia rasizm\u0105 ir socialin\u0119 neteisyb\u0119, yra \u012f\u017evalgus filantropas, kei\u010diantis \u017emoni\u0173 gyvenimus. I\u0161 sutrikusio vaiko jis tapo mylimu Akrono didvyriu.<\/p>\n<p>J. Benedictas gilinasi \u012f LeBrono santyk\u012f su \u0161love ir galia: kaip krep\u0161ininkas j\u0105 augino, i\u0161naudojo, kaip nuo jos nukent\u0117jo ir kaip j\u0105 pasikink\u0117. \u0160iuose puslapiuose, be kita ko, stebime ir jo evoliucij\u0105 nuo politikos vengian\u010dio \u017eaid\u0117jo iki visuomenininko, bendradarbiavusio su prezidentu Baracku Obama, agitavusio u\u017e Hillary Clinton, kovotojo su smurtu, rasizmu ir rink\u0117j\u0173 teisi\u0173 ribojimu, atvirai konfliktavusio su prezidentu Donaldu Trumpu.<\/p>\n<h6>Daugiau apie Jameso Lebrono biografij\u0105 galite skaityti <a href=\"https:\/\/leidyklahelios.lt\/en\/apzvalgos\/lebrono-jameso-biografija\/\"><span style=\"text-decoration: underline;\"><em>\u010dia<\/em><\/span><\/a>.<\/h6>\n<p>&nbsp;<\/p>","protected":false},"featured_media":5053,"template":"","meta":{"site-sidebar-layout":"default","site-content-layout":"","ast-site-content-layout":"default","site-content-style":"default","site-sidebar-style":"default","ast-global-header-display":"","ast-banner-title-visibility":"","ast-main-header-display":"","ast-hfb-above-header-display":"","ast-hfb-below-header-display":"","ast-hfb-mobile-header-display":"","site-post-title":"","ast-breadcrumbs-content":"","ast-featured-img":"","footer-sml-layout":"","ast-disable-related-posts":"","theme-transparent-header-meta":"default","adv-header-id-meta":"","stick-header-meta":"default","header-above-stick-meta":"","header-main-stick-meta":"","header-below-stick-meta":"","astra-migrate-meta-layouts":"set","ast-page-background-enabled":"default","ast-page-background-meta":{"desktop":{"background-color":"","background-image":"","background-repeat":"repeat","background-position":"center center","background-size":"auto","background-attachment":"scroll","background-type":"","background-media":"","overlay-type":"","overlay-color":"","overlay-opacity":"","overlay-gradient":""},"tablet":{"background-color":"","background-image":"","background-repeat":"repeat","background-position":"center center","background-size":"auto","background-attachment":"scroll","background-type":"","background-media":"","overlay-type":"","overlay-color":"","overlay-opacity":"","overlay-gradient":""},"mobile":{"background-color":"","background-image":"","background-repeat":"repeat","background-position":"center center","background-size":"auto","background-attachment":"scroll","background-type":"","background-media":"","overlay-type":"","overlay-color":"","overlay-opacity":"","overlay-gradient":""}},"ast-content-background-meta":{"desktop":{"background-color":"var(--ast-global-color-5)","background-image":"","background-repeat":"repeat","background-position":"center center","background-size":"auto","background-attachment":"scroll","background-type":"","background-media":"","overlay-type":"","overlay-color":"","overlay-opacity":"","overlay-gradient":""},"tablet":{"background-color":"var(--ast-global-color-5)","background-image":"","background-repeat":"repeat","background-position":"center center","background-size":"auto","background-attachment":"scroll","background-type":"","background-media":"","overlay-type":"","overlay-color":"","overlay-opacity":"","overlay-gradient":""},"mobile":{"background-color":"var(--ast-global-color-5)","background-image":"","background-repeat":"repeat","background-position":"center center","background-size":"auto","background-attachment":"scroll","background-type":"","background-media":"","overlay-type":"","overlay-color":"","overlay-opacity":"","overlay-gradient":""}}},"product_brand":[],"product_cat":[76],"product_tag":[81],"class_list":{"0":"post-5052","1":"product","2":"type-product","3":"status-publish","4":"has-post-thumbnail","6":"product_cat-negrozine-literatura","7":"product_tag-bestseleriai","8":"desktop-align-left","9":"tablet-align-left","10":"mobile-align-left","11":"ast-product-gallery-layout-horizontal","12":"ast-product-gallery-with-no-image","13":"ast-product-tabs-layout-horizontal","15":"first","16":"instock","17":"sale","18":"taxable","19":"shipping-taxable","20":"purchasable","21":"product-type-simple"},"_links":{"self":[{"href":"https:\/\/leidyklahelios.lt\/en\/wp-json\/wp\/v2\/product\/5052","targetHints":{"allow":["GET"]}}],"collection":[{"href":"https:\/\/leidyklahelios.lt\/en\/wp-json\/wp\/v2\/product"}],"about":[{"href":"https:\/\/leidyklahelios.lt\/en\/wp-json\/wp\/v2\/types\/product"}],"version-history":[{"count":7,"href":"https:\/\/leidyklahelios.lt\/en\/wp-json\/wp\/v2\/product\/5052\/revisions"}],"predecessor-version":[{"id":7063,"href":"https:\/\/leidyklahelios.lt\/en\/wp-json\/wp\/v2\/product\/5052\/revisions\/7063"}],"wp:featuredmedia":[{"embeddable":true,"href":"https:\/\/leidyklahelios.lt\/en\/wp-json\/wp\/v2\/media\/5053"}],"wp:attachment":[{"href":"https:\/\/leidyklahelios.lt\/en\/wp-json\/wp\/v2\/media?parent=5052"}],"wp:term":[{"taxonomy":"product_brand","embeddable":true,"href":"https:\/\/leidyklahelios.lt\/en\/wp-json\/wp\/v2\/product_brand?post=5052"},{"taxonomy":"product_cat","embeddable":true,"href":"https:\/\/leidyklahelios.lt\/en\/wp-json\/wp\/v2\/product_cat?post=5052"},{"taxonomy":"product_tag","embeddable":true,"href":"https:\/\/leidyklahelios.lt\/en\/wp-json\/wp\/v2\/product_tag?post=5052"}],"curies":[{"name":"wp","href":"https:\/\/api.w.org\/{rel}","templated":true}]}}