{"id":5334,"date":"2025-05-22T16:38:51","date_gmt":"2025-05-22T13:38:51","guid":{"rendered":"https:\/\/leidyklahelios.lt\/?post_type=product&#038;p=5334"},"modified":"2026-03-05T14:56:32","modified_gmt":"2026-03-05T12:56:32","slug":"hal-urban-geru-naujienu-galia","status":"publish","type":"product","link":"https:\/\/leidyklahelios.lt\/en\/product\/hal-urban-geru-naujienu-galia\/","title":{"rendered":"Hal Urban <br>GER\u0172 NAUJIEN\u0172 GALIA"},"content":{"rendered":"<p><em>Knygoje <\/em>\u201eGer\u0173 naujien\u0173 galia\u201c <em>nesakoma, kad tur\u0117tum\u0117te b\u016bti laimingi vis\u0105 laik\u0105.<\/em><\/p>\n<p><em>Arba kad kiekvien\u0105 dien\u0105 tur\u0117tum\u0117te \u0161ypsotis.<\/em><\/p>\n<p><em>Vis d\u0117lto daug kas priklauso nuo j\u016bs\u0173:<\/em><\/p>\n<p><em>\u2013 S\u0105moningai rinkit\u0117s gaunam\u0105 informacij\u0105!<\/em><\/p>\n<p><em>Tai daro ne\u012ftik\u0117tin\u0105 poveik\u012f j\u016bs\u0173 gyvenimui.<\/em><\/p>\n<p><em>\u2013 Kurkite ir palaikykite prasmingus santykius!<\/em><\/p>\n<p><em>Jie yra j\u016bs\u0173 emocin\u0117 atrama.<\/em><\/p>\n<p><em>\u2013 Teigiamas po\u017ei\u016bris yra svarbiausias gyvenimo variklis!<\/em><\/p>\n<p><em>O jis priklauso nuo m\u016bs\u0173 pa\u010di\u0173.<\/em><\/p>\n<p><em>\u2013 Pasteb\u0117kite jus supan\u010dius nuo\u0161ird\u017eius \u017emones, vertinkite prasmingus santykius, laisv\u0119 ir pan.<\/em><\/p>\n<p><em>\u2013 Nors tai galb\u016bt skamba ir kiek keistai, b\u016bkite d\u0117kingi!<\/em><\/p>\n<p><em>Tai teikia d\u017eiaugsm\u0105 ir pasitenkinim\u0105.<\/em><\/p>\n<p><em>Kontroliuokite savo gyvenim\u0105!<\/em><\/p>\n<p><strong>Apie autori\u0173<\/strong><\/p>\n<p>Halas Urbanas, kurio seneliai i\u0161 t\u0117vo pus\u0117s kil\u0119 i\u0161 Lietuvos, trisde\u0161imt \u0161e\u0161erius metus dirbo mokytoju San Karloso ir Vudsaido gimnazijose ir d\u0117st\u0117 savo <em>alma mater<\/em> \u2013 San Fransisko universitete. Jis para\u0161\u0117 a\u0161tuonias knygas apie gero charakterio svarb\u0105 gyvenime. <em>Writer<\/em><em>\u02bc<\/em><em>s Digest<\/em> jo pirm\u0105j\u0105 knyg\u0105 \u201eDid\u017eiosios gyvenimo pamokos\u201c titulavo labiausiai \u012fkvepian\u010dia met\u0173 knyga.<\/p>\n<p>Halas Urbanas San Fransisko universitete baig\u0117 istorijos bakalauro bei magistro studijas ir \u012fgijo ugdymo daktaro laipsn\u012f. Taip pat Stanfordo universitete baig\u0117 podiplomines maksimali\u0173 pasiekim\u0173 psichologijos studijas.<\/p>","protected":false},"excerpt":{"rendered":"<p>\u017diniasklaidos polinkis susitelkti \u012f konfliktines, smurtines ir skaldan\u010dias istorijas kenkia j\u016bs\u0173 sveikatai. Halas Urbanas moko atrasti mus supan\u010dius pozityvius ir \u012fkvepian\u010dius dalykus.<\/p>\n<p>Knygoje \u201eGer\u0173 naujien\u0173 galia\u201c Halas Urbanas teigia, kad galime pen\u0117ti savo prot\u0105 taip pat, kaip penime k\u016bn\u0105 \u2013 rinkdamiesi gaunam\u0105 informacij\u0105. H. Urbanas ai\u0161kina, kod\u0117l neuromokslo ir ekonomikos veikiama \u017einiasklaida \u2013 kair\u0117s, de\u0161in\u0117s ir centro pakraipos \u2013 daugiausia susitelkia \u012f negatyvias istorijas. Jis apra\u0161o neigiam\u0105 to poveik\u012f m\u016bs\u0173 psichikos sveikatai, ta\u010diau nesi\u016blo ignoruoti t\u0173 istorij\u0173, o tiesiog rinktis \u012fvairesn\u0119 mityb\u0105.<\/p>\n<p>Visame pasaulyje gausu pa\u017eangos \u017eenkl\u0173 ir geros valios iniciatyv\u0173, jeigu tik \u017einome, kur ie\u0161koti. M\u016bs\u0173 gyvenime irgi daug pozityvi\u0173 dalyk\u0173 \u2013 \u0161eima, draugai, gro\u017eis, kilnumas ir pa\u017eanga,\u00a0ta\u010diau labai da\u017enai nepakankamai juos vertiname. Si\u016blydamas per trisde\u0161imt \u0161e\u0161erius mokytojo darbo metus i\u0161bandytus metodus H. Urbanas padeda skaitytojams tapti s\u0105moningais informacijos vartotojais \u2013 atsirinkti jos \u0161altinius kaip maisto produkt\u0173 grupes.<\/p>\n<h6>Skaitykite daugiau apie mokytoj\u0105 Hal\u0105 Urban\u0105 ir knyg\u0105 \u201eGer\u0173 naujien\u0173 galia\u201c <em><span style=\"text-decoration: underline;\"><a href=\"https:\/\/leidyklahelios.lt\/en\/apzvalgos\/mokytojas-nutinka-geroms-naujienoms\/\">\u010dia<\/a><\/span><\/em>.<\/h6>","protected":false},"featured_media":5336,"template":"","meta":{"site-sidebar-layout":"default","site-content-layout":"","ast-site-content-layout":"default","site-content-style":"default","site-sidebar-style":"default","ast-global-header-display":"","ast-banner-title-visibility":"","ast-main-header-display":"","ast-hfb-above-header-display":"","ast-hfb-below-header-display":"","ast-hfb-mobile-header-display":"","site-post-title":"","ast-breadcrumbs-content":"","ast-featured-img":"","footer-sml-layout":"","ast-disable-related-posts":"","theme-transparent-header-meta":"default","adv-header-id-meta":"","stick-header-meta":"default","header-above-stick-meta":"","header-main-stick-meta":"","header-below-stick-meta":"","astra-migrate-meta-layouts":"set","ast-page-background-enabled":"default","ast-page-background-meta":{"desktop":{"background-color":"","background-image":"","background-repeat":"repeat","background-position":"center center","background-size":"auto","background-attachment":"scroll","background-type":"","background-media":"","overlay-type":"","overlay-color":"","overlay-opacity":"","overlay-gradient":""},"tablet":{"background-color":"","background-image":"","background-repeat":"repeat","background-position":"center center","background-size":"auto","background-attachment":"scroll","background-type":"","background-media":"","overlay-type":"","overlay-color":"","overlay-opacity":"","overlay-gradient":""},"mobile":{"background-color":"","background-image":"","background-repeat":"repeat","background-position":"center center","background-size":"auto","background-attachment":"scroll","background-type":"","background-media":"","overlay-type":"","overlay-color":"","overlay-opacity":"","overlay-gradient":""}},"ast-content-background-meta":{"desktop":{"background-color":"var(--ast-global-color-5)","background-image":"","background-repeat":"repeat","background-position":"center center","background-size":"auto","background-attachment":"scroll","background-type":"","background-media":"","overlay-type":"","overlay-color":"","overlay-opacity":"","overlay-gradient":""},"tablet":{"background-color":"var(--ast-global-color-5)","background-image":"","background-repeat":"repeat","background-position":"center center","background-size":"auto","background-attachment":"scroll","background-type":"","background-media":"","overlay-type":"","overlay-color":"","overlay-opacity":"","overlay-gradient":""},"mobile":{"background-color":"var(--ast-global-color-5)","background-image":"","background-repeat":"repeat","background-position":"center center","background-size":"auto","background-attachment":"scroll","background-type":"","background-media":"","overlay-type":"","overlay-color":"","overlay-opacity":"","overlay-gradient":""}}},"product_brand":[],"product_cat":[76],"product_tag":[],"class_list":{"0":"post-5334","1":"product","2":"type-product","3":"status-publish","4":"has-post-thumbnail","6":"product_cat-negrozine-literatura","7":"desktop-align-left","8":"tablet-align-left","9":"mobile-align-left","10":"ast-product-gallery-layout-horizontal","11":"ast-product-gallery-with-no-image","12":"ast-product-tabs-layout-horizontal","14":"first","15":"instock","16":"sale","17":"taxable","18":"shipping-taxable","19":"purchasable","20":"product-type-simple"},"_links":{"self":[{"href":"https:\/\/leidyklahelios.lt\/en\/wp-json\/wp\/v2\/product\/5334","targetHints":{"allow":["GET"]}}],"collection":[{"href":"https:\/\/leidyklahelios.lt\/en\/wp-json\/wp\/v2\/product"}],"about":[{"href":"https:\/\/leidyklahelios.lt\/en\/wp-json\/wp\/v2\/types\/product"}],"version-history":[{"count":8,"href":"https:\/\/leidyklahelios.lt\/en\/wp-json\/wp\/v2\/product\/5334\/revisions"}],"predecessor-version":[{"id":6174,"href":"https:\/\/leidyklahelios.lt\/en\/wp-json\/wp\/v2\/product\/5334\/revisions\/6174"}],"wp:featuredmedia":[{"embeddable":true,"href":"https:\/\/leidyklahelios.lt\/en\/wp-json\/wp\/v2\/media\/5336"}],"wp:attachment":[{"href":"https:\/\/leidyklahelios.lt\/en\/wp-json\/wp\/v2\/media?parent=5334"}],"wp:term":[{"taxonomy":"product_brand","embeddable":true,"href":"https:\/\/leidyklahelios.lt\/en\/wp-json\/wp\/v2\/product_brand?post=5334"},{"taxonomy":"product_cat","embeddable":true,"href":"https:\/\/leidyklahelios.lt\/en\/wp-json\/wp\/v2\/product_cat?post=5334"},{"taxonomy":"product_tag","embeddable":true,"href":"https:\/\/leidyklahelios.lt\/en\/wp-json\/wp\/v2\/product_tag?post=5334"}],"curies":[{"name":"wp","href":"https:\/\/api.w.org\/{rel}","templated":true}]}}