{"id":5387,"date":"2025-06-03T11:16:37","date_gmt":"2025-06-03T08:16:37","guid":{"rendered":"https:\/\/leidyklahelios.lt\/?post_type=product&#038;p=5387"},"modified":"2026-03-18T18:00:30","modified_gmt":"2026-03-18T16:00:30","slug":"juan-gomez-jurado-raudonoji-karaliene","status":"publish","type":"product","link":"https:\/\/leidyklahelios.lt\/en\/product\/juan-gomez-jurado-raudonoji-karaliene\/","title":{"rendered":"Juan G\u00f3mez-Jurado <br>RAUDONOJI KARALIEN\u0116"},"content":{"rendered":"<div data-elementor-type=\"product-post\" data-elementor-id=\"5387\" class=\"elementor elementor-5387\" data-elementor-post-type=\"product\">\n\t\t\t\t\t\t<section class=\"elementor-section elementor-top-section elementor-element elementor-element-6d8c43b4 elementor-section-boxed elementor-section-height-default elementor-section-height-default\" data-id=\"6d8c43b4\" data-element_type=\"section\" data-e-type=\"section\">\n\t\t\t\t\t\t<div class=\"elementor-container elementor-column-gap-default\">\n\t\t\t\t\t<div class=\"elementor-column elementor-col-100 elementor-top-column elementor-element elementor-element-525b091b\" data-id=\"525b091b\" data-element_type=\"column\" data-e-type=\"column\">\n\t\t\t<div class=\"elementor-widget-wrap elementor-element-populated\">\n\t\t\t\t\t\t<div class=\"elementor-element elementor-element-8f3923c elementor-widget elementor-widget-text-editor\" data-id=\"8f3923c\" data-element_type=\"widget\" data-e-type=\"widget\" data-widget_type=\"text-editor.default\">\n\t\t\t\t<div class=\"elementor-widget-container\">\n\t\t\t\t\t\t\t\t\t<p><em>\u201eSkaitytojai neatsispirs Antonijai Skot. \u0160is persona\u017eas, be jokios abejon\u0117s, yra geriausia, kas tarptautiniu mastu nutiko trilerio \u017eanrui per pastaruosius de\u0161imt\u012f met\u0173.\u201c<\/em><\/p><p><em>\u2014 <\/em><em>ABC<\/em><\/p><p><em>\u201eJuano G\u00f3mez-Jurado knygas skaito keturiasde\u0161imtyje \u0161ali\u0173, j\u0173 buvo parduota milijonai. Pasim\u0117gaukite ir skaitykite kaip pa\u0161\u0117l\u0119.\u201c <\/em><\/p><p><em>\u2014 El Pa\u00eds<\/em><\/p><p><em>\u00a0<\/em><em>\u201eTai nuostabu \u2013 sud\u0117tinga istorija, \u017eaibi\u0161kas vyksmas, \u012ftaigus siu\u017eetas, kupinas netik\u0117t\u0173 pos\u016bki\u0173. Pasakojama skland\u017eia ir \u017eavinga kalba, palieka \u012fsp\u016bd\u012f ne\u012ftik\u0117tina persona\u017e\u0173 pora, ypa\u010d ypatingoji Antonia Skot. Knyga i\u0161skirtin\u0117 ir \u012ftraukianti.\u201c <\/em><\/p><p><em>\u2014 David Morrell, knygos \u201e\u017dmog\u017eudyst\u0117 yra menas\u201c ir kit\u0173 \u201eNew York Times\u201c bestseleri\u0173 autorius<\/em><\/p><p><em>\u00a0<\/em><em>\u201eGiliai \u012fkv\u0117pk prie\u0161 prad\u0117damas skaityti. V\u0117liau tam nebus laiko iki pat pabaigos.\u201c<\/em><\/p><p><em>\u2014 <\/em><em>Javier Sierra, ra\u0161ytojas ir \u017eurnalistas<\/em><\/p><p><strong>Apie autori\u0173<\/strong><\/p><p>Juanas G\u00f3mez-Jurado, gim\u0119s 1977 metais Madride, \u2013 \u017eurnalistas ir ra\u0161ytojas, trilerio \u017eanro virtuozas, ispan\u0173 literat\u016bros pasaulyje \u00a0\u012fsitvirtin\u0119s kaip vienas s\u0117kmingiausi\u0173 \u0161iuo metu gyvenan\u010di\u0173 ra\u0161ytoj\u0173.\u00a0 K\u016brybin\u012f keli\u0105 prad\u0117jo 2006-aisiais romanu <em>Esp\u00eda de Dios<\/em> (liet. \u201eDievo \u0161nipas\u201c). Ypa\u010d didel\u0117s s\u0117km\u0117s susilauk\u0117 jo romanai apie Antonij\u0105 Skot, o \u201eRaudonoji karalien\u0117\u201c\u00a0 (<em>Reina Roja<\/em>, 2018) \u2013\u00a0 populiariausias i\u0161 j\u0173.<\/p><p>Ra\u0161ytojo knygos jau i\u0161verstos daugiau nei \u012f 40 kalb\u0173. Jo k\u016bryb\u0105 kritikai apib\u016bdina kaip \u012fkvepian\u010di\u0105 ir kinematografi\u0161k\u0105, o pats Juanas G\u00f3mez-Jurado pripa\u017e\u012fsta niekada nesiek\u0119s literat\u016brin\u0117s rai\u0161kos auk\u0161tum\u0173: jis tiesiog ra\u0161o tai, k\u0105 pa\u010diam patikt\u0173 skaityti.<\/p><h6>Daugiau apie autori\u0173 ir jo k\u016brin\u012f su\u017einokite skaitydami jo <a href=\"https:\/\/leidyklahelios.lt\/en\/apzvalgos\/juano-gomezo-jurado-muzos-nelanko-bet-knygos-prikausto\/\"><em>interviu<\/em><\/a>.<\/h6>\t\t\t\t\t\t\t\t<\/div>\n\t\t\t\t<\/div>\n\t\t\t\t<div class=\"elementor-element elementor-element-6a4b270 elementor-widget elementor-widget-spacer\" data-id=\"6a4b270\" data-element_type=\"widget\" data-e-type=\"widget\" data-widget_type=\"spacer.default\">\n\t\t\t\t<div class=\"elementor-widget-container\">\n\t\t\t\t\t\t\t<div class=\"elementor-spacer\">\n\t\t\t<div class=\"elementor-spacer-inner\"><\/div>\n\t\t<\/div>\n\t\t\t\t\t\t<\/div>\n\t\t\t\t<\/div>\n\t\t\t\t\t<\/div>\n\t\t<\/div>\n\t\t\t\t\t<\/div>\n\t\t<\/section>\n\t\t\t\t<\/div>","protected":false},"excerpt":{"rendered":"<p>Antroji trilogijos \u201eRaudonoji karalien\u0117\u201c dalis <a href=\"https:\/\/leidyklahelios.lt\/en\/product\/juan-gomez-jurado-juodoji-vilke\/\"><em><strong>\u201eJuodoji vilk\u0117\u201c<\/strong><\/em><\/a> jau prekyboje!<\/p>\n<p><strong>TAU NETEKO PA\u017dINTI TOKIOS KAIP JI\u2026<\/strong><\/p>\n<p>\u201eRaudonoji karalien\u0117\u201c \u2013 knyga, prikaus\u010diusi daugiau nei 3 500 000 skaitytoj\u0173.<\/p>\n<p>Antonija Skot ypatinga. Labai ypatinga. Ji ne policijos pareig\u016bn\u0117 ir ne kriminalist\u0117. Niekada nelaik\u0117 rankose ginklo ir neseg\u0117jo \u017eenklelio, bet i\u0161tyr\u0117 de\u0161imtis nusikaltim\u0173. Ta\u010diau jau kur\u012f laik\u0105 Antonija nei\u0161eina i\u0161 savo mansardos Lavapjeso rajone. Dalykai, kuriuos prarado, jai r\u016bpi daug labiau, nei tie, kurie laukia u\u017e dur\u0173.<\/p>\n<p>Jonas Gutjeresas \u2013 policijos inspektorius. Nerangus, gera\u0161irdis, darbui atsidav\u0119s k\u016bnu ir siela. Tik \u0161tai \u2013 \u012fsiv\u0117l\u0119s \u012f rimt\u0105 problem\u0105. Jeigu neras i\u0161eities, pavojus gresia ne tik jo karjerai, bet ir laisvei. Situacija visai bevilti\u0161ka, bet pagalbos rank\u0105 i\u0161tiesia paslaptingas nepa\u017e\u012fstamasis. Be abejo, manais Jonui reik\u0117s \u0161\u012f t\u0105 nuveikti. Regis, tai visai nesunku.<\/p>\n<p>Antonija ir Jonas susitinka, kad i\u0161spr\u0119st\u0173 neeilin\u0119 byl\u0105. \u017dmog\u017eudyst\u0117, pagrobimas, o u\u017e viso to\u00a0\u2013 nusikalt\u0117lis prana\u0161o vardu. Ir paslaptis.<\/p>\n<p>Juan G\u00f3mez-Jurado \u201eRaudonoji karalien\u0117\u201c \u2013 greito tempo trileris apie paslaptis, vald\u017ei\u0105 ir ker\u0161to tro\u0161kim\u0105.<\/p>\n<h6>I\u0161skirtin\u012f autoriaus Juanas G\u00f3mez-Jurado interviu apie \u201eRaudonoj\u0105 karalien\u0105\u201c su LRT skaitykite <em><span style=\"text-decoration: underline;\"><strong><a href=\"https:\/\/www.lrt.lt\/naujienos\/kultura\/12\/2656739\/juano-gomezo-jurado-muzos-nelanko-bet-knygos-prikausto?srsltid=AfmBOoqWDfHLKzAHvhjLMmRdVidGWd4c26Wfc1ewjCFQCDH5UgGtSGHM\">\u010dia<\/a><\/strong><\/span><\/em><strong><a href=\"https:\/\/www.lrt.lt\/naujienos\/kultura\/12\/2656739\/juano-gomezo-jurado-muzos-nelanko-bet-knygos-prikausto?srsltid=AfmBOoqWDfHLKzAHvhjLMmRdVidGWd4c26Wfc1ewjCFQCDH5UgGtSGHM\">.<\/a><\/strong><\/h6>","protected":false},"featured_media":5402,"template":"","meta":{"site-sidebar-layout":"default","site-content-layout":"","ast-site-content-layout":"default","site-content-style":"default","site-sidebar-style":"default","ast-global-header-display":"","ast-banner-title-visibility":"","ast-main-header-display":"","ast-hfb-above-header-display":"","ast-hfb-below-header-display":"","ast-hfb-mobile-header-display":"","site-post-title":"","ast-breadcrumbs-content":"","ast-featured-img":"","footer-sml-layout":"","ast-disable-related-posts":"","theme-transparent-header-meta":"default","adv-header-id-meta":"","stick-header-meta":"default","header-above-stick-meta":"","header-main-stick-meta":"","header-below-stick-meta":"","astra-migrate-meta-layouts":"set","ast-page-background-enabled":"default","ast-page-background-meta":{"desktop":{"background-color":"","background-image":"","background-repeat":"repeat","background-position":"center center","background-size":"auto","background-attachment":"scroll","background-type":"","background-media":"","overlay-type":"","overlay-color":"","overlay-opacity":"","overlay-gradient":""},"tablet":{"background-color":"","background-image":"","background-repeat":"repeat","background-position":"center center","background-size":"auto","background-attachment":"scroll","background-type":"","background-media":"","overlay-type":"","overlay-color":"","overlay-opacity":"","overlay-gradient":""},"mobile":{"background-color":"","background-image":"","background-repeat":"repeat","background-position":"center center","background-size":"auto","background-attachment":"scroll","background-type":"","background-media":"","overlay-type":"","overlay-color":"","overlay-opacity":"","overlay-gradient":""}},"ast-content-background-meta":{"desktop":{"background-color":"var(--ast-global-color-5)","background-image":"","background-repeat":"repeat","background-position":"center center","background-size":"auto","background-attachment":"scroll","background-type":"","background-media":"","overlay-type":"","overlay-color":"","overlay-opacity":"","overlay-gradient":""},"tablet":{"background-color":"var(--ast-global-color-5)","background-image":"","background-repeat":"repeat","background-position":"center center","background-size":"auto","background-attachment":"scroll","background-type":"","background-media":"","overlay-type":"","overlay-color":"","overlay-opacity":"","overlay-gradient":""},"mobile":{"background-color":"var(--ast-global-color-5)","background-image":"","background-repeat":"repeat","background-position":"center center","background-size":"auto","background-attachment":"scroll","background-type":"","background-media":"","overlay-type":"","overlay-color":"","overlay-opacity":"","overlay-gradient":""}}},"product_brand":[],"product_cat":[77],"product_tag":[81],"class_list":{"0":"post-5387","1":"product","2":"type-product","3":"status-publish","4":"has-post-thumbnail","6":"product_cat-grozine-literatura","7":"product_tag-bestseleriai","8":"desktop-align-left","9":"tablet-align-left","10":"mobile-align-left","11":"ast-product-gallery-layout-horizontal","12":"ast-product-gallery-with-no-image","13":"ast-product-tabs-layout-horizontal","15":"first","16":"instock","17":"sale","18":"taxable","19":"shipping-taxable","20":"purchasable","21":"product-type-simple"},"_links":{"self":[{"href":"https:\/\/leidyklahelios.lt\/en\/wp-json\/wp\/v2\/product\/5387","targetHints":{"allow":["GET"]}}],"collection":[{"href":"https:\/\/leidyklahelios.lt\/en\/wp-json\/wp\/v2\/product"}],"about":[{"href":"https:\/\/leidyklahelios.lt\/en\/wp-json\/wp\/v2\/types\/product"}],"version-history":[{"count":20,"href":"https:\/\/leidyklahelios.lt\/en\/wp-json\/wp\/v2\/product\/5387\/revisions"}],"predecessor-version":[{"id":7414,"href":"https:\/\/leidyklahelios.lt\/en\/wp-json\/wp\/v2\/product\/5387\/revisions\/7414"}],"wp:featuredmedia":[{"embeddable":true,"href":"https:\/\/leidyklahelios.lt\/en\/wp-json\/wp\/v2\/media\/5402"}],"wp:attachment":[{"href":"https:\/\/leidyklahelios.lt\/en\/wp-json\/wp\/v2\/media?parent=5387"}],"wp:term":[{"taxonomy":"product_brand","embeddable":true,"href":"https:\/\/leidyklahelios.lt\/en\/wp-json\/wp\/v2\/product_brand?post=5387"},{"taxonomy":"product_cat","embeddable":true,"href":"https:\/\/leidyklahelios.lt\/en\/wp-json\/wp\/v2\/product_cat?post=5387"},{"taxonomy":"product_tag","embeddable":true,"href":"https:\/\/leidyklahelios.lt\/en\/wp-json\/wp\/v2\/product_tag?post=5387"}],"curies":[{"name":"wp","href":"https:\/\/api.w.org\/{rel}","templated":true}]}}