{"id":5497,"date":"2025-08-29T13:13:00","date_gmt":"2025-08-29T10:13:00","guid":{"rendered":"https:\/\/leidyklahelios.lt\/?post_type=product&#038;p=5497"},"modified":"2026-03-23T19:17:39","modified_gmt":"2026-03-23T17:17:39","slug":"sam-holland-megdziotojas","status":"publish","type":"product","link":"https:\/\/leidyklahelios.lt\/en\/product\/sam-holland-megdziotojas\/","title":{"rendered":"Sam Holland <br>M\u0116GD\u017dIOTOJAS"},"content":{"rendered":"<p><em>I\u0161skirtinis trileris, kupinas neeilin\u0117s \u012ftampos ir patraukiantis tikrovi\u0161komis veik\u0117j\u0173 reakcijomis \u012f siaubingus \u012fvykius<\/em>.<\/p>\n<p>\u2013Publishers Weekly<\/p>\n<p><em>Sam Holland romano siu\u017eetas i\u0161 ties\u0173 sukre\u010diantis&#8230; Jo klaid\u016bs vingiai neleis atsipalaiduoti ir vers nuolat sp\u0117lioti, kaip viskas yra i\u0161 ties\u0173.<\/em><\/p>\n<p>\u2013BookReporter<\/p>\n<p><strong>Apie autor\u0119<\/strong><\/p>\n<p>Sam Holland\u00a0\u2013 ne vien\u0105 apdovanojim\u0105 pelniusi autor\u0117, kurios trileri\u0173 serijoje detektyvai tiria siaubingus serijini\u0173 \u017eudik\u0173 nusikaltimus Piet\u0173 Anglijoje. Po debiutinio k\u016brinio \u201eM\u0117gd\u017eiotojas\u201c s\u0117km\u0117s autor\u0117 suprato atradusi ne tik sav\u0119s vert\u0105 \u012fkvepian\u010di\u0105 veikl\u0105, bet ir savo \u017eanr\u0105.<\/p>\n<p>Ra\u0161ytojos knygos i\u0161leistos penkiolikoje pasaulio \u0161ali\u0173. Olandijoje vykstan\u010diame Trileri\u0173 festivalyje Holland tapo pirm\u0105ja autore, dvejus metus i\u0161 eil\u0117s laim\u0117jusia apdovanojimus: Bronzin\u012f \u0161ik\u0161nosparn\u012f u\u017e savo debiutin\u012f roman\u0105 ir Sidabrin\u012f \u0161ik\u0161nosparn\u012f\u00a0\u2013 u\u017e geriausi\u0105 triler\u012f.<\/p>","protected":false},"excerpt":{"rendered":"<p>\u201eM\u0117gd\u017eiotojas\u201c\u00a0\u2013 Sam Holland trileris, \u012fkv\u0117ptas kraupiausi\u0173 JAV ir Jungtin\u0117s Karalyst\u0117s serijini\u0173 \u017eudik\u0173 byl\u0173. Skaitytojui atsikv\u0117pti neleid\u017eianti istorija apie garsius praeities nusikalt\u0117lius m\u0117gd\u017eiojant\u012f maniak\u0105 su\u017eav\u0117s Harlano Cobeno ir \u201e<i><a href=\"https:\/\/kaunozinios.lt\/titulinis\/proto-medziotojai-serialas-maitinantis-musu-zavejimasi-serijiniais-zudikais_107090.html\"><u>Proto med\u017eiotojai<\/u><\/a>\u201c<\/i> (angl. \u201eMindhunter\u201c) gerb\u0117jus, taip pat kiekvien\u0105, kuris m\u0117gsta kartu su detektyvais narplioti \u017e\u016btb\u016btines minkles, bet nebijo tamsos, \u017eiaurumo ir \u012ftampos.<\/p>\n<p>Anglij\u0105 sukre\u010dia \u017emog\u017eudys\u010di\u0173 banga: visos jos iki smulkmen\u0173 tobulai suplanuotos, kiekviena \u017eiauresn\u0117 u\u017e buvusi\u0105, bet \u012fvykdyta vis kitokiu b\u016bdu. Ir tik menkos u\u017euominos liudija, kad visas jas \u012fvykd\u0117 tas pats nusikalt\u0117lis. Detektyv\u0173 Karos Eliot ir Nojaus Dykino pe\u010dius u\u017egula anks\u010diau nepatirta atsakomyb\u0117: kaip u\u017eb\u0117gti u\u017e aki\u0173 dar vienai \u017emog\u017eudystei? Kaip sekti p\u0117dsakais to, kuris net neturi savo veido? Karai ir Nojui ai\u0161ku viena: kuo ar\u010diau atomazga, tuo artimesni \u017emon\u0117s tampa aukomis, o \u017eudikas net negalvoja liautis.<\/p>\n<p>D\u017eesika Embrouz slapstosi nuo policijos. Ji \u012ftariama suk\u0117lusi gaisr\u0105 savo pa\u010dios namuose: t\u0105nakt \u017euvo jos sutuoktinis ir nukent\u0117jo ma\u017eamet\u0117 dukra. Padedama nuo pareig\u0173 nu\u0161alinto detektyvo Neito Grifino, D\u017eesika atranda \u0161okiruojan\u010di\u0105 s\u0105saj\u0105 tarp jos gyvenim\u0105 sugriovusios bylos ir siaubing\u0105 plan\u0105 \u012fgyvendinti besistengian\u010dio \u017eudiko.<\/p>","protected":false},"featured_media":5498,"template":"","meta":{"site-sidebar-layout":"default","site-content-layout":"","ast-site-content-layout":"default","site-content-style":"default","site-sidebar-style":"default","ast-global-header-display":"","ast-banner-title-visibility":"","ast-main-header-display":"","ast-hfb-above-header-display":"","ast-hfb-below-header-display":"","ast-hfb-mobile-header-display":"","site-post-title":"","ast-breadcrumbs-content":"","ast-featured-img":"","footer-sml-layout":"","ast-disable-related-posts":"","theme-transparent-header-meta":"default","adv-header-id-meta":"","stick-header-meta":"default","header-above-stick-meta":"","header-main-stick-meta":"","header-below-stick-meta":"","astra-migrate-meta-layouts":"set","ast-page-background-enabled":"default","ast-page-background-meta":{"desktop":{"background-color":"","background-image":"","background-repeat":"repeat","background-position":"center center","background-size":"auto","background-attachment":"scroll","background-type":"","background-media":"","overlay-type":"","overlay-color":"","overlay-opacity":"","overlay-gradient":""},"tablet":{"background-color":"","background-image":"","background-repeat":"repeat","background-position":"center center","background-size":"auto","background-attachment":"scroll","background-type":"","background-media":"","overlay-type":"","overlay-color":"","overlay-opacity":"","overlay-gradient":""},"mobile":{"background-color":"","background-image":"","background-repeat":"repeat","background-position":"center center","background-size":"auto","background-attachment":"scroll","background-type":"","background-media":"","overlay-type":"","overlay-color":"","overlay-opacity":"","overlay-gradient":""}},"ast-content-background-meta":{"desktop":{"background-color":"var(--ast-global-color-5)","background-image":"","background-repeat":"repeat","background-position":"center center","background-size":"auto","background-attachment":"scroll","background-type":"","background-media":"","overlay-type":"","overlay-color":"","overlay-opacity":"","overlay-gradient":""},"tablet":{"background-color":"var(--ast-global-color-5)","background-image":"","background-repeat":"repeat","background-position":"center center","background-size":"auto","background-attachment":"scroll","background-type":"","background-media":"","overlay-type":"","overlay-color":"","overlay-opacity":"","overlay-gradient":""},"mobile":{"background-color":"var(--ast-global-color-5)","background-image":"","background-repeat":"repeat","background-position":"center center","background-size":"auto","background-attachment":"scroll","background-type":"","background-media":"","overlay-type":"","overlay-color":"","overlay-opacity":"","overlay-gradient":""}}},"product_brand":[],"product_cat":[77],"product_tag":[],"class_list":{"0":"post-5497","1":"product","2":"type-product","3":"status-publish","4":"has-post-thumbnail","6":"product_cat-grozine-literatura","7":"desktop-align-left","8":"tablet-align-left","9":"mobile-align-left","10":"ast-product-gallery-layout-horizontal","11":"ast-product-gallery-with-no-image","12":"ast-product-tabs-layout-horizontal","14":"first","15":"instock","16":"sale","17":"taxable","18":"shipping-taxable","19":"purchasable","20":"product-type-simple"},"_links":{"self":[{"href":"https:\/\/leidyklahelios.lt\/en\/wp-json\/wp\/v2\/product\/5497","targetHints":{"allow":["GET"]}}],"collection":[{"href":"https:\/\/leidyklahelios.lt\/en\/wp-json\/wp\/v2\/product"}],"about":[{"href":"https:\/\/leidyklahelios.lt\/en\/wp-json\/wp\/v2\/types\/product"}],"version-history":[{"count":7,"href":"https:\/\/leidyklahelios.lt\/en\/wp-json\/wp\/v2\/product\/5497\/revisions"}],"predecessor-version":[{"id":6003,"href":"https:\/\/leidyklahelios.lt\/en\/wp-json\/wp\/v2\/product\/5497\/revisions\/6003"}],"wp:featuredmedia":[{"embeddable":true,"href":"https:\/\/leidyklahelios.lt\/en\/wp-json\/wp\/v2\/media\/5498"}],"wp:attachment":[{"href":"https:\/\/leidyklahelios.lt\/en\/wp-json\/wp\/v2\/media?parent=5497"}],"wp:term":[{"taxonomy":"product_brand","embeddable":true,"href":"https:\/\/leidyklahelios.lt\/en\/wp-json\/wp\/v2\/product_brand?post=5497"},{"taxonomy":"product_cat","embeddable":true,"href":"https:\/\/leidyklahelios.lt\/en\/wp-json\/wp\/v2\/product_cat?post=5497"},{"taxonomy":"product_tag","embeddable":true,"href":"https:\/\/leidyklahelios.lt\/en\/wp-json\/wp\/v2\/product_tag?post=5497"}],"curies":[{"name":"wp","href":"https:\/\/api.w.org\/{rel}","templated":true}]}}