{"id":567,"date":"2021-06-03T11:16:05","date_gmt":"2021-06-03T09:16:05","guid":{"rendered":"https:\/\/leidyklahelios.lt\/product\/david-attenboroughgyvenimas-musu-planetoje-mano-liudijimas-ir-ateities-vizija\/"},"modified":"2026-02-23T03:08:52","modified_gmt":"2026-02-23T01:08:52","slug":"david-attenboroughgyvenimas-musu-planetoje-mano-liudijimas-ir-ateities-vizija","status":"publish","type":"product","link":"https:\/\/leidyklahelios.lt\/en\/product\/david-attenboroughgyvenimas-musu-planetoje-mano-liudijimas-ir-ateities-vizija\/","title":{"rendered":"David Attenborough<br>GYVENIMAS M\u016aS\u0172 PLANETOJE. Mano liudijimas ir ateities vizija"},"content":{"rendered":"<p class=\"p1\">Pirmoje knygos dalyje autorius pasakoja apie tai, kaip \u017emonijos veikla keit\u0117 biologin\u0119 \u012fvairov\u0119 \u017eem\u0117je jo gyvenimo metu, ir pateikia mokslinink\u0173 prognozes, kokie global\u016bs ir nepaguod\u017eiantys poky\u010diai laukia m\u016bs\u0173 iki \u0161io am\u017eiaus pabaigos.<\/p>\n<p class=\"p1\">Antrojoje dalyje mums suteikiama viltis ir veiksm\u0173 planas, kaip \u012fveikti kriz\u0119, kuri\u0105 patys ir suk\u0117l\u0117me. Svarbiausia, kad \u012f j\u012f \u012fsigilint\u0173 pasaulio galingieji ir jis tapt\u0173 politine kiekvienos \u0161alies darbotvarke. O kasdieniame gyvenime \u2013 keist\u0173si kiekvieno i\u0161 m\u016bs\u0173 \u012fpro\u010diai.<\/p>\n<p class=\"p1\"><em>Goodreads Choice Awards<\/em> skaitytoj\u0173 i\u0161rinkta geriausia 2020 met\u0173 knyga mokslo ir technologij\u0173 kategorijoje. 4.51 Goodreads reitingas<\/p>","protected":false},"excerpt":{"rendered":"<hr \/>\n<p class=\"p1\">Garsaus brit\u0173 \u017eurnalisto, biologo, gamtos tyrin\u0117tojo ir planetos serg\u0117tojo sero Davido Attenborough knyga <em>Gyvenimas m\u016bs\u0173 planetoje<\/em> yra apie m\u016bs\u0173 ateit\u012f. O ateityje m\u016bs\u0173 laukia nedidelis pasirinkimas: arba pra\u017e\u016bti, arba i\u0161gyventi. Ta\u010diau \u0161it\u0105 pasirinkim\u0105 u\u017e ateities kartas turime padaryti mes jau dabar.<\/p>\n<p class=\"p1\">Autorius Davidas Atternborough kvie\u010dia kartu i\u0161mokti sugyventi su gamta, o ne veikti prie\u0161 j\u0105. Kaip? Skaitykite \u0161ioje viso gyvenimo patirties tyrin\u0117jant gamt\u0105 kupinoje knygoje <em>Gyvenimas m\u016bs\u0173 planetoje<\/em>.<\/p>\n<p class=\"p1\"><em>Patogiai gyvename savo kuriamos katastrofos \u0161e\u0161\u0117lyje. O katastrof\u0105 lemia tie patys dalykai, kurie leid\u017eia mums gyventi patogiai. Ir \u0161itaip gyventi atrodo labai nat\u016bralu, kol n\u0117ra \u012ftikinamos prie\u017easties keisti elges\u012f ir kol neturime gero alternatyvaus plano. \u0160tai kod\u0117l para\u0161iau \u0161i\u0105 knyg\u0105. Gamtos pasaulis nyksta. \u012erodymai \u2013 visur aplink mus. Tai vyko vis\u0105 mano gyvenim\u0105. Ma\u010diau tai savo akimis. Ir galiausiai tai baigsis m\u016bs\u0173 i\u0161nykimu. Ta\u010diau vis dar turime ger\u0105 alternatyv\u0105. \u0160i knyga \u2013 tai pasakojimas, kaip pri\u0117jome iki did\u017eiausios savo klaidos ir kaip, \u2013 jeigu veiksime nieko nelaukdami, \u2013 vis dar galime j\u0105 i\u0161taisyti.<\/em><\/p>\n<p>Davidas Attenborough<\/p>","protected":false},"featured_media":1803,"template":"","meta":{"site-sidebar-layout":"default","site-content-layout":"default","ast-site-content-layout":"default","site-content-style":"default","site-sidebar-style":"default","ast-global-header-display":"","ast-banner-title-visibility":"","ast-main-header-display":"","ast-hfb-above-header-display":"","ast-hfb-below-header-display":"","ast-hfb-mobile-header-display":"","site-post-title":"","ast-breadcrumbs-content":"","ast-featured-img":"","footer-sml-layout":"","ast-disable-related-posts":"","theme-transparent-header-meta":"default","adv-header-id-meta":"","stick-header-meta":"default","header-above-stick-meta":"","header-main-stick-meta":"","header-below-stick-meta":"","astra-migrate-meta-layouts":"set","ast-page-background-enabled":"default","ast-page-background-meta":{"desktop":{"background-color":"","background-image":"","background-repeat":"repeat","background-position":"center center","background-size":"auto","background-attachment":"scroll","background-type":"","background-media":"","overlay-type":"","overlay-color":"","overlay-opacity":"","overlay-gradient":""},"tablet":{"background-color":"","background-image":"","background-repeat":"repeat","background-position":"center center","background-size":"auto","background-attachment":"scroll","background-type":"","background-media":"","overlay-type":"","overlay-color":"","overlay-opacity":"","overlay-gradient":""},"mobile":{"background-color":"","background-image":"","background-repeat":"repeat","background-position":"center center","background-size":"auto","background-attachment":"scroll","background-type":"","background-media":"","overlay-type":"","overlay-color":"","overlay-opacity":"","overlay-gradient":""}},"ast-content-background-meta":{"desktop":{"background-color":"var(--ast-global-color-5)","background-image":"","background-repeat":"repeat","background-position":"center center","background-size":"auto","background-attachment":"scroll","background-type":"","background-media":"","overlay-type":"","overlay-color":"","overlay-opacity":"","overlay-gradient":""},"tablet":{"background-color":"var(--ast-global-color-5)","background-image":"","background-repeat":"repeat","background-position":"center center","background-size":"auto","background-attachment":"scroll","background-type":"","background-media":"","overlay-type":"","overlay-color":"","overlay-opacity":"","overlay-gradient":""},"mobile":{"background-color":"var(--ast-global-color-5)","background-image":"","background-repeat":"repeat","background-position":"center center","background-size":"auto","background-attachment":"scroll","background-type":"","background-media":"","overlay-type":"","overlay-color":"","overlay-opacity":"","overlay-gradient":""}}},"product_brand":[],"product_cat":[76],"product_tag":[],"class_list":{"0":"post-567","1":"product","2":"type-product","3":"status-publish","4":"has-post-thumbnail","6":"product_cat-negrozine-literatura","7":"pa_dizaineris-jaak-ruutel","8":"pa_formatas-130x200","9":"pa_isbn-41","10":"pa_leidimo-data-18-03-21","11":"pa_puslapiu-skaicius-30","12":"pa_redaktorius-ausra-tamosiuniene","13":"pa_vertejas-jurgita-jerinaite","14":"desktop-align-left","15":"tablet-align-left","16":"mobile-align-left","17":"ast-product-gallery-layout-horizontal","18":"ast-product-gallery-with-no-image","19":"ast-product-tabs-layout-horizontal","21":"first","22":"instock","23":"sale","24":"taxable","25":"shipping-taxable","26":"purchasable","27":"product-type-simple"},"_links":{"self":[{"href":"https:\/\/leidyklahelios.lt\/en\/wp-json\/wp\/v2\/product\/567","targetHints":{"allow":["GET"]}}],"collection":[{"href":"https:\/\/leidyklahelios.lt\/en\/wp-json\/wp\/v2\/product"}],"about":[{"href":"https:\/\/leidyklahelios.lt\/en\/wp-json\/wp\/v2\/types\/product"}],"version-history":[{"count":5,"href":"https:\/\/leidyklahelios.lt\/en\/wp-json\/wp\/v2\/product\/567\/revisions"}],"predecessor-version":[{"id":5414,"href":"https:\/\/leidyklahelios.lt\/en\/wp-json\/wp\/v2\/product\/567\/revisions\/5414"}],"wp:featuredmedia":[{"embeddable":true,"href":"https:\/\/leidyklahelios.lt\/en\/wp-json\/wp\/v2\/media\/1803"}],"wp:attachment":[{"href":"https:\/\/leidyklahelios.lt\/en\/wp-json\/wp\/v2\/media?parent=567"}],"wp:term":[{"taxonomy":"product_brand","embeddable":true,"href":"https:\/\/leidyklahelios.lt\/en\/wp-json\/wp\/v2\/product_brand?post=567"},{"taxonomy":"product_cat","embeddable":true,"href":"https:\/\/leidyklahelios.lt\/en\/wp-json\/wp\/v2\/product_cat?post=567"},{"taxonomy":"product_tag","embeddable":true,"href":"https:\/\/leidyklahelios.lt\/en\/wp-json\/wp\/v2\/product_tag?post=567"}],"curies":[{"name":"wp","href":"https:\/\/api.w.org\/{rel}","templated":true}]}}