{"id":5736,"date":"2025-09-30T13:20:18","date_gmt":"2025-09-30T10:20:18","guid":{"rendered":"https:\/\/leidyklahelios.lt\/?post_type=product&#038;p=5736"},"modified":"2026-03-05T14:52:13","modified_gmt":"2026-03-05T12:52:13","slug":"iseities-kodas-mano-pradzia-bill-gates","status":"publish","type":"product","link":"https:\/\/leidyklahelios.lt\/en\/product\/iseities-kodas-mano-pradzia-bill-gates\/","title":{"rendered":"Bill Gates <br>I\u0160EITIES KODAS. Mano prad\u017eia"},"content":{"rendered":"<p>\u201eGateso memuaruose nagrin\u0117jama, kaip jo vaikyst\u0117s keistenyb\u0117s, aukl\u0117jimas, draugyst\u0117 ir patirtis suformavo jo vidin\u0119 operacin\u0119 sistem\u0105.\u201c<\/p>\n<p>\u2013 <em>Associated Press<\/em><\/p>\n<p>\u201eLengvai skaitomi, ne\u012fprastai asmeni\u0161ki ir savistabos persmelkti memuarai apie Billo Gateso ankstyv\u0105j\u012f gyvenim\u0105 iki \u201eMicrosoft\u201c \u012fk\u016brimo. Autorius nesidrovi pripa\u017einti savo tr\u016bkum\u0173 [ir] pateikia intensyv\u0173, netik\u0117t\u0173 akimirk\u0173 ir nauj\u0173 detali\u0173 kupin\u0105 pasakojim\u0105 apie savo keli\u0105 nuo programavimo vunderkindo iki pradedan\u010diojo technologij\u0173 magnato.\u201c<\/p>\n<p>\u2013 <em>Financial Times<\/em><\/p>\n<p>\u201ePrie\u0161ingai nei dabartiniai pasip\u016bt\u0119 technologij\u0173 \u012fmoni\u0173 savininkai, \u201eMicrosoft\u201c \u012fk\u016br\u0117jas \u0161iuose memuaruose apie gyvenimo ir karjeros prad\u017ei\u0105 atrodo ironi\u0161kas ir savikriti\u0161kas&#8230; Juose juntamas nuo\u0161irdus d\u0117kingumas \u012ftakingiems mentoriams ir saviironija&#8230; Jau\u010diama, kad autorius, b\u016bdamas vyresnis ir i\u0161mintingesnis, bando pateisinti praeit\u012f j\u0105 geriau suprasdamas \u2013 taip iki \u0161iol nesielg\u0117 nei Elonas Muskas, nei Markas Zuckerbergas. Vien tai daro Bill\u0105 Gates\u0105 \u017emogi\u0161kesniu technologij\u0173 titanu nei dauguma jo praeities ir dabarties konkurent\u0173.\u201c<\/p>\n<p>\u2013 <em>The Guardian<\/em><\/p>\n<p><strong>Apie autori\u0173<\/strong><\/p>\n<p>BILLAS GATESAS yra technologas, verslo lyderis ir filantropas. 1975 m. kartu su savo vaikyst\u0117s draugu Paulu Allenu jis \u012fk\u016br\u0117 \u201eMicrosoft\u201c, o \u0161iandien yra Gateso fondo pirmininkas. Billas yra \u201eBreakthrough Energy\u201c, siekian\u010dios komercializuoti \u0161vari\u0105 energij\u0105 ir kitas su klimatu susijusias technologijas, ir \u201eTerraPower\u201c, bendrov\u0117s, investuojan\u010dios \u012f novatori\u0161k\u0173 branduolini\u0173 technologij\u0173 k\u016brim\u0105, steig\u0117jas. Jis turi tris vaikus.<\/p>\n","protected":false},"excerpt":{"rendered":"<p><strong>#1 <em>NEW YORK TIMES <\/em>BESTSELERIS\u00a0<\/strong><\/p>\n<p><strong>Bill Gates \u201eI\u0161eities kodas. Mano prad\u017eia\u201c \u2013 vieno \u012ftakingiausi\u0173 ir daugiausia pakeitusi\u0173 \u0161i\u0173 laik\u0173 verslo lyderio ir filantropo prad\u017eios istorija.<\/strong><\/p>\n<p><strong>\u00a0<\/strong><strong>\u201eNepaprastai atviri memuarai apie ankstyvuosius \u201eMicrosoft\u201c magnato metus&#8230; Skaitydamas \u0161i\u0105 knyg\u0105 jautiesi taip, tarsi kas nors paimt\u0173 gerai \u017einom\u0105 juodai balt\u0105 eskiz\u0105, u\u017epildyt\u0173 detal\u0117mis ir nuspalvint\u0173 ry\u0161kiomis spalvomis.\u201c <em>\u00a0-GeekWire<\/em> <\/strong><\/p>\n<p>Billo Gateso verslo pergal\u0117s yra pla\u010diai \u017einomos: Harvard\u0105 met\u0119s dvide\u0161imtmetis \u012fk\u016br\u0117 programin\u0117s \u012frangos kompanij\u0105, kuri tapo to verslo gigante ir pakeit\u0117 viso pasaulio darb\u0105 bei gyvenim\u0105; milijardierius, kuris nukreip\u0117 savo d\u0117mes\u012f \u012f filantropinius siekius kovoti su klimato kaita, r\u016bpintis pasauline sveikata ir JAV \u0161vietimu.<\/p>\n<p>\u201eI\u0161eities kodas. Mano prad\u017eia\u201c n\u0117ra apie \u201eMicrosoft\u201c, Gates\u0173 fond\u0105 ar technologij\u0173 ateit\u012f. Tai \u2013 \u017emogi\u0161ka, asmeni\u0161ka istorija apie tai, kaip Bilas Gatesas tapo tuo, kuo yra \u0161iandien: apie jo vaikyst\u0119, jo ankstyvuosius interesus ir siekius. Tai \u2013 istorija apie jo principing\u0105 mo\u010diut\u0119 ir ambicingus t\u0117vus, jo pirm\u0105sias artimas draugystes ir netik\u0117t\u0105 jo geriausio draugo mirt\u012f; apie jo sunkumus pritapti ir programavimo bei kompiuteri\u0173 pasaulio atradim\u0105 naujos eros prie\u0161au\u0161ryje; apie tai, kaip ankstyvoje paauglyst\u0117je jis pasuko keliu, kuris ved\u0117 j\u012f nuo naktini\u0173 i\u0161daig\u0173 gretimame kompiuteri\u0173 centre iki jo koled\u017eo bendrabu\u010dio kambario, kuriame jis prad\u0117jo revoliucij\u0105, pakeisian\u010di\u0105 pasaul\u012f.<\/p>\n<p>Billas Gatesas pasakoja savo istorij\u0105 pirm\u0105 kart\u0105: tai \u2013 i\u0161mintingas, \u0161iltas, pamokantis, \u012ftraukiantis amerikieti\u0161ko gyvenimo portretas.<\/p>","protected":false},"featured_media":5803,"template":"","meta":{"site-sidebar-layout":"default","site-content-layout":"","ast-site-content-layout":"default","site-content-style":"default","site-sidebar-style":"default","ast-global-header-display":"","ast-banner-title-visibility":"","ast-main-header-display":"","ast-hfb-above-header-display":"","ast-hfb-below-header-display":"","ast-hfb-mobile-header-display":"","site-post-title":"","ast-breadcrumbs-content":"","ast-featured-img":"","footer-sml-layout":"","ast-disable-related-posts":"","theme-transparent-header-meta":"default","adv-header-id-meta":"","stick-header-meta":"default","header-above-stick-meta":"","header-main-stick-meta":"","header-below-stick-meta":"","astra-migrate-meta-layouts":"set","ast-page-background-enabled":"default","ast-page-background-meta":{"desktop":{"background-color":"","background-image":"","background-repeat":"repeat","background-position":"center center","background-size":"auto","background-attachment":"scroll","background-type":"","background-media":"","overlay-type":"","overlay-color":"","overlay-opacity":"","overlay-gradient":""},"tablet":{"background-color":"","background-image":"","background-repeat":"repeat","background-position":"center center","background-size":"auto","background-attachment":"scroll","background-type":"","background-media":"","overlay-type":"","overlay-color":"","overlay-opacity":"","overlay-gradient":""},"mobile":{"background-color":"","background-image":"","background-repeat":"repeat","background-position":"center center","background-size":"auto","background-attachment":"scroll","background-type":"","background-media":"","overlay-type":"","overlay-color":"","overlay-opacity":"","overlay-gradient":""}},"ast-content-background-meta":{"desktop":{"background-color":"var(--ast-global-color-5)","background-image":"","background-repeat":"repeat","background-position":"center center","background-size":"auto","background-attachment":"scroll","background-type":"","background-media":"","overlay-type":"","overlay-color":"","overlay-opacity":"","overlay-gradient":""},"tablet":{"background-color":"var(--ast-global-color-5)","background-image":"","background-repeat":"repeat","background-position":"center center","background-size":"auto","background-attachment":"scroll","background-type":"","background-media":"","overlay-type":"","overlay-color":"","overlay-opacity":"","overlay-gradient":""},"mobile":{"background-color":"var(--ast-global-color-5)","background-image":"","background-repeat":"repeat","background-position":"center center","background-size":"auto","background-attachment":"scroll","background-type":"","background-media":"","overlay-type":"","overlay-color":"","overlay-opacity":"","overlay-gradient":""}}},"product_brand":[],"product_cat":[76],"product_tag":[],"class_list":{"0":"post-5736","1":"product","2":"type-product","3":"status-publish","4":"has-post-thumbnail","6":"product_cat-negrozine-literatura","7":"desktop-align-left","8":"tablet-align-left","9":"mobile-align-left","10":"ast-product-gallery-layout-horizontal","11":"ast-product-gallery-with-no-image","12":"ast-product-tabs-layout-horizontal","14":"first","15":"instock","16":"sale","17":"taxable","18":"shipping-taxable","19":"purchasable","20":"product-type-simple"},"_links":{"self":[{"href":"https:\/\/leidyklahelios.lt\/en\/wp-json\/wp\/v2\/product\/5736","targetHints":{"allow":["GET"]}}],"collection":[{"href":"https:\/\/leidyklahelios.lt\/en\/wp-json\/wp\/v2\/product"}],"about":[{"href":"https:\/\/leidyklahelios.lt\/en\/wp-json\/wp\/v2\/types\/product"}],"version-history":[{"count":9,"href":"https:\/\/leidyklahelios.lt\/en\/wp-json\/wp\/v2\/product\/5736\/revisions"}],"predecessor-version":[{"id":6185,"href":"https:\/\/leidyklahelios.lt\/en\/wp-json\/wp\/v2\/product\/5736\/revisions\/6185"}],"wp:featuredmedia":[{"embeddable":true,"href":"https:\/\/leidyklahelios.lt\/en\/wp-json\/wp\/v2\/media\/5803"}],"wp:attachment":[{"href":"https:\/\/leidyklahelios.lt\/en\/wp-json\/wp\/v2\/media?parent=5736"}],"wp:term":[{"taxonomy":"product_brand","embeddable":true,"href":"https:\/\/leidyklahelios.lt\/en\/wp-json\/wp\/v2\/product_brand?post=5736"},{"taxonomy":"product_cat","embeddable":true,"href":"https:\/\/leidyklahelios.lt\/en\/wp-json\/wp\/v2\/product_cat?post=5736"},{"taxonomy":"product_tag","embeddable":true,"href":"https:\/\/leidyklahelios.lt\/en\/wp-json\/wp\/v2\/product_tag?post=5736"}],"curies":[{"name":"wp","href":"https:\/\/api.w.org\/{rel}","templated":true}]}}