{"id":5742,"date":"2025-09-30T13:30:54","date_gmt":"2025-09-30T10:30:54","guid":{"rendered":"https:\/\/leidyklahelios.lt\/?post_type=product&#038;p=5742"},"modified":"2026-03-05T14:51:03","modified_gmt":"2026-03-05T12:51:03","slug":"noriu-gillian-anderson","status":"publish","type":"product","link":"https:\/\/leidyklahelios.lt\/en\/product\/noriu-gillian-anderson\/","title":{"rendered":"NORIU <br>Gillian Anderson"},"content":{"rendered":"<p><em>Turiu paslapt\u012f, kurios nesu niekam sakiusi, \u2013 jei praeisite pro mane gatv\u0117je, s\u0117din\u010di\u0105 metro, apsiperkan\u010di\u0105 prekybos centre, labai gali b\u016bti, kad mintyse a\u0161 kursiu detali\u0105, beproti\u0161kai kar\u0161t\u0105 erotin\u0119 fantazij\u0105. Jums gali atrodyti, kad a\u0161 aktyvuoju savo biliet\u0105, laukiu \u017ealios \u0161viesos prie p\u0117s\u010di\u0173j\u0173 per\u0117jos arba renkuosi vaisius ir dar\u017eoves, bet mintyse&#8230;<\/em><\/p>\n<p><em>\u201eSeksualin\u0117s fantazijos neturi b\u016bti g\u0117dingos. Tai daugiau nei tik k\u016bni\u0161kas tro\u0161kimas, tai gilus psichologinis poreikis b\u016bti pasteb\u0117tai ir i\u0161girstai be jokio smerkimo. \u0160ie atvirlai\u0161kiai &#8211; reikalingas liudijimas i\u0161laisvinantis moter\u0173 seksualum\u0105. Fantazuokime dr\u0105siai, tai kelia m\u016bs\u0173 libido!\u201c<\/em><br \/>\nSekso ir intymumo mentor\u0117, \u201eNoriu dar\u201c edukacijos ir malonumo platformos bendra\u012fk\u016br\u0117ja Milda<\/p>\n<p><em>\u201eNoriu \u2013 \u012ftraukiantis skaitinys&#8230; prikausto d\u0117mes\u012f.\u201c<\/em><em><br \/>\n<\/em>Guardian<\/p>\n<p><em>\u201eMan labai patiko. I\u0161skirtin\u0117 knyga.\u201c<br \/>\n<\/em>Fearne Cotton, Happy Place<\/p>\n<p><em>\u201eGalingas projektas.\u201c<br \/>\n<\/em>Stylist<\/p>\n<p><em>\u201eNepaprastai seksualu&#8230; Noriu \u2013 tai eroti\u0161kas manifestas, b\u016btinas j\u016bs\u0173 skaitini\u0173 s\u0105ra\u0161e.\u201c<br \/>\n<\/em>Cosmopolitan<\/p>\n<p><strong><br \/>\nAPIE AUTOR\u0118<\/strong><\/p>\n<p>Gillian Anderson \u2013 apdovanota kino, televizijos ir teatro aktor\u0117 bei prodiuser\u0117, ra\u0161ytoja ir aktyvist\u0117. Ji gyvena Londone su dukra ir dviem s\u016bnumis.<\/p>","protected":false},"excerpt":{"rendered":"<p><strong>GILLIAN ANDERSON KNYGA \u201eNORIU\u201c TAPO \u201eSUNDAY TIMES\u201c BESTSELERIU, AKIMIRKSNIU PAKILUSIU \u012e PIRM\u0104 VIET\u0104.\u00a0<\/strong><\/p>\n<p><strong>NOMINUOTA \u201eTHE BRITISH BOOK AWARDS\u201c MET\u0172 KNYGOS APDOVANOJIMUI.\u00a0<\/strong><\/p>\n<p><b>NOMINUOTA \u201eGOODREADS\u201c SKAITYTOJ\u0172 M\u0116GSTAMIAUSIOS NEGRO\u017dIN\u0116S LITERAT\u016aROS KNYGOS APDOVANOJIMUI (2024).\u00a0<\/b><\/p>\n<p><em>Ko tu nori, kai niekas ne\u017ei\u016bri?<\/em><\/p>\n<p><em>Ko tu nori, kai u\u017eg\u0119sta \u0161viesos?<\/em><\/p>\n<p><em>Ko tu nori, kai esi anonimi\u0161ka?<\/em><\/p>\n<p>Kalb\u0117dami apie seks\u0105, kalbame apie moteri\u0161kum\u0105 ir motinyst\u0119, nei\u0161tikimyb\u0119 ir i\u0161naudojim\u0105, sutikim\u0105 ir pagarb\u0105, teisingum\u0105 ir egalitarizm\u0105, meil\u0119 ir neapykant\u0105, malonum\u0105 ir skausm\u0105. Ta\u010diau daugelis i\u0161 m\u016bs\u0173 apskritai apie j\u012f nekalba. M\u016bs\u0173 slap\u010diausios, intymiausios baim\u0117s ir fantazijos lieka u\u017erakintos m\u016bs\u0173 \u0161irdies kertel\u0117se, kol kas nors suranda rakt\u0105. \u0160tai tas raktas. \u0160ioje vis\u0105 kart\u0105 atspindin\u010dioje knygoje \u201eNoriu\u201c Gillian Anderson pristato moter\u0173 i\u0161 viso pasaulio anonimini\u0173 seksualini\u0173 fantazij\u0173 rinkin\u012f (kartu su savo anonimi\u0161ku lai\u0161ku). Jos visos nepaprastos: persmelktos geismo, baim\u0117s, intymumo, g\u0117dos, pasitenkinimo ir galiausiai i\u0161silaisvinimo. Nuo svajoni\u0173 apie neprieinam\u0105 asmen\u012f iki scenos su keliais partneriais \u012fsivaizdavimo, nuo \u0161velnaus ir jautraus sekso iki aistringo \u017eaidimo, nuo sekso nepatyrusi\u0173 moter\u0173 iki moter\u0173, tur\u0117jusio jo tiek, kad n\u0117 neprisimena, \u2013 \u0161ios fantazijos yra langas \u012f slap\u010diausi\u0105 m\u016bs\u0173 proto kampel\u012f.<\/p>\n<p><strong>Gillian Anderson knyga \u201eNoriu\u201c atskleid\u017eia, k\u0105 moterys mano apie seks\u0105, kai turi visi\u0161k\u0105 laisv\u0119 b\u016bti savimi.<\/strong><\/p>\n<p><strong><em><a href=\"https:\/\/leidyklahelios.lt\/en\/noriu\/\">\u010cia<\/a><\/em><\/strong> galite paskaityti intymi\u0173 fantazij\u0173 i\u0161traukas i\u0161 Gillian Anderson knygos \u201eNoriu\u201c.<\/p>","protected":false},"featured_media":5743,"template":"","meta":{"site-sidebar-layout":"default","site-content-layout":"","ast-site-content-layout":"default","site-content-style":"default","site-sidebar-style":"default","ast-global-header-display":"","ast-banner-title-visibility":"","ast-main-header-display":"","ast-hfb-above-header-display":"","ast-hfb-below-header-display":"","ast-hfb-mobile-header-display":"","site-post-title":"","ast-breadcrumbs-content":"","ast-featured-img":"","footer-sml-layout":"","ast-disable-related-posts":"","theme-transparent-header-meta":"default","adv-header-id-meta":"","stick-header-meta":"default","header-above-stick-meta":"","header-main-stick-meta":"","header-below-stick-meta":"","astra-migrate-meta-layouts":"set","ast-page-background-enabled":"default","ast-page-background-meta":{"desktop":{"background-color":"","background-image":"","background-repeat":"repeat","background-position":"center center","background-size":"auto","background-attachment":"scroll","background-type":"","background-media":"","overlay-type":"","overlay-color":"","overlay-opacity":"","overlay-gradient":""},"tablet":{"background-color":"","background-image":"","background-repeat":"repeat","background-position":"center center","background-size":"auto","background-attachment":"scroll","background-type":"","background-media":"","overlay-type":"","overlay-color":"","overlay-opacity":"","overlay-gradient":""},"mobile":{"background-color":"","background-image":"","background-repeat":"repeat","background-position":"center center","background-size":"auto","background-attachment":"scroll","background-type":"","background-media":"","overlay-type":"","overlay-color":"","overlay-opacity":"","overlay-gradient":""}},"ast-content-background-meta":{"desktop":{"background-color":"var(--ast-global-color-5)","background-image":"","background-repeat":"repeat","background-position":"center center","background-size":"auto","background-attachment":"scroll","background-type":"","background-media":"","overlay-type":"","overlay-color":"","overlay-opacity":"","overlay-gradient":""},"tablet":{"background-color":"var(--ast-global-color-5)","background-image":"","background-repeat":"repeat","background-position":"center center","background-size":"auto","background-attachment":"scroll","background-type":"","background-media":"","overlay-type":"","overlay-color":"","overlay-opacity":"","overlay-gradient":""},"mobile":{"background-color":"var(--ast-global-color-5)","background-image":"","background-repeat":"repeat","background-position":"center center","background-size":"auto","background-attachment":"scroll","background-type":"","background-media":"","overlay-type":"","overlay-color":"","overlay-opacity":"","overlay-gradient":""}}},"product_brand":[],"product_cat":[76],"product_tag":[],"class_list":{"0":"post-5742","1":"product","2":"type-product","3":"status-publish","4":"has-post-thumbnail","6":"product_cat-negrozine-literatura","7":"desktop-align-left","8":"tablet-align-left","9":"mobile-align-left","10":"ast-product-gallery-layout-horizontal","11":"ast-product-gallery-with-no-image","12":"ast-product-tabs-layout-horizontal","14":"first","15":"instock","16":"sale","17":"taxable","18":"shipping-taxable","19":"purchasable","20":"product-type-simple"},"_links":{"self":[{"href":"https:\/\/leidyklahelios.lt\/en\/wp-json\/wp\/v2\/product\/5742","targetHints":{"allow":["GET"]}}],"collection":[{"href":"https:\/\/leidyklahelios.lt\/en\/wp-json\/wp\/v2\/product"}],"about":[{"href":"https:\/\/leidyklahelios.lt\/en\/wp-json\/wp\/v2\/types\/product"}],"version-history":[{"count":17,"href":"https:\/\/leidyklahelios.lt\/en\/wp-json\/wp\/v2\/product\/5742\/revisions"}],"predecessor-version":[{"id":6192,"href":"https:\/\/leidyklahelios.lt\/en\/wp-json\/wp\/v2\/product\/5742\/revisions\/6192"}],"wp:featuredmedia":[{"embeddable":true,"href":"https:\/\/leidyklahelios.lt\/en\/wp-json\/wp\/v2\/media\/5743"}],"wp:attachment":[{"href":"https:\/\/leidyklahelios.lt\/en\/wp-json\/wp\/v2\/media?parent=5742"}],"wp:term":[{"taxonomy":"product_brand","embeddable":true,"href":"https:\/\/leidyklahelios.lt\/en\/wp-json\/wp\/v2\/product_brand?post=5742"},{"taxonomy":"product_cat","embeddable":true,"href":"https:\/\/leidyklahelios.lt\/en\/wp-json\/wp\/v2\/product_cat?post=5742"},{"taxonomy":"product_tag","embeddable":true,"href":"https:\/\/leidyklahelios.lt\/en\/wp-json\/wp\/v2\/product_tag?post=5742"}],"curies":[{"name":"wp","href":"https:\/\/api.w.org\/{rel}","templated":true}]}}