{"id":5746,"date":"2025-09-30T10:59:19","date_gmt":"2025-09-30T07:59:19","guid":{"rendered":"https:\/\/leidyklahelios.lt\/?post_type=product&#038;p=5746"},"modified":"2026-03-31T13:32:25","modified_gmt":"2026-03-31T10:32:25","slug":"molio-kaledos-katri-kirkkopelto","status":"publish","type":"product","link":"https:\/\/leidyklahelios.lt\/en\/product\/molio-kaledos-katri-kirkkopelto\/","title":{"rendered":"Katri Kirkkopelto <br>MOLIO KAL\u0116DOS"},"content":{"rendered":"<p><em>Moliui sukosi galva. Jis nusprend\u0117 sudaryti vis\u0173 dalyk\u0173, kuriuos sp\u0117jo i\u0161siai\u0161kinti apie Kal\u0117das, s\u0105ra\u0161\u0105.<\/em><\/p>\n<p><em>&#8211; Kal\u0117dos ka\u017ekaip susijusios su raudonkepuriais \u017emogeliukais, kurie visus \u0161nipin\u0117ja ir kuriuos reikia vadinti nyk\u0161tukais. (\u012etartina!)<\/em><\/p>\n<p><em>&#8211; Narsius sako, kad reikia ilgai tvarkytis, antraip Kal\u0117dos neateis. (Kokie i\u0161rank\u016bs sve\u010diai!)<\/em><\/p>\n<p><em>&#8211; Reikia dainuoti Kal\u0117doms dainas. (Kokias dainas? Rodos, Kal\u0117dos m\u0117gsta muzik\u0105.)<\/em><\/p>\n<p><em>&#8211; Svarbu pakabinti Kal\u0117doms \u0161vieseli\u0173. (Kal\u0117dos turb\u016bt nekaip mato, jeigu be \u0161vies\u0173 neranda kelio.)<\/em><\/p>\n<p><em>&#8211; Kal\u0117dos atne\u0161a dovan\u0173. (Tai man patinka!)<\/em><\/p>\n<p><em>&#8211; Svarbu gra\u017eiai elgtis. Antraip Kal\u0117dos neatne\u0161 dovan\u0173. (Uch! Kaip viskas sud\u0117tinga!)<\/em><\/p>\n<p><em>&#8211; Namo reikia parsine\u0161ti egl\u0119, o paskui j\u0105 papuo\u0161ti. (Kal\u0117doms turb\u016bt patinka augalai.)<\/em><\/p>","protected":false},"excerpt":{"rendered":"<p>Dedasi keisti dalykai: Molio draugai Narsius ir Murzius elgiasi ne\u012fprastai ir vis kalba apie ka\u017ekokias Kal\u0117das, kurios tuoj ateis. T\u0173 Kal\u0117d\u0173 Molis nepa\u017e\u012fsta, bet neabejoja: jos \u2013 ka\u017ein kuo ypatingos. Kal\u0117doms reikia tvarkytis namus, dainuoti daineles, puo\u0161ti egl\u0119, kepti Moliui nei\u0161tariamus skan\u0117stus, u\u017era\u0161yti atviruk\u0173 ir nuveikti dar gyv\u0105 gal\u0105 darb\u0173. Negana to, reikia gra\u017eiai elgtis! Uch!<\/p>\n<p>Pama\u017eu Kal\u0117d\u0173 paslaptys ai\u0161k\u0117ja, o nuostabi \u0161vent\u0117 atkeliauja ir \u012f Molio namus.<\/p>\n<p>&nbsp;<\/p>\n<p><strong>Katri Kirkkopelto (1966) \u2013<\/strong>\u00a0literat\u016brinius apdovanojimus pelniusi suomi\u0173 meninink\u0117, iliustrator\u0117, knyg\u0173 vaikams autor\u0117 ir men\u0173 mokytoja. Suomijoje, Estijoje ir Latvijoje yra geriausiai \u017einoma d\u0117l savo sukurto knyg\u0173 persona\u017eo vaikams \u2013 Molis.<\/p>","protected":false},"featured_media":5952,"template":"","meta":{"site-sidebar-layout":"default","site-content-layout":"","ast-site-content-layout":"default","site-content-style":"default","site-sidebar-style":"default","ast-global-header-display":"","ast-banner-title-visibility":"","ast-main-header-display":"","ast-hfb-above-header-display":"","ast-hfb-below-header-display":"","ast-hfb-mobile-header-display":"","site-post-title":"","ast-breadcrumbs-content":"","ast-featured-img":"","footer-sml-layout":"","ast-disable-related-posts":"","theme-transparent-header-meta":"default","adv-header-id-meta":"","stick-header-meta":"default","header-above-stick-meta":"","header-main-stick-meta":"","header-below-stick-meta":"","astra-migrate-meta-layouts":"set","ast-page-background-enabled":"default","ast-page-background-meta":{"desktop":{"background-color":"","background-image":"","background-repeat":"repeat","background-position":"center center","background-size":"auto","background-attachment":"scroll","background-type":"","background-media":"","overlay-type":"","overlay-color":"","overlay-opacity":"","overlay-gradient":""},"tablet":{"background-color":"","background-image":"","background-repeat":"repeat","background-position":"center center","background-size":"auto","background-attachment":"scroll","background-type":"","background-media":"","overlay-type":"","overlay-color":"","overlay-opacity":"","overlay-gradient":""},"mobile":{"background-color":"","background-image":"","background-repeat":"repeat","background-position":"center center","background-size":"auto","background-attachment":"scroll","background-type":"","background-media":"","overlay-type":"","overlay-color":"","overlay-opacity":"","overlay-gradient":""}},"ast-content-background-meta":{"desktop":{"background-color":"var(--ast-global-color-5)","background-image":"","background-repeat":"repeat","background-position":"center center","background-size":"auto","background-attachment":"scroll","background-type":"","background-media":"","overlay-type":"","overlay-color":"","overlay-opacity":"","overlay-gradient":""},"tablet":{"background-color":"var(--ast-global-color-5)","background-image":"","background-repeat":"repeat","background-position":"center center","background-size":"auto","background-attachment":"scroll","background-type":"","background-media":"","overlay-type":"","overlay-color":"","overlay-opacity":"","overlay-gradient":""},"mobile":{"background-color":"var(--ast-global-color-5)","background-image":"","background-repeat":"repeat","background-position":"center center","background-size":"auto","background-attachment":"scroll","background-type":"","background-media":"","overlay-type":"","overlay-color":"","overlay-opacity":"","overlay-gradient":""}}},"product_brand":[],"product_cat":[78],"product_tag":[91],"class_list":{"0":"post-5746","1":"product","2":"type-product","3":"status-publish","4":"has-post-thumbnail","6":"product_cat-vaiku-literatura","7":"product_tag-knygos-vaikams","8":"desktop-align-left","9":"tablet-align-left","10":"mobile-align-left","11":"ast-product-gallery-layout-horizontal","12":"ast-product-gallery-with-no-image","13":"ast-product-tabs-layout-horizontal","15":"first","16":"instock","17":"sale","18":"taxable","19":"shipping-taxable","20":"purchasable","21":"product-type-simple"},"_links":{"self":[{"href":"https:\/\/leidyklahelios.lt\/en\/wp-json\/wp\/v2\/product\/5746","targetHints":{"allow":["GET"]}}],"collection":[{"href":"https:\/\/leidyklahelios.lt\/en\/wp-json\/wp\/v2\/product"}],"about":[{"href":"https:\/\/leidyklahelios.lt\/en\/wp-json\/wp\/v2\/types\/product"}],"version-history":[{"count":9,"href":"https:\/\/leidyklahelios.lt\/en\/wp-json\/wp\/v2\/product\/5746\/revisions"}],"predecessor-version":[{"id":6284,"href":"https:\/\/leidyklahelios.lt\/en\/wp-json\/wp\/v2\/product\/5746\/revisions\/6284"}],"wp:featuredmedia":[{"embeddable":true,"href":"https:\/\/leidyklahelios.lt\/en\/wp-json\/wp\/v2\/media\/5952"}],"wp:attachment":[{"href":"https:\/\/leidyklahelios.lt\/en\/wp-json\/wp\/v2\/media?parent=5746"}],"wp:term":[{"taxonomy":"product_brand","embeddable":true,"href":"https:\/\/leidyklahelios.lt\/en\/wp-json\/wp\/v2\/product_brand?post=5746"},{"taxonomy":"product_cat","embeddable":true,"href":"https:\/\/leidyklahelios.lt\/en\/wp-json\/wp\/v2\/product_cat?post=5746"},{"taxonomy":"product_tag","embeddable":true,"href":"https:\/\/leidyklahelios.lt\/en\/wp-json\/wp\/v2\/product_tag?post=5746"}],"curies":[{"name":"wp","href":"https:\/\/api.w.org\/{rel}","templated":true}]}}