{"id":5753,"date":"2026-04-06T12:24:26","date_gmt":"2026-04-06T09:24:26","guid":{"rendered":"https:\/\/leidyklahelios.lt\/?post_type=product&#038;p=5753"},"modified":"2026-04-09T18:56:19","modified_gmt":"2026-04-09T15:56:19","slug":"po-escobaro-feistl-mitchell-balboni","status":"publish","type":"product","link":"https:\/\/leidyklahelios.lt\/en\/product\/po-escobaro-feistl-mitchell-balboni\/","title":{"rendered":"Chris Feistl, Dave Mitchell, Jessica Balboni <br>PO ESCOBARO"},"content":{"rendered":"<p><em>\u201ePo Escobaro\u201c \u2013 adrenalino kupinas trileris, nuo kurio negal\u0117jau atsipl\u0117\u0161ti! \u0160i ne\u012ftik\u0117tina istorija i\u0161 pirm\u0173 l\u016bp\u0173 apie li\u016bdnai pagars\u0117jusio Kalio kartelio sunaikinim\u0105 \u012ftraukia kaip Tomo Clancy romanas, ta\u010diau ji \u0161imtu procent\u0173 tikra.<\/em><\/p>\n<p><strong>Derekas S. Maltzas<\/strong>, laikinasis DEA administratorius<\/p>\n<p><em>Su\u017einokite, kaip elitiniai DEA pareig\u016bnai Chrisas Feistlas ir Dave\u2019as Mitchellas kasdien rizikavo gyvyb\u0117mis, kovojo su sistemine korupcija ir \u012fveik\u0117 daugyb\u0119 kli\u016b\u010di\u0173 siekdami nugal\u0117ti garsi\u0105j\u0105 Kalio mafij\u0105. \u0160is \u012fsp\u016bdingas pasakojimas neleis jums atsikv\u0117pti. J\u012f turi perskaityti kiekvienas tikr\u0173 nusikalstam\u0173 istorij\u0173 m\u0117g\u0117jas!<\/em><\/p>\n<p><strong>Steve\u2019as Murphy<\/strong>, buv\u0119s DEA vyriausiasis specialusis agentas ir knygos <em>Manhunters: How We Took Down Pablo Escobar<\/em> bendraautoris<\/p>\n<p><em>Knyg\u0105 \u201ePo Escobaro\u201c b\u016btina perskaityti kiekvienam, besidomin\u010diam narkotik\u0173 karais ir Kolumbijos karteliais, \u2013 oho, kokia \u012ftraukianti istorija! Lyg Holivudo filmas. I\u0161samiausias pasakojimas i\u0161 pirm\u0173 l\u016bp\u0173, kok\u012f esu skait\u0119s apie Kalio kartelio sunaikinim\u0105. Puikiai padirb\u0117jote, kariai! <\/em><\/p>\n<p><strong>Dave\u2019as Gaddisas<\/strong>, buv\u0119s DEA pasaulini\u0173 operacij\u0173 vadovas, knygos<em> The Noble Experiment<\/em> autorius<\/p>","protected":false},"excerpt":{"rendered":"<p>Elitiniai DEA agentai Chrisas Feistlas ir Dave\u2019as Mitchellas atskleid\u017eia tikr\u0105 istorij\u0105, kaip pad\u0117jo i\u0161ardyti galingiausi\u0105 pasaulyje nusikalstam\u0105 sindikat\u0105.<\/p>\n<p>De\u0161imtojo de\u0161imtme\u010dio prad\u017eioje Kolumbijos Kalio kartelis tapo tuo, k\u0105 buv\u0119s DEA vadovas Thomas Constantine\u2019as pavadino \u201edid\u017eiausiu ir galingiausiu nusikalstamu sindikatu istorijoje\u201c. Jie buvo atsakingi u\u017e beveik 85 proc. kokaino tiekimo \u012f JAV teritorij\u0105 ir 90\u00a0proc. \u2013 \u012f vis\u0105 pasaul\u012f, tod\u0117l buvo nelie\u010diami, u\u017edirbo milijardus doleri\u0173 ir i\u0161laik\u0117 savo, kaip \u201eKalio krik\u0161tat\u0117vi\u0173\u201c, reputacij\u0105. Jie \u012f\u017e\u016bliai papirkin\u0117jo t\u016bkstan\u010dius Kolumbijos vald\u017eios institucij\u0173 ir vyriausyb\u0117s pareig\u016bn\u0173, 1994 m. netgi nupirko prezidento rinkim\u0173 rezultatus.<\/p>\n<p>Tais pa\u010diais metais DEA i\u0161siunt\u0117 jaunus agentus Chris\u0105 Feistl\u0105 ir Dave\u2019\u0105 Mitchell\u0105 \u012f Kolumbij\u0105 vykdyti vienos sud\u0117tingiausi\u0173 misij\u0173: pad\u0117ti Kolumbijos vald\u017eiai nuversti \u017eiauraus Kalio kartelio lyderius. Dviem vyrams, kurie i\u0161vaizda buvo pana\u0161esni \u012f Kalifornijos banglentininkus nei \u012f DEA agentus, tai buvo nelengva u\u017eduotis. B\u016bdami daugiau nei metro a\u0161tuoniasde\u0161imties centimetr\u0173 \u016bgio ir vos prie\u0161 \u0161e\u0161erius metus baig\u0119 DEA akademij\u0105 jie atrod\u0117 lyg baltos varnos mieste, kuriame dauguma gyventoj\u0173 nebuvo mat\u0119 amerikie\u010dio. Daugelis koleg\u0173 baiminosi d\u0117l j\u0173 saugumo ir atvirai abejojo geb\u0117jimu prisitaikyti prie aplinkos. Per beveik trejus metus trukusi\u0105 misij\u0105 teko apsilankyti ne tik biurokratiniuose JAV ambasados \u200b\u200bkoridoriuose, bet ir pavojingose Kalio gatv\u0117se, netgi provincijos cukranendri\u0173 laukuose. Jie dien\u0105 ir nakt\u012f kovojo su precedento neturin\u010dia korupcija Kolumbijos saugumo paj\u0117gose. Laikui b\u0117gant nenuilstamos agent\u0173 pastangos pama\u017eu \u0117m\u0117 silpninti krik\u0161tat\u0117vi\u0173 organizacij\u0105 ir infrastrukt\u016br\u0105, o tai l\u0117m\u0117 ne\u012fsivaizduojam\u0105 daugelio nusikalt\u0117li\u0173 \u017elugim\u0105.<\/p>\n<p>Dalis Chriso ir Dave\u2019o prisiminim\u0173 ekranizuoti tre\u010diajame populiaraus \u201eNetflix\u201c serialo \u201eNarcos\u201c. Naujosios imperijos i\u0161kilimas. Kalio kartelis\u201c sezone. \u0160ioje knygoje jie patys pasakoja savo istorij\u0105.<\/p>\n<h5 class=\"_1mf _1mj\" data-offset-key=\"32r85-0-0\">\u0160iuo metu vyksta <span style=\"text-decoration: underline;\">I\u0160ANKSTINIAI<\/span> u\u017esakymai.<br \/>\nU\u017esisakykite su 25% nuolaida iki baland\u017eio 23 d.<br \/>\nKnygas planuojame i\u0161si\u0173sti baland\u017eio 24 d.<\/h5>","protected":false},"featured_media":7423,"template":"","meta":{"site-sidebar-layout":"default","site-content-layout":"","ast-site-content-layout":"default","site-content-style":"default","site-sidebar-style":"default","ast-global-header-display":"","ast-banner-title-visibility":"","ast-main-header-display":"","ast-hfb-above-header-display":"","ast-hfb-below-header-display":"","ast-hfb-mobile-header-display":"","site-post-title":"","ast-breadcrumbs-content":"","ast-featured-img":"","footer-sml-layout":"","ast-disable-related-posts":"","theme-transparent-header-meta":"default","adv-header-id-meta":"","stick-header-meta":"default","header-above-stick-meta":"","header-main-stick-meta":"","header-below-stick-meta":"","astra-migrate-meta-layouts":"set","ast-page-background-enabled":"default","ast-page-background-meta":{"desktop":{"background-color":"","background-image":"","background-repeat":"repeat","background-position":"center center","background-size":"auto","background-attachment":"scroll","background-type":"","background-media":"","overlay-type":"","overlay-color":"","overlay-opacity":"","overlay-gradient":""},"tablet":{"background-color":"","background-image":"","background-repeat":"repeat","background-position":"center center","background-size":"auto","background-attachment":"scroll","background-type":"","background-media":"","overlay-type":"","overlay-color":"","overlay-opacity":"","overlay-gradient":""},"mobile":{"background-color":"","background-image":"","background-repeat":"repeat","background-position":"center center","background-size":"auto","background-attachment":"scroll","background-type":"","background-media":"","overlay-type":"","overlay-color":"","overlay-opacity":"","overlay-gradient":""}},"ast-content-background-meta":{"desktop":{"background-color":"var(--ast-global-color-5)","background-image":"","background-repeat":"repeat","background-position":"center center","background-size":"auto","background-attachment":"scroll","background-type":"","background-media":"","overlay-type":"","overlay-color":"","overlay-opacity":"","overlay-gradient":""},"tablet":{"background-color":"var(--ast-global-color-5)","background-image":"","background-repeat":"repeat","background-position":"center center","background-size":"auto","background-attachment":"scroll","background-type":"","background-media":"","overlay-type":"","overlay-color":"","overlay-opacity":"","overlay-gradient":""},"mobile":{"background-color":"var(--ast-global-color-5)","background-image":"","background-repeat":"repeat","background-position":"center center","background-size":"auto","background-attachment":"scroll","background-type":"","background-media":"","overlay-type":"","overlay-color":"","overlay-opacity":"","overlay-gradient":""}}},"product_brand":[],"product_cat":[76],"product_tag":[],"class_list":{"0":"post-5753","1":"product","2":"type-product","3":"status-publish","4":"has-post-thumbnail","6":"product_cat-negrozine-literatura","7":"desktop-align-left","8":"tablet-align-left","9":"mobile-align-left","10":"ast-product-gallery-layout-horizontal","11":"ast-product-gallery-with-no-image","12":"ast-product-tabs-layout-horizontal","14":"first","15":"instock","16":"sale","17":"taxable","18":"shipping-taxable","19":"purchasable","20":"product-type-simple"},"_links":{"self":[{"href":"https:\/\/leidyklahelios.lt\/en\/wp-json\/wp\/v2\/product\/5753","targetHints":{"allow":["GET"]}}],"collection":[{"href":"https:\/\/leidyklahelios.lt\/en\/wp-json\/wp\/v2\/product"}],"about":[{"href":"https:\/\/leidyklahelios.lt\/en\/wp-json\/wp\/v2\/types\/product"}],"version-history":[{"count":12,"href":"https:\/\/leidyklahelios.lt\/en\/wp-json\/wp\/v2\/product\/5753\/revisions"}],"predecessor-version":[{"id":7806,"href":"https:\/\/leidyklahelios.lt\/en\/wp-json\/wp\/v2\/product\/5753\/revisions\/7806"}],"wp:featuredmedia":[{"embeddable":true,"href":"https:\/\/leidyklahelios.lt\/en\/wp-json\/wp\/v2\/media\/7423"}],"wp:attachment":[{"href":"https:\/\/leidyklahelios.lt\/en\/wp-json\/wp\/v2\/media?parent=5753"}],"wp:term":[{"taxonomy":"product_brand","embeddable":true,"href":"https:\/\/leidyklahelios.lt\/en\/wp-json\/wp\/v2\/product_brand?post=5753"},{"taxonomy":"product_cat","embeddable":true,"href":"https:\/\/leidyklahelios.lt\/en\/wp-json\/wp\/v2\/product_cat?post=5753"},{"taxonomy":"product_tag","embeddable":true,"href":"https:\/\/leidyklahelios.lt\/en\/wp-json\/wp\/v2\/product_tag?post=5753"}],"curies":[{"name":"wp","href":"https:\/\/api.w.org\/{rel}","templated":true}]}}