{"id":5842,"date":"2026-02-10T13:51:58","date_gmt":"2026-02-10T11:51:58","guid":{"rendered":"https:\/\/leidyklahelios.lt\/?post_type=product&#038;p=5842"},"modified":"2026-03-20T00:20:42","modified_gmt":"2026-03-19T22:20:42","slug":"juan-gomez-jurado-juodoji-vilke","status":"publish","type":"product","link":"https:\/\/leidyklahelios.lt\/en\/product\/juan-gomez-jurado-juodoji-vilke\/","title":{"rendered":"Juan G\u00f3mez-Jurado <br>JUODOJI VILK\u0116"},"content":{"rendered":"<p><strong>Apie autori\u0173<\/strong><\/p>\n<p>Juanas G\u00f3mez-Jurado, gim\u0119s 1977 metais Madride, \u2013 \u017eurnalistas ir ra\u0161ytojas, trilerio \u017eanro virtuozas, ispan\u0173 literat\u016bros pasaulyje \u00a0\u012fsitvirtin\u0119s kaip vienas s\u0117kmingiausi\u0173 \u0161iuo metu gyvenan\u010di\u0173 ra\u0161ytoj\u0173.\u00a0 K\u016brybin\u012f keli\u0105 prad\u0117jo 2006-aisiais romanu\u00a0<em>Esp\u00eda de Dios<\/em>\u00a0(liet. \u201eDievo \u0161nipas\u201c). Ypa\u010d didel\u0117s s\u0117km\u0117s susilauk\u0117 jo romanai apie Antonij\u0105 Skot, o \u201eRaudonoji karalien\u0117\u201c\u00a0 (<em>Reina Roja<\/em>, 2018) \u2013\u00a0 populiariausias i\u0161 j\u0173.<\/p>\n<p>Ra\u0161ytojo knygos jau i\u0161verstos daugiau nei \u012f 40 kalb\u0173. Jo k\u016bryb\u0105 kritikai apib\u016bdina kaip \u012fkvepian\u010di\u0105 ir kinematografi\u0161k\u0105, o pats Juanas G\u00f3mez-Jurado pripa\u017e\u012fsta niekada nesiek\u0119s literat\u016brin\u0117s rai\u0161kos auk\u0161tum\u0173: jis tiesiog ra\u0161o tai, k\u0105 pa\u010diam patikt\u0173 skaityti.<\/p>\n<h6>Daugiau apie autori\u0173 ir jo k\u016brin\u012f su\u017einokite skaitydami jo\u00a0<a href=\"https:\/\/leidyklahelios.lt\/en\/apzvalgos\/juano-gomezo-jurado-muzos-nelanko-bet-knygos-prikausto\/\"><em>interviu<\/em><\/a>.<\/h6>","protected":false},"excerpt":{"rendered":"<p><strong>\u201eJuodoji vilk\u0117\u201c \u2013 antroji \u201eRaudonosios karalien\u0117s\u201c trilogijos apie Antonij\u0105 Skot dalis.<\/strong><\/p>\n<p><strong>I\u0160LIKTI DAR NIEKADA NEBUVO TAIP SUD\u0116TINGA\u2026<\/strong><\/p>\n<p><strong>Ne\u012ftik\u0117tina istorija, \u012ftraukusi daugiau nei 4 500 000 skaitytoj\u0173.<\/strong><\/p>\n<p>Antonija Skot nebijo nieko. Tik pa\u010dios sav\u0119s. Ta\u010diau yra kai kas, pavojingesnis u\u017e j\u0105. Kai kas, kam pavykt\u0173 j\u0105 nugal\u0117ti. Juodoji Vilk\u0117 kaskart vis ar\u010diau. Ir Antonija i\u0161sig\u0105sta \u2013 ko gero, pirm\u0105 kart\u0105 gyvenime.<\/p>\n<p>*<\/p>\n<p>Nu\u017eudyto rus\u0173 kilm\u0117s verslininko ir dingusios jo \u017emonos byloje visi \u012fkal\u010diai i\u0161kalbingai rodo \u012f Ispanijos kurorte klestin\u010di\u0105 rus\u0173 mafij\u0105. Siekiant i\u0161painioti pavojingus mafijos tinklus, Antonijai ir Jonui prireiks imtis kra\u0161tutini\u0173 priemoni\u0173. Tik viskas susiraizg\u0119 dar sud\u0117tingiau, nei atrod\u0117.<\/p>\n<p>Kvap\u0105 gniau\u017eianti prabanga, \u017emog\u017eudyst\u0117s, narkotikai, prekyba \u017emon\u0117mis, korumpuoti pareig\u016bnai ir paslaptinga, nenugalima Juodoji Vilk\u0117. Staiga viskas pasikei\u010dia: laim\u0117ti tampa nebesvarbu, svarbu \u2013 i\u0161likti.<\/p>\n<p>Juano Go\u0301mez-Jurado kuriama istorija i\u0161skirtin\u0117 \u2013 jos herojai ne tik susiduria su prie\u0161u. Kartu jie kovoja ir savo asmenines kovas, abejoja, nusivilia, klysta. Tie vidiniai \u017emogi\u0161ki saitai turb\u016bt glaud\u017eiausiai jungia juos su skaitytojo pasauliu.<\/p>\n<p>*<\/p>\n<p>\u201eJuodoji vilk\u0117\u201c yra antroji trilogijos apie Antonij\u0105 Skot knyga. Pirmoji,<strong> <em><a href=\"https:\/\/leidyklahelios.lt\/en\/product\/juan-gomez-jurado-raudonoji-karaliene\/\">\u201eRaudonoji karalien\u0117\u201c<\/a><\/em><\/strong>, lietuvi\u0173 kalba pasirod\u0117 pernai ir sulauk\u0117 didelio skaitytoj\u0173 susidom\u0117jimo. Tre\u010di\u0105j\u0105 dal\u012f, \u201eBaltasis karalius\u201c, numatoma i\u0161leisti met\u0173 viduryje \u2013 ji vainikuos \u0161i\u0105 kvap\u0105 gniau\u017eian\u010di\u0105 istorij\u0105.<\/p>\n<h6>JAU PREKYBOJE!<\/h6>","protected":false},"featured_media":7066,"template":"","meta":{"site-sidebar-layout":"default","site-content-layout":"","ast-site-content-layout":"default","site-content-style":"default","site-sidebar-style":"default","ast-global-header-display":"","ast-banner-title-visibility":"","ast-main-header-display":"","ast-hfb-above-header-display":"","ast-hfb-below-header-display":"","ast-hfb-mobile-header-display":"","site-post-title":"","ast-breadcrumbs-content":"","ast-featured-img":"","footer-sml-layout":"","ast-disable-related-posts":"","theme-transparent-header-meta":"default","adv-header-id-meta":"","stick-header-meta":"default","header-above-stick-meta":"","header-main-stick-meta":"","header-below-stick-meta":"","astra-migrate-meta-layouts":"set","ast-page-background-enabled":"default","ast-page-background-meta":{"desktop":{"background-color":"","background-image":"","background-repeat":"repeat","background-position":"center center","background-size":"auto","background-attachment":"scroll","background-type":"","background-media":"","overlay-type":"","overlay-color":"","overlay-opacity":"","overlay-gradient":""},"tablet":{"background-color":"","background-image":"","background-repeat":"repeat","background-position":"center center","background-size":"auto","background-attachment":"scroll","background-type":"","background-media":"","overlay-type":"","overlay-color":"","overlay-opacity":"","overlay-gradient":""},"mobile":{"background-color":"","background-image":"","background-repeat":"repeat","background-position":"center center","background-size":"auto","background-attachment":"scroll","background-type":"","background-media":"","overlay-type":"","overlay-color":"","overlay-opacity":"","overlay-gradient":""}},"ast-content-background-meta":{"desktop":{"background-color":"var(--ast-global-color-5)","background-image":"","background-repeat":"repeat","background-position":"center center","background-size":"auto","background-attachment":"scroll","background-type":"","background-media":"","overlay-type":"","overlay-color":"","overlay-opacity":"","overlay-gradient":""},"tablet":{"background-color":"var(--ast-global-color-5)","background-image":"","background-repeat":"repeat","background-position":"center center","background-size":"auto","background-attachment":"scroll","background-type":"","background-media":"","overlay-type":"","overlay-color":"","overlay-opacity":"","overlay-gradient":""},"mobile":{"background-color":"var(--ast-global-color-5)","background-image":"","background-repeat":"repeat","background-position":"center center","background-size":"auto","background-attachment":"scroll","background-type":"","background-media":"","overlay-type":"","overlay-color":"","overlay-opacity":"","overlay-gradient":""}}},"product_brand":[],"product_cat":[77],"product_tag":[],"class_list":{"0":"post-5842","1":"product","2":"type-product","3":"status-publish","4":"has-post-thumbnail","6":"product_cat-grozine-literatura","7":"desktop-align-left","8":"tablet-align-left","9":"mobile-align-left","10":"ast-product-gallery-layout-horizontal","11":"ast-product-gallery-with-no-image","12":"ast-product-tabs-layout-horizontal","14":"first","15":"instock","16":"sale","17":"taxable","18":"shipping-taxable","19":"purchasable","20":"product-type-simple"},"_links":{"self":[{"href":"https:\/\/leidyklahelios.lt\/en\/wp-json\/wp\/v2\/product\/5842","targetHints":{"allow":["GET"]}}],"collection":[{"href":"https:\/\/leidyklahelios.lt\/en\/wp-json\/wp\/v2\/product"}],"about":[{"href":"https:\/\/leidyklahelios.lt\/en\/wp-json\/wp\/v2\/types\/product"}],"version-history":[{"count":10,"href":"https:\/\/leidyklahelios.lt\/en\/wp-json\/wp\/v2\/product\/5842\/revisions"}],"predecessor-version":[{"id":7223,"href":"https:\/\/leidyklahelios.lt\/en\/wp-json\/wp\/v2\/product\/5842\/revisions\/7223"}],"wp:featuredmedia":[{"embeddable":true,"href":"https:\/\/leidyklahelios.lt\/en\/wp-json\/wp\/v2\/media\/7066"}],"wp:attachment":[{"href":"https:\/\/leidyklahelios.lt\/en\/wp-json\/wp\/v2\/media?parent=5842"}],"wp:term":[{"taxonomy":"product_brand","embeddable":true,"href":"https:\/\/leidyklahelios.lt\/en\/wp-json\/wp\/v2\/product_brand?post=5842"},{"taxonomy":"product_cat","embeddable":true,"href":"https:\/\/leidyklahelios.lt\/en\/wp-json\/wp\/v2\/product_cat?post=5842"},{"taxonomy":"product_tag","embeddable":true,"href":"https:\/\/leidyklahelios.lt\/en\/wp-json\/wp\/v2\/product_tag?post=5842"}],"curies":[{"name":"wp","href":"https:\/\/api.w.org\/{rel}","templated":true}]}}