{"id":5848,"date":"2026-03-20T12:23:32","date_gmt":"2026-03-20T10:23:32","guid":{"rendered":"https:\/\/leidyklahelios.lt\/?post_type=product&#038;p=5848"},"modified":"2026-04-07T10:02:37","modified_gmt":"2026-04-07T07:02:37","slug":"ozzy-osbourne-paskutines-apeigos","status":"publish","type":"product","link":"https:\/\/leidyklahelios.lt\/en\/product\/ozzy-osbourne-paskutines-apeigos\/","title":{"rendered":"Ozzy Osbourne <br>PASKUTIN\u0116S APEIGOS"},"content":{"rendered":"<p>Ozzy\u2019is Osbourne\u2019as gim\u0117 Birmingame 1948 metais ir tapo viena ilgaam\u017ei\u0161kiausi\u0173 pasaulio roko muzikos \u017evaig\u017ed\u017ei\u0173. I\u0161gars\u0117j\u0119s gimtin\u0117je kaip \u201eBlack Sabbath\u201c vokalistas, v\u0117liau jis pasiek\u0117 dar didesni\u0173 auk\u0161tum\u0173 Jungtin\u0117se Amerikos Valstijose kaip solo atlik\u0117jas. Gyvenime gars\u0117jo netik\u0117tais poelgiais ir skandalingomis istorijomis. Susilauk\u0117 penki\u0173 vaik\u0173: Kelly, Jacko, Aimee, Jessicos ir Louiso. Su savo vadybininke ir antr\u0105ja \u017emona Sharon paskutinius gyvenimo metus praleido gimtojoje \u0161alyje.<\/p>","protected":false},"excerpt":{"rendered":"<p><strong>\u201e\u017dmon\u0117s man\u0119s klausia: jei gal\u0117tum gyvent i\u0161 naujo, \u017einodamas tai, k\u0105 \u017einai dabar, ar k\u0105 nors keistum? Atsakau: jokiu sup*stu b\u016bdu! Jei b\u016b\u010diau neg\u0117r\u0119s ir nevartoj\u0119s, neb\u016b\u010diau Ozzy\u2019is. Jei b\u016b\u010diau elg\u0119sis deramai ir protingai, neb\u016b\u010diau Ozzy\u2019is.\u201c<\/strong><\/p>\n<p><strong>Vyras. T\u0117vas. Senelis. Sup*sta legenda.<\/strong><\/p>\n<p><strong>1948\u20132025<\/strong><\/p>\n<p><strong>\u00a0<\/strong><\/p>\n<p>2018 metais, b\u016bdamas \u0161e\u0161iasde\u0161imt devyneri\u0173, Ozzy\u2019is Osbourne\u2019as sureng\u0117 grandiozin\u012f atsisveikinimo tur\u0105 \u2013 dainavo pilnut\u0117l\u0117se arenose ir sulauk\u0117 puiki\u0173 atsiliepim\u0173 visame pasaulyje.<\/p>\n<p>Ir tada \u2013 katastrofa.<\/p>\n<p>Tai, kas prasid\u0117jo kaip nekaltas apsilankymas ligonin\u0117je d\u0117l pir\u0161to u\u017edegimo, vos per kelias savaites tapo pasitraukimu i\u0161 vie\u0161ojo gyvenimo: atlik\u0117j\u0105 i\u0161tiko beveik visi\u0161kas paraly\u017eius.<\/p>\n<p>Ozzy Osbourne \u201ePaskutin\u0117s apeigos\u201c \u2013 tai \u0161okiruojanti, kar\u010diai juokinga, niekada anks\u010diau nepasakota Ozzy\u2019io kelion\u0117s \u012f pragar\u0105 istorija. Pakeliui jis apm\u0105sto savo nepaprast\u0105 gyvenim\u0105 ir karjer\u0105, \u012fskaitant santuok\u0105 su Sharon, bei tai, k\u0105 jam reik\u0117jo i\u0161gyventi, kad gal\u0117t\u0173 sugr\u012f\u017eti \u012f scen\u0105 visame pasaulyje transliuotame \u201eBack to the Beginning\u201c koncerte, kur paskutin\u012f kart\u0105 pasirod\u0117 su grup\u0117s \u201eBlack Sabbath\u201cnariais.<\/p>\n<p>Atviros, \u017eiauriai s\u0105\u017einingos ir netik\u0117tai \u012fkvepian\u010dios \u201ePaskutin\u0117s apeigos\u201c dar kart\u0105 primena, kod\u0117l Ozzy\u2019is vadinamas Tamsos princu ir metalo muzikos krik\u0161tat\u0117viu.<\/p>","protected":false},"featured_media":7419,"template":"","meta":{"site-sidebar-layout":"default","site-content-layout":"","ast-site-content-layout":"default","site-content-style":"default","site-sidebar-style":"default","ast-global-header-display":"","ast-banner-title-visibility":"","ast-main-header-display":"","ast-hfb-above-header-display":"","ast-hfb-below-header-display":"","ast-hfb-mobile-header-display":"","site-post-title":"","ast-breadcrumbs-content":"","ast-featured-img":"","footer-sml-layout":"","ast-disable-related-posts":"","theme-transparent-header-meta":"default","adv-header-id-meta":"","stick-header-meta":"default","header-above-stick-meta":"","header-main-stick-meta":"","header-below-stick-meta":"","astra-migrate-meta-layouts":"set","ast-page-background-enabled":"default","ast-page-background-meta":{"desktop":{"background-color":"","background-image":"","background-repeat":"repeat","background-position":"center center","background-size":"auto","background-attachment":"scroll","background-type":"","background-media":"","overlay-type":"","overlay-color":"","overlay-opacity":"","overlay-gradient":""},"tablet":{"background-color":"","background-image":"","background-repeat":"repeat","background-position":"center center","background-size":"auto","background-attachment":"scroll","background-type":"","background-media":"","overlay-type":"","overlay-color":"","overlay-opacity":"","overlay-gradient":""},"mobile":{"background-color":"","background-image":"","background-repeat":"repeat","background-position":"center center","background-size":"auto","background-attachment":"scroll","background-type":"","background-media":"","overlay-type":"","overlay-color":"","overlay-opacity":"","overlay-gradient":""}},"ast-content-background-meta":{"desktop":{"background-color":"var(--ast-global-color-5)","background-image":"","background-repeat":"repeat","background-position":"center center","background-size":"auto","background-attachment":"scroll","background-type":"","background-media":"","overlay-type":"","overlay-color":"","overlay-opacity":"","overlay-gradient":""},"tablet":{"background-color":"var(--ast-global-color-5)","background-image":"","background-repeat":"repeat","background-position":"center center","background-size":"auto","background-attachment":"scroll","background-type":"","background-media":"","overlay-type":"","overlay-color":"","overlay-opacity":"","overlay-gradient":""},"mobile":{"background-color":"var(--ast-global-color-5)","background-image":"","background-repeat":"repeat","background-position":"center center","background-size":"auto","background-attachment":"scroll","background-type":"","background-media":"","overlay-type":"","overlay-color":"","overlay-opacity":"","overlay-gradient":""}}},"product_brand":[],"product_cat":[76],"product_tag":[],"class_list":{"0":"post-5848","1":"product","2":"type-product","3":"status-publish","4":"has-post-thumbnail","6":"product_cat-negrozine-literatura","7":"desktop-align-left","8":"tablet-align-left","9":"mobile-align-left","10":"ast-product-gallery-layout-horizontal","11":"ast-product-gallery-with-no-image","12":"ast-product-tabs-layout-horizontal","14":"first","15":"instock","16":"sale","17":"taxable","18":"shipping-taxable","19":"purchasable","20":"product-type-simple"},"_links":{"self":[{"href":"https:\/\/leidyklahelios.lt\/en\/wp-json\/wp\/v2\/product\/5848","targetHints":{"allow":["GET"]}}],"collection":[{"href":"https:\/\/leidyklahelios.lt\/en\/wp-json\/wp\/v2\/product"}],"about":[{"href":"https:\/\/leidyklahelios.lt\/en\/wp-json\/wp\/v2\/types\/product"}],"version-history":[{"count":9,"href":"https:\/\/leidyklahelios.lt\/en\/wp-json\/wp\/v2\/product\/5848\/revisions"}],"predecessor-version":[{"id":7776,"href":"https:\/\/leidyklahelios.lt\/en\/wp-json\/wp\/v2\/product\/5848\/revisions\/7776"}],"wp:featuredmedia":[{"embeddable":true,"href":"https:\/\/leidyklahelios.lt\/en\/wp-json\/wp\/v2\/media\/7419"}],"wp:attachment":[{"href":"https:\/\/leidyklahelios.lt\/en\/wp-json\/wp\/v2\/media?parent=5848"}],"wp:term":[{"taxonomy":"product_brand","embeddable":true,"href":"https:\/\/leidyklahelios.lt\/en\/wp-json\/wp\/v2\/product_brand?post=5848"},{"taxonomy":"product_cat","embeddable":true,"href":"https:\/\/leidyklahelios.lt\/en\/wp-json\/wp\/v2\/product_cat?post=5848"},{"taxonomy":"product_tag","embeddable":true,"href":"https:\/\/leidyklahelios.lt\/en\/wp-json\/wp\/v2\/product_tag?post=5848"}],"curies":[{"name":"wp","href":"https:\/\/api.w.org\/{rel}","templated":true}]}}