{"id":5852,"date":"2026-03-17T12:07:55","date_gmt":"2026-03-17T10:07:55","guid":{"rendered":"https:\/\/leidyklahelios.lt\/?post_type=product&#038;p=5852"},"modified":"2026-04-03T00:55:24","modified_gmt":"2026-04-02T21:55:24","slug":"david-grann-geliu-menulio-zudikai","status":"publish","type":"product","link":"https:\/\/leidyklahelios.lt\/en\/product\/david-grann-geliu-menulio-zudikai\/","title":{"rendered":"David Grann <br>G\u0116LI\u0172 M\u0116NULIO \u017dUDIKAI"},"content":{"rendered":"<p>\u201eBeveik nepriekai\u0161tinga. Kupina pasitik\u0117jimo, grak\u0161\u010dios dinamikos, greito tempo&#8230; Pasakojama nusikaltim\u0173 istorija yra pasibais\u0117tina, pilna autenti\u0161k\u0173 didvyri\u0173 ir piktadari\u0173. Ji privers jus pa\u0161iurpti nuo vieno \u017emogaus ne\u017emoni\u0161kumo kitam.\u201c<\/p>\n<p><em>\u2014 The New York Times<\/em><\/p>\n<p>\u201eNepaprasta istorija, tokia jaudinanti, kad ne\u012fmanoma atsipl\u0117\u0161ti, para\u0161yta ra\u0161ytojo, kurio <em>true crime<\/em> paslaptys visada siekia giliau, negu tikisi skaitytojas.\u201c<\/p>\n<p><em>\u2014 The Paris Review<\/em><\/p>\n<h6 class=\"p1\"><b>Dar viena \u012fsp\u016bdinga ir kvap\u0105 gniau\u017eianti to paties autoriaus Davido Granno istorija<\/b> <em>\u2014 <\/em><a href=\"https:\/\/leidyklahelios.lt\/en\/product\/david-grann-veidzeris\/\"><strong>VEID\u017dERIS.<\/strong><\/a><\/h6>\n<p>&nbsp;<\/p>\n<p><strong>Apie autori\u0173<\/strong><\/p>\n<p>Davidas Grannas yra \u201eNew York Times\u201c bestseleri\u0173 \u201eG\u0117li\u0173 m\u0117nulio \u017eudikai\u201c ir \u201ePrarastasis miestas Z\u201c autorius. Knyga \u201eG\u0117li\u0173 m\u0117nulio \u017eudikai\u201c buvo \u201eNacionalin\u0117s knygos apdovanojim\u0173\u201c finalinink\u0117 ir laim\u0117jo Edgaro Allano Poe vardo apdovanojim\u0105. <strong>\u201eG\u0117li\u0173 m\u0117nulio \u017eudikai\u201c jau ekranizuota Martino Scorseses kartu su Leonardo DiCaprio, \u201eVeid\u017eeris\u201c bus j\u0173 sekantis projektas.<\/strong><\/p>\n<p>Autorius taip pat para\u0161\u0117 knyg\u0105 \u201eBaltoji tamsa\u201c bei serij\u0105 \u201eVelnias ir \u0160erlokas Holmsas\u201c. Granno talentingai perteiktos istorijos sulauk\u0117 ne vieno puikaus \u012fvertinimo. Ra\u0161ytojas su \u017emona ir vaikais gyvena Niujorke.<\/p>","protected":false},"excerpt":{"rendered":"<h6><b>\u201eG\u0117li\u0173 m\u0117nulio \u017eudikai\u201c \u2013 viena \u017eiauriausi\u0173 ir g\u0117dingiausi\u0173 JAV nusikaltim\u0173 istorij\u0173, prisid\u0117jusi prie FTB atsiradimo.<\/b><\/h6>\n<p>&nbsp;<\/p>\n<p>XX am\u017eiaus 3-ajame de\u0161imtmetyje turtingiausia tauta vienam gyventojui pasaulyje tapo Oklahomoje gyvenanti oseid\u017e\u0173 gentis. Kai j\u0173 \u017eem\u0117je buvo rasta naftos, oseid\u017eai \u0117m\u0117 va\u017ein\u0117tis automobiliais su \u0161oferiais, statytis r\u016bmus ir si\u0173sti vaikus mokytis \u012f Europ\u0105.<\/p>\n<p>Paskui oseid\u017eai \u0117m\u0117 mirti vienas po kito. Pagrindiniu taikiniu tapo oseid\u017e\u0117s Mollie Burkhart \u0161eima. Viena jos giminait\u0117 buvo nu\u0161auta, kita \u2013 nunuodyta. Ir tai tebuvo prad\u017eia, nes vis daugiau oseid\u017e\u0173 mirdavo \u012ftartinomis aplinkyb\u0117mis, o daugelis t\u0173, kurie i\u0161dr\u012fso tirti \u017eudynes, patys buvo nu\u017eudyti.<\/p>\n<p>Mir\u010di\u0173 skai\u010diui augant, bylos \u0117m\u0117si naujai \u012fkurtas FTB, o jo jaunasis direktorius J. Edgaras Hooveris papra\u0161\u0117 buvusio Teksaso reind\u017eerio Tomo White\u2019o pam\u0117ginti atskleisti \u0161i\u0105 paslapt\u012f. White\u2018as surinko komand\u0105 slapt\u0173 operatyvinink\u0173, tarp kuri\u0173 buvo ir agentas ind\u0117nas, ir \u012fsiskverb\u0119 \u012f region\u0105 kartu su oseid\u017eais jie pama\u017eu atskleid\u0117 vien\u0105 \u0161iurpiausi\u0173 s\u0105moksl\u0173 Amerikos istorijoje.<\/p>\n<p class=\"p1\"><b>Pagal \u0161i\u0105 knyg\u0105 sukurtas to paties pavadinimo \u017eymaus re\u017eisieriaus Martino Scorsese filmas su Leonardo DiCaprio.<\/b><\/p>","protected":false},"featured_media":7358,"template":"","meta":{"site-sidebar-layout":"default","site-content-layout":"","ast-site-content-layout":"default","site-content-style":"default","site-sidebar-style":"default","ast-global-header-display":"","ast-banner-title-visibility":"","ast-main-header-display":"","ast-hfb-above-header-display":"","ast-hfb-below-header-display":"","ast-hfb-mobile-header-display":"","site-post-title":"","ast-breadcrumbs-content":"","ast-featured-img":"","footer-sml-layout":"","ast-disable-related-posts":"","theme-transparent-header-meta":"default","adv-header-id-meta":"","stick-header-meta":"default","header-above-stick-meta":"","header-main-stick-meta":"","header-below-stick-meta":"","astra-migrate-meta-layouts":"set","ast-page-background-enabled":"default","ast-page-background-meta":{"desktop":{"background-color":"","background-image":"","background-repeat":"repeat","background-position":"center center","background-size":"auto","background-attachment":"scroll","background-type":"","background-media":"","overlay-type":"","overlay-color":"","overlay-opacity":"","overlay-gradient":""},"tablet":{"background-color":"","background-image":"","background-repeat":"repeat","background-position":"center center","background-size":"auto","background-attachment":"scroll","background-type":"","background-media":"","overlay-type":"","overlay-color":"","overlay-opacity":"","overlay-gradient":""},"mobile":{"background-color":"","background-image":"","background-repeat":"repeat","background-position":"center center","background-size":"auto","background-attachment":"scroll","background-type":"","background-media":"","overlay-type":"","overlay-color":"","overlay-opacity":"","overlay-gradient":""}},"ast-content-background-meta":{"desktop":{"background-color":"var(--ast-global-color-5)","background-image":"","background-repeat":"repeat","background-position":"center center","background-size":"auto","background-attachment":"scroll","background-type":"","background-media":"","overlay-type":"","overlay-color":"","overlay-opacity":"","overlay-gradient":""},"tablet":{"background-color":"var(--ast-global-color-5)","background-image":"","background-repeat":"repeat","background-position":"center center","background-size":"auto","background-attachment":"scroll","background-type":"","background-media":"","overlay-type":"","overlay-color":"","overlay-opacity":"","overlay-gradient":""},"mobile":{"background-color":"var(--ast-global-color-5)","background-image":"","background-repeat":"repeat","background-position":"center center","background-size":"auto","background-attachment":"scroll","background-type":"","background-media":"","overlay-type":"","overlay-color":"","overlay-opacity":"","overlay-gradient":""}}},"product_brand":[],"product_cat":[76],"product_tag":[],"class_list":{"0":"post-5852","1":"product","2":"type-product","3":"status-publish","4":"has-post-thumbnail","6":"product_cat-negrozine-literatura","7":"desktop-align-left","8":"tablet-align-left","9":"mobile-align-left","10":"ast-product-gallery-layout-horizontal","11":"ast-product-gallery-with-no-image","12":"ast-product-tabs-layout-horizontal","14":"first","15":"instock","16":"sale","17":"taxable","18":"shipping-taxable","19":"purchasable","20":"product-type-simple"},"_links":{"self":[{"href":"https:\/\/leidyklahelios.lt\/en\/wp-json\/wp\/v2\/product\/5852","targetHints":{"allow":["GET"]}}],"collection":[{"href":"https:\/\/leidyklahelios.lt\/en\/wp-json\/wp\/v2\/product"}],"about":[{"href":"https:\/\/leidyklahelios.lt\/en\/wp-json\/wp\/v2\/types\/product"}],"version-history":[{"count":15,"href":"https:\/\/leidyklahelios.lt\/en\/wp-json\/wp\/v2\/product\/5852\/revisions"}],"predecessor-version":[{"id":7704,"href":"https:\/\/leidyklahelios.lt\/en\/wp-json\/wp\/v2\/product\/5852\/revisions\/7704"}],"wp:featuredmedia":[{"embeddable":true,"href":"https:\/\/leidyklahelios.lt\/en\/wp-json\/wp\/v2\/media\/7358"}],"wp:attachment":[{"href":"https:\/\/leidyklahelios.lt\/en\/wp-json\/wp\/v2\/media?parent=5852"}],"wp:term":[{"taxonomy":"product_brand","embeddable":true,"href":"https:\/\/leidyklahelios.lt\/en\/wp-json\/wp\/v2\/product_brand?post=5852"},{"taxonomy":"product_cat","embeddable":true,"href":"https:\/\/leidyklahelios.lt\/en\/wp-json\/wp\/v2\/product_cat?post=5852"},{"taxonomy":"product_tag","embeddable":true,"href":"https:\/\/leidyklahelios.lt\/en\/wp-json\/wp\/v2\/product_tag?post=5852"}],"curies":[{"name":"wp","href":"https:\/\/api.w.org\/{rel}","templated":true}]}}