{"id":6361,"date":"2025-12-08T13:32:57","date_gmt":"2025-12-08T11:32:57","guid":{"rendered":"https:\/\/leidyklahelios.lt\/?post_type=product&#038;p=6361"},"modified":"2026-03-31T13:31:59","modified_gmt":"2026-03-31T10:31:59","slug":"nick-caruso-ar-jie-perdzia","status":"publish","type":"product","link":"https:\/\/leidyklahelios.lt\/en\/product\/nick-caruso-ar-jie-perdzia\/","title":{"rendered":"Nick Caruso, Dani Rabaiotti <br>AR JIE PERD\u017dIA?"},"content":{"rendered":"","protected":false},"excerpt":{"rendered":"<h5><\/h5>\n<h5>ATNAUJINTAS \u00a0BESTSELERIO \u201e<em>Ar jie perd\u017eia?\u201c<\/em> LEIDIMAS<\/h5>\n<p>\u0160unys perd\u017eia. Kat\u0117s perd\u017eia. Arkliai perd\u017eia (kaip reikiant). O kaip gyvat\u0117s? Vorai? A\u0161tuonkojai? \u0160impanz\u0117s? Gepardai? O dinozaurai?<\/p>\n<p>Perskait\u0119 \u0161\u012f vadov\u0105 apie savo mylimiausi\u0173 (ir galb\u016bt dar nematyt\u0173) gyv\u016bn\u0173 leid\u017eiamas dujas ma\u017eieji skaitytojai su\u017einos, kuriems gyv\u016bnams pu\u010dia vidurius, kuri\u0173 bezdalai smirda labiausiai, kurie perd\u017eia daugiausia\u2026 ir apskritai, i\u0161 kur visi tie smirdalai atsiranda. Ir net \u2013 kuri gyv\u016bn\u0173 r\u016b\u0161is turi slapt\u0105 perdimo kod\u0105!\u00a0<em>Ar jie perd\u017eia?<\/em>\u00a0puikiai tinka ir ne itin m\u0117gstantiems skaityti: knygel\u0117je daug spalving\u0173 iliustracij\u0173. Galb\u016bt tai linksmiausias j\u016bs\u0173 iki \u0161iol neatrastas leidinys!<\/p>\n<p>Pagal New York Times bestseler\u012f\u00a0<em>Ar jie perd\u017eia? I\u0161samus praktinis gyv\u016bn\u0173 oro gadinimo vadovas<\/em>.<\/p>","protected":false},"featured_media":6364,"template":"","meta":{"site-sidebar-layout":"default","site-content-layout":"","ast-site-content-layout":"default","site-content-style":"default","site-sidebar-style":"default","ast-global-header-display":"","ast-banner-title-visibility":"","ast-main-header-display":"","ast-hfb-above-header-display":"","ast-hfb-below-header-display":"","ast-hfb-mobile-header-display":"","site-post-title":"","ast-breadcrumbs-content":"","ast-featured-img":"","footer-sml-layout":"","ast-disable-related-posts":"","theme-transparent-header-meta":"default","adv-header-id-meta":"","stick-header-meta":"default","header-above-stick-meta":"","header-main-stick-meta":"","header-below-stick-meta":"","astra-migrate-meta-layouts":"set","ast-page-background-enabled":"default","ast-page-background-meta":{"desktop":{"background-color":"","background-image":"","background-repeat":"repeat","background-position":"center center","background-size":"auto","background-attachment":"scroll","background-type":"","background-media":"","overlay-type":"","overlay-color":"","overlay-opacity":"","overlay-gradient":""},"tablet":{"background-color":"","background-image":"","background-repeat":"repeat","background-position":"center center","background-size":"auto","background-attachment":"scroll","background-type":"","background-media":"","overlay-type":"","overlay-color":"","overlay-opacity":"","overlay-gradient":""},"mobile":{"background-color":"","background-image":"","background-repeat":"repeat","background-position":"center center","background-size":"auto","background-attachment":"scroll","background-type":"","background-media":"","overlay-type":"","overlay-color":"","overlay-opacity":"","overlay-gradient":""}},"ast-content-background-meta":{"desktop":{"background-color":"var(--ast-global-color-5)","background-image":"","background-repeat":"repeat","background-position":"center center","background-size":"auto","background-attachment":"scroll","background-type":"","background-media":"","overlay-type":"","overlay-color":"","overlay-opacity":"","overlay-gradient":""},"tablet":{"background-color":"var(--ast-global-color-5)","background-image":"","background-repeat":"repeat","background-position":"center center","background-size":"auto","background-attachment":"scroll","background-type":"","background-media":"","overlay-type":"","overlay-color":"","overlay-opacity":"","overlay-gradient":""},"mobile":{"background-color":"var(--ast-global-color-5)","background-image":"","background-repeat":"repeat","background-position":"center center","background-size":"auto","background-attachment":"scroll","background-type":"","background-media":"","overlay-type":"","overlay-color":"","overlay-opacity":"","overlay-gradient":""}}},"product_brand":[],"product_cat":[78],"product_tag":[81,91],"class_list":{"0":"post-6361","1":"product","2":"type-product","3":"status-publish","4":"has-post-thumbnail","6":"product_cat-vaiku-literatura","7":"product_tag-bestseleriai","8":"product_tag-knygos-vaikams","9":"desktop-align-left","10":"tablet-align-left","11":"mobile-align-left","12":"ast-product-gallery-layout-horizontal","13":"ast-product-gallery-with-no-image","14":"ast-product-tabs-layout-horizontal","16":"first","17":"instock","18":"sale","19":"taxable","20":"shipping-taxable","21":"purchasable","22":"product-type-simple"},"_links":{"self":[{"href":"https:\/\/leidyklahelios.lt\/en\/wp-json\/wp\/v2\/product\/6361","targetHints":{"allow":["GET"]}}],"collection":[{"href":"https:\/\/leidyklahelios.lt\/en\/wp-json\/wp\/v2\/product"}],"about":[{"href":"https:\/\/leidyklahelios.lt\/en\/wp-json\/wp\/v2\/types\/product"}],"version-history":[{"count":6,"href":"https:\/\/leidyklahelios.lt\/en\/wp-json\/wp\/v2\/product\/6361\/revisions"}],"predecessor-version":[{"id":6369,"href":"https:\/\/leidyklahelios.lt\/en\/wp-json\/wp\/v2\/product\/6361\/revisions\/6369"}],"wp:featuredmedia":[{"embeddable":true,"href":"https:\/\/leidyklahelios.lt\/en\/wp-json\/wp\/v2\/media\/6364"}],"wp:attachment":[{"href":"https:\/\/leidyklahelios.lt\/en\/wp-json\/wp\/v2\/media?parent=6361"}],"wp:term":[{"taxonomy":"product_brand","embeddable":true,"href":"https:\/\/leidyklahelios.lt\/en\/wp-json\/wp\/v2\/product_brand?post=6361"},{"taxonomy":"product_cat","embeddable":true,"href":"https:\/\/leidyklahelios.lt\/en\/wp-json\/wp\/v2\/product_cat?post=6361"},{"taxonomy":"product_tag","embeddable":true,"href":"https:\/\/leidyklahelios.lt\/en\/wp-json\/wp\/v2\/product_tag?post=6361"}],"curies":[{"name":"wp","href":"https:\/\/api.w.org\/{rel}","templated":true}]}}