{"id":6663,"date":"2026-01-09T12:55:42","date_gmt":"2026-01-09T10:55:42","guid":{"rendered":"https:\/\/leidyklahelios.lt\/?post_type=product&#038;p=6663"},"modified":"2026-03-31T13:32:13","modified_gmt":"2026-03-31T10:32:13","slug":"katri-kirkkopelto-molis-ir-augintinis","status":"publish","type":"product","link":"https:\/\/leidyklahelios.lt\/en\/product\/katri-kirkkopelto-molis-ir-augintinis\/","title":{"rendered":"Katri Kirkkopelto <br>MOLIS IR NEU\u017dMIR\u0160TAMAS AUGINTINIS"},"content":{"rendered":"<p><strong>Apie autor\u0119<\/strong><\/p>\n<p><strong>Katri Kirkkopelto (1966) \u2013<\/strong>\u00a0literat\u016brinius apdovanojimus pelniusi suomi\u0173 meninink\u0117, iliustrator\u0117, knyg\u0173 vaikams autor\u0117 ir men\u0173 mokytoja. Suomijoje, Estijoje ir Latvijoje yra geriausiai \u017einoma d\u0117l savo sukurto knyg\u0173 persona\u017eo vaikams \u2013 Molis.<\/p>","protected":false},"excerpt":{"rendered":"<p>Molis savo sode aptinka ramblio jaunikl\u012f. \u0160is sald\u017eiai parpia neu\u017emir\u0161tuoli\u0173 tankm\u0117je.<\/p>\n<p>Naujasis augintinis apver\u010dia Molio gyvenim\u0105 auk\u0161tyn kojom. Jis trepsena visur, kur ir Molis, kai\u0161ioja savo straubl\u012f kur nereikia, apver\u010dia namus, kakoja ir BAISINGAI daug \u0117da. Molis, Narsius ir Murzius \u0161velniai r\u016bpinasi jaunikliu. \u0160is auga, auga ir AUGA&#8230; ir su kiekviena diena darosi vis brangesnis Moliui. Kas, jeigu vien\u0105 dien\u0105 drambli\u0173 banda ateis ie\u0161koti dingusio jauniklio?<\/p>\n<p>\u0160iltas pasakojimas apie prisiri\u0161im\u0105, r\u016bpest\u012f ir tvirt\u0105 meil\u0117s ry\u0161\u012f, kuris nenutr\u016bksta ir i\u0161siskyrus.<\/p>","protected":false},"featured_media":6664,"template":"","meta":{"site-sidebar-layout":"default","site-content-layout":"","ast-site-content-layout":"default","site-content-style":"default","site-sidebar-style":"default","ast-global-header-display":"","ast-banner-title-visibility":"","ast-main-header-display":"","ast-hfb-above-header-display":"","ast-hfb-below-header-display":"","ast-hfb-mobile-header-display":"","site-post-title":"","ast-breadcrumbs-content":"","ast-featured-img":"","footer-sml-layout":"","ast-disable-related-posts":"","theme-transparent-header-meta":"default","adv-header-id-meta":"","stick-header-meta":"default","header-above-stick-meta":"","header-main-stick-meta":"","header-below-stick-meta":"","astra-migrate-meta-layouts":"set","ast-page-background-enabled":"default","ast-page-background-meta":{"desktop":{"background-color":"","background-image":"","background-repeat":"repeat","background-position":"center center","background-size":"auto","background-attachment":"scroll","background-type":"","background-media":"","overlay-type":"","overlay-color":"","overlay-opacity":"","overlay-gradient":""},"tablet":{"background-color":"","background-image":"","background-repeat":"repeat","background-position":"center center","background-size":"auto","background-attachment":"scroll","background-type":"","background-media":"","overlay-type":"","overlay-color":"","overlay-opacity":"","overlay-gradient":""},"mobile":{"background-color":"","background-image":"","background-repeat":"repeat","background-position":"center center","background-size":"auto","background-attachment":"scroll","background-type":"","background-media":"","overlay-type":"","overlay-color":"","overlay-opacity":"","overlay-gradient":""}},"ast-content-background-meta":{"desktop":{"background-color":"var(--ast-global-color-5)","background-image":"","background-repeat":"repeat","background-position":"center center","background-size":"auto","background-attachment":"scroll","background-type":"","background-media":"","overlay-type":"","overlay-color":"","overlay-opacity":"","overlay-gradient":""},"tablet":{"background-color":"var(--ast-global-color-5)","background-image":"","background-repeat":"repeat","background-position":"center center","background-size":"auto","background-attachment":"scroll","background-type":"","background-media":"","overlay-type":"","overlay-color":"","overlay-opacity":"","overlay-gradient":""},"mobile":{"background-color":"var(--ast-global-color-5)","background-image":"","background-repeat":"repeat","background-position":"center center","background-size":"auto","background-attachment":"scroll","background-type":"","background-media":"","overlay-type":"","overlay-color":"","overlay-opacity":"","overlay-gradient":""}}},"product_brand":[],"product_cat":[78],"product_tag":[91],"class_list":{"0":"post-6663","1":"product","2":"type-product","3":"status-publish","4":"has-post-thumbnail","6":"product_cat-vaiku-literatura","7":"product_tag-knygos-vaikams","8":"desktop-align-left","9":"tablet-align-left","10":"mobile-align-left","11":"ast-product-gallery-layout-horizontal","12":"ast-product-gallery-with-no-image","13":"ast-product-tabs-layout-horizontal","15":"first","16":"instock","17":"sale","18":"taxable","19":"shipping-taxable","20":"purchasable","21":"product-type-simple"},"_links":{"self":[{"href":"https:\/\/leidyklahelios.lt\/en\/wp-json\/wp\/v2\/product\/6663","targetHints":{"allow":["GET"]}}],"collection":[{"href":"https:\/\/leidyklahelios.lt\/en\/wp-json\/wp\/v2\/product"}],"about":[{"href":"https:\/\/leidyklahelios.lt\/en\/wp-json\/wp\/v2\/types\/product"}],"version-history":[{"count":10,"href":"https:\/\/leidyklahelios.lt\/en\/wp-json\/wp\/v2\/product\/6663\/revisions"}],"predecessor-version":[{"id":6920,"href":"https:\/\/leidyklahelios.lt\/en\/wp-json\/wp\/v2\/product\/6663\/revisions\/6920"}],"wp:featuredmedia":[{"embeddable":true,"href":"https:\/\/leidyklahelios.lt\/en\/wp-json\/wp\/v2\/media\/6664"}],"wp:attachment":[{"href":"https:\/\/leidyklahelios.lt\/en\/wp-json\/wp\/v2\/media?parent=6663"}],"wp:term":[{"taxonomy":"product_brand","embeddable":true,"href":"https:\/\/leidyklahelios.lt\/en\/wp-json\/wp\/v2\/product_brand?post=6663"},{"taxonomy":"product_cat","embeddable":true,"href":"https:\/\/leidyklahelios.lt\/en\/wp-json\/wp\/v2\/product_cat?post=6663"},{"taxonomy":"product_tag","embeddable":true,"href":"https:\/\/leidyklahelios.lt\/en\/wp-json\/wp\/v2\/product_tag?post=6663"}],"curies":[{"name":"wp","href":"https:\/\/api.w.org\/{rel}","templated":true}]}}