{"id":6666,"date":"2026-01-08T13:06:47","date_gmt":"2026-01-08T11:06:47","guid":{"rendered":"https:\/\/leidyklahelios.lt\/?post_type=product&#038;p=6666"},"modified":"2026-03-20T12:04:45","modified_gmt":"2026-03-20T10:04:45","slug":"gediminas-navaitis-knyga-kvailumas","status":"publish","type":"product","link":"https:\/\/leidyklahelios.lt\/en\/product\/gediminas-navaitis-knyga-kvailumas\/","title":{"rendered":"Gediminas Navaitis<br> KVAILUMAS."},"content":{"rendered":"<p><strong>Prof. dr. Gediminas Navaitis<\/strong> \u2013 \u017einomas psichologijos specialistas, daugiau nei keturiasde\u0161imties mokslini\u0173 ir mokslo populiarinimo knyg\u0173 lietuvi\u0173 bei u\u017esienio kalbomis autorius.<\/p>","protected":false},"excerpt":{"rendered":"<p>Gedimino Navai\u010dio knyg\u0105 \u201eKvailumas. Kaip daromi blogiausi sprendimai\u201c verta skaityti ne tik tiems, kurie nori i\u0161vengti m\u0105stymo klaid\u0173 ir apsikvailinimo. Ji bus naudinga kiekvienam, siekian\u010diam giliau pa\u017einti save ir kitus, suprasti intelekto prigimt\u012f .<\/p>\n<p>\u0160iandien\u0105, kai protingi \u017emon\u0117s nuvertina kvaili\u0173 gali\u0105 ir netiki, kad \u0161ie daro \u017eal\u0105 negaudami jokios naudos arba netgi patys sau kenkdami, kvailum\u0105 pa\u017einti tapo itin aktualu. \u0160ioje knygoje nagrin\u0117jamos trys svarbiausios temos. Pirmiausia ap\u017evelgiami intelekto ypatumai, paskui \u2013 da\u017eniausiai pasitaikan\u010dios kognityvin\u0117s klaidos, o pabaigoje \u2013 kvailumo rai\u0161ka kasdienyb\u0117je: ugdant nauj\u0105 kvaili\u0173 kart\u0105, griaunant meil\u0119 ir \u0161eim\u0105, tvarkant pinigus ar kitais b\u016bdais apgaudin\u0117jant save.<\/p>\n<p>Knyga \u201eKvailumas. Kaip daromi blogiausi sprendimai\u201c \u017eavi ne tik tuo, kad yra \u012ftraukianti ir lengvai skaitoma, bet ir savo didele praktine verte. Joje puikiai dera mokslinis po\u017ei\u016bris, blog\u0173 sprendim\u0173 pavyzd\u017eiai ir humoras.<\/p>\n<p><strong>M\u0105stymo klaidos ir kaip j\u0173 i\u0161vengti \u2022 Kaip \u012ftikinti kvail\u012f \u2022 Kod\u0117l sugenda \u201eproto\u201c ma\u0161ina \u2022 S\u0105mokslo teorijos: logi\u0161kos, bet kvailos \u2022 B\u016bdai tapti protingesniam<\/strong><\/p>","protected":false},"featured_media":7048,"template":"","meta":{"site-sidebar-layout":"default","site-content-layout":"","ast-site-content-layout":"default","site-content-style":"default","site-sidebar-style":"default","ast-global-header-display":"","ast-banner-title-visibility":"","ast-main-header-display":"","ast-hfb-above-header-display":"","ast-hfb-below-header-display":"","ast-hfb-mobile-header-display":"","site-post-title":"","ast-breadcrumbs-content":"","ast-featured-img":"","footer-sml-layout":"","ast-disable-related-posts":"","theme-transparent-header-meta":"default","adv-header-id-meta":"","stick-header-meta":"default","header-above-stick-meta":"","header-main-stick-meta":"","header-below-stick-meta":"","astra-migrate-meta-layouts":"set","ast-page-background-enabled":"default","ast-page-background-meta":{"desktop":{"background-color":"","background-image":"","background-repeat":"repeat","background-position":"center center","background-size":"auto","background-attachment":"scroll","background-type":"","background-media":"","overlay-type":"","overlay-color":"","overlay-opacity":"","overlay-gradient":""},"tablet":{"background-color":"","background-image":"","background-repeat":"repeat","background-position":"center center","background-size":"auto","background-attachment":"scroll","background-type":"","background-media":"","overlay-type":"","overlay-color":"","overlay-opacity":"","overlay-gradient":""},"mobile":{"background-color":"","background-image":"","background-repeat":"repeat","background-position":"center center","background-size":"auto","background-attachment":"scroll","background-type":"","background-media":"","overlay-type":"","overlay-color":"","overlay-opacity":"","overlay-gradient":""}},"ast-content-background-meta":{"desktop":{"background-color":"var(--ast-global-color-5)","background-image":"","background-repeat":"repeat","background-position":"center center","background-size":"auto","background-attachment":"scroll","background-type":"","background-media":"","overlay-type":"","overlay-color":"","overlay-opacity":"","overlay-gradient":""},"tablet":{"background-color":"var(--ast-global-color-5)","background-image":"","background-repeat":"repeat","background-position":"center center","background-size":"auto","background-attachment":"scroll","background-type":"","background-media":"","overlay-type":"","overlay-color":"","overlay-opacity":"","overlay-gradient":""},"mobile":{"background-color":"var(--ast-global-color-5)","background-image":"","background-repeat":"repeat","background-position":"center center","background-size":"auto","background-attachment":"scroll","background-type":"","background-media":"","overlay-type":"","overlay-color":"","overlay-opacity":"","overlay-gradient":""}}},"product_brand":[],"product_cat":[76],"product_tag":[81],"class_list":{"0":"post-6666","1":"product","2":"type-product","3":"status-publish","4":"has-post-thumbnail","6":"product_cat-negrozine-literatura","7":"product_tag-bestseleriai","8":"desktop-align-left","9":"tablet-align-left","10":"mobile-align-left","11":"ast-product-gallery-layout-horizontal","12":"ast-product-gallery-with-no-image","13":"ast-product-tabs-layout-horizontal","15":"first","16":"instock","17":"sale","18":"taxable","19":"shipping-taxable","20":"purchasable","21":"product-type-simple"},"_links":{"self":[{"href":"https:\/\/leidyklahelios.lt\/en\/wp-json\/wp\/v2\/product\/6666","targetHints":{"allow":["GET"]}}],"collection":[{"href":"https:\/\/leidyklahelios.lt\/en\/wp-json\/wp\/v2\/product"}],"about":[{"href":"https:\/\/leidyklahelios.lt\/en\/wp-json\/wp\/v2\/types\/product"}],"version-history":[{"count":9,"href":"https:\/\/leidyklahelios.lt\/en\/wp-json\/wp\/v2\/product\/6666\/revisions"}],"predecessor-version":[{"id":7209,"href":"https:\/\/leidyklahelios.lt\/en\/wp-json\/wp\/v2\/product\/6666\/revisions\/7209"}],"wp:featuredmedia":[{"embeddable":true,"href":"https:\/\/leidyklahelios.lt\/en\/wp-json\/wp\/v2\/media\/7048"}],"wp:attachment":[{"href":"https:\/\/leidyklahelios.lt\/en\/wp-json\/wp\/v2\/media?parent=6666"}],"wp:term":[{"taxonomy":"product_brand","embeddable":true,"href":"https:\/\/leidyklahelios.lt\/en\/wp-json\/wp\/v2\/product_brand?post=6666"},{"taxonomy":"product_cat","embeddable":true,"href":"https:\/\/leidyklahelios.lt\/en\/wp-json\/wp\/v2\/product_cat?post=6666"},{"taxonomy":"product_tag","embeddable":true,"href":"https:\/\/leidyklahelios.lt\/en\/wp-json\/wp\/v2\/product_tag?post=6666"}],"curies":[{"name":"wp","href":"https:\/\/api.w.org\/{rel}","templated":true}]}}