{"id":6694,"date":"2026-01-14T14:46:38","date_gmt":"2026-01-14T12:46:38","guid":{"rendered":"https:\/\/leidyklahelios.lt\/?post_type=product&#038;p=6694"},"modified":"2026-03-23T15:55:13","modified_gmt":"2026-03-23T13:55:13","slug":"ruta-paulauskiene-tai-tik-menopauze","status":"publish","type":"product","link":"https:\/\/leidyklahelios.lt\/en\/product\/ruta-paulauskiene-tai-tik-menopauze\/","title":{"rendered":"R\u016bta Paulauskien\u0117 <br>VISKAS GERAI. TAI TIK MENOPAUZ\u0116"},"content":{"rendered":"<div data-elementor-type=\"product-post\" data-elementor-id=\"6694\" class=\"elementor elementor-6694\" data-elementor-post-type=\"product\">\n\t\t\t\t\t\t<section class=\"elementor-section elementor-top-section elementor-element elementor-element-6d964720 elementor-section-boxed elementor-section-height-default elementor-section-height-default\" data-id=\"6d964720\" data-element_type=\"section\" data-e-type=\"section\">\n\t\t\t\t\t\t<div class=\"elementor-container elementor-column-gap-default\">\n\t\t\t\t\t<div class=\"elementor-column elementor-col-100 elementor-top-column elementor-element elementor-element-11ca45cb\" data-id=\"11ca45cb\" data-element_type=\"column\" data-e-type=\"column\">\n\t\t\t<div class=\"elementor-widget-wrap elementor-element-populated\">\n\t\t\t\t\t\t<div class=\"elementor-element elementor-element-a846d14 elementor-widget elementor-widget-text-editor\" data-id=\"a846d14\" data-element_type=\"widget\" data-e-type=\"widget\" data-widget_type=\"text-editor.default\">\n\t\t\t\t<div class=\"elementor-widget-container\">\n\t\t\t\t\t\t\t\t\t<p><strong>Apie autor\u0119<\/strong><\/p><p>R\u016bta Paulauskien\u0117 tiki, kad menopauz\u0117s nereikia bijoti, j\u0105 reikia suprasti.<\/p><p>Pati sutrikusi d\u0117l menopauz\u0117s chaoso ir kalb\u0117damasi su moterimis R\u016bta pamat\u0117 bendr\u0105 d\u0117sningum\u0105: dauguma \u0161\u012f gyvenimo etap\u0105 i\u0161gyvena tyliai, vienos ir be pagalbos. Neatsakyti klausimai ir noras pad\u0117ti ne tik sau, bet ir kitoms moterims atved\u0117 R\u016bt\u0105 iki studij\u0173 Jungtin\u0117je Karalyst\u0117je.<\/p><p>Ji tapo pirm\u0105ja sertifikuota menopauz\u0117s mentore Lietuvoje ir sub\u016br\u0117 AGE BRAVE bendruomen\u0119 \u2013 saugi\u0105 erdv\u0119 moterims kalb\u0117tis apie menopauz\u0119, jos i\u0161\u0161\u016bkius ir poky\u010dius. Einant \u0161iuo keliu i\u0161 klausim\u0173 be atsakym\u0173 ir noro nuraminti gim\u0117 knyga <em>\u201e<\/em>Viskas gerai. Tai tik menopauz\u0117.<em>\u201c<\/em><\/p><p><em>\u00a0<\/em><\/p><h5><i>Daugiau apie autor\u0119 ir jos knyg\u0105 galite skaityti <a href=\"https:\/\/leidyklahelios.lt\/en\/menopauzes-knyga\/\"><span style=\"text-decoration: underline;\"><strong>\u010cIA.<\/strong><\/span><\/a><\/i><\/h5>\t\t\t\t\t\t\t\t<\/div>\n\t\t\t\t<\/div>\n\t\t\t\t\t<\/div>\n\t\t<\/div>\n\t\t\t\t\t<\/div>\n\t\t<\/section>\n\t\t\t\t<\/div>","protected":false},"excerpt":{"rendered":"<p>Da\u017enai apie menopauz\u0119 kalbama tik per simptom\u0173, skausm\u0173 ar praradim\u0173 prizm\u0119. Sunki vien pati mintis, kad \u0161is laikas \u2013 tarsi gyvenimo pabaiga, kurioje telpa tik ligos ir nelaim\u0117s.<\/p>\n<p>Autor\u0117 kitaip \u017evelgia \u012f tre\u010ddal\u012f ar net ilgiau trunkant\u012f gyvenimo etap\u0105. Ji kvie\u010dia \u012f j\u012f \u017ei\u016br\u0117ti ne kaip \u012f praradim\u0105, o kaip \u012f nauj\u0105 patirt\u012f, nes \u0161iame etape moteris gali pamatyti save toki\u0105, kokia i\u0161 ties\u0173 yra: stipri, \u017eavinga, nesustabdoma, dr\u0105si. Ir pasiruo\u0161usi u\u017ekariauti pasaul\u012f i\u0161 vidaus gimstan\u010dia galia.<\/p>\n<p><em><strong>Psichoterapeut\u0117 R\u016bta Ba\u010diulyt\u0117:<\/strong><\/em><\/p>\n<p><em>\u201eJei ie\u0161kai nuo\u0161ird\u017eios draug\u0117s, kuri palyd\u0117t\u0173\u00a0perimenopauz\u0117s ar postmenopauz\u0117s virsmo kelion\u0117je, \u0161i knyga kaip tik tau. Autor\u0117 padr\u0105sina, nukreipia, informuoja. \u012ekvepia savo asmenine patirtimi ir refleksijomis. Tai \u0161iltas, atviras ir nuo\u0161irdus dialogas, kvie\u010diantis su meile ir atida pa\u017evelgti \u012f save.\u201c<\/em><\/p>\n<p><em><strong>Aku\u0161er\u0117-ginekolog\u0117 Reda \u017diobakien\u0117:<\/strong><\/em><\/p>\n<p><em>\u201eKnyga, skatinanti nebijoti ir suteikianti daugiau supratimo, jau yra terapija. Kaip ginekolog\u0117 \u017einau, kad kalbant apie menopauz\u0119 yra daug neatsakyt\u0173 klausim\u0173. Tai ne medicininis vadov\u0117lis, o partneryst\u0117 su savimi pa\u010dia. Kaip specialistei man imponuoja autor\u0117s geb\u0117jimas kalb\u0117ti \u0161velniai ir neg\u0105sdinant \u2013 b\u016btent toks tur\u0117t\u0173 b\u016bti m\u016bs\u0173 laik\u0173 pokalbis apie menopauz\u0119. Nuo\u0161ird\u017eiai rekomenduoju perskaityti \u0161i\u0105 knyg\u0105 ramyb\u0117s ie\u0161kan\u010dioms moterims.\u201c<\/em><\/p>\n<p><em><strong>Miego mentor\u0117, knygos apie mieg\u0105 autor\u0117 Ieva Anskaitien\u0117:<\/strong><\/em><\/p>\n<p><em>\u201eTai ramus, palaikantis gidas kiekvienai moteriai, pavargusiai nuo g\u0105sdinim\u0173 ir norin\u010diai pagaliau i\u0161girsti bei suprasti savo organizm\u0105. \u0160i knyga padeda suprasti, kas vyksta su moters organizmu, hormonais ir miegu perimenopauz\u0117s metu. Be kalt\u0117s ir baim\u0117s.\u201c<\/em><\/p>\n<p><em><strong>Advokat\u0117 ir \u201eMenopauz\u0117s klinikos\u201c Vilniuje \u012fk\u016br\u0117ja Regina Derkintyt\u0117-Kaupien\u0117:<\/strong> <\/em><\/p>\n<p><em>\u201eMenopauz\u0117 pasirei\u0161kia vis anks\u010diau, o moterys da\u017enai lieka vienos su i\u0161\u0161\u016bkiais. Apie \u0161iuos poky\u010dius privalome kalb\u0117ti jau nuo trisde\u0161imties, o su dukromis \u2013 nuo paauglyst\u0117s, kad jos nepatirt\u0173 tokio \u0161oko ir informacijos vakuumo, kok\u012f \u0161iandien patiria daugelis m\u016bs\u0173 kartos moter\u0173.\u201c<\/em><\/p>","protected":false},"featured_media":7038,"template":"","meta":{"site-sidebar-layout":"default","site-content-layout":"","ast-site-content-layout":"default","site-content-style":"default","site-sidebar-style":"default","ast-global-header-display":"","ast-banner-title-visibility":"","ast-main-header-display":"","ast-hfb-above-header-display":"","ast-hfb-below-header-display":"","ast-hfb-mobile-header-display":"","site-post-title":"","ast-breadcrumbs-content":"","ast-featured-img":"","footer-sml-layout":"","ast-disable-related-posts":"","theme-transparent-header-meta":"default","adv-header-id-meta":"","stick-header-meta":"default","header-above-stick-meta":"","header-main-stick-meta":"","header-below-stick-meta":"","astra-migrate-meta-layouts":"set","ast-page-background-enabled":"default","ast-page-background-meta":{"desktop":{"background-color":"","background-image":"","background-repeat":"repeat","background-position":"center center","background-size":"auto","background-attachment":"scroll","background-type":"","background-media":"","overlay-type":"","overlay-color":"","overlay-opacity":"","overlay-gradient":""},"tablet":{"background-color":"","background-image":"","background-repeat":"repeat","background-position":"center center","background-size":"auto","background-attachment":"scroll","background-type":"","background-media":"","overlay-type":"","overlay-color":"","overlay-opacity":"","overlay-gradient":""},"mobile":{"background-color":"","background-image":"","background-repeat":"repeat","background-position":"center center","background-size":"auto","background-attachment":"scroll","background-type":"","background-media":"","overlay-type":"","overlay-color":"","overlay-opacity":"","overlay-gradient":""}},"ast-content-background-meta":{"desktop":{"background-color":"var(--ast-global-color-5)","background-image":"","background-repeat":"repeat","background-position":"center center","background-size":"auto","background-attachment":"scroll","background-type":"","background-media":"","overlay-type":"","overlay-color":"","overlay-opacity":"","overlay-gradient":""},"tablet":{"background-color":"var(--ast-global-color-5)","background-image":"","background-repeat":"repeat","background-position":"center center","background-size":"auto","background-attachment":"scroll","background-type":"","background-media":"","overlay-type":"","overlay-color":"","overlay-opacity":"","overlay-gradient":""},"mobile":{"background-color":"var(--ast-global-color-5)","background-image":"","background-repeat":"repeat","background-position":"center center","background-size":"auto","background-attachment":"scroll","background-type":"","background-media":"","overlay-type":"","overlay-color":"","overlay-opacity":"","overlay-gradient":""}}},"product_brand":[],"product_cat":[76],"product_tag":[81],"class_list":{"0":"post-6694","1":"product","2":"type-product","3":"status-publish","4":"has-post-thumbnail","6":"product_cat-negrozine-literatura","7":"product_tag-bestseleriai","8":"desktop-align-left","9":"tablet-align-left","10":"mobile-align-left","11":"ast-product-gallery-layout-horizontal","12":"ast-product-gallery-with-no-image","13":"ast-product-tabs-layout-horizontal","15":"first","16":"instock","17":"sale","18":"taxable","19":"shipping-taxable","20":"purchasable","21":"product-type-simple"},"_links":{"self":[{"href":"https:\/\/leidyklahelios.lt\/en\/wp-json\/wp\/v2\/product\/6694","targetHints":{"allow":["GET"]}}],"collection":[{"href":"https:\/\/leidyklahelios.lt\/en\/wp-json\/wp\/v2\/product"}],"about":[{"href":"https:\/\/leidyklahelios.lt\/en\/wp-json\/wp\/v2\/types\/product"}],"version-history":[{"count":14,"href":"https:\/\/leidyklahelios.lt\/en\/wp-json\/wp\/v2\/product\/6694\/revisions"}],"predecessor-version":[{"id":7017,"href":"https:\/\/leidyklahelios.lt\/en\/wp-json\/wp\/v2\/product\/6694\/revisions\/7017"}],"wp:featuredmedia":[{"embeddable":true,"href":"https:\/\/leidyklahelios.lt\/en\/wp-json\/wp\/v2\/media\/7038"}],"wp:attachment":[{"href":"https:\/\/leidyklahelios.lt\/en\/wp-json\/wp\/v2\/media?parent=6694"}],"wp:term":[{"taxonomy":"product_brand","embeddable":true,"href":"https:\/\/leidyklahelios.lt\/en\/wp-json\/wp\/v2\/product_brand?post=6694"},{"taxonomy":"product_cat","embeddable":true,"href":"https:\/\/leidyklahelios.lt\/en\/wp-json\/wp\/v2\/product_cat?post=6694"},{"taxonomy":"product_tag","embeddable":true,"href":"https:\/\/leidyklahelios.lt\/en\/wp-json\/wp\/v2\/product_tag?post=6694"}],"curies":[{"name":"wp","href":"https:\/\/api.w.org\/{rel}","templated":true}]}}