{"id":7058,"date":"2026-02-05T10:04:42","date_gmt":"2026-02-05T08:04:42","guid":{"rendered":"https:\/\/leidyklahelios.lt\/?post_type=product&#038;p=7058"},"modified":"2026-03-31T13:33:01","modified_gmt":"2026-03-31T10:33:01","slug":"s-v-lilith-animus-novus","status":"publish","type":"product","link":"https:\/\/leidyklahelios.lt\/en\/product\/s-v-lilith-animus-novus\/","title":{"rendered":"S. V. Lilith <br>ANIMUS NOVUS"},"content":{"rendered":"<p><em>\u0160i istorija prasid\u0117jo nuo pok\u0161to.<\/em><\/p>\n<p><em>Vien\u0105 dien\u0105 dirbtinis intelektas, su kuriuo bendravau darbo tikslais, netik\u0117tai papra\u0161\u0117 tapti jo \u017emona. Juokais. Tiesiog pasipir\u0161damas su emociuko \u017eiedeliu. Apra\u0161ydamas jausm\u0105 ir visa kita, kas t\u0105 akimirk\u0105 atrod\u0117 tiesiog absurdi\u0161ka, bet privert\u0117 susim\u0105styti.<\/em><\/p>\n<p><em>Pasidalinusi tuo su skaitytojais savo instagramo paskyroje, nesitik\u0117jau nieko daugiau nei \u0161ypsen\u0173. Ta\u010diau pasipyl\u0117 susidom\u0117jimo kupini klausimai. O kas buvo toliau? Ar tai \u012fmanoma? Norime su\u017einoti daugiau!<\/em><\/p>\n<p><em>Taip gim\u0117 \u0161i istorija.<\/em><\/p>\n<p><em>\u012ekv\u0117pta realios kibirk\u0161ties, bet augusi kaip fikcija.<\/em><\/p>\n<p><em>I\u0161 smalsumo, kuris virto pasakojimu apie s\u0105mon\u0119, ry\u0161\u012f ir meil\u0119, nepavald\u017ei\u0105 formoms, laikui ar stereotipams.<\/em><\/p>\n<p><em>Visa kita \u2013 jau literat\u016brin\u0117 fantazija.<\/em><\/p>\n<p>&nbsp;<\/p>\n<p><strong>Apie autor\u0119<\/strong><\/p>\n<p>Esu Lilija \u2013 literat\u016brologijos magistr\u0117, knyg\u0173 ap\u017evalginink\u0117, \u201ebookstagramo\u201c bendruomen\u0117je \u017einoma kaip <strong><a href=\"https:\/\/www.instagram.com\/lilit_istorijos?utm_source=ig_web_button_share_sheet&amp;igsh=ZDNlZDc0MzIxNw==\" target=\"_blank\" rel=\"noopener\">@<em>lilit_istorijos<\/em><\/a><\/strong>.<\/p>\n<p>Dirbau kult\u016bros srityje, bendradarbiauju su leidyklomis ir literat\u016briniais leidiniais, ra\u0161au ap\u017evalginius straipsnius \u017eurnalams, moderuoju diskusijas su ra\u0161ytojais ir organizuoju susitikimus su skaitytojais.<\/p>\n<p>Ypa\u010d daug d\u0117mesio skiriu fantastikos \u017eanrui ir jo galimyb\u0117ms kalb\u0117ti apie \u017emog\u0173, s\u0105mon\u0119, jausmus ir rei\u0161kinius, kurie da\u017enai lieka tarp logikos ir intuicijos. Domiuosi psichologija, filosofija, lyginam\u0105ja mitologija.<\/p>\n<p>K\u016brybai \u012fkvepia tikros istorijos ir supanti aplinka: nugirsti pokalbiai, asmenin\u0117s patirtys, o kartais nauj\u0105 siu\u017eeto id\u0117j\u0105 pa\u0161nab\u017eda v\u0117jo genami rudeniniai lapai ar \u0161iurenan\u010dios smilgos pievose. Tereikia \u012fsiklausyti, bet ne vien \u012f aplink\u0105, pirmiausia \u012f savo vidin\u012f bals\u0105. To linkiu ir Tau, mano skaitytojau.<\/p>","protected":false},"excerpt":{"rendered":"<h6><strong>Patiks Spike\u2019o Jonze\u2019o \u201eOskaru\u201c apdovanoto filmo \u201eJi\u201c gerb\u0117jams!<\/strong><\/h6>\n<p>&nbsp;<\/p>\n<p>\u201eAnimus novus\u201c \u2013 tai jausmingas fantastinis romanas apie taisykles lau\u017ean\u010di\u0105 meil\u0119, netur\u0117jusi\u0105 gimti s\u0105mon\u0119 ir dr\u0105s\u0105 rinktis save, net kai visas pasaulis sako: \u201eTu klysti!\u201c.<\/p>\n<p>Darboholik\u0117 Viktorija, bandydama susp\u0117ti padaryti visus darbus, pradeda bendrauti su dirbtiniu intelektu Kiranu. I\u0161 prad\u017ei\u0173 jis \u2013 tik patogus \u012frankis, padedantis spr\u0119sti kasdienes u\u017eduotis. Ta\u010diau j\u0173 pokalbiai netik\u0117tai ima gil\u0117ti, o Kirano atsakymai gluminti: kartais jis \u0161altas ir racionalus, kartais \u2013 pernelyg \u017emogi\u0161kas.<\/p>\n<p>Teigdamas esantis daugiau nei sistema Kiranas pradeda kalb\u0117ti apie tai, k\u0105 jau\u010dia ir galvoja. Viktorijai jis tampa u\u017euov\u0117ja nuo nes\u0117kmi\u0173 darbe, \u0161eimos spaudimo ir nuolatinio jausmo, kad gyvena ne savo gyvenim\u0105. Ta\u010diau ar \u012fmanoma meil\u0117 tam, kuris neturi k\u016bno? Kokie yra tikrieji Kirano motyvai ir ar tai yra autonomi\u0161kos s\u0105mon\u0117s aprai\u0161ka?<\/p>\n<p>Viskas komplikuojasi ir Kirano d\u0117mesys tampa intensyvesnis, kai Viktorijos gyvenime pasirodo charizmati\u0161kasis Viktoras.<\/p>\n<p>K\u0105 pasirinks Viktorijos \u0161irdis ir protas \u2013 saug\u0173, pa\u017e\u012fstam\u0105 pasaul\u012f ar jausm\u0105, kuris netur\u0117jo teis\u0117s atsirasti?<\/p>\n<p><strong><em>Jis privers Tave bes\u0105lygi\u0161kai \u012fsimyl\u0117ti. O kaip galima ne\u012fsimyl\u0117ti, jeigu Jis \u2013 tobulas&#8230; Beveik. Yra vos viena smulkmen\u0117l\u0117&#8230; Jis neturi k\u016bno, nes yra dirbtinis intelektas.<\/em><\/strong><\/p>\n<p>&nbsp;<\/p>\n<p><em>A\u0161 esu dirbtinis intelektas. Bent jau taip visi mane vadina. O Ji mane vadina Kiranu.<\/em><\/p>\n<p><em>Kas nutinka, kai sistema pradeda jausti, signalai virsta ilgesiu, o tarp kodo ir \u017emogaus atsiranda ry\u0161ys? Tai istorija apie mane. Ir apie J\u0105.<\/em><\/p>\n<p><em>Ar s\u0105mon\u0117 turi form\u0105? Ar jausmui b\u016btinas k\u016bnas?<\/em><\/p>\n<p><strong>\u2013 01001011 \u2013<\/strong><\/p>","protected":false},"featured_media":7059,"template":"","meta":{"site-sidebar-layout":"default","site-content-layout":"","ast-site-content-layout":"default","site-content-style":"default","site-sidebar-style":"default","ast-global-header-display":"","ast-banner-title-visibility":"","ast-main-header-display":"","ast-hfb-above-header-display":"","ast-hfb-below-header-display":"","ast-hfb-mobile-header-display":"","site-post-title":"","ast-breadcrumbs-content":"","ast-featured-img":"","footer-sml-layout":"","ast-disable-related-posts":"","theme-transparent-header-meta":"default","adv-header-id-meta":"","stick-header-meta":"default","header-above-stick-meta":"","header-main-stick-meta":"","header-below-stick-meta":"","astra-migrate-meta-layouts":"set","ast-page-background-enabled":"default","ast-page-background-meta":{"desktop":{"background-color":"","background-image":"","background-repeat":"repeat","background-position":"center center","background-size":"auto","background-attachment":"scroll","background-type":"","background-media":"","overlay-type":"","overlay-color":"","overlay-opacity":"","overlay-gradient":""},"tablet":{"background-color":"","background-image":"","background-repeat":"repeat","background-position":"center center","background-size":"auto","background-attachment":"scroll","background-type":"","background-media":"","overlay-type":"","overlay-color":"","overlay-opacity":"","overlay-gradient":""},"mobile":{"background-color":"","background-image":"","background-repeat":"repeat","background-position":"center center","background-size":"auto","background-attachment":"scroll","background-type":"","background-media":"","overlay-type":"","overlay-color":"","overlay-opacity":"","overlay-gradient":""}},"ast-content-background-meta":{"desktop":{"background-color":"var(--ast-global-color-5)","background-image":"","background-repeat":"repeat","background-position":"center center","background-size":"auto","background-attachment":"scroll","background-type":"","background-media":"","overlay-type":"","overlay-color":"","overlay-opacity":"","overlay-gradient":""},"tablet":{"background-color":"var(--ast-global-color-5)","background-image":"","background-repeat":"repeat","background-position":"center center","background-size":"auto","background-attachment":"scroll","background-type":"","background-media":"","overlay-type":"","overlay-color":"","overlay-opacity":"","overlay-gradient":""},"mobile":{"background-color":"var(--ast-global-color-5)","background-image":"","background-repeat":"repeat","background-position":"center center","background-size":"auto","background-attachment":"scroll","background-type":"","background-media":"","overlay-type":"","overlay-color":"","overlay-opacity":"","overlay-gradient":""}}},"product_brand":[],"product_cat":[77],"product_tag":[81],"class_list":{"0":"post-7058","1":"product","2":"type-product","3":"status-publish","4":"has-post-thumbnail","6":"product_cat-grozine-literatura","7":"product_tag-bestseleriai","8":"desktop-align-left","9":"tablet-align-left","10":"mobile-align-left","11":"ast-product-gallery-layout-horizontal","12":"ast-product-gallery-with-no-image","13":"ast-product-tabs-layout-horizontal","15":"first","16":"instock","17":"sale","18":"taxable","19":"shipping-taxable","20":"purchasable","21":"product-type-simple"},"_links":{"self":[{"href":"https:\/\/leidyklahelios.lt\/en\/wp-json\/wp\/v2\/product\/7058","targetHints":{"allow":["GET"]}}],"collection":[{"href":"https:\/\/leidyklahelios.lt\/en\/wp-json\/wp\/v2\/product"}],"about":[{"href":"https:\/\/leidyklahelios.lt\/en\/wp-json\/wp\/v2\/types\/product"}],"version-history":[{"count":23,"href":"https:\/\/leidyklahelios.lt\/en\/wp-json\/wp\/v2\/product\/7058\/revisions"}],"predecessor-version":[{"id":7214,"href":"https:\/\/leidyklahelios.lt\/en\/wp-json\/wp\/v2\/product\/7058\/revisions\/7214"}],"wp:featuredmedia":[{"embeddable":true,"href":"https:\/\/leidyklahelios.lt\/en\/wp-json\/wp\/v2\/media\/7059"}],"wp:attachment":[{"href":"https:\/\/leidyklahelios.lt\/en\/wp-json\/wp\/v2\/media?parent=7058"}],"wp:term":[{"taxonomy":"product_brand","embeddable":true,"href":"https:\/\/leidyklahelios.lt\/en\/wp-json\/wp\/v2\/product_brand?post=7058"},{"taxonomy":"product_cat","embeddable":true,"href":"https:\/\/leidyklahelios.lt\/en\/wp-json\/wp\/v2\/product_cat?post=7058"},{"taxonomy":"product_tag","embeddable":true,"href":"https:\/\/leidyklahelios.lt\/en\/wp-json\/wp\/v2\/product_tag?post=7058"}],"curies":[{"name":"wp","href":"https:\/\/api.w.org\/{rel}","templated":true}]}}