{"id":7442,"date":"2026-03-20T11:52:27","date_gmt":"2026-03-20T09:52:27","guid":{"rendered":"https:\/\/leidyklahelios.lt\/?post_type=product&#038;p=7442"},"modified":"2026-03-26T05:21:09","modified_gmt":"2026-03-26T03:21:09","slug":"juan-gomez-juradobaltasis-karalius","status":"publish","type":"product","link":"https:\/\/leidyklahelios.lt\/en\/product\/juan-gomez-juradobaltasis-karalius\/","title":{"rendered":"Juan G\u00f3mez-Jurado <br>BALTASIS KARALIUS"},"content":{"rendered":"<p>\u201e\u012esp\u016bd\u012f daro rafinuotas G\u00f3mezo-Jurado pasakojimo stilius, taip pat \u012fsp\u016bdingas Madrido dviveidi\u0161kumo vaizdavimas \u2013 eleganti\u0161kas barokinis fasadas, slepiantis gotikin\u012f po\u017eemio pasaul\u012f.\u201c <em>\u2013 \u201eThe Sunday Times\u201c<\/em><\/p>\n<p>\u201eTryk\u0161ta energija ir gyvu scenografijos i\u0161d\u0117stymu&#8230; Akivaizd\u017eiai juntami Lisbeth Salander atgarsiai, ta\u010diau kibirk\u0161\u010diuojanti Antonijos Scott ir inspektoriaus Guti\u00e9rrezo s\u0105veika suteikia papildom\u0105 originalumo sluoksn\u012f.\u201c <em>\u2013 \u201eFinancial Times\u201c<\/em><\/p>\n<p>\u201eG\u00f3mez-Jurado romanas i\u0161siskiria itin greitu tempu. Trumpi skyriai, juokingos pastabos, mirtina \u012ftampa \u2013 visa tai sukuria pa\u0161\u0117lus\u012f, puslapius grei\u010diau versti skatinant\u012f pagreit\u012f&#8230; Jums bus labai smagu skaityti \u0161i\u0105 knyg\u0105.\u201c <em>\u2013 \u201eThe New York Times\u201c<\/em><\/p>","protected":false},"excerpt":{"rendered":"<p><em>\u201eTikiuosi, man\u0119s nepamir\u0161ai. Gal pa\u017eaiskime?\u201c<\/em><\/p>\n<p>Antonija Skot tiksliai \u017eino, kas atsiunt\u0117 paslapting\u0105j\u012f pon\u0105 Vait\u0105, kur\u012f ji sek\u0117 met\u0173 metus. Ji taip pat \u017eino, kad jo beveik ne\u012fmanoma nugal\u0117ti. Ta\u010diau jei ji pralaim\u0117s \u0161\u012f \u017eaidim\u0105, inspektorius Jonas Guti\u00e9rrezas sumok\u0117s savo gyvybe.<\/p>\n<p>Antonijai ir Jonui liko paskutin\u0117 u\u017eduotis \u2013 i\u0161spr\u0119sti tris bylas, kurios laikomos nei\u0161sprend\u017eiamomis. Prasideda gyvyb\u0117s ir mirties \u017eaidimas&#8230;<\/p>\n<p>Jaudinanti Juano G\u00f3mezo-Jurado tarptautin\u0117s bestseleri\u0173 trilogijos \u201eRaudonoji karalien\u0117\u201c pabaiga.<\/p>","protected":false},"featured_media":7544,"template":"","meta":{"site-sidebar-layout":"default","site-content-layout":"","ast-site-content-layout":"default","site-content-style":"default","site-sidebar-style":"default","ast-global-header-display":"","ast-banner-title-visibility":"","ast-main-header-display":"","ast-hfb-above-header-display":"","ast-hfb-below-header-display":"","ast-hfb-mobile-header-display":"","site-post-title":"","ast-breadcrumbs-content":"","ast-featured-img":"","footer-sml-layout":"","ast-disable-related-posts":"","theme-transparent-header-meta":"default","adv-header-id-meta":"","stick-header-meta":"default","header-above-stick-meta":"","header-main-stick-meta":"","header-below-stick-meta":"","astra-migrate-meta-layouts":"set","ast-page-background-enabled":"default","ast-page-background-meta":{"desktop":{"background-color":"","background-image":"","background-repeat":"repeat","background-position":"center center","background-size":"auto","background-attachment":"scroll","background-type":"","background-media":"","overlay-type":"","overlay-color":"","overlay-opacity":"","overlay-gradient":""},"tablet":{"background-color":"","background-image":"","background-repeat":"repeat","background-position":"center center","background-size":"auto","background-attachment":"scroll","background-type":"","background-media":"","overlay-type":"","overlay-color":"","overlay-opacity":"","overlay-gradient":""},"mobile":{"background-color":"","background-image":"","background-repeat":"repeat","background-position":"center center","background-size":"auto","background-attachment":"scroll","background-type":"","background-media":"","overlay-type":"","overlay-color":"","overlay-opacity":"","overlay-gradient":""}},"ast-content-background-meta":{"desktop":{"background-color":"var(--ast-global-color-5)","background-image":"","background-repeat":"repeat","background-position":"center center","background-size":"auto","background-attachment":"scroll","background-type":"","background-media":"","overlay-type":"","overlay-color":"","overlay-opacity":"","overlay-gradient":""},"tablet":{"background-color":"var(--ast-global-color-5)","background-image":"","background-repeat":"repeat","background-position":"center center","background-size":"auto","background-attachment":"scroll","background-type":"","background-media":"","overlay-type":"","overlay-color":"","overlay-opacity":"","overlay-gradient":""},"mobile":{"background-color":"var(--ast-global-color-5)","background-image":"","background-repeat":"repeat","background-position":"center center","background-size":"auto","background-attachment":"scroll","background-type":"","background-media":"","overlay-type":"","overlay-color":"","overlay-opacity":"","overlay-gradient":""}}},"product_brand":[],"product_cat":[77],"product_tag":[80],"class_list":{"0":"post-7442","1":"product","2":"type-product","3":"status-publish","4":"has-post-thumbnail","6":"product_cat-grozine-literatura","7":"product_tag-greit-pasirodys","8":"desktop-align-left","9":"tablet-align-left","10":"mobile-align-left","11":"ast-product-gallery-layout-horizontal","12":"ast-product-gallery-with-no-image","13":"ast-product-tabs-layout-horizontal","15":"first","16":"instock","17":"taxable","18":"shipping-taxable","19":"product-type-simple"},"_links":{"self":[{"href":"https:\/\/leidyklahelios.lt\/en\/wp-json\/wp\/v2\/product\/7442","targetHints":{"allow":["GET"]}}],"collection":[{"href":"https:\/\/leidyklahelios.lt\/en\/wp-json\/wp\/v2\/product"}],"about":[{"href":"https:\/\/leidyklahelios.lt\/en\/wp-json\/wp\/v2\/types\/product"}],"version-history":[{"count":5,"href":"https:\/\/leidyklahelios.lt\/en\/wp-json\/wp\/v2\/product\/7442\/revisions"}],"predecessor-version":[{"id":7547,"href":"https:\/\/leidyklahelios.lt\/en\/wp-json\/wp\/v2\/product\/7442\/revisions\/7547"}],"wp:featuredmedia":[{"embeddable":true,"href":"https:\/\/leidyklahelios.lt\/en\/wp-json\/wp\/v2\/media\/7544"}],"wp:attachment":[{"href":"https:\/\/leidyklahelios.lt\/en\/wp-json\/wp\/v2\/media?parent=7442"}],"wp:term":[{"taxonomy":"product_brand","embeddable":true,"href":"https:\/\/leidyklahelios.lt\/en\/wp-json\/wp\/v2\/product_brand?post=7442"},{"taxonomy":"product_cat","embeddable":true,"href":"https:\/\/leidyklahelios.lt\/en\/wp-json\/wp\/v2\/product_cat?post=7442"},{"taxonomy":"product_tag","embeddable":true,"href":"https:\/\/leidyklahelios.lt\/en\/wp-json\/wp\/v2\/product_tag?post=7442"}],"curies":[{"name":"wp","href":"https:\/\/api.w.org\/{rel}","templated":true}]}}