{"id":7449,"date":"2026-03-20T12:08:27","date_gmt":"2026-03-20T10:08:27","guid":{"rendered":"https:\/\/leidyklahelios.lt\/?post_type=product&#038;p=7449"},"modified":"2026-03-31T12:44:24","modified_gmt":"2026-03-31T09:44:24","slug":"sam-hollanddvidesimt","status":"publish","type":"product","link":"https:\/\/leidyklahelios.lt\/en\/product\/sam-hollanddvidesimt\/","title":{"rendered":"Sam Holland <br>DVIDE\u0160IMT"},"content":{"rendered":"","protected":false},"excerpt":{"rendered":"<p>ANTROJI \u201eM\u0116GD\u017dIOTOJO\u201c SERIJOS DALIS<\/p>\n<p>\u012etemptas spar\u010diai kylan\u010dios trileri\u0173 \u017evaig\u017ed\u0117s Sam Holland romanas \u201eDvide\u0161imt\u201c sujungia \u0161iurpias lenktynes \u200b\u200bsu laiku su krauj\u0105 stingdan\u010dia kriminaline literat\u016bra. Harlano Cobeno ir Thomaso Harriso gerb\u0117jams Sam Holland si\u016blo \u012ftraukiant\u012f triler\u012f apie serijin\u012f \u017eudik\u0105 su \u201eLisos Gardner k\u016brybos atgarsiais\u201c.<\/p>\n<p>Kai vyriausiasis inspektorius Adamas Bishopas vidury nakties atvyksta \u012f nusikaltimo viet\u0105, lavono vaizdas jau yra pakankamai baisus, ta\u010diau tai, k\u0105 Adamas atranda v\u0117liau, sukausto iki sielos gelmi\u0173. Vienu nu\u017eudytuoju viskas nesibaigia. O ant lavon\u0173 i\u0161purk\u0161ti skai\u010diai atskleid\u017eia siaubing\u0105 ties\u0105: \u017eudikas \u012fjung\u0119s atgalin\u012f laikmat\u012f. Bet k\u0105 jis skai\u010diuoja?<\/p>\n<p>Adamas bla\u0161kosi ne\u017einioje, kol \u012f duris nepasibeld\u017eia dr. Romilly Cole su pragai\u0161tingais \u012frodymais apie penkiolika met\u0173 anks\u010diau \u012fvykdyt\u0105 \u017emog\u017eudys\u010di\u0173 serij\u0105 \u2013 byl\u0105, kuri\u0105 ji gerai pa\u017e\u012fsta i\u0161 savo praeities. Dabar tai asmeni\u0161ka \u2013 ir kitas beldimas \u012f jo duris gali b\u016bti lemtingas.<\/p>\n<p>\u012etraukiantis debiutinis Sam Holland romanas \u201eM\u0117gd\u017eiotojas\u201c su\u017eav\u0117jo tiek skaitytojus, tiek kritikus savo neapdorotu ir brutaliu serijinio \u017eudiko \u0161iurpi\u0173 nusikaltim\u0173 vaizdavimu. Knygoje \u201eDvide\u0161imt\u201c Holland neria \u012f dar baisesn\u0119 nusikalstam\u0105 aplink\u0105 \u2013 j\u016bs\u0173 laukia vis\u0105 nakt\u012f truksiantis skaitinys, kuris negal\u0117site pad\u0117ti \u012f \u0161al\u012f.<\/p>","protected":false},"featured_media":7450,"template":"","meta":{"site-sidebar-layout":"default","site-content-layout":"","ast-site-content-layout":"default","site-content-style":"default","site-sidebar-style":"default","ast-global-header-display":"","ast-banner-title-visibility":"","ast-main-header-display":"","ast-hfb-above-header-display":"","ast-hfb-below-header-display":"","ast-hfb-mobile-header-display":"","site-post-title":"","ast-breadcrumbs-content":"","ast-featured-img":"","footer-sml-layout":"","ast-disable-related-posts":"","theme-transparent-header-meta":"default","adv-header-id-meta":"","stick-header-meta":"default","header-above-stick-meta":"","header-main-stick-meta":"","header-below-stick-meta":"","astra-migrate-meta-layouts":"set","ast-page-background-enabled":"default","ast-page-background-meta":{"desktop":{"background-color":"","background-image":"","background-repeat":"repeat","background-position":"center center","background-size":"auto","background-attachment":"scroll","background-type":"","background-media":"","overlay-type":"","overlay-color":"","overlay-opacity":"","overlay-gradient":""},"tablet":{"background-color":"","background-image":"","background-repeat":"repeat","background-position":"center center","background-size":"auto","background-attachment":"scroll","background-type":"","background-media":"","overlay-type":"","overlay-color":"","overlay-opacity":"","overlay-gradient":""},"mobile":{"background-color":"","background-image":"","background-repeat":"repeat","background-position":"center center","background-size":"auto","background-attachment":"scroll","background-type":"","background-media":"","overlay-type":"","overlay-color":"","overlay-opacity":"","overlay-gradient":""}},"ast-content-background-meta":{"desktop":{"background-color":"var(--ast-global-color-5)","background-image":"","background-repeat":"repeat","background-position":"center center","background-size":"auto","background-attachment":"scroll","background-type":"","background-media":"","overlay-type":"","overlay-color":"","overlay-opacity":"","overlay-gradient":""},"tablet":{"background-color":"var(--ast-global-color-5)","background-image":"","background-repeat":"repeat","background-position":"center center","background-size":"auto","background-attachment":"scroll","background-type":"","background-media":"","overlay-type":"","overlay-color":"","overlay-opacity":"","overlay-gradient":""},"mobile":{"background-color":"var(--ast-global-color-5)","background-image":"","background-repeat":"repeat","background-position":"center center","background-size":"auto","background-attachment":"scroll","background-type":"","background-media":"","overlay-type":"","overlay-color":"","overlay-opacity":"","overlay-gradient":""}}},"product_brand":[],"product_cat":[77],"product_tag":[80],"class_list":{"0":"post-7449","1":"product","2":"type-product","3":"status-publish","4":"has-post-thumbnail","6":"product_cat-grozine-literatura","7":"product_tag-greit-pasirodys","8":"desktop-align-left","9":"tablet-align-left","10":"mobile-align-left","11":"ast-product-gallery-layout-horizontal","12":"ast-product-gallery-with-no-image","13":"ast-product-tabs-layout-horizontal","15":"first","16":"instock","17":"taxable","18":"shipping-taxable","19":"product-type-simple"},"_links":{"self":[{"href":"https:\/\/leidyklahelios.lt\/en\/wp-json\/wp\/v2\/product\/7449","targetHints":{"allow":["GET"]}}],"collection":[{"href":"https:\/\/leidyklahelios.lt\/en\/wp-json\/wp\/v2\/product"}],"about":[{"href":"https:\/\/leidyklahelios.lt\/en\/wp-json\/wp\/v2\/types\/product"}],"version-history":[{"count":6,"href":"https:\/\/leidyklahelios.lt\/en\/wp-json\/wp\/v2\/product\/7449\/revisions"}],"predecessor-version":[{"id":7651,"href":"https:\/\/leidyklahelios.lt\/en\/wp-json\/wp\/v2\/product\/7449\/revisions\/7651"}],"wp:featuredmedia":[{"embeddable":true,"href":"https:\/\/leidyklahelios.lt\/en\/wp-json\/wp\/v2\/media\/7450"}],"wp:attachment":[{"href":"https:\/\/leidyklahelios.lt\/en\/wp-json\/wp\/v2\/media?parent=7449"}],"wp:term":[{"taxonomy":"product_brand","embeddable":true,"href":"https:\/\/leidyklahelios.lt\/en\/wp-json\/wp\/v2\/product_brand?post=7449"},{"taxonomy":"product_cat","embeddable":true,"href":"https:\/\/leidyklahelios.lt\/en\/wp-json\/wp\/v2\/product_cat?post=7449"},{"taxonomy":"product_tag","embeddable":true,"href":"https:\/\/leidyklahelios.lt\/en\/wp-json\/wp\/v2\/product_tag?post=7449"}],"curies":[{"name":"wp","href":"https:\/\/api.w.org\/{rel}","templated":true}]}}