{"id":7459,"date":"2026-03-20T12:19:19","date_gmt":"2026-03-20T10:19:19","guid":{"rendered":"https:\/\/leidyklahelios.lt\/?post_type=product&#038;p=7459"},"modified":"2026-03-20T12:19:20","modified_gmt":"2026-03-20T10:19:20","slug":"julie-clarkghostwriter","status":"publish","type":"product","link":"https:\/\/leidyklahelios.lt\/en\/product\/julie-clarkghostwriter\/","title":{"rendered":"Julie Clark<br>GHOSTWRITER"},"content":{"rendered":"","protected":false},"excerpt":{"rendered":"<p>1975 m. bir\u017eel\u012f Taylor\u0173 \u0161eima subyr\u0117jo per vien\u0105 nakt\u012f, kai paaugliai brolis ir sesuo buvo rasti negyvi savo namuose. Vienintelis i\u0161gyven\u0119s brolis\u00a0 Vincentas vis\u0105 gyvenim\u0105 buvo lydimas gand\u0173 ir kaltinim\u0173, kad juos nu\u017eud\u0117 jis. Po de\u0161imtme\u010di\u0173 \u012ftarimai tik sustipr\u0117jo jo, siaubo roman\u0173 ra\u0161ytojo, karjerai spar\u010diai \u0161aunant \u012f vir\u0161\u0173.<\/p>\n<p>Autor\u0117 Olivia Dumont vis\u0105 savo profesin\u012f gyvenim\u0105 sl\u0117p\u0117 fakt\u0105, kad yra vienintelis Vincento Tayloro vaikas. Atsid\u016brusi ant finansinio \u017elugimo ribos, ji gauna pasi\u016blym\u0105 ra\u0161yti paskutin\u0119 t\u0117vo knyg\u0105. Ta\u010diau ji ne\u017eino, kad \u0161is projektas yra tik dar vienas jo melas \u2013 mat jis i\u0161 jos nori visai ne siaubo romano.<\/p>","protected":false},"featured_media":7460,"template":"","meta":{"site-sidebar-layout":"default","site-content-layout":"","ast-site-content-layout":"default","site-content-style":"default","site-sidebar-style":"default","ast-global-header-display":"","ast-banner-title-visibility":"","ast-main-header-display":"","ast-hfb-above-header-display":"","ast-hfb-below-header-display":"","ast-hfb-mobile-header-display":"","site-post-title":"","ast-breadcrumbs-content":"","ast-featured-img":"","footer-sml-layout":"","ast-disable-related-posts":"","theme-transparent-header-meta":"default","adv-header-id-meta":"","stick-header-meta":"default","header-above-stick-meta":"","header-main-stick-meta":"","header-below-stick-meta":"","astra-migrate-meta-layouts":"set","ast-page-background-enabled":"default","ast-page-background-meta":{"desktop":{"background-color":"","background-image":"","background-repeat":"repeat","background-position":"center center","background-size":"auto","background-attachment":"scroll","background-type":"","background-media":"","overlay-type":"","overlay-color":"","overlay-opacity":"","overlay-gradient":""},"tablet":{"background-color":"","background-image":"","background-repeat":"repeat","background-position":"center center","background-size":"auto","background-attachment":"scroll","background-type":"","background-media":"","overlay-type":"","overlay-color":"","overlay-opacity":"","overlay-gradient":""},"mobile":{"background-color":"","background-image":"","background-repeat":"repeat","background-position":"center center","background-size":"auto","background-attachment":"scroll","background-type":"","background-media":"","overlay-type":"","overlay-color":"","overlay-opacity":"","overlay-gradient":""}},"ast-content-background-meta":{"desktop":{"background-color":"var(--ast-global-color-5)","background-image":"","background-repeat":"repeat","background-position":"center center","background-size":"auto","background-attachment":"scroll","background-type":"","background-media":"","overlay-type":"","overlay-color":"","overlay-opacity":"","overlay-gradient":""},"tablet":{"background-color":"var(--ast-global-color-5)","background-image":"","background-repeat":"repeat","background-position":"center center","background-size":"auto","background-attachment":"scroll","background-type":"","background-media":"","overlay-type":"","overlay-color":"","overlay-opacity":"","overlay-gradient":""},"mobile":{"background-color":"var(--ast-global-color-5)","background-image":"","background-repeat":"repeat","background-position":"center center","background-size":"auto","background-attachment":"scroll","background-type":"","background-media":"","overlay-type":"","overlay-color":"","overlay-opacity":"","overlay-gradient":""}}},"product_brand":[],"product_cat":[77],"product_tag":[80],"class_list":{"0":"post-7459","1":"product","2":"type-product","3":"status-publish","4":"has-post-thumbnail","6":"product_cat-grozine-literatura","7":"product_tag-greit-pasirodys","8":"desktop-align-left","9":"tablet-align-left","10":"mobile-align-left","11":"ast-product-gallery-layout-horizontal","12":"ast-product-gallery-with-no-image","13":"ast-product-tabs-layout-horizontal","15":"first","16":"instock","17":"taxable","18":"shipping-taxable","19":"product-type-simple"},"_links":{"self":[{"href":"https:\/\/leidyklahelios.lt\/en\/wp-json\/wp\/v2\/product\/7459","targetHints":{"allow":["GET"]}}],"collection":[{"href":"https:\/\/leidyklahelios.lt\/en\/wp-json\/wp\/v2\/product"}],"about":[{"href":"https:\/\/leidyklahelios.lt\/en\/wp-json\/wp\/v2\/types\/product"}],"version-history":[{"count":2,"href":"https:\/\/leidyklahelios.lt\/en\/wp-json\/wp\/v2\/product\/7459\/revisions"}],"predecessor-version":[{"id":7463,"href":"https:\/\/leidyklahelios.lt\/en\/wp-json\/wp\/v2\/product\/7459\/revisions\/7463"}],"wp:featuredmedia":[{"embeddable":true,"href":"https:\/\/leidyklahelios.lt\/en\/wp-json\/wp\/v2\/media\/7460"}],"wp:attachment":[{"href":"https:\/\/leidyklahelios.lt\/en\/wp-json\/wp\/v2\/media?parent=7459"}],"wp:term":[{"taxonomy":"product_brand","embeddable":true,"href":"https:\/\/leidyklahelios.lt\/en\/wp-json\/wp\/v2\/product_brand?post=7459"},{"taxonomy":"product_cat","embeddable":true,"href":"https:\/\/leidyklahelios.lt\/en\/wp-json\/wp\/v2\/product_cat?post=7459"},{"taxonomy":"product_tag","embeddable":true,"href":"https:\/\/leidyklahelios.lt\/en\/wp-json\/wp\/v2\/product_tag?post=7459"}],"curies":[{"name":"wp","href":"https:\/\/api.w.org\/{rel}","templated":true}]}}