{"id":7492,"date":"2026-03-23T18:56:06","date_gmt":"2026-03-23T16:56:06","guid":{"rendered":"https:\/\/leidyklahelios.lt\/?post_type=product&#038;p=7492"},"modified":"2026-04-24T00:13:25","modified_gmt":"2026-04-23T21:13:25","slug":"davido-granno-knygos-pigiau","status":"publish","type":"product","link":"https:\/\/leidyklahelios.lt\/en\/product\/davido-granno-knygos-pigiau\/","title":{"rendered":"Davido Granno knygos: <br>G\u0116LI\u0172 M\u0116NULIO \u017dUDIKAI ir VEID\u017dERIS u\u017e 30 EUR"},"content":{"rendered":"<h4><strong>Apie autori\u0173<\/strong><\/h4>\n<p>Davidas Grannas yra \u201eNew York Times\u201c bestseleri\u0173 \u201eG\u0117li\u0173 m\u0117nulio \u017eudikai\u201c ir \u201ePrarastasis miestas Z\u201c autorius. Knyga \u201eG\u0117li\u0173 m\u0117nulio \u017eudikai\u201c buvo \u201eNacionalin\u0117s knygos apdovanojim\u0173\u201c finalinink\u0117 ir laim\u0117jo Edgaro Allano Poe vardo apdovanojim\u0105. <em>\u201eG\u0117li\u0173 m\u0117nulio \u017eudikai\u201c <\/em>jau ekranizuota Martino Scorseses kartu su Leonardo DiCaprio, <em>\u201eVeid\u017eeris\u201c <\/em>bus j\u0173 sekantis projektas.<\/p>\n<p>Autorius taip pat para\u0161\u0117 knyg\u0105 \u201eBaltoji tamsa\u201c bei serij\u0105 \u201eVelnias ir \u0160erlokas Holmsas\u201c. Granno talentingai perteiktos istorijos sulauk\u0117 ne vieno puikaus \u012fvertinimo. Ra\u0161ytojas su \u017emona ir vaikais gyvena Niujorke.<\/p>\n<p>&nbsp;<\/p>\n<h6><b>\u201eG\u0117li\u0173 m\u0117nulio \u017eudikai\u201c<\/b><\/h6>\n<p>\u201eBeveik nepriekai\u0161tinga. Kupina pasitik\u0117jimo, grak\u0161\u010dios dinamikos, greito tempo&#8230; Pasakojama nusikaltim\u0173 istorija yra pasibais\u0117tina, pilna autenti\u0161k\u0173 didvyri\u0173 ir piktadari\u0173. Ji privers jus pa\u0161iurpti nuo vieno \u017emogaus ne\u017emoni\u0161kumo kitam.\u201c<\/p>\n<p><em>\u2014 The New York Times<\/em><\/p>\n<p>\u201eNepaprasta istorija, tokia jaudinanti, kad ne\u012fmanoma atsipl\u0117\u0161ti, para\u0161yta ra\u0161ytojo, kurio <em>true crime<\/em> paslaptys visada siekia giliau, negu tikisi skaitytojas.\u201c<\/p>\n<p><em>\u2014 The Paris Review<\/em><\/p>\n<h6 class=\"p1\"><\/h6>\n<h6><strong>\u00a0\u201eVeid\u017eeris\u201c<\/strong><\/h6>\n<p><em>\u201eTokios \u012ftraukian\u010dios tikrais faktais paremtos j\u016breivi\u0161kos istorijos neteko skaityti jau labai ilgai\u2026 Tikras tokio \u017eanro pasakojim\u0173 triumfas. Ponas Grannas parodo, kaip istorijos, nesvarbu, kam perduotos \u2013 teis\u0117jams ar skaitytojams, formuoja tiek vieno \u017emogaus, tiek visos tautos likim\u0105 ir bendrus m\u016bs\u0173 vis\u0173 prisiminimus.\u201c \u2013 \u201eThe Wall Street Journal\u201c<\/em><\/p>\n<p><em>\u201eTai kartu ir jaudinantis nuotykis, ir m\u016bs\u0173 realyb\u0117s suvokim\u0105 formuojan\u010di\u0173 istorij\u0173 galios analiz\u0117.\u201c \u2013 \u201eThe New York Times\u201c<\/em><\/p>","protected":false},"excerpt":{"rendered":"<h5><\/h5>\n<h5><b>\u201eG\u0117li\u0173 m\u0117nulio \u017eudikai\u201c \u2013 viena \u017eiauriausi\u0173 ir g\u0117dingiausi\u0173 JAV nusikaltim\u0173 istorij\u0173, prisid\u0117jusi prie FTB atsiradimo.<\/b><\/h5>\n<p>&nbsp;<\/p>\n<p>XX am\u017eiaus 3-ajame de\u0161imtmetyje turtingiausia tauta vienam gyventojui pasaulyje tapo Oklahomoje gyvenanti oseid\u017e\u0173 gentis. Kai j\u0173 \u017eem\u0117je buvo rasta naftos, oseid\u017eai \u0117m\u0117 va\u017ein\u0117tis automobiliais su \u0161oferiais, statytis r\u016bmus ir si\u0173sti vaikus mokytis \u012f Europ\u0105.<\/p>\n<p>Paskui oseid\u017eai \u0117m\u0117 mirti vienas po kito. Pagrindiniu taikiniu tapo oseid\u017e\u0117s Mollie Burkhart \u0161eima. Viena jos giminait\u0117 buvo nu\u0161auta, kita \u2013 nunuodyta. Ir tai tebuvo prad\u017eia, nes vis daugiau oseid\u017e\u0173 mirdavo \u012ftartinomis aplinkyb\u0117mis, o daugelis t\u0173, kurie i\u0161dr\u012fso tirti \u017eudynes, patys buvo nu\u017eudyti.<\/p>\n<p>Mir\u010di\u0173 skai\u010diui augant, bylos \u0117m\u0117si naujai \u012fkurtas FTB, o jo jaunasis direktorius J. Edgaras Hooveris papra\u0161\u0117 buvusio Teksaso reind\u017eerio Tomo White\u2019o pam\u0117ginti atskleisti \u0161i\u0105 paslapt\u012f. White\u2018as surinko komand\u0105 slapt\u0173 operatyvinink\u0173, tarp kuri\u0173 buvo ir agentas ind\u0117nas, ir \u012fsiskverb\u0119 \u012f region\u0105 kartu su oseid\u017eais jie pama\u017eu atskleid\u0117 vien\u0105 \u0161iurpiausi\u0173 s\u0105moksl\u0173 Amerikos istorijoje.<\/p>\n<p>&nbsp;<\/p>\n<h5><strong><a href=\"https:\/\/leidyklahelios.lt\/en\/product\/david-grann-veidzeris\/\">\u201eVeid\u017eeris\u201c (2024)<\/a> \u2013 tai didinga vieno geriausi\u0173 tikrais \u012fvykiais paremt\u0173 knyg\u0173 autoriaus istorija apie \u017emoni\u0173 elges\u012f ekstremaliomis s\u0105lygomis.<\/strong><\/h5>\n<p>&nbsp;<\/p>\n<p>1742 met\u0173 sausio 28 dien\u0105 prie Brazilijos krant\u0173 bangos atne\u0161\u0117 savadarb\u012f, i\u0161 med\u017eio nuolau\u017e\u0173 ir med\u017eiagos skiau\u010di\u0173 padirbt\u0105 laivel\u012f. Jame s\u0117d\u0117jo trisde\u0161imt nuo bado perkarusi\u0173 leisgyvi\u0173 vyr\u0173 \u2013 ir jie papasakojo ne\u012ftik\u0117tin\u0105 istorij\u0105. J\u016breiviai buvo i\u0161gyvenusieji i\u0161 1740-aisiais, imperinio karo su Ispanija metu, \u012f slapt\u0105 misij\u0105 i\u0161plaukusio jo didenyb\u0117s laivo \u201eVeid\u017eeris\u201c. Persekiodamas turt\u0173 piln\u0105 ispan\u0173 galeon\u0105, vadinam\u0105 \u201eVandenyn\u0173 lobiu\u201c, \u201eVeid\u017eeris\u201c sudu\u017eo prie negyvenamos salos, netoli Patagonijos krant\u0173. Saloje laivo \u012fgula \u012fstrigo ne vienam m\u0117nesiui, kol, badui \u017evelgiant \u012f akis, vyrai pasistat\u0117 \u0161iok\u012f tok\u012f laivel\u012f ir per audringas j\u016bras juo plauk\u0117 daugiau nei \u0161imt\u0105 dien\u0173 \u2013 3 000 myli\u0173. Juos pasitiko kaip didvyrius.<\/p>\n<p>Pra\u0117jo dar \u0161e\u0161i m\u0117nesiai. \u012e \u010cil\u0117s krant\u0105 buvo i\u0161mesta dar menkesn\u0117 valtel\u0117. Joje s\u0117d\u0117jo tik trys i\u0161gyvenusieji, bet j\u0173 papasakota istorija buvo visai kitokia. Tie trisde\u0161imt \u012f Brazilij\u0105 atplaukusi\u0173 j\u016breivi\u0173 buvo ne didvyriai, o mai\u0161tininkai. Pirmoji i\u0161gyvenusi\u0173j\u0173 grup\u0117 taip pat pateik\u0117 kaltinimus, pasakojo apie tiron\u0105 ir \u017emog\u017eud\u012f kapiton\u0105 bei jo pakalikus. Tapo ai\u0161ku, kad \u012fgulai \u012fstrigus toje laukin\u0117je dykyn\u0117je \u012fsivyravo anarchija, prie\u0161i\u0161kai nusiteikusios grupuot\u0117s kovojo d\u0117l prana\u0161umo. Buvo \u0161vaistomasi kaltinimais i\u0161davyste ir \u017emog\u017eudyste, ir Admiralitetas su\u0161auk\u0117 karo lauko teism\u0105, kad i\u0161siai\u0161kint\u0173 ties\u0105. Tai buvo gyvyb\u0117s ir mirties klausimas: tiems, k\u0105 teismas paskelbs kaltais, gr\u0117s\u0117 kartuv\u0117s.<\/p>\n<h6>SIUNTIMAS NEMOKAMAS SU <span style=\"text-decoration: underline;\">LP EXPRESS<\/span> PA\u0160TOMATU.<\/h6>","protected":false},"featured_media":7520,"template":"","meta":{"site-sidebar-layout":"default","site-content-layout":"","ast-site-content-layout":"default","site-content-style":"default","site-sidebar-style":"default","ast-global-header-display":"","ast-banner-title-visibility":"","ast-main-header-display":"","ast-hfb-above-header-display":"","ast-hfb-below-header-display":"","ast-hfb-mobile-header-display":"","site-post-title":"","ast-breadcrumbs-content":"","ast-featured-img":"","footer-sml-layout":"","ast-disable-related-posts":"","theme-transparent-header-meta":"default","adv-header-id-meta":"","stick-header-meta":"default","header-above-stick-meta":"","header-main-stick-meta":"","header-below-stick-meta":"","astra-migrate-meta-layouts":"set","ast-page-background-enabled":"default","ast-page-background-meta":{"desktop":{"background-color":"","background-image":"","background-repeat":"repeat","background-position":"center center","background-size":"auto","background-attachment":"scroll","background-type":"","background-media":"","overlay-type":"","overlay-color":"","overlay-opacity":"","overlay-gradient":""},"tablet":{"background-color":"","background-image":"","background-repeat":"repeat","background-position":"center center","background-size":"auto","background-attachment":"scroll","background-type":"","background-media":"","overlay-type":"","overlay-color":"","overlay-opacity":"","overlay-gradient":""},"mobile":{"background-color":"","background-image":"","background-repeat":"repeat","background-position":"center center","background-size":"auto","background-attachment":"scroll","background-type":"","background-media":"","overlay-type":"","overlay-color":"","overlay-opacity":"","overlay-gradient":""}},"ast-content-background-meta":{"desktop":{"background-color":"var(--ast-global-color-5)","background-image":"","background-repeat":"repeat","background-position":"center center","background-size":"auto","background-attachment":"scroll","background-type":"","background-media":"","overlay-type":"","overlay-color":"","overlay-opacity":"","overlay-gradient":""},"tablet":{"background-color":"var(--ast-global-color-5)","background-image":"","background-repeat":"repeat","background-position":"center center","background-size":"auto","background-attachment":"scroll","background-type":"","background-media":"","overlay-type":"","overlay-color":"","overlay-opacity":"","overlay-gradient":""},"mobile":{"background-color":"var(--ast-global-color-5)","background-image":"","background-repeat":"repeat","background-position":"center center","background-size":"auto","background-attachment":"scroll","background-type":"","background-media":"","overlay-type":"","overlay-color":"","overlay-opacity":"","overlay-gradient":""}}},"product_brand":[],"product_cat":[76],"product_tag":[],"class_list":{"0":"post-7492","1":"product","2":"type-product","3":"status-publish","4":"has-post-thumbnail","6":"product_cat-negrozine-literatura","7":"desktop-align-left","8":"tablet-align-left","9":"mobile-align-left","10":"ast-product-gallery-layout-horizontal","11":"ast-product-gallery-with-no-image","12":"ast-product-tabs-layout-horizontal","14":"first","15":"instock","16":"sale","17":"taxable","18":"shipping-taxable","19":"purchasable","20":"product-type-simple"},"_links":{"self":[{"href":"https:\/\/leidyklahelios.lt\/en\/wp-json\/wp\/v2\/product\/7492","targetHints":{"allow":["GET"]}}],"collection":[{"href":"https:\/\/leidyklahelios.lt\/en\/wp-json\/wp\/v2\/product"}],"about":[{"href":"https:\/\/leidyklahelios.lt\/en\/wp-json\/wp\/v2\/types\/product"}],"version-history":[{"count":24,"href":"https:\/\/leidyklahelios.lt\/en\/wp-json\/wp\/v2\/product\/7492\/revisions"}],"predecessor-version":[{"id":7705,"href":"https:\/\/leidyklahelios.lt\/en\/wp-json\/wp\/v2\/product\/7492\/revisions\/7705"}],"wp:featuredmedia":[{"embeddable":true,"href":"https:\/\/leidyklahelios.lt\/en\/wp-json\/wp\/v2\/media\/7520"}],"wp:attachment":[{"href":"https:\/\/leidyklahelios.lt\/en\/wp-json\/wp\/v2\/media?parent=7492"}],"wp:term":[{"taxonomy":"product_brand","embeddable":true,"href":"https:\/\/leidyklahelios.lt\/en\/wp-json\/wp\/v2\/product_brand?post=7492"},{"taxonomy":"product_cat","embeddable":true,"href":"https:\/\/leidyklahelios.lt\/en\/wp-json\/wp\/v2\/product_cat?post=7492"},{"taxonomy":"product_tag","embeddable":true,"href":"https:\/\/leidyklahelios.lt\/en\/wp-json\/wp\/v2\/product_tag?post=7492"}],"curies":[{"name":"wp","href":"https:\/\/api.w.org\/{rel}","templated":true}]}}