{"id":786,"date":"2021-09-20T13:31:44","date_gmt":"2021-09-20T11:31:44","guid":{"rendered":"https:\/\/leidyklahelios.lt\/product\/ieva-pozarskaja-jurijus-nikulinas\/"},"modified":"2026-02-23T03:08:29","modified_gmt":"2026-02-23T01:08:29","slug":"ieva-pozarskaja-jurijus-nikulinas","status":"publish","type":"product","link":"https:\/\/leidyklahelios.lt\/en\/product\/ieva-pozarskaja-jurijus-nikulinas\/","title":{"rendered":"Ieva Po\u017earskaja <br>JURIJUS NIKULINAS"},"content":{"rendered":"<p class=\"\\&quot;p1\\&quot;\">\u0160ios knygos skaitytojas leisis \u012f tikrai nepaprast\u0105 kelion\u0119. Kelion\u0117 kartu su Nikulinu \u2013 tai ne tik pasivaik\u0161\u010diojimas senais siaurais Maskvos skersgatviais, mokyklini\u0173 teatr\u0173 dekoracijos, cirko arena bei kino studijos. Tai ir nes\u0117km\u0117s, ir netektys, ir karo baisumai fronte, ir gyvenant u\u017esimezgantys nei\u0161ardomi saitai. \u0160is pasakojimas sukasi apie vienos asmenyb\u0117s a\u0161\u012f, ta\u010diau kartu suteikia ir puiki\u0105 galimyb\u0119 pa\u017evelgti \u012f Soviet\u0173 S\u0105jungos kult\u016brinio gyvenimo u\u017ekulisius. Juose, o ir apskritai pasaulyje, siau\u010diant politiniams skersv\u0117jams ir besikei\u010diant aplinkyb\u0117ms, i\u0161likimo pagrindu tampa k\u016bryba, tik\u0117jimas savimi, atkaklus kasdienis darbas ir, \u017einoma, visagalis juokas.<\/p>","protected":false},"excerpt":{"rendered":"<hr \/>\n<h6><\/h6>\n<p>Kod\u0117l, i\u0161girdus Jurijaus Nikulino vard\u0105 \u017emoni\u0173 veidai tampa malonesni, o \u0161irdys su\u0161yla? Vieni prisimena puikius jo kaip klouno pasirodymus Maskvos cirke, kiti ne kart\u0105 \u017eav\u0117josi talentinga vaidyba \u017ei\u016br\u0117dami legendines komedijas <em>Operacija Y ir kiti \u0160uriko nuotykiai<\/em>, <em>Kaukazo belaisv\u0117, arba Nauji \u0160uriko nuotykiai, Briliantin\u0117 ranka<\/em>, treti skait\u0117 jo anekdot\u0173 rinkinius. \u0160io \u017emogaus n\u0117ra tarp m\u016bs\u0173 daugiau nei dvide\u0161imt met\u0173, bet kod\u0117l jis nenugrimzta \u012f u\u017emar\u0161t\u012f? \u012e \u0161\u012f klausim\u0105 atsako jo gyvenimas.<\/p>\n<p>\u0160iemet Jurijui Nikulinui b\u016bt\u0173 su\u0117j\u0119 100 met\u0173. \u017durnalist\u0117 Ieva Po\u017earskaja atkuria did\u017eiojo menininko gyvenim\u0105, it mozaik\u0105 d\u0117stydama j\u012f i\u0161 nuotrup\u0173: prisiminim\u0173, interviu, draug\u0173 pasakojim\u0173.<\/p>","protected":false},"featured_media":1809,"template":"","meta":{"site-sidebar-layout":"default","site-content-layout":"default","ast-site-content-layout":"default","site-content-style":"default","site-sidebar-style":"default","ast-global-header-display":"","ast-banner-title-visibility":"","ast-main-header-display":"","ast-hfb-above-header-display":"","ast-hfb-below-header-display":"","ast-hfb-mobile-header-display":"","site-post-title":"","ast-breadcrumbs-content":"","ast-featured-img":"","footer-sml-layout":"","ast-disable-related-posts":"","theme-transparent-header-meta":"default","adv-header-id-meta":"","stick-header-meta":"default","header-above-stick-meta":"","header-main-stick-meta":"","header-below-stick-meta":"","astra-migrate-meta-layouts":"set","ast-page-background-enabled":"default","ast-page-background-meta":{"desktop":{"background-color":"","background-image":"","background-repeat":"repeat","background-position":"center center","background-size":"auto","background-attachment":"scroll","background-type":"","background-media":"","overlay-type":"","overlay-color":"","overlay-opacity":"","overlay-gradient":""},"tablet":{"background-color":"","background-image":"","background-repeat":"repeat","background-position":"center center","background-size":"auto","background-attachment":"scroll","background-type":"","background-media":"","overlay-type":"","overlay-color":"","overlay-opacity":"","overlay-gradient":""},"mobile":{"background-color":"","background-image":"","background-repeat":"repeat","background-position":"center center","background-size":"auto","background-attachment":"scroll","background-type":"","background-media":"","overlay-type":"","overlay-color":"","overlay-opacity":"","overlay-gradient":""}},"ast-content-background-meta":{"desktop":{"background-color":"var(--ast-global-color-5)","background-image":"","background-repeat":"repeat","background-position":"center center","background-size":"auto","background-attachment":"scroll","background-type":"","background-media":"","overlay-type":"","overlay-color":"","overlay-opacity":"","overlay-gradient":""},"tablet":{"background-color":"var(--ast-global-color-5)","background-image":"","background-repeat":"repeat","background-position":"center center","background-size":"auto","background-attachment":"scroll","background-type":"","background-media":"","overlay-type":"","overlay-color":"","overlay-opacity":"","overlay-gradient":""},"mobile":{"background-color":"var(--ast-global-color-5)","background-image":"","background-repeat":"repeat","background-position":"center center","background-size":"auto","background-attachment":"scroll","background-type":"","background-media":"","overlay-type":"","overlay-color":"","overlay-opacity":"","overlay-gradient":""}}},"product_brand":[],"product_cat":[76],"product_tag":[],"class_list":{"0":"post-786","1":"product","2":"type-product","3":"status-publish","4":"has-post-thumbnail","6":"product_cat-negrozine-literatura","7":"pa_dizaineris-jaak-ruutel","8":"pa_formatas-155x230-kieti-virseliai","9":"pa_isbn-38","10":"pa_leidimo-data-11-10-21","11":"pa_puslapiu-skaicius-34","12":"pa_redaktorius-ausra-tamosiuniene","13":"pa_vertejas-irena-potasenko","14":"desktop-align-left","15":"tablet-align-left","16":"mobile-align-left","17":"ast-product-gallery-layout-horizontal","18":"ast-product-gallery-with-no-image","19":"ast-product-tabs-layout-horizontal","21":"first","22":"instock","23":"sale","24":"taxable","25":"shipping-taxable","26":"purchasable","27":"product-type-simple"},"_links":{"self":[{"href":"https:\/\/leidyklahelios.lt\/en\/wp-json\/wp\/v2\/product\/786","targetHints":{"allow":["GET"]}}],"collection":[{"href":"https:\/\/leidyklahelios.lt\/en\/wp-json\/wp\/v2\/product"}],"about":[{"href":"https:\/\/leidyklahelios.lt\/en\/wp-json\/wp\/v2\/types\/product"}],"version-history":[{"count":6,"href":"https:\/\/leidyklahelios.lt\/en\/wp-json\/wp\/v2\/product\/786\/revisions"}],"predecessor-version":[{"id":6092,"href":"https:\/\/leidyklahelios.lt\/en\/wp-json\/wp\/v2\/product\/786\/revisions\/6092"}],"wp:featuredmedia":[{"embeddable":true,"href":"https:\/\/leidyklahelios.lt\/en\/wp-json\/wp\/v2\/media\/1809"}],"wp:attachment":[{"href":"https:\/\/leidyklahelios.lt\/en\/wp-json\/wp\/v2\/media?parent=786"}],"wp:term":[{"taxonomy":"product_brand","embeddable":true,"href":"https:\/\/leidyklahelios.lt\/en\/wp-json\/wp\/v2\/product_brand?post=786"},{"taxonomy":"product_cat","embeddable":true,"href":"https:\/\/leidyklahelios.lt\/en\/wp-json\/wp\/v2\/product_cat?post=786"},{"taxonomy":"product_tag","embeddable":true,"href":"https:\/\/leidyklahelios.lt\/en\/wp-json\/wp\/v2\/product_tag?post=786"}],"curies":[{"name":"wp","href":"https:\/\/api.w.org\/{rel}","templated":true}]}}