{"id":839,"date":"2021-11-15T13:28:26","date_gmt":"2021-11-15T11:28:26","guid":{"rendered":"https:\/\/leidyklahelios.lt\/product\/robert-iger-didziausias-gyvenimo-nuotykis\/"},"modified":"2026-03-05T15:03:45","modified_gmt":"2026-03-05T13:03:45","slug":"disney-didziausias-gyvenimo-nuotykis","status":"publish","type":"product","link":"https:\/\/leidyklahelios.lt\/en\/product\/disney-didziausias-gyvenimo-nuotykis\/","title":{"rendered":"Robert Iger<br> DID\u017dIAUSIAS GYVENIMO NUOTYKIS"},"content":{"rendered":"<h6><em>Knygos \u201eDid\u017eiausios gyvenimo pamokos\u201c atsiliepimai<\/em><\/h6>\n<p><em>Skaityti knyg\u0105 apie lyderyst\u0119 man artimame \u017einiasklaidos ir pramog\u0173 versle \u2013 didelis malonumas. Buvo \u012fdomu keliauti kartu su Robertu Igeriu per jo ne\u012ftik\u0117tinos karjeros istorij\u0105. Knygoje atskleistos pamokos ir tiesos pravers ne tik vadovams, bet ir kiekvienam \u017emogui, kuris yra nusiteik\u0119s tobul\u0117ti.<\/em><\/p>\n<p><em>15min group <\/em>vadovas <strong>Tomas Bal\u017eekas<\/strong><\/p>\n<p>&nbsp;<\/p>\n<p><em>Da\u017enas i\u0161 m\u016bs\u0173, \u017ei\u016br\u0117damas itin komerci\u0161kai s\u0117kming\u0105 Pixar,\u00a0Marvel,\u00a0Lucasfilm\u00a0ar\u00a021st Century Fox\u00a0film\u0105 kino teatruose, n\u0117 nenutuokia, kad tai yra po\u00a0Walt Disney Company\u00a0sk\u0117\u010diu esan\u010di\u0173 kino studij\u0173 produkcija. Skaityti apie tai, kaip Walto Disney\u2019aus sukurta pasak\u0173 \u0161alis tapo pramog\u0173 verslo imperija \u2013 ne\u012ftik\u0117tina patirtis. Ypa\u010d tada, kai knyga para\u0161yta taip \u012ftraukiai ir intriguojan\u010diai.<\/em><\/p>\n<p>Kino teatr\u0173 tinklo <em>Forum Cinemas<\/em> vadovas <strong>Gintaras Plytnikas<\/strong><\/p>\n<p><em>\u00a0<\/em><\/p>\n<p><em>Robertas Igeris \u2013 \u017emogus, kuris dirbdamas ABC televizijoje palaimino toki\u0173 serial\u0173 kaip \u201eTvin Pyksas\u201c ir \u201eNiujorko policija\u201c atsiradim\u0105. Vadovaudamas Walt Disney Company\u00a0jis sugeb\u0117jo \u012fsigyti verslus i\u0161 toki\u0173 rykli\u0173 kaip Steve\u2019as Jobsas ir Rupertas Murdochas. Vien \u0161i\u0173 fakt\u0173 pakanka, kad \u012fsivaizduotume, kokio kietumo \u017emogaus memuarai suguldyti \u0161ioje knygoje.<\/em><\/p>\n<p>Re\u017eisierius <strong>Emilis V\u0117lyvis<\/strong><\/p>","protected":false},"excerpt":{"rendered":"<h6><span style=\"vertical-align: inherit;\"><span style=\"vertical-align: inherit;\"><span style=\"vertical-align: inherit;\"><span style=\"vertical-align: inherit;\">Pamokos, kurias i\u0161mokau per penkiolika met\u0173 dirbdamas <\/span><\/span><\/span><\/span><em><span style=\"vertical-align: inherit;\"><span style=\"vertical-align: inherit;\"><span style=\"vertical-align: inherit;\"><span style=\"vertical-align: inherit;\">Walt Disney Company generaliniu direktoriumi.<\/span><\/span><\/span><\/span><\/em><\/h6>\n<hr \/>\n<p>Robertas Igeris tapo\u00a0<em>Walt Disney Company<\/em> generaliniu direktoriumi 2005-aisiais, bendrovei nelengvu metu. <em>\u017dinojau, kad n\u0117ra jokios prasm\u0117s gin\u010dytis d\u0117l praeities, \u2013 ra\u0161o Igeris. \u2013 Vienintelis reik\u0161mingas dalykas buvo ateitis, o a\u0161, regis, ai\u0161kiai ma\u010diau, kuria linkme tur\u0117t\u0173 pasukti\u00a0Disney.<\/em>\u00a0Trys pagrindiniai bendrov\u0117s tikslai buvo:<\/p>\n<ol>\n<li>kurti geriausios \u012fmanomos kokyb\u0117s turin\u012f;<\/li>\n<li>priimti ir \u012fsisavinti spar\u010diai besivystan\u010dias technologijas, u\u017euot su jomis kovojus;<\/li>\n<li>galvoti pla\u010diau, globaliau ir stiprinti <em>Disney<\/em>\u00a0\u017eenkl\u0105 tarptautin\u0117se rinkose.<\/li>\n<\/ol>\n<p>Pra\u0117jus dvylikai met\u0173,\u00a0<em>Disney<\/em> tapo did\u017eiausia ir \u012ftakingiausia \u017einiasklaidos ir pramog\u0173 bendrove pasaulyje.\u00a0 Jai priklauso\u00a0<em>Pixar<\/em>,\u00a0<em>Marvel<\/em>,\u00a0<em>Lucasfilm<\/em>\u00a0ir\u00a0<em>21st Century Fox<\/em>. Nuo tada, kai Igeris per\u0117m\u0117 bendrov\u0117s vair\u0105, jos vert\u0117 i\u0161augo beveik penkis kartus, o Igeris pripa\u017e\u012fstamas vienu novatori\u0161kiausi\u0173 ir s\u0117kmingiausi\u0173 m\u016bs\u0173 laik\u0173 vadov\u0173.<\/p>\n<p>Knyga <em>\u201eDid\u017eiausios gyvenimo pamokos\u201c<\/em>\u00a0\u2013 apie nenumaldom\u0105 smalsum\u0105, kuris keturiasde\u0161imt penkerius metus, nuo pirmos darbo televizijos studijoje dienos, ved\u0117 Robert\u0105 Iger\u012f \u012f priek\u012f; apie atidum\u0105, pagarb\u0105 ir po\u017ei\u016br\u012f, kad padorumas svarbiau u\u017e pinigus. <em>Manau, kad per pastaruosius keturiolika met\u0173 daug su\u017einojau apie tikr\u0105j\u0105 lyderyst\u0119, \u2013 ra\u0161o Igeris. \u2013 Bet neb\u016b\u010diau gal\u0117j\u0119s to apra\u0161yti, kol pats nei\u0161gyvenau. To suvaidinti negali, ir tai yra viena svarbiausi\u0173 \u0161ios knygos pamok\u0173.<\/em><\/p>\n<p><em>\u201eDid\u017eiausios gyvenimo pamokos\u201c \u2013 ie\u0161kantiems \u012fkv\u0117pimo ir norintiems bent \u0161iek tiek susipa\u017einti su Walt Disney pasauliu.<\/em><\/p>","protected":false},"featured_media":1802,"template":"","meta":{"site-sidebar-layout":"default","site-content-layout":"default","ast-site-content-layout":"default","site-content-style":"default","site-sidebar-style":"default","ast-global-header-display":"","ast-banner-title-visibility":"","ast-main-header-display":"","ast-hfb-above-header-display":"","ast-hfb-below-header-display":"","ast-hfb-mobile-header-display":"","site-post-title":"","ast-breadcrumbs-content":"","ast-featured-img":"","footer-sml-layout":"","ast-disable-related-posts":"","theme-transparent-header-meta":"default","adv-header-id-meta":"","stick-header-meta":"default","header-above-stick-meta":"","header-main-stick-meta":"","header-below-stick-meta":"","astra-migrate-meta-layouts":"set","ast-page-background-enabled":"default","ast-page-background-meta":{"desktop":{"background-color":"","background-image":"","background-repeat":"repeat","background-position":"center center","background-size":"auto","background-attachment":"scroll","background-type":"","background-media":"","overlay-type":"","overlay-color":"","overlay-opacity":"","overlay-gradient":""},"tablet":{"background-color":"","background-image":"","background-repeat":"repeat","background-position":"center center","background-size":"auto","background-attachment":"scroll","background-type":"","background-media":"","overlay-type":"","overlay-color":"","overlay-opacity":"","overlay-gradient":""},"mobile":{"background-color":"","background-image":"","background-repeat":"repeat","background-position":"center center","background-size":"auto","background-attachment":"scroll","background-type":"","background-media":"","overlay-type":"","overlay-color":"","overlay-opacity":"","overlay-gradient":""}},"ast-content-background-meta":{"desktop":{"background-color":"var(--ast-global-color-5)","background-image":"","background-repeat":"repeat","background-position":"center center","background-size":"auto","background-attachment":"scroll","background-type":"","background-media":"","overlay-type":"","overlay-color":"","overlay-opacity":"","overlay-gradient":""},"tablet":{"background-color":"var(--ast-global-color-5)","background-image":"","background-repeat":"repeat","background-position":"center center","background-size":"auto","background-attachment":"scroll","background-type":"","background-media":"","overlay-type":"","overlay-color":"","overlay-opacity":"","overlay-gradient":""},"mobile":{"background-color":"var(--ast-global-color-5)","background-image":"","background-repeat":"repeat","background-position":"center center","background-size":"auto","background-attachment":"scroll","background-type":"","background-media":"","overlay-type":"","overlay-color":"","overlay-opacity":"","overlay-gradient":""}}},"product_brand":[],"product_cat":[76],"product_tag":[],"class_list":{"0":"post-839","1":"product","2":"type-product","3":"status-publish","4":"has-post-thumbnail","6":"product_cat-negrozine-literatura","7":"pa_dizaineris-jaak-ruutel","8":"pa_dizaineris-mantvidas-zalenas","9":"pa_formatas-155x230-kieti-virseliai","10":"pa_isbn-978-9916-656-49-5","11":"pa_leidimo-data-16-11-21","12":"pa_puslapiu-skaicius-29","13":"pa_redaktorius-ausra-tamosiuniene","14":"pa_vertejas-jurgita-jagminaite","15":"desktop-align-left","16":"tablet-align-left","17":"mobile-align-left","18":"ast-product-gallery-layout-horizontal","19":"ast-product-gallery-with-no-image","20":"ast-product-tabs-layout-horizontal","22":"first","23":"instock","24":"sale","25":"taxable","26":"shipping-taxable","27":"purchasable","28":"product-type-simple"},"_links":{"self":[{"href":"https:\/\/leidyklahelios.lt\/en\/wp-json\/wp\/v2\/product\/839","targetHints":{"allow":["GET"]}}],"collection":[{"href":"https:\/\/leidyklahelios.lt\/en\/wp-json\/wp\/v2\/product"}],"about":[{"href":"https:\/\/leidyklahelios.lt\/en\/wp-json\/wp\/v2\/types\/product"}],"version-history":[{"count":10,"href":"https:\/\/leidyklahelios.lt\/en\/wp-json\/wp\/v2\/product\/839\/revisions"}],"predecessor-version":[{"id":6244,"href":"https:\/\/leidyklahelios.lt\/en\/wp-json\/wp\/v2\/product\/839\/revisions\/6244"}],"wp:featuredmedia":[{"embeddable":true,"href":"https:\/\/leidyklahelios.lt\/en\/wp-json\/wp\/v2\/media\/1802"}],"wp:attachment":[{"href":"https:\/\/leidyklahelios.lt\/en\/wp-json\/wp\/v2\/media?parent=839"}],"wp:term":[{"taxonomy":"product_brand","embeddable":true,"href":"https:\/\/leidyklahelios.lt\/en\/wp-json\/wp\/v2\/product_brand?post=839"},{"taxonomy":"product_cat","embeddable":true,"href":"https:\/\/leidyklahelios.lt\/en\/wp-json\/wp\/v2\/product_cat?post=839"},{"taxonomy":"product_tag","embeddable":true,"href":"https:\/\/leidyklahelios.lt\/en\/wp-json\/wp\/v2\/product_tag?post=839"}],"curies":[{"name":"wp","href":"https:\/\/api.w.org\/{rel}","templated":true}]}}