{"id":99,"date":"2021-05-27T18:45:41","date_gmt":"2021-05-27T16:45:41","guid":{"rendered":"https:\/\/leidyklahelios.lt\/product\/knyga-kuria-turejo\/"},"modified":"2026-03-12T18:19:06","modified_gmt":"2026-03-12T16:19:06","slug":"knyga-kuria-turejo","status":"publish","type":"product","link":"https:\/\/leidyklahelios.lt\/en\/product\/knyga-kuria-turejo\/","title":{"rendered":"Philippa Perry <br>KNYGA, KURI\u0104 TUR\u0116JO PERSKAITYTI J\u016aS\u0172 T\u0116VAI"},"content":{"rendered":"<p><em>Ai\u0161ki, \u0161ilta, i\u0161mintinga knyga, pad\u0117sianti sukurti artimus santykius su savo vaikais.<\/em><\/p>\n<p>Aist\u0117 Jasaityt\u0117-\u010ceburiak, psicholog\u0117-psichoterapeut\u0117.<\/p>\n<p>Philippa Perry pastaruosius du de\u0161imtme\u010dius dirba psichoterapeute. Ji taip pat yra \u017eurnalo <em>Red<\/em> patarim\u0173 skilties autor\u0117, ra\u0161ytoja ir televizijos bei radijo laid\u0173 ved\u0117ja, prisid\u0117jusi kuriant kelis dokumentinius filmus.<\/p>","protected":false},"excerpt":{"rendered":"<h5>(o j\u016bs\u0173 vaikai d\u017eiaugsis, jei perskaitysite j\u016bs)<\/h5>\n<hr \/>\n<p>Visi t\u0117vai nori, kad j\u0173 vaikai b\u016bt\u0173 laimingi. O kas, jei tai priklauso nuo aukl\u0117jimo? Ar \u012fmanoma u\u017eauginti laiming\u0105 vaik\u0105?<\/p>\n<p>Garsi brit\u0173 psichoterapeut\u0117 Philippa Perry \u012fsitikinusi: taip! \u0160ioje smagioje, \u012ftraukian\u010dioje knygoje, iliustruodama pasakojim\u0105 gyvomis istorijomis ir pavyzd\u017eiais, ji atskleid\u017eia, kaip tai padaryti.<\/p>\n<p>U\u017euot d\u0117liojus <em>tobul\u0105<\/em> plan\u0105 Perry si\u016blo pasidom\u0117ti, kokios dalys sudarogerus t\u0117v\u0173 ir vaik\u0173 santykius, ir pa\u017evelgti \u012f visk\u0105 i\u0161 perspektyvos. Perskai\u010dius \u0161i\u0105 knyg\u0105 bus lengviau:<\/p>\n<ul>\n<li>suprasti, kaip j\u016bs\u0173 pa\u010di\u0173 vaikyst\u0117 lemia, kokie t\u0117vai esate;<\/li>\n<li>susitaikyti su tuo, kad klysite, ir su\u017einoti, kaip tas klaidas i\u0161taisyti;<\/li>\n<li>sulau\u017eyti negatyvius elgesio \u0161ablonus;<\/li>\n<li>susitvarkyti su savo pa\u010di\u0173 ir vaik\u0173 jausmais;<\/li>\n<li>atsp\u0117ti, k\u0105 vaikas pasako vienokiu ar kitokiu elgesiu.<\/li>\n<li>\u0160i\u0105 i\u0161minting\u0173 patarim\u0173 knyg\u0105 reik\u0117t\u0173 perskaityti kiekvienam i\u0161 t\u0117v\u0173, o kiekvienas vaikas d\u017eiaugt\u0173si, kad t\u0117vai j\u0105 perskait\u0117.<\/li>\n<\/ul>\n<p>I\u0161 angl\u0173 kalbos vert\u0117 Jurgita J\u0117rinait\u0117<\/p>\n<p>Redaktor\u0117 Au\u0161ra Tamo\u0161i\u016bnien\u0117<\/p>","protected":false},"featured_media":1807,"template":"","meta":{"site-sidebar-layout":"default","site-content-layout":"default","ast-site-content-layout":"default","site-content-style":"default","site-sidebar-style":"default","ast-global-header-display":"","ast-banner-title-visibility":"","ast-main-header-display":"","ast-hfb-above-header-display":"","ast-hfb-below-header-display":"","ast-hfb-mobile-header-display":"","site-post-title":"","ast-breadcrumbs-content":"","ast-featured-img":"","footer-sml-layout":"","ast-disable-related-posts":"","theme-transparent-header-meta":"default","adv-header-id-meta":"","stick-header-meta":"default","header-above-stick-meta":"","header-main-stick-meta":"","header-below-stick-meta":"","astra-migrate-meta-layouts":"set","ast-page-background-enabled":"default","ast-page-background-meta":{"desktop":{"background-color":"","background-image":"","background-repeat":"repeat","background-position":"center center","background-size":"auto","background-attachment":"scroll","background-type":"","background-media":"","overlay-type":"","overlay-color":"","overlay-opacity":"","overlay-gradient":""},"tablet":{"background-color":"","background-image":"","background-repeat":"repeat","background-position":"center center","background-size":"auto","background-attachment":"scroll","background-type":"","background-media":"","overlay-type":"","overlay-color":"","overlay-opacity":"","overlay-gradient":""},"mobile":{"background-color":"","background-image":"","background-repeat":"repeat","background-position":"center center","background-size":"auto","background-attachment":"scroll","background-type":"","background-media":"","overlay-type":"","overlay-color":"","overlay-opacity":"","overlay-gradient":""}},"ast-content-background-meta":{"desktop":{"background-color":"var(--ast-global-color-5)","background-image":"","background-repeat":"repeat","background-position":"center center","background-size":"auto","background-attachment":"scroll","background-type":"","background-media":"","overlay-type":"","overlay-color":"","overlay-opacity":"","overlay-gradient":""},"tablet":{"background-color":"var(--ast-global-color-5)","background-image":"","background-repeat":"repeat","background-position":"center center","background-size":"auto","background-attachment":"scroll","background-type":"","background-media":"","overlay-type":"","overlay-color":"","overlay-opacity":"","overlay-gradient":""},"mobile":{"background-color":"var(--ast-global-color-5)","background-image":"","background-repeat":"repeat","background-position":"center center","background-size":"auto","background-attachment":"scroll","background-type":"","background-media":"","overlay-type":"","overlay-color":"","overlay-opacity":"","overlay-gradient":""}}},"product_brand":[],"product_cat":[76],"product_tag":[81],"class_list":{"0":"post-99","1":"product","2":"type-product","3":"status-publish","4":"has-post-thumbnail","6":"product_cat-negrozine-literatura","7":"product_tag-bestseleriai","8":"desktop-align-left","9":"tablet-align-left","10":"mobile-align-left","11":"ast-product-gallery-layout-horizontal","12":"ast-product-gallery-with-no-image","13":"ast-product-tabs-layout-horizontal","15":"first","16":"instock","17":"sale","18":"taxable","19":"shipping-taxable","20":"purchasable","21":"product-type-simple"},"_links":{"self":[{"href":"https:\/\/leidyklahelios.lt\/en\/wp-json\/wp\/v2\/product\/99","targetHints":{"allow":["GET"]}}],"collection":[{"href":"https:\/\/leidyklahelios.lt\/en\/wp-json\/wp\/v2\/product"}],"about":[{"href":"https:\/\/leidyklahelios.lt\/en\/wp-json\/wp\/v2\/types\/product"}],"version-history":[{"count":8,"href":"https:\/\/leidyklahelios.lt\/en\/wp-json\/wp\/v2\/product\/99\/revisions"}],"predecessor-version":[{"id":6091,"href":"https:\/\/leidyklahelios.lt\/en\/wp-json\/wp\/v2\/product\/99\/revisions\/6091"}],"wp:featuredmedia":[{"embeddable":true,"href":"https:\/\/leidyklahelios.lt\/en\/wp-json\/wp\/v2\/media\/1807"}],"wp:attachment":[{"href":"https:\/\/leidyklahelios.lt\/en\/wp-json\/wp\/v2\/media?parent=99"}],"wp:term":[{"taxonomy":"product_brand","embeddable":true,"href":"https:\/\/leidyklahelios.lt\/en\/wp-json\/wp\/v2\/product_brand?post=99"},{"taxonomy":"product_cat","embeddable":true,"href":"https:\/\/leidyklahelios.lt\/en\/wp-json\/wp\/v2\/product_cat?post=99"},{"taxonomy":"product_tag","embeddable":true,"href":"https:\/\/leidyklahelios.lt\/en\/wp-json\/wp\/v2\/product_tag?post=99"}],"curies":[{"name":"wp","href":"https:\/\/api.w.org\/{rel}","templated":true}]}}